{"id":12388,"date":"2026-01-11T00:35:46","date_gmt":"2026-01-11T00:35:46","guid":{"rendered":"https:\/\/www.culturaltravelmorocco.com\/camel-treks\/"},"modified":"2026-02-02T19:18:32","modified_gmt":"2026-02-02T19:18:32","slug":"passeios-de-camelo","status":"publish","type":"page","link":"https:\/\/www.culturaltravelmorocco.com\/pt-pt\/passeios-de-camelo\/","title":{"rendered":"Passeios de Camelo"},"content":{"rendered":"\t\t<div data-elementor-type=\"wp-page\" data-elementor-id=\"12388\" class=\"elementor elementor-12388 elementor-10312\">\n\t\t\t\t<div class=\"elementor-element elementor-element-340c419 e-flex e-con-boxed e-con e-parent\" data-id=\"340c419\" data-element_type=\"container\">\n\t\t\t\t\t<div class=\"e-con-inner\">\n\t\t\t\t<div class=\"elementor-element elementor-element-30cbafd elementor-widget elementor-widget-heading\" data-id=\"30cbafd\" data-element_type=\"widget\" data-widget_type=\"heading.default\">\n\t\t\t\t\t<h2 class=\"elementor-heading-title elementor-size-default\">Camelos em Marrocos: passeios no deserto do Saara e acampamentos noturnos<\/h2>\t\t\t\t<\/div>\n\t\t\t\t<div class=\"elementor-element elementor-element-2c1498a elementor-widget elementor-widget-text-editor\" data-id=\"2c1498a\" data-element_type=\"widget\" data-widget_type=\"text-editor.default\">\n\t\t\t\t\t\t\t\t\t<p>As caminhadas de camelo s\u00e3o viagens guiadas no deserto, onde os viajantes se deslocam com uma caravana de camelos pelas paisagens do Saara, como dunas de areia (ergs), planaltos rochosos (hamadas) e plan\u00edcies des\u00e9rticas abertas, muitas vezes incluindo um acampamento noturno sob as estrelas. Muitos itiner\u00e1rios s\u00e3o oferecidos em dura\u00e7\u00f5es flex\u00edveis (por exemplo, 2, 3 ou 4 dias), tornando o passeio de camelo um complemento f\u00e1cil aos itiner\u00e1rios de Marrocos a partir dos principais portais do deserto, como M&#8217;hamid. Esta experi\u00eancia \u00e9 amplamente promovida como uma forma tradicional de descobrir o deserto e pode incluir caminhadas ao lado da caravana ou passeios a cavalo, dependendo do programa e do n\u00edvel de conforto.<\/p>\t\t\t\t\t\t\t\t<\/div>\n\t\t\t\t\t<\/div>\n\t\t\t\t<\/div>\n\t\t\t\t<section class=\"elementor-section elementor-top-section elementor-element elementor-element-59ae872 elementor-section-boxed elementor-section-height-default elementor-section-height-default\" data-id=\"59ae872\" data-element_type=\"section\">\n\t\t\t\t\t\t<div class=\"elementor-container elementor-column-gap-default\">\n\t\t\t\t\t<div class=\"elementor-column elementor-col-100 elementor-top-column elementor-element elementor-element-7b9d157\" data-id=\"7b9d157\" data-element_type=\"column\">\n\t\t\t<div class=\"elementor-widget-wrap elementor-element-populated\">\n\t\t\t\t\t\t<div class=\"elementor-element elementor-element-f4d3b5d elementor-widget elementor-widget-ovabrw_product_list\" data-id=\"f4d3b5d\" data-element_type=\"widget\" data-widget_type=\"ovabrw_product_list.default\">\n\t\t\t\t<div class=\"elementor-widget-container\">\n\t\t\t\t\t\t\t\t\t<div class=\"ova-product-list ova-product-list-template1 column3\">\r\n\t\t\t\t\t\r\n<div class=\"ova-product product type-product post-11911 status-publish first instock product_cat-passeios-de-camelo has-post-thumbnail purchasable product-type-ovabrw_car_rental\">\r\n\t\r\n<div class=\"ova_head_product\">\r\n\t\t\t<div class=\"ova-product-wishlist\">\r\n\t\t\t<div class=\"yith-add-to-wishlist-button-block\" data-product-id=\"11911\" data-attributes=\"{&quot;kind&quot;:&quot;button&quot;}\"><\/div>\t\t<\/div>\r\n\t\t\t<a href=\"https:\/\/www.culturaltravelmorocco.com\/pt-pt\/product\/passeio-de-camelo-em-marrakech-no-palmeiral\/?ovabrw_adults=1\" class=\"ova-product-thumbnail\">\r\n\t\t\t<img fetchpriority=\"high\" decoding=\"async\" width=\"636\" height=\"426\" src=\"https:\/\/www.culturaltravelmorocco.com\/wp-content\/uploads\/2026\/01\/7-16-636x426.webp\" class=\"attachment-tripgo_product_slider size-tripgo_product_slider\" alt=\"Passeio de camelo em Marrakech no Palmeiral\" srcset=\"https:\/\/www.culturaltravelmorocco.com\/wp-content\/uploads\/2026\/01\/7-16-636x426.webp 636w, https:\/\/www.culturaltravelmorocco.com\/wp-content\/uploads\/2026\/01\/7-16-416x280.webp 416w\" sizes=\"(max-width: 636px) 100vw, 636px\" \/>\t\t<\/a>\r\n\t<\/div>\r\n<div class=\"ova_foot_product\">\r\n\t<div class=\"ova-product-day-title-location\">\r\n\t\t\t\t\t<h2 class=\"ova-product-title\">\r\n\t\t\t\t<a href=\"https:\/\/www.culturaltravelmorocco.com\/pt-pt\/product\/passeio-de-camelo-em-marrakech-no-palmeiral\/?ovabrw_adults=1\">\r\n\t\t\t        Passeio de camelo em Marrakech no Palmeiral\t\t\t    <\/a>\r\n\t\t\t<\/h2>\r\n\t\t\t        <div class=\"ova-product-location\">\r\n\t            <i aria-hidden=\"true\" class=\"icomoon icomoon-location\"><\/i>\r\n\t            <span class=\"location\">\r\n\t                Marrakech, Palmeiral\t            <\/span>\r\n\t        <\/div>\r\n\t    \t    \r\n\t    <div class=\"tripa\">\r\n\t        \r\n\t        <img decoding=\"async\" src=\"https:\/\/www.culturaltravelmorocco.com\/wp-content\/uploads\/2026\/01\/TripAdvisor-logo-scaled-1.webp\">\r\n\t    <\/div>\r\n\t<\/div>\r\n    <div class=\"ova-product-review-and-price\">\r\n    \t\t\t<div class=\"ova-product-wrapper-price\">\r\n\t\t\t\t\t\t\t<div class=\"ova-product-price\">\r\n\t\t\t\t\t\t\t\t\t    \t\t\t\t\t    \t\t<span class=\"no-product-price\">\r\n\t\t\t\t    \t\t\tPre\u00e7o da op\u00e7\u00e3o\t\t\t\t    \t\t<\/span>\r\n\t\t\t\t    \t\t\t\t\t<\/div>\r\n\t\t\t\t\t\t\t<a href=\"https:\/\/www.culturaltravelmorocco.com\/pt-pt\/product\/passeio-de-camelo-em-marrakech-no-palmeiral\/?ovabrw_adults=1\" class=\"btn product-btn-book-now\">\r\n\t\t\t\t\t<span>Explorar\n<\/span>\r\n\t\t\t\t<\/a>\r\n\t\t\t\t\t<\/div>\r\n    <\/div>\r\n<\/div><\/div>\r\n<div class=\"ova-product product type-product post-11893 status-publish instock product_cat-passeios-de-camelo has-post-thumbnail purchasable product-type-ovabrw_car_rental\">\r\n\t\r\n<div class=\"ova_head_product\">\r\n\t\t\t<div class=\"ova-product-wishlist\">\r\n\t\t\t<div class=\"yith-add-to-wishlist-button-block\" data-product-id=\"11893\" data-attributes=\"{&quot;kind&quot;:&quot;button&quot;}\"><\/div>\t\t<\/div>\r\n\t\t\t<a href=\"https:\/\/www.culturaltravelmorocco.com\/pt-pt\/product\/passeio-de-camelo-pelo-deserto-de-agafay-a-partir-de-marrakech\/?ovabrw_adults=1\" class=\"ova-product-thumbnail\">\r\n\t\t\t<img decoding=\"async\" width=\"636\" height=\"426\" src=\"https:\/\/www.culturaltravelmorocco.com\/wp-content\/uploads\/2026\/01\/16-3-636x426.webp\" class=\"attachment-tripgo_product_slider size-tripgo_product_slider\" alt=\"Passeio de camelo pelo deserto de Agafay a partir de Marrakech\" srcset=\"https:\/\/www.culturaltravelmorocco.com\/wp-content\/uploads\/2026\/01\/16-3-636x426.webp 636w, https:\/\/www.culturaltravelmorocco.com\/wp-content\/uploads\/2026\/01\/16-3-416x280.webp 416w\" sizes=\"(max-width: 636px) 100vw, 636px\" \/>\t\t<\/a>\r\n\t<\/div>\r\n<div class=\"ova_foot_product\">\r\n\t<div class=\"ova-product-day-title-location\">\r\n\t\t\t\t\t<h2 class=\"ova-product-title\">\r\n\t\t\t\t<a href=\"https:\/\/www.culturaltravelmorocco.com\/pt-pt\/product\/passeio-de-camelo-pelo-deserto-de-agafay-a-partir-de-marrakech\/?ovabrw_adults=1\">\r\n\t\t\t        Passeio de camelo pelo deserto de Agafay a partir de Marrakech\t\t\t    <\/a>\r\n\t\t\t<\/h2>\r\n\t\t\t        <div class=\"ova-product-location\">\r\n\t            <i aria-hidden=\"true\" class=\"icomoon icomoon-location\"><\/i>\r\n\t            <span class=\"location\">\r\n\t                Marrakech, Deserto de Agafay\t            <\/span>\r\n\t        <\/div>\r\n\t    \t    \r\n\t    <div class=\"tripa\">\r\n\t        \r\n\t        <img decoding=\"async\" src=\"https:\/\/www.culturaltravelmorocco.com\/wp-content\/uploads\/2026\/01\/TripAdvisor-logo-scaled-1.webp\">\r\n\t    <\/div>\r\n\t<\/div>\r\n    <div class=\"ova-product-review-and-price\">\r\n    \t\t\t<div class=\"ova-product-wrapper-price\">\r\n\t\t\t\t\t\t\t<div class=\"ova-product-price\">\r\n\t\t\t\t\t\t\t\t\t    \t\t\t\t\t    \t\t<span class=\"no-product-price\">\r\n\t\t\t\t    \t\t\tPre\u00e7o da op\u00e7\u00e3o\t\t\t\t    \t\t<\/span>\r\n\t\t\t\t    \t\t\t\t\t<\/div>\r\n\t\t\t\t\t\t\t<a href=\"https:\/\/www.culturaltravelmorocco.com\/pt-pt\/product\/passeio-de-camelo-pelo-deserto-de-agafay-a-partir-de-marrakech\/?ovabrw_adults=1\" class=\"btn product-btn-book-now\">\r\n\t\t\t\t\t<span>Explorar\n<\/span>\r\n\t\t\t\t<\/a>\r\n\t\t\t\t\t<\/div>\r\n    <\/div>\r\n<\/div><\/div>\r\n<div class=\"ova-product product type-product post-11860 status-publish instock product_cat-passeios-de-camelo has-post-thumbnail purchasable product-type-ovabrw_car_rental\">\r\n\t\r\n<div class=\"ova_head_product\">\r\n\t\t\t<div class=\"ova-product-wishlist\">\r\n\t\t\t<div class=\"yith-add-to-wishlist-button-block\" data-product-id=\"11860\" data-attributes=\"{&quot;kind&quot;:&quot;button&quot;}\"><\/div>\t\t<\/div>\r\n\t\t\t<a href=\"https:\/\/www.culturaltravelmorocco.com\/pt-pt\/product\/passeio-de-camelo-em-merzouga-no-deserto-de-erg-chebbi\/?ovabrw_adults=1\" class=\"ova-product-thumbnail\">\r\n\t\t\t<img decoding=\"async\" width=\"636\" height=\"426\" src=\"https:\/\/www.culturaltravelmorocco.com\/wp-content\/uploads\/2026\/01\/17-2-636x426.webp\" class=\"attachment-tripgo_product_slider size-tripgo_product_slider\" alt=\"Passeio de camelo em Merzouga no deserto de Erg Chebbi\" srcset=\"https:\/\/www.culturaltravelmorocco.com\/wp-content\/uploads\/2026\/01\/17-2-636x426.webp 636w, https:\/\/www.culturaltravelmorocco.com\/wp-content\/uploads\/2026\/01\/17-2-416x280.webp 416w\" sizes=\"(max-width: 636px) 100vw, 636px\" \/>\t\t<\/a>\r\n\t<\/div>\r\n<div class=\"ova_foot_product\">\r\n\t<div class=\"ova-product-day-title-location\">\r\n\t\t\t\t\t<h2 class=\"ova-product-title\">\r\n\t\t\t\t<a href=\"https:\/\/www.culturaltravelmorocco.com\/pt-pt\/product\/passeio-de-camelo-em-merzouga-no-deserto-de-erg-chebbi\/?ovabrw_adults=1\">\r\n\t\t\t        Passeio de camelo em Merzouga no deserto de Erg Chebbi\t\t\t    <\/a>\r\n\t\t\t<\/h2>\r\n\t\t\t        <div class=\"ova-product-location\">\r\n\t            <i aria-hidden=\"true\" class=\"icomoon icomoon-location\"><\/i>\r\n\t            <span class=\"location\">\r\n\t                Merzouga\t            <\/span>\r\n\t        <\/div>\r\n\t    \t    \r\n\t    <div class=\"tripa\">\r\n\t        \r\n\t        <img decoding=\"async\" src=\"https:\/\/www.culturaltravelmorocco.com\/wp-content\/uploads\/2026\/01\/TripAdvisor-logo-scaled-1.webp\">\r\n\t    <\/div>\r\n\t<\/div>\r\n    <div class=\"ova-product-review-and-price\">\r\n    \t\t\t<div class=\"ova-product-wrapper-price\">\r\n\t\t\t\t\t\t\t<div class=\"ova-product-price\">\r\n\t\t\t\t\t\t\t\t\t    \t\t\t\t\t    \t\t<span class=\"no-product-price\">\r\n\t\t\t\t    \t\t\tPre\u00e7o da op\u00e7\u00e3o\t\t\t\t    \t\t<\/span>\r\n\t\t\t\t    \t\t\t\t\t<\/div>\r\n\t\t\t\t\t\t\t<a href=\"https:\/\/www.culturaltravelmorocco.com\/pt-pt\/product\/passeio-de-camelo-em-merzouga-no-deserto-de-erg-chebbi\/?ovabrw_adults=1\" class=\"btn product-btn-book-now\">\r\n\t\t\t\t\t<span>Explorar\n<\/span>\r\n\t\t\t\t<\/a>\r\n\t\t\t\t\t<\/div>\r\n    <\/div>\r\n<\/div><\/div>\t\t\t\t<\/div>\r\n\t\t\t\t\t\t\t<\/div>\n\t\t\t\t<\/div>\n\t\t\t\t\t<\/div>\n\t\t<\/div>\n\t\t\t\t\t<\/div>\n\t\t<\/section>\n\t\t\t\t<\/div>\n\t\t","protected":false},"excerpt":{"rendered":"<p>Camelos em Marrocos: passeios no deserto do Saara e acampamentos noturnos As caminhadas de camelo s\u00e3o viagens guiadas no deserto, onde os viajantes se deslocam com uma caravana de camelos pelas paisagens do Saara, como dunas de areia (ergs), planaltos rochosos (hamadas) e plan\u00edcies des\u00e9rticas abertas, muitas vezes incluindo um acampamento noturno sob as estrelas. [&hellip;]<\/p>\n","protected":false},"author":1,"featured_media":0,"parent":0,"menu_order":0,"comment_status":"closed","ping_status":"closed","template":"","meta":{"_joinchat":[],"footnotes":""},"class_list":["post-12388","page","type-page","status-publish","hentry"],"yoast_head":"<!-- This site is optimized with the Yoast SEO Premium plugin v25.0 (Yoast SEO v25.0) - https:\/\/yoast.com\/wordpress\/plugins\/seo\/ -->\n<title>Camel Treks in Morocco | Sahara Desert Experiences<\/title>\n<meta name=\"description\" content=\"Experience unforgettable camel treks in Morocco across the Sahara Desert, enjoy sunset rides, Berber camps and authentic desert adventures.\" \/>\n<meta name=\"robots\" content=\"index, follow, max-snippet:-1, max-image-preview:large, max-video-preview:-1\" \/>\n<link rel=\"canonical\" href=\"https:\/\/www.culturaltravelmorocco.com\/pt-pt\/passeios-de-camelo\/\" \/>\n<meta property=\"og:locale\" content=\"pt_PT\" \/>\n<meta property=\"og:type\" content=\"article\" \/>\n<meta property=\"og:title\" content=\"Passeios de Camelo\" \/>\n<meta property=\"og:description\" content=\"Experience unforgettable camel treks in Morocco across the Sahara Desert, enjoy sunset rides, Berber camps and authentic desert adventures.\" \/>\n<meta property=\"og:url\" content=\"https:\/\/www.culturaltravelmorocco.com\/pt-pt\/passeios-de-camelo\/\" \/>\n<meta property=\"og:site_name\" content=\"Cultural Travel Morocco\" \/>\n<meta property=\"article:modified_time\" content=\"2026-02-02T19:18:32+00:00\" \/>\n<meta property=\"og:image\" content=\"https:\/\/www.culturaltravelmorocco.com\/wp-content\/uploads\/2026\/01\/7-16-636x426.webp\" \/>\n<meta name=\"twitter:card\" content=\"summary_large_image\" \/>\n<meta name=\"twitter:label1\" content=\"Tempo estimado de leitura\" \/>\n\t<meta name=\"twitter:data1\" content=\"2 minutos\" \/>\n<script type=\"application\/ld+json\" class=\"yoast-schema-graph\">{\"@context\":\"https:\/\/schema.org\",\"@graph\":[{\"@type\":\"WebPage\",\"@id\":\"https:\/\/www.culturaltravelmorocco.com\/pt-pt\/passeios-de-camelo\/\",\"url\":\"https:\/\/www.culturaltravelmorocco.com\/pt-pt\/passeios-de-camelo\/\",\"name\":\"Camel Treks in Morocco | Sahara Desert Experiences\",\"isPartOf\":{\"@id\":\"https:\/\/www.culturaltravelmorocco.com\/pt-pt\/#website\"},\"primaryImageOfPage\":{\"@id\":\"https:\/\/www.culturaltravelmorocco.com\/pt-pt\/passeios-de-camelo\/#primaryimage\"},\"image\":{\"@id\":\"https:\/\/www.culturaltravelmorocco.com\/pt-pt\/passeios-de-camelo\/#primaryimage\"},\"thumbnailUrl\":\"https:\/\/www.culturaltravelmorocco.com\/wp-content\/uploads\/2026\/01\/7-16-636x426.webp\",\"datePublished\":\"2026-01-11T00:35:46+00:00\",\"dateModified\":\"2026-02-02T19:18:32+00:00\",\"description\":\"Experience unforgettable camel treks in Morocco across the Sahara Desert, enjoy sunset rides, Berber camps and authentic desert adventures.\",\"breadcrumb\":{\"@id\":\"https:\/\/www.culturaltravelmorocco.com\/pt-pt\/passeios-de-camelo\/#breadcrumb\"},\"inLanguage\":\"pt-PT\",\"potentialAction\":[{\"@type\":\"ReadAction\",\"target\":[\"https:\/\/www.culturaltravelmorocco.com\/pt-pt\/passeios-de-camelo\/\"]}]},{\"@type\":\"ImageObject\",\"inLanguage\":\"pt-PT\",\"@id\":\"https:\/\/www.culturaltravelmorocco.com\/pt-pt\/passeios-de-camelo\/#primaryimage\",\"url\":\"https:\/\/www.culturaltravelmorocco.com\/wp-content\/uploads\/2026\/01\/7-16-636x426.webp\",\"contentUrl\":\"https:\/\/www.culturaltravelmorocco.com\/wp-content\/uploads\/2026\/01\/7-16-636x426.webp\"},{\"@type\":\"BreadcrumbList\",\"@id\":\"https:\/\/www.culturaltravelmorocco.com\/pt-pt\/passeios-de-camelo\/#breadcrumb\",\"itemListElement\":[{\"@type\":\"ListItem\",\"position\":1,\"name\":\"In\u00edcio\",\"item\":\"https:\/\/www.culturaltravelmorocco.com\/pt-pt\/\"},{\"@type\":\"ListItem\",\"position\":2,\"name\":\"Passeios de Camelo\"}]},{\"@type\":\"WebSite\",\"@id\":\"https:\/\/www.culturaltravelmorocco.com\/pt-pt\/#website\",\"url\":\"https:\/\/www.culturaltravelmorocco.com\/pt-pt\/\",\"name\":\"Cultural Travel Morocco\",\"description\":\"\",\"potentialAction\":[{\"@type\":\"SearchAction\",\"target\":{\"@type\":\"EntryPoint\",\"urlTemplate\":\"https:\/\/www.culturaltravelmorocco.com\/pt-pt\/?s={search_term_string}\"},\"query-input\":{\"@type\":\"PropertyValueSpecification\",\"valueRequired\":true,\"valueName\":\"search_term_string\"}}],\"inLanguage\":\"pt-PT\"}]}<\/script>\n<!-- \/ Yoast SEO Premium plugin. -->","yoast_head_json":{"title":"Camel Treks in Morocco | Sahara Desert Experiences","description":"Experience unforgettable camel treks in Morocco across the Sahara Desert, enjoy sunset rides, Berber camps and authentic desert adventures.","robots":{"index":"index","follow":"follow","max-snippet":"max-snippet:-1","max-image-preview":"max-image-preview:large","max-video-preview":"max-video-preview:-1"},"canonical":"https:\/\/www.culturaltravelmorocco.com\/pt-pt\/passeios-de-camelo\/","og_locale":"pt_PT","og_type":"article","og_title":"Passeios de Camelo","og_description":"Experience unforgettable camel treks in Morocco across the Sahara Desert, enjoy sunset rides, Berber camps and authentic desert adventures.","og_url":"https:\/\/www.culturaltravelmorocco.com\/pt-pt\/passeios-de-camelo\/","og_site_name":"Cultural Travel Morocco","article_modified_time":"2026-02-02T19:18:32+00:00","og_image":[{"url":"https:\/\/www.culturaltravelmorocco.com\/wp-content\/uploads\/2026\/01\/7-16-636x426.webp","type":"","width":"","height":""}],"twitter_card":"summary_large_image","twitter_misc":{"Tempo estimado de leitura":"2 minutos"},"schema":{"@context":"https:\/\/schema.org","@graph":[{"@type":"WebPage","@id":"https:\/\/www.culturaltravelmorocco.com\/pt-pt\/passeios-de-camelo\/","url":"https:\/\/www.culturaltravelmorocco.com\/pt-pt\/passeios-de-camelo\/","name":"Camel Treks in Morocco | Sahara Desert Experiences","isPartOf":{"@id":"https:\/\/www.culturaltravelmorocco.com\/pt-pt\/#website"},"primaryImageOfPage":{"@id":"https:\/\/www.culturaltravelmorocco.com\/pt-pt\/passeios-de-camelo\/#primaryimage"},"image":{"@id":"https:\/\/www.culturaltravelmorocco.com\/pt-pt\/passeios-de-camelo\/#primaryimage"},"thumbnailUrl":"https:\/\/www.culturaltravelmorocco.com\/wp-content\/uploads\/2026\/01\/7-16-636x426.webp","datePublished":"2026-01-11T00:35:46+00:00","dateModified":"2026-02-02T19:18:32+00:00","description":"Experience unforgettable camel treks in Morocco across the Sahara Desert, enjoy sunset rides, Berber camps and authentic desert adventures.","breadcrumb":{"@id":"https:\/\/www.culturaltravelmorocco.com\/pt-pt\/passeios-de-camelo\/#breadcrumb"},"inLanguage":"pt-PT","potentialAction":[{"@type":"ReadAction","target":["https:\/\/www.culturaltravelmorocco.com\/pt-pt\/passeios-de-camelo\/"]}]},{"@type":"ImageObject","inLanguage":"pt-PT","@id":"https:\/\/www.culturaltravelmorocco.com\/pt-pt\/passeios-de-camelo\/#primaryimage","url":"https:\/\/www.culturaltravelmorocco.com\/wp-content\/uploads\/2026\/01\/7-16-636x426.webp","contentUrl":"https:\/\/www.culturaltravelmorocco.com\/wp-content\/uploads\/2026\/01\/7-16-636x426.webp"},{"@type":"BreadcrumbList","@id":"https:\/\/www.culturaltravelmorocco.com\/pt-pt\/passeios-de-camelo\/#breadcrumb","itemListElement":[{"@type":"ListItem","position":1,"name":"In\u00edcio","item":"https:\/\/www.culturaltravelmorocco.com\/pt-pt\/"},{"@type":"ListItem","position":2,"name":"Passeios de Camelo"}]},{"@type":"WebSite","@id":"https:\/\/www.culturaltravelmorocco.com\/pt-pt\/#website","url":"https:\/\/www.culturaltravelmorocco.com\/pt-pt\/","name":"Cultural Travel Morocco","description":"","potentialAction":[{"@type":"SearchAction","target":{"@type":"EntryPoint","urlTemplate":"https:\/\/www.culturaltravelmorocco.com\/pt-pt\/?s={search_term_string}"},"query-input":{"@type":"PropertyValueSpecification","valueRequired":true,"valueName":"search_term_string"}}],"inLanguage":"pt-PT"}]}},"_links":{"self":[{"href":"https:\/\/www.culturaltravelmorocco.com\/pt-pt\/wp-json\/wp\/v2\/pages\/12388","targetHints":{"allow":["GET"]}}],"collection":[{"href":"https:\/\/www.culturaltravelmorocco.com\/pt-pt\/wp-json\/wp\/v2\/pages"}],"about":[{"href":"https:\/\/www.culturaltravelmorocco.com\/pt-pt\/wp-json\/wp\/v2\/types\/page"}],"author":[{"embeddable":true,"href":"https:\/\/www.culturaltravelmorocco.com\/pt-pt\/wp-json\/wp\/v2\/users\/1"}],"replies":[{"embeddable":true,"href":"https:\/\/www.culturaltravelmorocco.com\/pt-pt\/wp-json\/wp\/v2\/comments?post=12388"}],"version-history":[{"count":4,"href":"https:\/\/www.culturaltravelmorocco.com\/pt-pt\/wp-json\/wp\/v2\/pages\/12388\/revisions"}],"predecessor-version":[{"id":12392,"href":"https:\/\/www.culturaltravelmorocco.com\/pt-pt\/wp-json\/wp\/v2\/pages\/12388\/revisions\/12392"}],"wp:attachment":[{"href":"https:\/\/www.culturaltravelmorocco.com\/pt-pt\/wp-json\/wp\/v2\/media?parent=12388"}],"curies":[{"name":"wp","href":"https:\/\/api.w.org\/{rel}","templated":true}]}}