{"id":12393,"date":"2022-06-30T10:33:31","date_gmt":"2022-06-30T10:33:31","guid":{"rendered":"https:\/\/www.culturaltravelmorocco.com\/contact\/"},"modified":"2026-02-05T21:45:13","modified_gmt":"2026-02-05T21:45:13","slug":"contacte-nos","status":"publish","type":"page","link":"https:\/\/www.culturaltravelmorocco.com\/pt-pt\/contacte-nos\/","title":{"rendered":"Contacte-nos"},"content":{"rendered":"\t\t<div data-elementor-type=\"wp-page\" data-elementor-id=\"12393\" class=\"elementor elementor-12393 elementor-46\">\n\t\t\t\t\t\t<section class=\"elementor-section elementor-top-section elementor-element elementor-element-d0f13c1 elementor-section-boxed elementor-section-height-default elementor-section-height-default\" data-id=\"d0f13c1\" data-element_type=\"section\" data-settings=\"{&quot;background_background&quot;:&quot;classic&quot;}\">\n\t\t\t\t\t\t<div class=\"elementor-container elementor-column-gap-no\">\n\t\t\t\t\t<div class=\"elementor-column elementor-col-100 elementor-top-column elementor-element elementor-element-cf7269d\" data-id=\"cf7269d\" data-element_type=\"column\" data-settings=\"{&quot;background_background&quot;:&quot;classic&quot;}\">\n\t\t\t<div class=\"elementor-widget-wrap elementor-element-populated\">\n\t\t\t\t\t\t<div class=\"elementor-element elementor-element-4575e71 elementor-widget elementor-widget-tripgo_elementor_heading\" data-id=\"4575e71\" data-element_type=\"widget\" data-widget_type=\"tripgo_elementor_heading.default\">\n\t\t\t\t<div class=\"elementor-widget-container\">\n\t\t\t\t\t\t\t\t<div class=\"ova-title\">\r\n\t\t\t\t\t\t\t\t\t<h3 class=\"sub-title\">Contacte-nos<\/h3>\r\n\t\t\t\t\t\t\t\t\t\t<h2 class=\"title\">\r\n\t\t\t\t\t\t\tPronto para obter nossos melhores servi\u00e7os! \nSinta-se \u00e0 vontade para entrar em contato conosco\t\t\t\t\t\t<\/h2>\r\n\t\t\t\t\t\t\t\t<\/div>\r\n\t\t\t\t\t\t\t<\/div>\n\t\t\t\t<\/div>\n\t\t\t\t\t<\/div>\n\t\t<\/div>\n\t\t\t\t\t<\/div>\n\t\t<\/section>\n\t\t<div class=\"elementor-element elementor-element-d8b9827 e-flex e-con-boxed e-con e-parent\" data-id=\"d8b9827\" data-element_type=\"container\">\n\t\t\t\t\t<div class=\"e-con-inner\">\n\t\t<div class=\"elementor-element elementor-element-d05bcde e-con-full e-flex e-con e-child\" data-id=\"d05bcde\" data-element_type=\"container\">\n\t\t\t\t<div class=\"elementor-element elementor-element-20b51fb elementor-widget elementor-widget-tripgo_elementor_icon_box\" data-id=\"20b51fb\" data-element_type=\"widget\" data-widget_type=\"tripgo_elementor_icon_box.default\">\n\t\t\t\t<div class=\"elementor-widget-container\">\n\t\t\t\t\t\t\t\t<div class=\"ova-icon-box template3\"> \r\n\t\t\t\t\t\t\t\t\t<a href=\"#\" class=\"iconbox\" rel=\"nofollow\" target=\"_blank\">\r\n\t\t\t\t\t\t\t\t\t\t\t<span class=\"icon\">\r\n\t\t\t\t\t\t\t\t<i aria-hidden=\"true\" class=\"icomoon icomoon-location-2\"><\/i>\t\t\t\t\t\t\t<\/span>\r\n\t\t\t\t\t\t\t\t\t\t\t\t\t<h3 class=\"title\">\r\n\t\t\t\t\t\t\t\tLocaliza\u00e7\u00e3o do escrit\u00f3rio\t\t\t\t\t\t\t<\/h3>\r\n\t\t                \t\t\t\t\t\t<p class=\"description\">\r\n\t\t\t\t\t\t\tRiad El Moukha, Darb El, Bazioui, N 14\n\t\t\t\t\t\t<\/p>\r\n\t\t\t\t\t\t\t\t\t\t<\/a> \r\n\t\t\t\t\t\r\n\t\t\t<\/div>\r\n\t\t\t\t\t\t\t<\/div>\n\t\t\t\t<\/div>\n\t\t\t\t<\/div>\n\t\t<div class=\"elementor-element elementor-element-f5800ff e-con-full e-flex e-con e-child\" data-id=\"f5800ff\" data-element_type=\"container\">\n\t\t\t\t<div class=\"elementor-element elementor-element-a27c528 elementor-widget elementor-widget-tripgo_elementor_icon_box\" data-id=\"a27c528\" data-element_type=\"widget\" data-widget_type=\"tripgo_elementor_icon_box.default\">\n\t\t\t\t<div class=\"elementor-widget-container\">\n\t\t\t\t\t\t\t\t<div class=\"ova-icon-box template3\"> \r\n\t\t\t\t\t\t\t\t\t<a href=\"#\" class=\"iconbox\" rel=\"nofollow\" target=\"_blank\">\r\n\t\t\t\t\t\t\t\t\t\t\t<span class=\"icon\">\r\n\t\t\t\t\t\t\t\t<svg aria-hidden=\"true\" class=\"e-font-icon-svg e-far-envelope-open\" viewBox=\"0 0 512 512\" xmlns=\"http:\/\/www.w3.org\/2000\/svg\"><path d=\"M494.586 164.516c-4.697-3.883-111.723-89.95-135.251-108.657C337.231 38.191 299.437 0 256 0c-43.205 0-80.636 37.717-103.335 55.859-24.463 19.45-131.07 105.195-135.15 108.549A48.004 48.004 0 0 0 0 201.485V464c0 26.51 21.49 48 48 48h416c26.51 0 48-21.49 48-48V201.509a48 48 0 0 0-17.414-36.993zM464 458a6 6 0 0 1-6 6H54a6 6 0 0 1-6-6V204.347c0-1.813.816-3.526 2.226-4.665 15.87-12.814 108.793-87.554 132.364-106.293C200.755 78.88 232.398 48 256 48c23.693 0 55.857 31.369 73.41 45.389 23.573 18.741 116.503 93.493 132.366 106.316a5.99 5.99 0 0 1 2.224 4.663V458zm-31.991-187.704c4.249 5.159 3.465 12.795-1.745 16.981-28.975 23.283-59.274 47.597-70.929 56.863C336.636 362.283 299.205 400 256 400c-43.452 0-81.287-38.237-103.335-55.86-11.279-8.967-41.744-33.413-70.927-56.865-5.21-4.187-5.993-11.822-1.745-16.981l15.258-18.528c4.178-5.073 11.657-5.843 16.779-1.726 28.618 23.001 58.566 47.035 70.56 56.571C200.143 320.631 232.307 352 256 352c23.602 0 55.246-30.88 73.41-45.389 11.994-9.535 41.944-33.57 70.563-56.568 5.122-4.116 12.601-3.346 16.778 1.727l15.258 18.526z\"><\/path><\/svg>\t\t\t\t\t\t\t<\/span>\r\n\t\t\t\t\t\t\t\t\t\t\t\t\t<h3 class=\"title\">\r\n\t\t\t\t\t\t\t\tEndere\u00e7o de email\t\t\t\t\t\t\t<\/h3>\r\n\t\t                \t\t\t\t\t\t<p class=\"description\">\r\n\t\t\t\t\t\t\tculturaltravelmoroccotours@gmail.com\n\t\t\t\t\t\t<\/p>\r\n\t\t\t\t\t\t\t\t\t\t<\/a> \r\n\t\t\t\t\t\r\n\t\t\t<\/div>\r\n\t\t\t\t\t\t\t<\/div>\n\t\t\t\t<\/div>\n\t\t\t\t<\/div>\n\t\t<div class=\"elementor-element elementor-element-564054e e-con-full e-flex e-con e-child\" data-id=\"564054e\" data-element_type=\"container\">\n\t\t\t\t<div class=\"elementor-element elementor-element-caecee1 elementor-widget elementor-widget-tripgo_elementor_icon_box\" data-id=\"caecee1\" data-element_type=\"widget\" data-widget_type=\"tripgo_elementor_icon_box.default\">\n\t\t\t\t<div class=\"elementor-widget-container\">\n\t\t\t\t\t\t\t\t<div class=\"ova-icon-box template3\"> \r\n\t\t\t\t\t\t\t\t\t<a href=\"#\" class=\"iconbox\" rel=\"nofollow\" target=\"_blank\">\r\n\t\t\t\t\t\t\t\t\t\t\t<span class=\"icon\">\r\n\t\t\t\t\t\t\t\t<i aria-hidden=\"true\" class=\"ovaicon ovaicon-phone-call\"><\/i>\t\t\t\t\t\t\t<\/span>\r\n\t\t\t\t\t\t\t\t\t\t\t\t\t<h3 class=\"title\">\r\n\t\t\t\t\t\t\t\tN\u00famero de telefone\t\t\t\t\t\t\t<\/h3>\r\n\t\t                \t\t\t\t\t\t<p class=\"description\">\r\n\t\t\t\t\t\t\t+212 676 598 336\n\t\t\t\t\t\t<\/p>\r\n\t\t\t\t\t\t\t\t\t\t<\/a> \r\n\t\t\t\t\t\r\n\t\t\t<\/div>\r\n\t\t\t\t\t\t\t<\/div>\n\t\t\t\t<\/div>\n\t\t\t\t<\/div>\n\t\t\t\t\t<\/div>\n\t\t\t\t<\/div>\n\t\t<div class=\"elementor-element elementor-element-c0c22a7 e-flex e-con-boxed e-con e-parent\" data-id=\"c0c22a7\" data-element_type=\"container\">\n\t\t\t\t\t<div class=\"e-con-inner\">\n\t\t<div class=\"elementor-element elementor-element-4c9af8e e-con-full e-flex e-con e-child\" data-id=\"4c9af8e\" data-element_type=\"container\">\n\t\t\t\t<\/div>\n\t\t<div class=\"elementor-element elementor-element-d76854b e-con-full e-flex e-con e-child\" data-id=\"d76854b\" data-element_type=\"container\">\n\t\t\t\t<div class=\"elementor-element elementor-element-b3f5a89 elementor-widget elementor-widget-wpforms\" data-id=\"b3f5a89\" data-element_type=\"widget\" data-widget_type=\"wpforms.default\">\n\t\t\t\t<div class=\"elementor-widget-container\">\n\t\t\t\t\t<style id=\"wpforms-css-vars-root\">\n\t\t\t\t:root {\n\t\t\t\t\t--wpforms-field-border-radius: 3px;\n--wpforms-field-border-style: solid;\n--wpforms-field-border-size: 1px;\n--wpforms-field-background-color: #ffffff;\n--wpforms-field-border-color: rgba( 0, 0, 0, 0.25 );\n--wpforms-field-border-color-spare: rgba( 0, 0, 0, 0.25 );\n--wpforms-field-text-color: rgba( 0, 0, 0, 0.7 );\n--wpforms-field-menu-color: #ffffff;\n--wpforms-label-color: rgba( 0, 0, 0, 0.85 );\n--wpforms-label-sublabel-color: rgba( 0, 0, 0, 0.55 );\n--wpforms-label-error-color: #d63637;\n--wpforms-button-border-radius: 3px;\n--wpforms-button-border-style: none;\n--wpforms-button-border-size: 1px;\n--wpforms-button-background-color: #066aab;\n--wpforms-button-border-color: #066aab;\n--wpforms-button-text-color: #ffffff;\n--wpforms-page-break-color: #066aab;\n--wpforms-background-image: none;\n--wpforms-background-position: center center;\n--wpforms-background-repeat: no-repeat;\n--wpforms-background-size: cover;\n--wpforms-background-width: 100px;\n--wpforms-background-height: 100px;\n--wpforms-background-color: rgba( 0, 0, 0, 0 );\n--wpforms-background-url: none;\n--wpforms-container-padding: 0px;\n--wpforms-container-border-style: none;\n--wpforms-container-border-width: 1px;\n--wpforms-container-border-color: #000000;\n--wpforms-container-border-radius: 3px;\n--wpforms-field-size-input-height: 43px;\n--wpforms-field-size-input-spacing: 15px;\n--wpforms-field-size-font-size: 16px;\n--wpforms-field-size-line-height: 19px;\n--wpforms-field-size-padding-h: 14px;\n--wpforms-field-size-checkbox-size: 16px;\n--wpforms-field-size-sublabel-spacing: 5px;\n--wpforms-field-size-icon-size: 1;\n--wpforms-label-size-font-size: 16px;\n--wpforms-label-size-line-height: 19px;\n--wpforms-label-size-sublabel-font-size: 14px;\n--wpforms-label-size-sublabel-line-height: 17px;\n--wpforms-button-size-font-size: 17px;\n--wpforms-button-size-height: 41px;\n--wpforms-button-size-padding-h: 15px;\n--wpforms-button-size-margin-top: 10px;\n--wpforms-container-shadow-size-box-shadow: none;\n\n\t\t\t\t}\n\t\t\t<\/style><style id=\"wpforms-css-vars-elementor-widget-b3f5a89\">\n\t\t\t\t.elementor-widget-wpforms.elementor-element-b3f5a89 {\n\t\t\t\t\t--wpforms-field-size-input-height: 43px;\n--wpforms-field-size-input-spacing: 15px;\n--wpforms-field-size-font-size: 16px;\n--wpforms-field-size-line-height: 19px;\n--wpforms-field-size-padding-h: 14px;\n--wpforms-field-size-checkbox-size: 16px;\n--wpforms-field-size-sublabel-spacing: 5px;\n--wpforms-field-size-icon-size: 1;\n--wpforms-label-size-font-size: 16px;\n--wpforms-label-size-line-height: 19px;\n--wpforms-label-size-sublabel-font-size: 14px;\n--wpforms-label-size-sublabel-line-height: 17px;\n--wpforms-button-size-font-size: 17px;\n--wpforms-button-size-height: 41px;\n--wpforms-button-size-padding-h: 15px;\n--wpforms-button-size-margin-top: 10px;\n\n\t\t\t\t}\n\t\t\t<\/style><div class=\"wpforms-container wpforms-container-full wpforms-render-modern\" id=\"wpforms-12362\"><form id=\"wpforms-form-12362\" class=\"wpforms-validate wpforms-form wpforms-ajax-form\" data-formid=\"12362\" method=\"post\" enctype=\"multipart\/form-data\" action=\"\/pt-pt\/wp-json\/wp\/v2\/pages\/12393\" data-token=\"d3643ae306813a69d24d59baa2bab710\" data-token-time=\"1776847511\"><noscript class=\"wpforms-error-noscript\">Please enable JavaScript in your browser to complete this form.<\/noscript><div class=\"wpforms-hidden\" id=\"wpforms-error-noscript\">Please enable JavaScript in your browser to complete this form.<\/div><div class=\"wpforms-field-container\"><div id=\"wpforms-12362-field_1-container\" class=\"wpforms-field wpforms-field-name\" data-field-id=\"1\"><fieldset><legend class=\"wpforms-field-label\">Nome completo <span class=\"wpforms-required-label\" aria-hidden=\"true\">*<\/span><\/legend><div class=\"wpforms-field-row wpforms-field-large\"><div class=\"wpforms-field-row-block wpforms-first wpforms-one-half\"><input type=\"text\" id=\"wpforms-12362-field_1\" class=\"wpforms-field-name-first wpforms-field-required\" name=\"wpforms[fields][1][first]\" aria-errormessage=\"wpforms-12362-field_1-error\" required><label for=\"wpforms-12362-field_1\" class=\"wpforms-field-sublabel after\">First<\/label><\/div><div class=\"wpforms-field-row-block wpforms-one-half\"><input type=\"text\" id=\"wpforms-12362-field_1-last\" class=\"wpforms-field-name-last wpforms-field-required\" name=\"wpforms[fields][1][last]\" aria-errormessage=\"wpforms-12362-field_1-last-error\" required><label for=\"wpforms-12362-field_1-last\" class=\"wpforms-field-sublabel after\">Last<\/label><\/div><\/div><\/fieldset><\/div><div id=\"wpforms-12362-field_2-container\" class=\"wpforms-field wpforms-field-email\" data-field-id=\"2\"><label class=\"wpforms-field-label\" for=\"wpforms-12362-field_2\">E-mail <span class=\"wpforms-required-label\" aria-hidden=\"true\">*<\/span><\/label><input type=\"email\" id=\"wpforms-12362-field_2\" class=\"wpforms-field-large wpforms-field-required\" name=\"wpforms[fields][2]\" spellcheck=\"false\" aria-errormessage=\"wpforms-12362-field_2-error\" required><\/div><div id=\"wpforms-12362-field_3-container\" class=\"wpforms-field wpforms-field-layout\" data-field-id=\"3\"><div class=\"wpforms-field-layout-rows wpforms-field-large\"><div class=\"wpforms-layout-row\"><div class=\"wpforms-layout-column wpforms-layout-column-50\"><div id=\"wpforms-12362-field_4-container\" class=\"wpforms-field wpforms-field-phone\" data-field-id=\"4\"><label class=\"wpforms-field-label\" for=\"wpforms-12362-field_4\">N\u00famero de telefone<\/label><input type=\"tel\" id=\"wpforms-12362-field_4\" class=\"wpforms-field-medium wpforms-smart-phone-field\" data-rule-smart-phone-field=\"true\" name=\"wpforms[fields][4]\" aria-label=\"N\u00famero de telefone\" aria-errormessage=\"wpforms-12362-field_4-error\" ><\/div><\/div><div class=\"wpforms-layout-column wpforms-layout-column-50\"><div id=\"wpforms-12362-field_5-container\" class=\"wpforms-field wpforms-field-text\" data-field-id=\"5\"><label class=\"wpforms-field-label\" for=\"wpforms-12362-field_5\">Assunto<\/label><input type=\"text\" id=\"wpforms-12362-field_5\" class=\"wpforms-field-medium\" name=\"wpforms[fields][5]\" aria-errormessage=\"wpforms-12362-field_5-error\" ><\/div><\/div><\/div><\/div><\/div><div id=\"wpforms-12362-field_6-container\" class=\"wpforms-field wpforms-field-textarea\" data-field-id=\"6\"><label class=\"wpforms-field-label\" for=\"wpforms-12362-field_6\">Mensagem<\/label><textarea id=\"wpforms-12362-field_6\" class=\"wpforms-field-medium\" name=\"wpforms[fields][6]\" aria-errormessage=\"wpforms-12362-field_6-error\" ><\/textarea><\/div><\/div><!-- .wpforms-field-container --><div class=\"wpforms-recaptcha-container wpforms-is-recaptcha wpforms-is-recaptcha-type-v2\" ><div class=\"g-recaptcha\" data-sitekey=\"6Lfup18sAAAAABqWGU8ZBJI8wq44ZcSChlpqIHYl\"><\/div><input type=\"text\" name=\"g-recaptcha-hidden\" class=\"wpforms-recaptcha-hidden\" style=\"position:absolute!important;clip:rect(0,0,0,0)!important;height:1px!important;width:1px!important;border:0!important;overflow:hidden!important;padding:0!important;margin:0!important;\" data-rule-recaptcha=\"1\"><\/div><div class=\"wpforms-submit-container\" ><input type=\"hidden\" name=\"wpforms[id]\" value=\"12362\"><input type=\"hidden\" name=\"page_title\" value=\"\"><input type=\"hidden\" name=\"page_url\" value=\"https:\/\/www.culturaltravelmorocco.com\/pt-pt\/wp-json\/wp\/v2\/pages\/12393\"><button type=\"submit\" name=\"wpforms[submit]\" id=\"wpforms-submit-12362\" class=\"wpforms-submit\" data-alt-text=\"Sending...\" data-submit-text=\"Envie uma mensagem\" aria-live=\"assertive\" value=\"wpforms-submit\">Envie uma mensagem<\/button><img decoding=\"async\" src=\"https:\/\/www.culturaltravelmorocco.com\/wp-content\/plugins\/wpforms\/assets\/images\/submit-spin.svg\" class=\"wpforms-submit-spinner\" style=\"display: none;\" width=\"26\" height=\"26\" alt=\"Loading\"><\/div><\/form><\/div>  <!-- .wpforms-container -->\t\t\t\t<\/div>\n\t\t\t\t<\/div>\n\t\t\t\t<\/div>\n\t\t<div class=\"elementor-element elementor-element-70024fd e-con-full e-flex e-con e-child\" data-id=\"70024fd\" data-element_type=\"container\">\n\t\t\t\t<\/div>\n\t\t\t\t\t<\/div>\n\t\t\t\t<\/div>\n\t\t<div class=\"elementor-element elementor-element-48bb5d7 e-con-full e-flex e-con e-parent\" data-id=\"48bb5d7\" data-element_type=\"container\">\n\t\t\t\t<div class=\"elementor-element elementor-element-842edb9 elementor-widget elementor-widget-text-editor\" data-id=\"842edb9\" data-element_type=\"widget\" data-widget_type=\"text-editor.default\">\n\t\t\t\t\t\t\t\t\t<iframe src=\"https:\/\/www.google.com\/maps\/embed?pb=!1m18!1m12!1m3!1d3396.715617817318!2d-7.991372299999999!3d31.6416359!2m3!1f0!2f0!3f0!3m2!1i1024!2i768!4f13.1!3m3!1m2!1s0xdafef7cbe83fad7%3A0x9905db26050dfb75!2sCultural%20travel%20morocco!5e0!3m2!1sfr!2sma!4v1768095442560!5m2!1sfr!2sma\" width=\"600\" height=\"450\" style=\"border:0;\" allowfullscreen=\"\" loading=\"lazy\" referrerpolicy=\"no-referrer-when-downgrade\"><\/iframe>\t\t\t\t\t\t\t\t<\/div>\n\t\t\t\t<\/div>\n\t\t\t\t<\/div>\n\t\t","protected":false},"excerpt":{"rendered":"<p>Contacte-nos Pronto para obter nossos melhores servi\u00e7os! Sinta-se \u00e0 vontade para entrar em contato conosco Localiza\u00e7\u00e3o do escrit\u00f3rio Riad El Moukha, Darb El, Bazioui, N 14 Endere\u00e7o de email culturaltravelmoroccotours@gmail.com N\u00famero de telefone +212 676 598 336 Please enable JavaScript in your browser to complete this form.Please enable JavaScript in your browser to complete this [&hellip;]<\/p>\n","protected":false},"author":1,"featured_media":0,"parent":0,"menu_order":0,"comment_status":"closed","ping_status":"closed","template":"elementor_header_footer","meta":{"_joinchat":[],"footnotes":""},"class_list":["post-12393","page","type-page","status-publish","hentry"],"yoast_head":"<!-- This site is optimized with the Yoast SEO Premium plugin v25.0 (Yoast SEO v25.0) - https:\/\/yoast.com\/wordpress\/plugins\/seo\/ -->\n<title>Contact Us | Cultural Travel Morocco \u2013 Get in Touch<\/title>\n<meta name=\"description\" content=\"Contact Cultural Travel Morocco to plan your trip, ask questions or customize your tour. We\u2019re here to help you explore Morocco with ease.\" \/>\n<meta name=\"robots\" content=\"index, follow, max-snippet:-1, max-image-preview:large, max-video-preview:-1\" \/>\n<link rel=\"canonical\" href=\"https:\/\/www.culturaltravelmorocco.com\/pt-pt\/contacte-nos\/\" \/>\n<meta property=\"og:locale\" content=\"pt_PT\" \/>\n<meta property=\"og:type\" content=\"article\" \/>\n<meta property=\"og:title\" content=\"Contacte-nos\" \/>\n<meta property=\"og:description\" content=\"Contact Cultural Travel Morocco to plan your trip, ask questions or customize your tour. We\u2019re here to help you explore Morocco with ease.\" \/>\n<meta property=\"og:url\" content=\"https:\/\/www.culturaltravelmorocco.com\/pt-pt\/contacte-nos\/\" \/>\n<meta property=\"og:site_name\" content=\"Cultural Travel Morocco\" \/>\n<meta property=\"article:modified_time\" content=\"2026-02-05T21:45:13+00:00\" \/>\n<meta property=\"og:image\" content=\"https:\/\/www.culturaltravelmorocco.com\/wp-content\/plugins\/wpforms\/assets\/images\/submit-spin.svg\" \/>\n<meta name=\"twitter:card\" content=\"summary_large_image\" \/>\n<meta name=\"twitter:label1\" content=\"Tempo estimado de leitura\" \/>\n\t<meta name=\"twitter:data1\" content=\"1 minuto\" \/>\n<script type=\"application\/ld+json\" class=\"yoast-schema-graph\">{\"@context\":\"https:\/\/schema.org\",\"@graph\":[{\"@type\":\"WebPage\",\"@id\":\"https:\/\/www.culturaltravelmorocco.com\/pt-pt\/contacte-nos\/\",\"url\":\"https:\/\/www.culturaltravelmorocco.com\/pt-pt\/contacte-nos\/\",\"name\":\"Contact Us | Cultural Travel Morocco \u2013 Get in Touch\",\"isPartOf\":{\"@id\":\"https:\/\/www.culturaltravelmorocco.com\/pt-pt\/#website\"},\"primaryImageOfPage\":{\"@id\":\"https:\/\/www.culturaltravelmorocco.com\/pt-pt\/contacte-nos\/#primaryimage\"},\"image\":{\"@id\":\"https:\/\/www.culturaltravelmorocco.com\/pt-pt\/contacte-nos\/#primaryimage\"},\"thumbnailUrl\":\"https:\/\/www.culturaltravelmorocco.com\/wp-content\/plugins\/wpforms\/assets\/images\/submit-spin.svg\",\"datePublished\":\"2022-06-30T10:33:31+00:00\",\"dateModified\":\"2026-02-05T21:45:13+00:00\",\"description\":\"Contact Cultural Travel Morocco to plan your trip, ask questions or customize your tour. We\u2019re here to help you explore Morocco with ease.\",\"breadcrumb\":{\"@id\":\"https:\/\/www.culturaltravelmorocco.com\/pt-pt\/contacte-nos\/#breadcrumb\"},\"inLanguage\":\"pt-PT\",\"potentialAction\":[{\"@type\":\"ReadAction\",\"target\":[\"https:\/\/www.culturaltravelmorocco.com\/pt-pt\/contacte-nos\/\"]}]},{\"@type\":\"ImageObject\",\"inLanguage\":\"pt-PT\",\"@id\":\"https:\/\/www.culturaltravelmorocco.com\/pt-pt\/contacte-nos\/#primaryimage\",\"url\":\"https:\/\/www.culturaltravelmorocco.com\/wp-content\/plugins\/wpforms\/assets\/images\/submit-spin.svg\",\"contentUrl\":\"https:\/\/www.culturaltravelmorocco.com\/wp-content\/plugins\/wpforms\/assets\/images\/submit-spin.svg\"},{\"@type\":\"BreadcrumbList\",\"@id\":\"https:\/\/www.culturaltravelmorocco.com\/pt-pt\/contacte-nos\/#breadcrumb\",\"itemListElement\":[{\"@type\":\"ListItem\",\"position\":1,\"name\":\"In\u00edcio\",\"item\":\"https:\/\/www.culturaltravelmorocco.com\/pt-pt\/\"},{\"@type\":\"ListItem\",\"position\":2,\"name\":\"Contacte-nos\"}]},{\"@type\":\"WebSite\",\"@id\":\"https:\/\/www.culturaltravelmorocco.com\/pt-pt\/#website\",\"url\":\"https:\/\/www.culturaltravelmorocco.com\/pt-pt\/\",\"name\":\"Cultural Travel Morocco\",\"description\":\"\",\"potentialAction\":[{\"@type\":\"SearchAction\",\"target\":{\"@type\":\"EntryPoint\",\"urlTemplate\":\"https:\/\/www.culturaltravelmorocco.com\/pt-pt\/?s={search_term_string}\"},\"query-input\":{\"@type\":\"PropertyValueSpecification\",\"valueRequired\":true,\"valueName\":\"search_term_string\"}}],\"inLanguage\":\"pt-PT\"}]}<\/script>\n<!-- \/ Yoast SEO Premium plugin. -->","yoast_head_json":{"title":"Contact Us | Cultural Travel Morocco \u2013 Get in Touch","description":"Contact Cultural Travel Morocco to plan your trip, ask questions or customize your tour. We\u2019re here to help you explore Morocco with ease.","robots":{"index":"index","follow":"follow","max-snippet":"max-snippet:-1","max-image-preview":"max-image-preview:large","max-video-preview":"max-video-preview:-1"},"canonical":"https:\/\/www.culturaltravelmorocco.com\/pt-pt\/contacte-nos\/","og_locale":"pt_PT","og_type":"article","og_title":"Contacte-nos","og_description":"Contact Cultural Travel Morocco to plan your trip, ask questions or customize your tour. We\u2019re here to help you explore Morocco with ease.","og_url":"https:\/\/www.culturaltravelmorocco.com\/pt-pt\/contacte-nos\/","og_site_name":"Cultural Travel Morocco","article_modified_time":"2026-02-05T21:45:13+00:00","og_image":[{"url":"https:\/\/www.culturaltravelmorocco.com\/wp-content\/plugins\/wpforms\/assets\/images\/submit-spin.svg","type":"","width":"","height":""}],"twitter_card":"summary_large_image","twitter_misc":{"Tempo estimado de leitura":"1 minuto"},"schema":{"@context":"https:\/\/schema.org","@graph":[{"@type":"WebPage","@id":"https:\/\/www.culturaltravelmorocco.com\/pt-pt\/contacte-nos\/","url":"https:\/\/www.culturaltravelmorocco.com\/pt-pt\/contacte-nos\/","name":"Contact Us | Cultural Travel Morocco \u2013 Get in Touch","isPartOf":{"@id":"https:\/\/www.culturaltravelmorocco.com\/pt-pt\/#website"},"primaryImageOfPage":{"@id":"https:\/\/www.culturaltravelmorocco.com\/pt-pt\/contacte-nos\/#primaryimage"},"image":{"@id":"https:\/\/www.culturaltravelmorocco.com\/pt-pt\/contacte-nos\/#primaryimage"},"thumbnailUrl":"https:\/\/www.culturaltravelmorocco.com\/wp-content\/plugins\/wpforms\/assets\/images\/submit-spin.svg","datePublished":"2022-06-30T10:33:31+00:00","dateModified":"2026-02-05T21:45:13+00:00","description":"Contact Cultural Travel Morocco to plan your trip, ask questions or customize your tour. We\u2019re here to help you explore Morocco with ease.","breadcrumb":{"@id":"https:\/\/www.culturaltravelmorocco.com\/pt-pt\/contacte-nos\/#breadcrumb"},"inLanguage":"pt-PT","potentialAction":[{"@type":"ReadAction","target":["https:\/\/www.culturaltravelmorocco.com\/pt-pt\/contacte-nos\/"]}]},{"@type":"ImageObject","inLanguage":"pt-PT","@id":"https:\/\/www.culturaltravelmorocco.com\/pt-pt\/contacte-nos\/#primaryimage","url":"https:\/\/www.culturaltravelmorocco.com\/wp-content\/plugins\/wpforms\/assets\/images\/submit-spin.svg","contentUrl":"https:\/\/www.culturaltravelmorocco.com\/wp-content\/plugins\/wpforms\/assets\/images\/submit-spin.svg"},{"@type":"BreadcrumbList","@id":"https:\/\/www.culturaltravelmorocco.com\/pt-pt\/contacte-nos\/#breadcrumb","itemListElement":[{"@type":"ListItem","position":1,"name":"In\u00edcio","item":"https:\/\/www.culturaltravelmorocco.com\/pt-pt\/"},{"@type":"ListItem","position":2,"name":"Contacte-nos"}]},{"@type":"WebSite","@id":"https:\/\/www.culturaltravelmorocco.com\/pt-pt\/#website","url":"https:\/\/www.culturaltravelmorocco.com\/pt-pt\/","name":"Cultural Travel Morocco","description":"","potentialAction":[{"@type":"SearchAction","target":{"@type":"EntryPoint","urlTemplate":"https:\/\/www.culturaltravelmorocco.com\/pt-pt\/?s={search_term_string}"},"query-input":{"@type":"PropertyValueSpecification","valueRequired":true,"valueName":"search_term_string"}}],"inLanguage":"pt-PT"}]}},"_links":{"self":[{"href":"https:\/\/www.culturaltravelmorocco.com\/pt-pt\/wp-json\/wp\/v2\/pages\/12393","targetHints":{"allow":["GET"]}}],"collection":[{"href":"https:\/\/www.culturaltravelmorocco.com\/pt-pt\/wp-json\/wp\/v2\/pages"}],"about":[{"href":"https:\/\/www.culturaltravelmorocco.com\/pt-pt\/wp-json\/wp\/v2\/types\/page"}],"author":[{"embeddable":true,"href":"https:\/\/www.culturaltravelmorocco.com\/pt-pt\/wp-json\/wp\/v2\/users\/1"}],"replies":[{"embeddable":true,"href":"https:\/\/www.culturaltravelmorocco.com\/pt-pt\/wp-json\/wp\/v2\/comments?post=12393"}],"version-history":[{"count":13,"href":"https:\/\/www.culturaltravelmorocco.com\/pt-pt\/wp-json\/wp\/v2\/pages\/12393\/revisions"}],"predecessor-version":[{"id":12683,"href":"https:\/\/www.culturaltravelmorocco.com\/pt-pt\/wp-json\/wp\/v2\/pages\/12393\/revisions\/12683"}],"wp:attachment":[{"href":"https:\/\/www.culturaltravelmorocco.com\/pt-pt\/wp-json\/wp\/v2\/media?parent=12393"}],"curies":[{"name":"wp","href":"https:\/\/api.w.org\/{rel}","templated":true}]}}