{"id":12423,"date":"2026-01-11T00:30:53","date_gmt":"2026-01-11T00:30:53","guid":{"rendered":"https:\/\/www.culturaltravelmorocco.com\/day-trip-from-tangier\/"},"modified":"2026-02-02T19:36:33","modified_gmt":"2026-02-02T19:36:33","slug":"excursao-de-um-dia-a-partir-de-tanger","status":"publish","type":"page","link":"https:\/\/www.culturaltravelmorocco.com\/pt-pt\/excursao-de-um-dia-a-partir-de-tanger\/","title":{"rendered":"Excurs\u00e3o de um dia a partir de T\u00e2nger"},"content":{"rendered":"\t\t<div data-elementor-type=\"wp-page\" data-elementor-id=\"12423\" class=\"elementor elementor-12423 elementor-10302\">\n\t\t\t\t<div class=\"elementor-element elementor-element-340c419 e-flex e-con-boxed e-con e-parent\" data-id=\"340c419\" data-element_type=\"container\">\n\t\t\t\t\t<div class=\"e-con-inner\">\n\t\t\t\t<div class=\"elementor-element elementor-element-30cbafd elementor-widget elementor-widget-heading\" data-id=\"30cbafd\" data-element_type=\"widget\" data-widget_type=\"heading.default\">\n\t\t\t\t\t<h2 class=\"elementor-heading-title elementor-size-default\">Excurs\u00f5es de um dia a partir de T\u00e2nger com Cultural Travel Morocco<\/h2>\t\t\t\t<\/div>\n\t\t\t\t<div class=\"elementor-element elementor-element-2c1498a elementor-widget elementor-widget-text-editor\" data-id=\"2c1498a\" data-element_type=\"widget\" data-widget_type=\"text-editor.default\">\n\t\t\t\t\t\t\t\t\t<p>Explore a magia do norte de Marrocos com nossos passeios de um dia saindo de T\u00e2nger, organizados pela Cultural Travel Morocco. Descubra destinos pitorescos como a cidade azul de Chefchaouen, a encantadora cidade de Asilah ou as maravilhas culturais de Tetu\u00e3o \u2013 todos perfeitos para uma curta fuga.<\/p><p>Nossas excurs\u00f5es privadas s\u00e3o guiadas por moradores locais experientes que falam ingl\u00eas, espanhol e italiano, proporcionando uma rica experi\u00eancia cultural e servi\u00e7o personalizado. Viaje confortavelmente em modernos ve\u00edculos 4&#215;4 enquanto descobre a hist\u00f3ria, as paisagens e as tradi\u00e7\u00f5es de Marrocos.<\/p><p>Desfrute de aventuras aut\u00eanticas e explore os melhores passeios de um dia em T\u00e2nger com a Cultural Travel Morocco &#8211; seu especialista local de confian\u00e7a para viagens inesquec\u00edveis.<\/p>\t\t\t\t\t\t\t\t<\/div>\n\t\t\t\t\t<\/div>\n\t\t\t\t<\/div>\n\t\t\t\t<section class=\"elementor-section elementor-top-section elementor-element elementor-element-59ae872 elementor-section-boxed elementor-section-height-default elementor-section-height-default\" data-id=\"59ae872\" data-element_type=\"section\">\n\t\t\t\t\t\t<div class=\"elementor-container elementor-column-gap-default\">\n\t\t\t\t\t<div class=\"elementor-column elementor-col-100 elementor-top-column elementor-element elementor-element-7b9d157\" data-id=\"7b9d157\" data-element_type=\"column\">\n\t\t\t<div class=\"elementor-widget-wrap elementor-element-populated\">\n\t\t\t\t\t\t<div class=\"elementor-element elementor-element-f4d3b5d elementor-widget elementor-widget-ovabrw_product_list\" data-id=\"f4d3b5d\" data-element_type=\"widget\" data-widget_type=\"ovabrw_product_list.default\">\n\t\t\t\t<div class=\"elementor-widget-container\">\n\t\t\t\t\t\t\t\t\t<div class=\"ova-product-list ova-product-list-template1 column3\">\r\n\t\t\t\t\t\r\n<div class=\"ova-product product type-product post-12131 status-publish first instock product_cat-excursao-de-um-dia-a-partir-de-tanger product_cat-passeios-de-um-dia has-post-thumbnail purchasable product-type-ovabrw_car_rental\">\r\n\t\r\n<div class=\"ova_head_product\">\r\n\t\t\t<div class=\"ova-product-wishlist\">\r\n\t\t\t<div class=\"yith-add-to-wishlist-button-block\" data-product-id=\"12131\" data-attributes=\"{&quot;kind&quot;:&quot;button&quot;}\"><\/div>\t\t<\/div>\r\n\t\t\t<a href=\"https:\/\/www.culturaltravelmorocco.com\/pt-pt\/product\/excursao-privada-de-um-dia-a-chefchaouen-a-partir-de-tanger\/?ovabrw_adults=1\" class=\"ova-product-thumbnail\">\r\n\t\t\t<img fetchpriority=\"high\" decoding=\"async\" width=\"636\" height=\"426\" src=\"https:\/\/www.culturaltravelmorocco.com\/wp-content\/uploads\/2026\/01\/1-15-636x426.webp\" class=\"attachment-tripgo_product_slider size-tripgo_product_slider\" alt=\"Excurs\u00e3o privada de um dia a Chefchaouen a partir de T\u00e2nger\" srcset=\"https:\/\/www.culturaltravelmorocco.com\/wp-content\/uploads\/2026\/01\/1-15-636x426.webp 636w, https:\/\/www.culturaltravelmorocco.com\/wp-content\/uploads\/2026\/01\/1-15-416x280.webp 416w\" sizes=\"(max-width: 636px) 100vw, 636px\" \/>\t\t<\/a>\r\n\t<\/div>\r\n<div class=\"ova_foot_product\">\r\n\t<div class=\"ova-product-day-title-location\">\r\n\t\t\t\t\t<div class=\"ova-tour-day\">\r\n\t\t\t\t<i aria-hidden=\"true\" class=\"icomoon icomoon-clock\"><\/i>\r\n\t\t\t\t1 dia\t\t\t<\/div>\r\n\t\t\t\t\t<h2 class=\"ova-product-title\">\r\n\t\t\t\t<a href=\"https:\/\/www.culturaltravelmorocco.com\/pt-pt\/product\/excursao-privada-de-um-dia-a-chefchaouen-a-partir-de-tanger\/?ovabrw_adults=1\">\r\n\t\t\t        Excurs\u00e3o privada de um dia a Chefchaouen a partir de T\u00e2nger\t\t\t    <\/a>\r\n\t\t\t<\/h2>\r\n\t\t\t        <div class=\"ova-product-location\">\r\n\t            <i aria-hidden=\"true\" class=\"icomoon icomoon-location\"><\/i>\r\n\t            <span class=\"location\">\r\n\t                T\u00e2nger, Chefchaouen\t            <\/span>\r\n\t        <\/div>\r\n\t    \t    \r\n\t    <div class=\"tripa\">\r\n\t        \r\n\t        <img decoding=\"async\" src=\"https:\/\/www.culturaltravelmorocco.com\/wp-content\/uploads\/2026\/01\/TripAdvisor-logo-scaled-1.webp\">\r\n\t    <\/div>\r\n\t<\/div>\r\n    <div class=\"ova-product-review-and-price\">\r\n    \t\t\t<div class=\"ova-product-wrapper-price\">\r\n\t\t\t\t\t\t\t<div class=\"ova-product-price\">\r\n\t\t\t\t\t\t\t\t\t    \t\t\t\t\t    \t\t<span class=\"no-product-price\">\r\n\t\t\t\t    \t\t\tPre\u00e7o da op\u00e7\u00e3o\t\t\t\t    \t\t<\/span>\r\n\t\t\t\t    \t\t\t\t\t<\/div>\r\n\t\t\t\t\t\t\t<a href=\"https:\/\/www.culturaltravelmorocco.com\/pt-pt\/product\/excursao-privada-de-um-dia-a-chefchaouen-a-partir-de-tanger\/?ovabrw_adults=1\" class=\"btn product-btn-book-now\">\r\n\t\t\t\t\t<span>Explorar\n<\/span>\r\n\t\t\t\t<\/a>\r\n\t\t\t\t\t<\/div>\r\n    <\/div>\r\n<\/div><\/div>\r\n<div class=\"ova-product product type-product post-12099 status-publish instock product_cat-excursao-de-um-dia-a-partir-de-tanger product_cat-passeios-de-um-dia has-post-thumbnail purchasable product-type-ovabrw_car_rental\">\r\n\t\r\n<div class=\"ova_head_product\">\r\n\t\t\t<div class=\"ova-product-wishlist\">\r\n\t\t\t<div class=\"yith-add-to-wishlist-button-block\" data-product-id=\"12099\" data-attributes=\"{&quot;kind&quot;:&quot;button&quot;}\"><\/div>\t\t<\/div>\r\n\t\t\t<a href=\"https:\/\/www.culturaltravelmorocco.com\/pt-pt\/product\/excursao-privada-de-um-dia-de-tanger-para-tetouan\/?ovabrw_adults=1\" class=\"ova-product-thumbnail\">\r\n\t\t\t<img decoding=\"async\" width=\"636\" height=\"426\" src=\"https:\/\/www.culturaltravelmorocco.com\/wp-content\/uploads\/2026\/01\/12-5-636x426.webp\" class=\"attachment-tripgo_product_slider size-tripgo_product_slider\" alt=\"Excurs\u00e3o privada de um dia de T\u00e2nger para Tetouan\" srcset=\"https:\/\/www.culturaltravelmorocco.com\/wp-content\/uploads\/2026\/01\/12-5-636x426.webp 636w, https:\/\/www.culturaltravelmorocco.com\/wp-content\/uploads\/2026\/01\/12-5-416x280.webp 416w\" sizes=\"(max-width: 636px) 100vw, 636px\" \/>\t\t<\/a>\r\n\t<\/div>\r\n<div class=\"ova_foot_product\">\r\n\t<div class=\"ova-product-day-title-location\">\r\n\t\t\t\t\t<div class=\"ova-tour-day\">\r\n\t\t\t\t<i aria-hidden=\"true\" class=\"icomoon icomoon-clock\"><\/i>\r\n\t\t\t\t1 dia\t\t\t<\/div>\r\n\t\t\t\t\t<h2 class=\"ova-product-title\">\r\n\t\t\t\t<a href=\"https:\/\/www.culturaltravelmorocco.com\/pt-pt\/product\/excursao-privada-de-um-dia-de-tanger-para-tetouan\/?ovabrw_adults=1\">\r\n\t\t\t        Excurs\u00e3o privada de um dia de T\u00e2nger para Tetouan\t\t\t    <\/a>\r\n\t\t\t<\/h2>\r\n\t\t\t        <div class=\"ova-product-location\">\r\n\t            <i aria-hidden=\"true\" class=\"icomoon icomoon-location\"><\/i>\r\n\t            <span class=\"location\">\r\n\t                T\u00e2nger, Tetouan\t            <\/span>\r\n\t        <\/div>\r\n\t    \t    \r\n\t    <div class=\"tripa\">\r\n\t        \r\n\t        <img decoding=\"async\" src=\"https:\/\/www.culturaltravelmorocco.com\/wp-content\/uploads\/2026\/01\/TripAdvisor-logo-scaled-1.webp\">\r\n\t    <\/div>\r\n\t<\/div>\r\n    <div class=\"ova-product-review-and-price\">\r\n    \t\t\t<div class=\"ova-product-wrapper-price\">\r\n\t\t\t\t\t\t\t<div class=\"ova-product-price\">\r\n\t\t\t\t\t\t\t\t\t    \t\t\t\t\t    \t\t<span class=\"no-product-price\">\r\n\t\t\t\t    \t\t\tPre\u00e7o da op\u00e7\u00e3o\t\t\t\t    \t\t<\/span>\r\n\t\t\t\t    \t\t\t\t\t<\/div>\r\n\t\t\t\t\t\t\t<a href=\"https:\/\/www.culturaltravelmorocco.com\/pt-pt\/product\/excursao-privada-de-um-dia-de-tanger-para-tetouan\/?ovabrw_adults=1\" class=\"btn product-btn-book-now\">\r\n\t\t\t\t\t<span>Explorar\n<\/span>\r\n\t\t\t\t<\/a>\r\n\t\t\t\t\t<\/div>\r\n    <\/div>\r\n<\/div><\/div>\r\n<div class=\"ova-product product type-product post-11941 status-publish instock product_cat-excursao-de-um-dia-a-partir-de-tanger product_cat-passeios-de-um-dia has-post-thumbnail purchasable product-type-ovabrw_car_rental\">\r\n\t\r\n<div class=\"ova_head_product\">\r\n\t\t\t<div class=\"ova-product-wishlist\">\r\n\t\t\t<div class=\"yith-add-to-wishlist-button-block\" data-product-id=\"11941\" data-attributes=\"{&quot;kind&quot;:&quot;button&quot;}\"><\/div>\t\t<\/div>\r\n\t\t\t<a href=\"https:\/\/www.culturaltravelmorocco.com\/pt-pt\/product\/excursao-de-um-dia-a-asilah-a-partir-de-tanger-tour-costeiro-privado\/?ovabrw_adults=1\" class=\"ova-product-thumbnail\">\r\n\t\t\t<img decoding=\"async\" width=\"636\" height=\"426\" src=\"https:\/\/www.culturaltravelmorocco.com\/wp-content\/uploads\/2026\/01\/9-2-1-636x426.webp\" class=\"attachment-tripgo_product_slider size-tripgo_product_slider\" alt=\"Excurs\u00e3o de um dia a Asilah a partir de T\u00e2nger, tour costeiro privado\" srcset=\"https:\/\/www.culturaltravelmorocco.com\/wp-content\/uploads\/2026\/01\/9-2-1-636x426.webp 636w, https:\/\/www.culturaltravelmorocco.com\/wp-content\/uploads\/2026\/01\/9-2-1-416x280.webp 416w\" sizes=\"(max-width: 636px) 100vw, 636px\" \/>\t\t<\/a>\r\n\t<\/div>\r\n<div class=\"ova_foot_product\">\r\n\t<div class=\"ova-product-day-title-location\">\r\n\t\t\t\t\t<div class=\"ova-tour-day\">\r\n\t\t\t\t<i aria-hidden=\"true\" class=\"icomoon icomoon-clock\"><\/i>\r\n\t\t\t\t1 dia\t\t\t<\/div>\r\n\t\t\t\t\t<h2 class=\"ova-product-title\">\r\n\t\t\t\t<a href=\"https:\/\/www.culturaltravelmorocco.com\/pt-pt\/product\/excursao-de-um-dia-a-asilah-a-partir-de-tanger-tour-costeiro-privado\/?ovabrw_adults=1\">\r\n\t\t\t        Excurs\u00e3o de um dia a Asilah a partir de T\u00e2nger, tour costeiro privado\t\t\t    <\/a>\r\n\t\t\t<\/h2>\r\n\t\t\t        <div class=\"ova-product-location\">\r\n\t            <i aria-hidden=\"true\" class=\"icomoon icomoon-location\"><\/i>\r\n\t            <span class=\"location\">\r\n\t                T\u00e2nger, Asilah\t            <\/span>\r\n\t        <\/div>\r\n\t    \t    \r\n\t    <div class=\"tripa\">\r\n\t        \r\n\t        <img decoding=\"async\" src=\"https:\/\/www.culturaltravelmorocco.com\/wp-content\/uploads\/2026\/01\/TripAdvisor-logo-scaled-1.webp\">\r\n\t    <\/div>\r\n\t<\/div>\r\n    <div class=\"ova-product-review-and-price\">\r\n    \t\t\t<div class=\"ova-product-wrapper-price\">\r\n\t\t\t\t\t\t\t<div class=\"ova-product-price\">\r\n\t\t\t\t\t\t\t\t\t    \t\t\t\t\t    \t\t<span class=\"no-product-price\">\r\n\t\t\t\t    \t\t\tPre\u00e7o da op\u00e7\u00e3o\t\t\t\t    \t\t<\/span>\r\n\t\t\t\t    \t\t\t\t\t<\/div>\r\n\t\t\t\t\t\t\t<a href=\"https:\/\/www.culturaltravelmorocco.com\/pt-pt\/product\/excursao-de-um-dia-a-asilah-a-partir-de-tanger-tour-costeiro-privado\/?ovabrw_adults=1\" class=\"btn product-btn-book-now\">\r\n\t\t\t\t\t<span>Explorar\n<\/span>\r\n\t\t\t\t<\/a>\r\n\t\t\t\t\t<\/div>\r\n    <\/div>\r\n<\/div><\/div>\t\t\t\t<\/div>\r\n\t\t\t\t\t\t\t<\/div>\n\t\t\t\t<\/div>\n\t\t\t\t\t<\/div>\n\t\t<\/div>\n\t\t\t\t\t<\/div>\n\t\t<\/section>\n\t\t\t\t<\/div>\n\t\t","protected":false},"excerpt":{"rendered":"<p>Excurs\u00f5es de um dia a partir de T\u00e2nger com Cultural Travel Morocco Explore a magia do norte de Marrocos com nossos passeios de um dia saindo de T\u00e2nger, organizados pela Cultural Travel Morocco. Descubra destinos pitorescos como a cidade azul de Chefchaouen, a encantadora cidade de Asilah ou as maravilhas culturais de Tetu\u00e3o \u2013 todos [&hellip;]<\/p>\n","protected":false},"author":1,"featured_media":0,"parent":0,"menu_order":0,"comment_status":"closed","ping_status":"closed","template":"elementor_header_footer","meta":{"_joinchat":[],"footnotes":""},"class_list":["post-12423","page","type-page","status-publish","hentry"],"yoast_head":"<!-- This site is optimized with the Yoast SEO Premium plugin v25.0 (Yoast SEO v25.0) - https:\/\/yoast.com\/wordpress\/plugins\/seo\/ -->\n<title>Day Trips from Tangier | Best One-Day Excursions<\/title>\n<meta name=\"description\" content=\"Discover the best day trips from Tangier to Chefchaouen, Tetouan, Asilah and northern Morocco with guided excursions and local experiences.\" \/>\n<meta name=\"robots\" content=\"index, follow, max-snippet:-1, max-image-preview:large, max-video-preview:-1\" \/>\n<link rel=\"canonical\" href=\"https:\/\/www.culturaltravelmorocco.com\/pt-pt\/excursao-de-um-dia-a-partir-de-tanger\/\" \/>\n<meta property=\"og:locale\" content=\"pt_PT\" \/>\n<meta property=\"og:type\" content=\"article\" \/>\n<meta property=\"og:title\" content=\"Excurs\u00e3o de um dia a partir de T\u00e2nger\" \/>\n<meta property=\"og:description\" content=\"Discover the best day trips from Tangier to Chefchaouen, Tetouan, Asilah and northern Morocco with guided excursions and local experiences.\" \/>\n<meta property=\"og:url\" content=\"https:\/\/www.culturaltravelmorocco.com\/pt-pt\/excursao-de-um-dia-a-partir-de-tanger\/\" \/>\n<meta property=\"og:site_name\" content=\"Cultural Travel Morocco\" \/>\n<meta property=\"article:modified_time\" content=\"2026-02-02T19:36:33+00:00\" \/>\n<meta property=\"og:image\" content=\"https:\/\/www.culturaltravelmorocco.com\/wp-content\/uploads\/2026\/01\/1-15-636x426.webp\" \/>\n<meta name=\"twitter:card\" content=\"summary_large_image\" \/>\n<meta name=\"twitter:label1\" content=\"Tempo estimado de leitura\" \/>\n\t<meta name=\"twitter:data1\" content=\"2 minutos\" \/>\n<script type=\"application\/ld+json\" class=\"yoast-schema-graph\">{\"@context\":\"https:\/\/schema.org\",\"@graph\":[{\"@type\":\"WebPage\",\"@id\":\"https:\/\/www.culturaltravelmorocco.com\/pt-pt\/excursao-de-um-dia-a-partir-de-tanger\/\",\"url\":\"https:\/\/www.culturaltravelmorocco.com\/pt-pt\/excursao-de-um-dia-a-partir-de-tanger\/\",\"name\":\"Day Trips from Tangier | Best One-Day Excursions\",\"isPartOf\":{\"@id\":\"https:\/\/www.culturaltravelmorocco.com\/pt-pt\/#website\"},\"primaryImageOfPage\":{\"@id\":\"https:\/\/www.culturaltravelmorocco.com\/pt-pt\/excursao-de-um-dia-a-partir-de-tanger\/#primaryimage\"},\"image\":{\"@id\":\"https:\/\/www.culturaltravelmorocco.com\/pt-pt\/excursao-de-um-dia-a-partir-de-tanger\/#primaryimage\"},\"thumbnailUrl\":\"https:\/\/www.culturaltravelmorocco.com\/wp-content\/uploads\/2026\/01\/1-15-636x426.webp\",\"datePublished\":\"2026-01-11T00:30:53+00:00\",\"dateModified\":\"2026-02-02T19:36:33+00:00\",\"description\":\"Discover the best day trips from Tangier to Chefchaouen, Tetouan, Asilah and northern Morocco with guided excursions and local experiences.\",\"breadcrumb\":{\"@id\":\"https:\/\/www.culturaltravelmorocco.com\/pt-pt\/excursao-de-um-dia-a-partir-de-tanger\/#breadcrumb\"},\"inLanguage\":\"pt-PT\",\"potentialAction\":[{\"@type\":\"ReadAction\",\"target\":[\"https:\/\/www.culturaltravelmorocco.com\/pt-pt\/excursao-de-um-dia-a-partir-de-tanger\/\"]}]},{\"@type\":\"ImageObject\",\"inLanguage\":\"pt-PT\",\"@id\":\"https:\/\/www.culturaltravelmorocco.com\/pt-pt\/excursao-de-um-dia-a-partir-de-tanger\/#primaryimage\",\"url\":\"https:\/\/www.culturaltravelmorocco.com\/wp-content\/uploads\/2026\/01\/1-15-636x426.webp\",\"contentUrl\":\"https:\/\/www.culturaltravelmorocco.com\/wp-content\/uploads\/2026\/01\/1-15-636x426.webp\"},{\"@type\":\"BreadcrumbList\",\"@id\":\"https:\/\/www.culturaltravelmorocco.com\/pt-pt\/excursao-de-um-dia-a-partir-de-tanger\/#breadcrumb\",\"itemListElement\":[{\"@type\":\"ListItem\",\"position\":1,\"name\":\"In\u00edcio\",\"item\":\"https:\/\/www.culturaltravelmorocco.com\/pt-pt\/\"},{\"@type\":\"ListItem\",\"position\":2,\"name\":\"Excurs\u00e3o de um dia a partir de T\u00e2nger\"}]},{\"@type\":\"WebSite\",\"@id\":\"https:\/\/www.culturaltravelmorocco.com\/pt-pt\/#website\",\"url\":\"https:\/\/www.culturaltravelmorocco.com\/pt-pt\/\",\"name\":\"Cultural Travel Morocco\",\"description\":\"\",\"potentialAction\":[{\"@type\":\"SearchAction\",\"target\":{\"@type\":\"EntryPoint\",\"urlTemplate\":\"https:\/\/www.culturaltravelmorocco.com\/pt-pt\/?s={search_term_string}\"},\"query-input\":{\"@type\":\"PropertyValueSpecification\",\"valueRequired\":true,\"valueName\":\"search_term_string\"}}],\"inLanguage\":\"pt-PT\"}]}<\/script>\n<!-- \/ Yoast SEO Premium plugin. -->","yoast_head_json":{"title":"Day Trips from Tangier | Best One-Day Excursions","description":"Discover the best day trips from Tangier to Chefchaouen, Tetouan, Asilah and northern Morocco with guided excursions and local experiences.","robots":{"index":"index","follow":"follow","max-snippet":"max-snippet:-1","max-image-preview":"max-image-preview:large","max-video-preview":"max-video-preview:-1"},"canonical":"https:\/\/www.culturaltravelmorocco.com\/pt-pt\/excursao-de-um-dia-a-partir-de-tanger\/","og_locale":"pt_PT","og_type":"article","og_title":"Excurs\u00e3o de um dia a partir de T\u00e2nger","og_description":"Discover the best day trips from Tangier to Chefchaouen, Tetouan, Asilah and northern Morocco with guided excursions and local experiences.","og_url":"https:\/\/www.culturaltravelmorocco.com\/pt-pt\/excursao-de-um-dia-a-partir-de-tanger\/","og_site_name":"Cultural Travel Morocco","article_modified_time":"2026-02-02T19:36:33+00:00","og_image":[{"url":"https:\/\/www.culturaltravelmorocco.com\/wp-content\/uploads\/2026\/01\/1-15-636x426.webp","type":"","width":"","height":""}],"twitter_card":"summary_large_image","twitter_misc":{"Tempo estimado de leitura":"2 minutos"},"schema":{"@context":"https:\/\/schema.org","@graph":[{"@type":"WebPage","@id":"https:\/\/www.culturaltravelmorocco.com\/pt-pt\/excursao-de-um-dia-a-partir-de-tanger\/","url":"https:\/\/www.culturaltravelmorocco.com\/pt-pt\/excursao-de-um-dia-a-partir-de-tanger\/","name":"Day Trips from Tangier | Best One-Day Excursions","isPartOf":{"@id":"https:\/\/www.culturaltravelmorocco.com\/pt-pt\/#website"},"primaryImageOfPage":{"@id":"https:\/\/www.culturaltravelmorocco.com\/pt-pt\/excursao-de-um-dia-a-partir-de-tanger\/#primaryimage"},"image":{"@id":"https:\/\/www.culturaltravelmorocco.com\/pt-pt\/excursao-de-um-dia-a-partir-de-tanger\/#primaryimage"},"thumbnailUrl":"https:\/\/www.culturaltravelmorocco.com\/wp-content\/uploads\/2026\/01\/1-15-636x426.webp","datePublished":"2026-01-11T00:30:53+00:00","dateModified":"2026-02-02T19:36:33+00:00","description":"Discover the best day trips from Tangier to Chefchaouen, Tetouan, Asilah and northern Morocco with guided excursions and local experiences.","breadcrumb":{"@id":"https:\/\/www.culturaltravelmorocco.com\/pt-pt\/excursao-de-um-dia-a-partir-de-tanger\/#breadcrumb"},"inLanguage":"pt-PT","potentialAction":[{"@type":"ReadAction","target":["https:\/\/www.culturaltravelmorocco.com\/pt-pt\/excursao-de-um-dia-a-partir-de-tanger\/"]}]},{"@type":"ImageObject","inLanguage":"pt-PT","@id":"https:\/\/www.culturaltravelmorocco.com\/pt-pt\/excursao-de-um-dia-a-partir-de-tanger\/#primaryimage","url":"https:\/\/www.culturaltravelmorocco.com\/wp-content\/uploads\/2026\/01\/1-15-636x426.webp","contentUrl":"https:\/\/www.culturaltravelmorocco.com\/wp-content\/uploads\/2026\/01\/1-15-636x426.webp"},{"@type":"BreadcrumbList","@id":"https:\/\/www.culturaltravelmorocco.com\/pt-pt\/excursao-de-um-dia-a-partir-de-tanger\/#breadcrumb","itemListElement":[{"@type":"ListItem","position":1,"name":"In\u00edcio","item":"https:\/\/www.culturaltravelmorocco.com\/pt-pt\/"},{"@type":"ListItem","position":2,"name":"Excurs\u00e3o de um dia a partir de T\u00e2nger"}]},{"@type":"WebSite","@id":"https:\/\/www.culturaltravelmorocco.com\/pt-pt\/#website","url":"https:\/\/www.culturaltravelmorocco.com\/pt-pt\/","name":"Cultural Travel Morocco","description":"","potentialAction":[{"@type":"SearchAction","target":{"@type":"EntryPoint","urlTemplate":"https:\/\/www.culturaltravelmorocco.com\/pt-pt\/?s={search_term_string}"},"query-input":{"@type":"PropertyValueSpecification","valueRequired":true,"valueName":"search_term_string"}}],"inLanguage":"pt-PT"}]}},"_links":{"self":[{"href":"https:\/\/www.culturaltravelmorocco.com\/pt-pt\/wp-json\/wp\/v2\/pages\/12423","targetHints":{"allow":["GET"]}}],"collection":[{"href":"https:\/\/www.culturaltravelmorocco.com\/pt-pt\/wp-json\/wp\/v2\/pages"}],"about":[{"href":"https:\/\/www.culturaltravelmorocco.com\/pt-pt\/wp-json\/wp\/v2\/types\/page"}],"author":[{"embeddable":true,"href":"https:\/\/www.culturaltravelmorocco.com\/pt-pt\/wp-json\/wp\/v2\/users\/1"}],"replies":[{"embeddable":true,"href":"https:\/\/www.culturaltravelmorocco.com\/pt-pt\/wp-json\/wp\/v2\/comments?post=12423"}],"version-history":[{"count":7,"href":"https:\/\/www.culturaltravelmorocco.com\/pt-pt\/wp-json\/wp\/v2\/pages\/12423\/revisions"}],"predecessor-version":[{"id":12430,"href":"https:\/\/www.culturaltravelmorocco.com\/pt-pt\/wp-json\/wp\/v2\/pages\/12423\/revisions\/12430"}],"wp:attachment":[{"href":"https:\/\/www.culturaltravelmorocco.com\/pt-pt\/wp-json\/wp\/v2\/media?parent=12423"}],"curies":[{"name":"wp","href":"https:\/\/api.w.org\/{rel}","templated":true}]}}