{"id":11860,"date":"2026-01-10T12:20:40","date_gmt":"2026-01-10T12:20:40","guid":{"rendered":"https:\/\/www.culturaltravelmorocco.com\/product\/merzouga-camel-ride-in-the-erg-chebbi-desert\/"},"modified":"2026-01-30T14:07:50","modified_gmt":"2026-01-30T14:07:50","slug":"passeio-de-camelo-em-merzouga-no-deserto-de-erg-chebbi","status":"publish","type":"product","link":"https:\/\/www.culturaltravelmorocco.com\/pt-pt\/product\/passeio-de-camelo-em-merzouga-no-deserto-de-erg-chebbi\/","title":{"rendered":"Passeio de camelo em Merzouga no deserto de Erg Chebbi"},"content":{"rendered":"<h2>Vis\u00e3o geral:<\/h2>\n<p>Descubra a magia do Saara com um inesquec\u00edvel passeio de camelo em Merzouga, entre as ic\u00f3nicas dunas de Erg Chebbi. Esta experi\u00eancia de uma hora \u00e9 perfeita para os viajantes que desejam experienciar a ess\u00eancia do deserto marroquino em pouco tempo. Montando um camelo calmo e bem treinado, guiado por um especialista tuaregue local, atravessar\u00e1 dunas douradas enquanto admira o vasto sil\u00eancio e a beleza natural do Saara.<\/p>\n<p>Pode escolher entre um passeio de camelo ao nascer ou ao p\u00f4r do sol, quando as dunas brilham com cores vibrantes e a atmosfera do deserto se torna verdadeiramente m\u00e1gica. Ao longo do caminho, ter\u00e1 tempo para parar, relaxar e tirar fotografias deslumbrantes no meio da paisagem des\u00e9rtica tradicional. Este passeio de camelo \u00e9 ideal para fam\u00edlias, casais e todos os que procuram uma experi\u00eancia aut\u00eantica no deserto de Merzouga sem um itiner\u00e1rio extenso.<\/p>\n<h2 data-start=\"819\" data-end=\"837\">Destaques:<\/h2>\n<ul>\n<li>Passeie de camelo pelas lend\u00e1rias dunas de Erg Chebbi<\/li>\n<li>Escolha entre um passeio de camelo ao nascer ou p\u00f4r do sol em Merzouga<\/li>\n<li>Guiado por um experiente guia local tuaregue<\/li>\n<li>Desfrute de vistas panor\u00e2micas deslumbrantes do Deserto do Saara<\/li>\n<li>Excurs\u00e3o curta perfeita para fam\u00edlias e viajantes com tempo limitado<\/li>\n<li>Excelente oportunidade para fotografia no deserto<\/li>\n<li>Experimente a paz, o sil\u00eancio e a beleza do Saara marroquino<\/li>\n<li>Dispon\u00edvel como passeio de camelo privado ou em grupo pequeno<\/li>\n<\/ul>\n<h2 data-start=\"819\" data-end=\"837\">Notas:<\/h2>\n<ul>\n<li>Esta experi\u00eancia tem a dura\u00e7\u00e3o de aproximadamente 1 hora.<\/li>\n<li>Est\u00e3o dispon\u00edveis passeios de manh\u00e3 e ao p\u00f4r do sol \u2014 o p\u00f4r do sol \u00e9 altamente recomendado para apreciar a luz m\u00e1gica e tirar fotografias incr\u00edveis.<\/li>\n<li>As crian\u00e7as com menos de 10 anos devem andar acompanhadas por um adulto.<\/li>\n<li>Recomenda-se o uso de roupa confort\u00e1vel e cal\u00e7ado fechado.<\/li>\n<\/ul>\n","protected":false},"excerpt":{"rendered":"<p>Vis\u00e3o geral: Descubra a magia do Saara com um inesquec\u00edvel passeio de camelo em Merzouga, entre as ic\u00f3nicas dunas de Erg Chebbi. Esta experi\u00eancia de uma hora \u00e9 perfeita para os viajantes que desejam experienciar a ess\u00eancia do deserto marroquino em pouco tempo. Montando um camelo calmo e bem treinado, guiado por um especialista tuaregue [&hellip;]<\/p>\n","protected":false},"featured_media":11861,"comment_status":"closed","ping_status":"closed","template":"","meta":{"_joinchat":[]},"product_brand":[],"product_cat":[118],"product_tag":[],"class_list":{"0":"post-11860","1":"product","2":"type-product","3":"status-publish","4":"has-post-thumbnail","6":"brw_tour_types-culture","7":"brw_tour_types-family","8":"product_cat-passeios-de-camelo","10":"first","11":"instock","12":"purchasable","13":"product-type-ovabrw_car_rental"},"yoast_head":"<!-- This site is optimized with the Yoast SEO Premium plugin v25.0 (Yoast SEO v25.0) - https:\/\/yoast.com\/wordpress\/plugins\/seo\/ -->\n<title>Passeio de camelo em Merzouga no deserto de Erg Chebbi - Cultural Travel Morocco<\/title>\n<meta name=\"robots\" content=\"index, follow, max-snippet:-1, max-image-preview:large, max-video-preview:-1\" \/>\n<link rel=\"canonical\" href=\"https:\/\/www.culturaltravelmorocco.com\/pt-pt\/product\/passeio-de-camelo-em-merzouga-no-deserto-de-erg-chebbi\/\" \/>\n<meta property=\"og:locale\" content=\"pt_PT\" \/>\n<meta property=\"og:type\" content=\"article\" \/>\n<meta property=\"og:title\" content=\"Passeio de camelo em Merzouga no deserto de Erg Chebbi\" \/>\n<meta property=\"og:description\" content=\"Vis\u00e3o geral: Descubra a magia do Saara com um inesquec\u00edvel passeio de camelo em Merzouga, entre as ic\u00f3nicas dunas de Erg Chebbi. Esta experi\u00eancia de uma hora \u00e9 perfeita para os viajantes que desejam experienciar a ess\u00eancia do deserto marroquino em pouco tempo. Montando um camelo calmo e bem treinado, guiado por um especialista tuaregue [&hellip;]\" \/>\n<meta property=\"og:url\" content=\"https:\/\/www.culturaltravelmorocco.com\/pt-pt\/product\/passeio-de-camelo-em-merzouga-no-deserto-de-erg-chebbi\/\" \/>\n<meta property=\"og:site_name\" content=\"Cultural Travel Morocco\" \/>\n<meta property=\"article:modified_time\" content=\"2026-01-30T14:07:50+00:00\" \/>\n<meta property=\"og:image\" content=\"https:\/\/www.culturaltravelmorocco.com\/wp-content\/uploads\/2026\/01\/17-2.webp\" \/>\n\t<meta property=\"og:image:width\" content=\"1200\" \/>\n\t<meta property=\"og:image:height\" content=\"1000\" \/>\n\t<meta property=\"og:image:type\" content=\"image\/webp\" \/>\n<meta name=\"twitter:card\" content=\"summary_large_image\" \/>\n<meta name=\"twitter:label1\" content=\"Tempo estimado de leitura\" \/>\n\t<meta name=\"twitter:data1\" content=\"2 minutos\" \/>\n<script type=\"application\/ld+json\" class=\"yoast-schema-graph\">{\"@context\":\"https:\/\/schema.org\",\"@graph\":[{\"@type\":\"WebPage\",\"@id\":\"https:\/\/www.culturaltravelmorocco.com\/pt-pt\/product\/passeio-de-camelo-em-merzouga-no-deserto-de-erg-chebbi\/\",\"url\":\"https:\/\/www.culturaltravelmorocco.com\/pt-pt\/product\/passeio-de-camelo-em-merzouga-no-deserto-de-erg-chebbi\/\",\"name\":\"Passeio de camelo em Merzouga no deserto de Erg Chebbi - Cultural Travel Morocco\",\"isPartOf\":{\"@id\":\"https:\/\/www.culturaltravelmorocco.com\/pt-pt\/#website\"},\"primaryImageOfPage\":{\"@id\":\"https:\/\/www.culturaltravelmorocco.com\/pt-pt\/product\/passeio-de-camelo-em-merzouga-no-deserto-de-erg-chebbi\/#primaryimage\"},\"image\":{\"@id\":\"https:\/\/www.culturaltravelmorocco.com\/pt-pt\/product\/passeio-de-camelo-em-merzouga-no-deserto-de-erg-chebbi\/#primaryimage\"},\"thumbnailUrl\":\"https:\/\/www.culturaltravelmorocco.com\/wp-content\/uploads\/2026\/01\/17-2.webp\",\"datePublished\":\"2026-01-10T12:20:40+00:00\",\"dateModified\":\"2026-01-30T14:07:50+00:00\",\"breadcrumb\":{\"@id\":\"https:\/\/www.culturaltravelmorocco.com\/pt-pt\/product\/passeio-de-camelo-em-merzouga-no-deserto-de-erg-chebbi\/#breadcrumb\"},\"inLanguage\":\"pt-PT\",\"potentialAction\":[{\"@type\":\"ReadAction\",\"target\":[\"https:\/\/www.culturaltravelmorocco.com\/pt-pt\/product\/passeio-de-camelo-em-merzouga-no-deserto-de-erg-chebbi\/\"]}]},{\"@type\":\"ImageObject\",\"inLanguage\":\"pt-PT\",\"@id\":\"https:\/\/www.culturaltravelmorocco.com\/pt-pt\/product\/passeio-de-camelo-em-merzouga-no-deserto-de-erg-chebbi\/#primaryimage\",\"url\":\"https:\/\/www.culturaltravelmorocco.com\/wp-content\/uploads\/2026\/01\/17-2.webp\",\"contentUrl\":\"https:\/\/www.culturaltravelmorocco.com\/wp-content\/uploads\/2026\/01\/17-2.webp\",\"width\":1200,\"height\":1000},{\"@type\":\"BreadcrumbList\",\"@id\":\"https:\/\/www.culturaltravelmorocco.com\/pt-pt\/product\/passeio-de-camelo-em-merzouga-no-deserto-de-erg-chebbi\/#breadcrumb\",\"itemListElement\":[{\"@type\":\"ListItem\",\"position\":1,\"name\":\"In\u00edcio\",\"item\":\"https:\/\/www.culturaltravelmorocco.com\/pt-pt\/\"},{\"@type\":\"ListItem\",\"position\":2,\"name\":\"Produtos\",\"item\":\"https:\/\/www.culturaltravelmorocco.com\/pt-pt\/shop\/\"},{\"@type\":\"ListItem\",\"position\":3,\"name\":\"Passeio de camelo em Merzouga no deserto de Erg Chebbi\"}]},{\"@type\":\"WebSite\",\"@id\":\"https:\/\/www.culturaltravelmorocco.com\/pt-pt\/#website\",\"url\":\"https:\/\/www.culturaltravelmorocco.com\/pt-pt\/\",\"name\":\"Cultural Travel Morocco\",\"description\":\"\",\"potentialAction\":[{\"@type\":\"SearchAction\",\"target\":{\"@type\":\"EntryPoint\",\"urlTemplate\":\"https:\/\/www.culturaltravelmorocco.com\/pt-pt\/?s={search_term_string}\"},\"query-input\":{\"@type\":\"PropertyValueSpecification\",\"valueRequired\":true,\"valueName\":\"search_term_string\"}}],\"inLanguage\":\"pt-PT\"}]}<\/script>\n<!-- \/ Yoast SEO Premium plugin. -->","yoast_head_json":{"title":"Passeio de camelo em Merzouga no deserto de Erg Chebbi - Cultural Travel Morocco","robots":{"index":"index","follow":"follow","max-snippet":"max-snippet:-1","max-image-preview":"max-image-preview:large","max-video-preview":"max-video-preview:-1"},"canonical":"https:\/\/www.culturaltravelmorocco.com\/pt-pt\/product\/passeio-de-camelo-em-merzouga-no-deserto-de-erg-chebbi\/","og_locale":"pt_PT","og_type":"article","og_title":"Passeio de camelo em Merzouga no deserto de Erg Chebbi","og_description":"Vis\u00e3o geral: Descubra a magia do Saara com um inesquec\u00edvel passeio de camelo em Merzouga, entre as ic\u00f3nicas dunas de Erg Chebbi. Esta experi\u00eancia de uma hora \u00e9 perfeita para os viajantes que desejam experienciar a ess\u00eancia do deserto marroquino em pouco tempo. Montando um camelo calmo e bem treinado, guiado por um especialista tuaregue [&hellip;]","og_url":"https:\/\/www.culturaltravelmorocco.com\/pt-pt\/product\/passeio-de-camelo-em-merzouga-no-deserto-de-erg-chebbi\/","og_site_name":"Cultural Travel Morocco","article_modified_time":"2026-01-30T14:07:50+00:00","og_image":[{"width":1200,"height":1000,"url":"https:\/\/www.culturaltravelmorocco.com\/wp-content\/uploads\/2026\/01\/17-2.webp","type":"image\/webp"}],"twitter_card":"summary_large_image","twitter_misc":{"Tempo estimado de leitura":"2 minutos"},"schema":{"@context":"https:\/\/schema.org","@graph":[{"@type":"WebPage","@id":"https:\/\/www.culturaltravelmorocco.com\/pt-pt\/product\/passeio-de-camelo-em-merzouga-no-deserto-de-erg-chebbi\/","url":"https:\/\/www.culturaltravelmorocco.com\/pt-pt\/product\/passeio-de-camelo-em-merzouga-no-deserto-de-erg-chebbi\/","name":"Passeio de camelo em Merzouga no deserto de Erg Chebbi - Cultural Travel Morocco","isPartOf":{"@id":"https:\/\/www.culturaltravelmorocco.com\/pt-pt\/#website"},"primaryImageOfPage":{"@id":"https:\/\/www.culturaltravelmorocco.com\/pt-pt\/product\/passeio-de-camelo-em-merzouga-no-deserto-de-erg-chebbi\/#primaryimage"},"image":{"@id":"https:\/\/www.culturaltravelmorocco.com\/pt-pt\/product\/passeio-de-camelo-em-merzouga-no-deserto-de-erg-chebbi\/#primaryimage"},"thumbnailUrl":"https:\/\/www.culturaltravelmorocco.com\/wp-content\/uploads\/2026\/01\/17-2.webp","datePublished":"2026-01-10T12:20:40+00:00","dateModified":"2026-01-30T14:07:50+00:00","breadcrumb":{"@id":"https:\/\/www.culturaltravelmorocco.com\/pt-pt\/product\/passeio-de-camelo-em-merzouga-no-deserto-de-erg-chebbi\/#breadcrumb"},"inLanguage":"pt-PT","potentialAction":[{"@type":"ReadAction","target":["https:\/\/www.culturaltravelmorocco.com\/pt-pt\/product\/passeio-de-camelo-em-merzouga-no-deserto-de-erg-chebbi\/"]}]},{"@type":"ImageObject","inLanguage":"pt-PT","@id":"https:\/\/www.culturaltravelmorocco.com\/pt-pt\/product\/passeio-de-camelo-em-merzouga-no-deserto-de-erg-chebbi\/#primaryimage","url":"https:\/\/www.culturaltravelmorocco.com\/wp-content\/uploads\/2026\/01\/17-2.webp","contentUrl":"https:\/\/www.culturaltravelmorocco.com\/wp-content\/uploads\/2026\/01\/17-2.webp","width":1200,"height":1000},{"@type":"BreadcrumbList","@id":"https:\/\/www.culturaltravelmorocco.com\/pt-pt\/product\/passeio-de-camelo-em-merzouga-no-deserto-de-erg-chebbi\/#breadcrumb","itemListElement":[{"@type":"ListItem","position":1,"name":"In\u00edcio","item":"https:\/\/www.culturaltravelmorocco.com\/pt-pt\/"},{"@type":"ListItem","position":2,"name":"Produtos","item":"https:\/\/www.culturaltravelmorocco.com\/pt-pt\/shop\/"},{"@type":"ListItem","position":3,"name":"Passeio de camelo em Merzouga no deserto de Erg Chebbi"}]},{"@type":"WebSite","@id":"https:\/\/www.culturaltravelmorocco.com\/pt-pt\/#website","url":"https:\/\/www.culturaltravelmorocco.com\/pt-pt\/","name":"Cultural Travel Morocco","description":"","potentialAction":[{"@type":"SearchAction","target":{"@type":"EntryPoint","urlTemplate":"https:\/\/www.culturaltravelmorocco.com\/pt-pt\/?s={search_term_string}"},"query-input":{"@type":"PropertyValueSpecification","valueRequired":true,"valueName":"search_term_string"}}],"inLanguage":"pt-PT"}]}},"_links":{"self":[{"href":"https:\/\/www.culturaltravelmorocco.com\/pt-pt\/wp-json\/wp\/v2\/product\/11860","targetHints":{"allow":["GET"]}}],"collection":[{"href":"https:\/\/www.culturaltravelmorocco.com\/pt-pt\/wp-json\/wp\/v2\/product"}],"about":[{"href":"https:\/\/www.culturaltravelmorocco.com\/pt-pt\/wp-json\/wp\/v2\/types\/product"}],"replies":[{"embeddable":true,"href":"https:\/\/www.culturaltravelmorocco.com\/pt-pt\/wp-json\/wp\/v2\/comments?post=11860"}],"wp:featuredmedia":[{"embeddable":true,"href":"https:\/\/www.culturaltravelmorocco.com\/pt-pt\/wp-json\/wp\/v2\/media\/11861"}],"wp:attachment":[{"href":"https:\/\/www.culturaltravelmorocco.com\/pt-pt\/wp-json\/wp\/v2\/media?parent=11860"}],"wp:term":[{"taxonomy":"product_brand","embeddable":true,"href":"https:\/\/www.culturaltravelmorocco.com\/pt-pt\/wp-json\/wp\/v2\/product_brand?post=11860"},{"taxonomy":"product_cat","embeddable":true,"href":"https:\/\/www.culturaltravelmorocco.com\/pt-pt\/wp-json\/wp\/v2\/product_cat?post=11860"},{"taxonomy":"product_tag","embeddable":true,"href":"https:\/\/www.culturaltravelmorocco.com\/pt-pt\/wp-json\/wp\/v2\/product_tag?post=11860"}],"curies":[{"name":"wp","href":"https:\/\/api.w.org\/{rel}","templated":true}]}}