{"id":11893,"date":"2026-01-10T12:20:37","date_gmt":"2026-01-10T12:20:37","guid":{"rendered":"https:\/\/www.culturaltravelmorocco.com\/product\/agafay-desert-camel-ride-experience-from-marrakech\/"},"modified":"2026-01-30T14:11:18","modified_gmt":"2026-01-30T14:11:18","slug":"passeio-de-camelo-pelo-deserto-de-agafay-a-partir-de-marrakech","status":"publish","type":"product","link":"https:\/\/www.culturaltravelmorocco.com\/pt-pt\/product\/passeio-de-camelo-pelo-deserto-de-agafay-a-partir-de-marrakech\/","title":{"rendered":"Passeio de camelo pelo deserto de Agafay a partir de Marrakech"},"content":{"rendered":"<h2>Vis\u00e3o geral:<\/h2>\n<p>Desfrute de um aut\u00eantico passeio de camelo no Deserto de Agafay, localizado a uma curta dist\u00e2ncia de carro de Marraquexe. Esta experi\u00eancia tranquila leva-o por paisagens rochosas e colinas ondulantes, oferecendo vistas deslumbrantes das Montanhas do Alto Atlas ao longe.<\/p>\n<p>Guiados por experientes guias locais, ir\u00e3o cavalgar camelos d\u00f3ceis a um ritmo relaxante enquanto aprendem sobre a cultura berbere, a vida no deserto e as tradi\u00e7\u00f5es n\u00f3madas. S\u00e3o fornecidos trajes tradicionais berberes, permitindo captar fotos inesquec\u00edveis num cen\u00e1rio verdadeiramente marroquino.<\/p>\n<p>Quer se trate de um passeio diurno ou de um m\u00e1gico passeio de camelo ao p\u00f4r-do-sol, esta experi\u00eancia no Deserto de Agafay \u00e9 a escapadela perfeita da agita\u00e7\u00e3o da cidade, ideal para casais, fam\u00edlias e visitantes de primeira viagem.<\/p>\n<h2 data-start=\"819\" data-end=\"837\">Destaques:<\/h2>\n<ul>\n<li>Passeio aut\u00eantico de camelo no Deserto de Agafay<\/li>\n<li>Roupas berberes tradicionais fornecidas para fotos<\/li>\n<li>Vistas panor\u00e2micas das paisagens rochosas do deserto e das Montanhas Atlas<\/li>\n<li>Oportunidade perfeita para apreciar um p\u00f4r-do-sol no deserto<\/li>\n<li>Aprenda sobre a cultura local e a vida n\u00f3mada com guias experientes<\/li>\n<li>Ideal para casais, fam\u00edlias e amantes de fotografia<\/li>\n<\/ul>\n<h2 data-start=\"819\" data-end=\"837\">Notas:<\/h2>\n<ul>\n<li>Esta experi\u00eancia tem a dura\u00e7\u00e3o aproximada de 1 hora (excluindo transfers).<\/li>\n<li>Est\u00e3o dispon\u00edveis passeios de manh\u00e3 e ao p\u00f4r do sol \u2014 o p\u00f4r do sol \u00e9 altamente recomendado para apreciar a luz m\u00e1gica e tirar fotografias incr\u00edveis.<\/li>\n<li>As crian\u00e7as com menos de 10 anos devem andar acompanhadas por um adulto.<\/li>\n<li>Recomenda-se o uso de roupa confort\u00e1vel e cal\u00e7ado fechado.<\/li>\n<\/ul>\n","protected":false},"excerpt":{"rendered":"<p>Vis\u00e3o geral: Desfrute de um aut\u00eantico passeio de camelo no Deserto de Agafay, localizado a uma curta dist\u00e2ncia de carro de Marraquexe. Esta experi\u00eancia tranquila leva-o por paisagens rochosas e colinas ondulantes, oferecendo vistas deslumbrantes das Montanhas do Alto Atlas ao longe. Guiados por experientes guias locais, ir\u00e3o cavalgar camelos d\u00f3ceis a um ritmo relaxante [&hellip;]<\/p>\n","protected":false},"featured_media":11894,"comment_status":"closed","ping_status":"closed","template":"","meta":{"_joinchat":[]},"product_brand":[],"product_cat":[118],"product_tag":[],"class_list":{"0":"post-11893","1":"product","2":"type-product","3":"status-publish","4":"has-post-thumbnail","6":"brw_tour_types-culture","7":"brw_tour_types-family","8":"product_cat-passeios-de-camelo","10":"first","11":"instock","12":"purchasable","13":"product-type-ovabrw_car_rental"},"yoast_head":"<!-- This site is optimized with the Yoast SEO Premium plugin v25.0 (Yoast SEO v25.0) - https:\/\/yoast.com\/wordpress\/plugins\/seo\/ -->\n<title>Passeio de camelo pelo deserto de Agafay a partir de Marrakech - Cultural Travel Morocco<\/title>\n<meta name=\"robots\" content=\"index, follow, max-snippet:-1, max-image-preview:large, max-video-preview:-1\" \/>\n<link rel=\"canonical\" href=\"https:\/\/www.culturaltravelmorocco.com\/pt-pt\/product\/passeio-de-camelo-pelo-deserto-de-agafay-a-partir-de-marrakech\/\" \/>\n<meta property=\"og:locale\" content=\"pt_PT\" \/>\n<meta property=\"og:type\" content=\"article\" \/>\n<meta property=\"og:title\" content=\"Passeio de camelo pelo deserto de Agafay a partir de Marrakech\" \/>\n<meta property=\"og:description\" content=\"Vis\u00e3o geral: Desfrute de um aut\u00eantico passeio de camelo no Deserto de Agafay, localizado a uma curta dist\u00e2ncia de carro de Marraquexe. Esta experi\u00eancia tranquila leva-o por paisagens rochosas e colinas ondulantes, oferecendo vistas deslumbrantes das Montanhas do Alto Atlas ao longe. Guiados por experientes guias locais, ir\u00e3o cavalgar camelos d\u00f3ceis a um ritmo relaxante [&hellip;]\" \/>\n<meta property=\"og:url\" content=\"https:\/\/www.culturaltravelmorocco.com\/pt-pt\/product\/passeio-de-camelo-pelo-deserto-de-agafay-a-partir-de-marrakech\/\" \/>\n<meta property=\"og:site_name\" content=\"Cultural Travel Morocco\" \/>\n<meta property=\"article:modified_time\" content=\"2026-01-30T14:11:18+00:00\" \/>\n<meta property=\"og:image\" content=\"https:\/\/www.culturaltravelmorocco.com\/wp-content\/uploads\/2026\/01\/16-3.webp\" \/>\n\t<meta property=\"og:image:width\" content=\"1200\" \/>\n\t<meta property=\"og:image:height\" content=\"1000\" \/>\n\t<meta property=\"og:image:type\" content=\"image\/webp\" \/>\n<meta name=\"twitter:card\" content=\"summary_large_image\" \/>\n<meta name=\"twitter:label1\" content=\"Tempo estimado de leitura\" \/>\n\t<meta name=\"twitter:data1\" content=\"2 minutos\" \/>\n<script type=\"application\/ld+json\" class=\"yoast-schema-graph\">{\"@context\":\"https:\/\/schema.org\",\"@graph\":[{\"@type\":\"WebPage\",\"@id\":\"https:\/\/www.culturaltravelmorocco.com\/pt-pt\/product\/passeio-de-camelo-pelo-deserto-de-agafay-a-partir-de-marrakech\/\",\"url\":\"https:\/\/www.culturaltravelmorocco.com\/pt-pt\/product\/passeio-de-camelo-pelo-deserto-de-agafay-a-partir-de-marrakech\/\",\"name\":\"Passeio de camelo pelo deserto de Agafay a partir de Marrakech - Cultural Travel Morocco\",\"isPartOf\":{\"@id\":\"https:\/\/www.culturaltravelmorocco.com\/pt-pt\/#website\"},\"primaryImageOfPage\":{\"@id\":\"https:\/\/www.culturaltravelmorocco.com\/pt-pt\/product\/passeio-de-camelo-pelo-deserto-de-agafay-a-partir-de-marrakech\/#primaryimage\"},\"image\":{\"@id\":\"https:\/\/www.culturaltravelmorocco.com\/pt-pt\/product\/passeio-de-camelo-pelo-deserto-de-agafay-a-partir-de-marrakech\/#primaryimage\"},\"thumbnailUrl\":\"https:\/\/www.culturaltravelmorocco.com\/wp-content\/uploads\/2026\/01\/16-3.webp\",\"datePublished\":\"2026-01-10T12:20:37+00:00\",\"dateModified\":\"2026-01-30T14:11:18+00:00\",\"breadcrumb\":{\"@id\":\"https:\/\/www.culturaltravelmorocco.com\/pt-pt\/product\/passeio-de-camelo-pelo-deserto-de-agafay-a-partir-de-marrakech\/#breadcrumb\"},\"inLanguage\":\"pt-PT\",\"potentialAction\":[{\"@type\":\"ReadAction\",\"target\":[\"https:\/\/www.culturaltravelmorocco.com\/pt-pt\/product\/passeio-de-camelo-pelo-deserto-de-agafay-a-partir-de-marrakech\/\"]}]},{\"@type\":\"ImageObject\",\"inLanguage\":\"pt-PT\",\"@id\":\"https:\/\/www.culturaltravelmorocco.com\/pt-pt\/product\/passeio-de-camelo-pelo-deserto-de-agafay-a-partir-de-marrakech\/#primaryimage\",\"url\":\"https:\/\/www.culturaltravelmorocco.com\/wp-content\/uploads\/2026\/01\/16-3.webp\",\"contentUrl\":\"https:\/\/www.culturaltravelmorocco.com\/wp-content\/uploads\/2026\/01\/16-3.webp\",\"width\":1200,\"height\":1000},{\"@type\":\"BreadcrumbList\",\"@id\":\"https:\/\/www.culturaltravelmorocco.com\/pt-pt\/product\/passeio-de-camelo-pelo-deserto-de-agafay-a-partir-de-marrakech\/#breadcrumb\",\"itemListElement\":[{\"@type\":\"ListItem\",\"position\":1,\"name\":\"In\u00edcio\",\"item\":\"https:\/\/www.culturaltravelmorocco.com\/pt-pt\/\"},{\"@type\":\"ListItem\",\"position\":2,\"name\":\"Produtos\",\"item\":\"https:\/\/www.culturaltravelmorocco.com\/pt-pt\/shop\/\"},{\"@type\":\"ListItem\",\"position\":3,\"name\":\"Passeio de camelo pelo deserto de Agafay a partir de Marrakech\"}]},{\"@type\":\"WebSite\",\"@id\":\"https:\/\/www.culturaltravelmorocco.com\/pt-pt\/#website\",\"url\":\"https:\/\/www.culturaltravelmorocco.com\/pt-pt\/\",\"name\":\"Cultural Travel Morocco\",\"description\":\"\",\"potentialAction\":[{\"@type\":\"SearchAction\",\"target\":{\"@type\":\"EntryPoint\",\"urlTemplate\":\"https:\/\/www.culturaltravelmorocco.com\/pt-pt\/?s={search_term_string}\"},\"query-input\":{\"@type\":\"PropertyValueSpecification\",\"valueRequired\":true,\"valueName\":\"search_term_string\"}}],\"inLanguage\":\"pt-PT\"}]}<\/script>\n<!-- \/ Yoast SEO Premium plugin. -->","yoast_head_json":{"title":"Passeio de camelo pelo deserto de Agafay a partir de Marrakech - Cultural Travel Morocco","robots":{"index":"index","follow":"follow","max-snippet":"max-snippet:-1","max-image-preview":"max-image-preview:large","max-video-preview":"max-video-preview:-1"},"canonical":"https:\/\/www.culturaltravelmorocco.com\/pt-pt\/product\/passeio-de-camelo-pelo-deserto-de-agafay-a-partir-de-marrakech\/","og_locale":"pt_PT","og_type":"article","og_title":"Passeio de camelo pelo deserto de Agafay a partir de Marrakech","og_description":"Vis\u00e3o geral: Desfrute de um aut\u00eantico passeio de camelo no Deserto de Agafay, localizado a uma curta dist\u00e2ncia de carro de Marraquexe. Esta experi\u00eancia tranquila leva-o por paisagens rochosas e colinas ondulantes, oferecendo vistas deslumbrantes das Montanhas do Alto Atlas ao longe. Guiados por experientes guias locais, ir\u00e3o cavalgar camelos d\u00f3ceis a um ritmo relaxante [&hellip;]","og_url":"https:\/\/www.culturaltravelmorocco.com\/pt-pt\/product\/passeio-de-camelo-pelo-deserto-de-agafay-a-partir-de-marrakech\/","og_site_name":"Cultural Travel Morocco","article_modified_time":"2026-01-30T14:11:18+00:00","og_image":[{"width":1200,"height":1000,"url":"https:\/\/www.culturaltravelmorocco.com\/wp-content\/uploads\/2026\/01\/16-3.webp","type":"image\/webp"}],"twitter_card":"summary_large_image","twitter_misc":{"Tempo estimado de leitura":"2 minutos"},"schema":{"@context":"https:\/\/schema.org","@graph":[{"@type":"WebPage","@id":"https:\/\/www.culturaltravelmorocco.com\/pt-pt\/product\/passeio-de-camelo-pelo-deserto-de-agafay-a-partir-de-marrakech\/","url":"https:\/\/www.culturaltravelmorocco.com\/pt-pt\/product\/passeio-de-camelo-pelo-deserto-de-agafay-a-partir-de-marrakech\/","name":"Passeio de camelo pelo deserto de Agafay a partir de Marrakech - Cultural Travel Morocco","isPartOf":{"@id":"https:\/\/www.culturaltravelmorocco.com\/pt-pt\/#website"},"primaryImageOfPage":{"@id":"https:\/\/www.culturaltravelmorocco.com\/pt-pt\/product\/passeio-de-camelo-pelo-deserto-de-agafay-a-partir-de-marrakech\/#primaryimage"},"image":{"@id":"https:\/\/www.culturaltravelmorocco.com\/pt-pt\/product\/passeio-de-camelo-pelo-deserto-de-agafay-a-partir-de-marrakech\/#primaryimage"},"thumbnailUrl":"https:\/\/www.culturaltravelmorocco.com\/wp-content\/uploads\/2026\/01\/16-3.webp","datePublished":"2026-01-10T12:20:37+00:00","dateModified":"2026-01-30T14:11:18+00:00","breadcrumb":{"@id":"https:\/\/www.culturaltravelmorocco.com\/pt-pt\/product\/passeio-de-camelo-pelo-deserto-de-agafay-a-partir-de-marrakech\/#breadcrumb"},"inLanguage":"pt-PT","potentialAction":[{"@type":"ReadAction","target":["https:\/\/www.culturaltravelmorocco.com\/pt-pt\/product\/passeio-de-camelo-pelo-deserto-de-agafay-a-partir-de-marrakech\/"]}]},{"@type":"ImageObject","inLanguage":"pt-PT","@id":"https:\/\/www.culturaltravelmorocco.com\/pt-pt\/product\/passeio-de-camelo-pelo-deserto-de-agafay-a-partir-de-marrakech\/#primaryimage","url":"https:\/\/www.culturaltravelmorocco.com\/wp-content\/uploads\/2026\/01\/16-3.webp","contentUrl":"https:\/\/www.culturaltravelmorocco.com\/wp-content\/uploads\/2026\/01\/16-3.webp","width":1200,"height":1000},{"@type":"BreadcrumbList","@id":"https:\/\/www.culturaltravelmorocco.com\/pt-pt\/product\/passeio-de-camelo-pelo-deserto-de-agafay-a-partir-de-marrakech\/#breadcrumb","itemListElement":[{"@type":"ListItem","position":1,"name":"In\u00edcio","item":"https:\/\/www.culturaltravelmorocco.com\/pt-pt\/"},{"@type":"ListItem","position":2,"name":"Produtos","item":"https:\/\/www.culturaltravelmorocco.com\/pt-pt\/shop\/"},{"@type":"ListItem","position":3,"name":"Passeio de camelo pelo deserto de Agafay a partir de Marrakech"}]},{"@type":"WebSite","@id":"https:\/\/www.culturaltravelmorocco.com\/pt-pt\/#website","url":"https:\/\/www.culturaltravelmorocco.com\/pt-pt\/","name":"Cultural Travel Morocco","description":"","potentialAction":[{"@type":"SearchAction","target":{"@type":"EntryPoint","urlTemplate":"https:\/\/www.culturaltravelmorocco.com\/pt-pt\/?s={search_term_string}"},"query-input":{"@type":"PropertyValueSpecification","valueRequired":true,"valueName":"search_term_string"}}],"inLanguage":"pt-PT"}]}},"_links":{"self":[{"href":"https:\/\/www.culturaltravelmorocco.com\/pt-pt\/wp-json\/wp\/v2\/product\/11893","targetHints":{"allow":["GET"]}}],"collection":[{"href":"https:\/\/www.culturaltravelmorocco.com\/pt-pt\/wp-json\/wp\/v2\/product"}],"about":[{"href":"https:\/\/www.culturaltravelmorocco.com\/pt-pt\/wp-json\/wp\/v2\/types\/product"}],"replies":[{"embeddable":true,"href":"https:\/\/www.culturaltravelmorocco.com\/pt-pt\/wp-json\/wp\/v2\/comments?post=11893"}],"wp:featuredmedia":[{"embeddable":true,"href":"https:\/\/www.culturaltravelmorocco.com\/pt-pt\/wp-json\/wp\/v2\/media\/11894"}],"wp:attachment":[{"href":"https:\/\/www.culturaltravelmorocco.com\/pt-pt\/wp-json\/wp\/v2\/media?parent=11893"}],"wp:term":[{"taxonomy":"product_brand","embeddable":true,"href":"https:\/\/www.culturaltravelmorocco.com\/pt-pt\/wp-json\/wp\/v2\/product_brand?post=11893"},{"taxonomy":"product_cat","embeddable":true,"href":"https:\/\/www.culturaltravelmorocco.com\/pt-pt\/wp-json\/wp\/v2\/product_cat?post=11893"},{"taxonomy":"product_tag","embeddable":true,"href":"https:\/\/www.culturaltravelmorocco.com\/pt-pt\/wp-json\/wp\/v2\/product_tag?post=11893"}],"curies":[{"name":"wp","href":"https:\/\/api.w.org\/{rel}","templated":true}]}}