{"id":11911,"date":"2026-01-10T12:20:37","date_gmt":"2026-01-10T12:20:37","guid":{"rendered":"https:\/\/www.culturaltravelmorocco.com\/product\/marrakech-camel-ride-experience-in-the-palm-grove\/"},"modified":"2026-01-30T14:13:18","modified_gmt":"2026-01-30T14:13:18","slug":"passeio-de-camelo-em-marrakech-no-palmeiral","status":"publish","type":"product","link":"https:\/\/www.culturaltravelmorocco.com\/pt-pt\/product\/passeio-de-camelo-em-marrakech-no-palmeiral\/","title":{"rendered":"Passeio de camelo em Marrakech no Palmeiral"},"content":{"rendered":"<h2>Vis\u00e3o geral:<\/h2>\n<p>Desfrute de um relaxante passeio de camelo no Palmeiral de Marraquexe, a poucos minutos da vibrante medina da cidade. Esta experi\u00eancia de 1 hora oferece uma fuga tranquila para um ambiente tradicional do deserto, onde a natureza, a cultura e a heran\u00e7a berbere se misturam perfeitamente.<\/p>\n<p>Cavalgue um camelo manso por caminhos ladeados por palmeiras e paisagens abertas, descobrindo um lado mais tranquilo de Marraquexe. Ao longo do caminho, mergulhe nas tradi\u00e7\u00f5es n\u00f3madas locais, vista trajes t\u00edpicos do Saara para fotos memor\u00e1veis \u200b\u200be desfrute de um refrescante ch\u00e1 de menta numa acolhedora casa berbere. Esta experi\u00eancia \u00e9 ideal para viajantes que procuram uma atividade marroquina aut\u00eantica sem terem de se afastar muito da cidade.<\/p>\n<h2 data-start=\"819\" data-end=\"837\">Destaques:<\/h2>\n<ul>\n<li>Passeio tranquilo de camelo pelo ic\u00f3nico Palmeiral de Marraquexe<\/li>\n<li>Descubra uma atmosfera des\u00e9rtica perto da cidade<\/li>\n<li>Vivencie as tradi\u00e7\u00f5es berberes e n\u00f3madas<\/li>\n<li>Vista roupas tradicionais do Saara para fotos \u00fanicas<\/li>\n<li>Desfrute de uma pausa para ch\u00e1 de menta numa casa berbere local<\/li>\n<li>Atividade perfeita para fam\u00edlias, casais e visitantes de primeira viagem<\/li>\n<\/ul>\n<h2 data-start=\"819\" data-end=\"837\">Notas:<\/h2>\n<ul>\n<li>Esta experi\u00eancia tem a dura\u00e7\u00e3o aproximada de 1 hora (excluindo transfers).<\/li>\n<li>Est\u00e3o dispon\u00edveis passeios de manh\u00e3 e ao p\u00f4r do sol \u2014 o p\u00f4r do sol \u00e9 altamente recomendado para apreciar a luz m\u00e1gica e tirar fotografias incr\u00edveis.<\/li>\n<li>As crian\u00e7as com menos de 10 anos devem andar acompanhadas por um adulto.<\/li>\n<li>Recomenda-se o uso de roupa confort\u00e1vel e cal\u00e7ado fechado.<\/li>\n<\/ul>\n","protected":false},"excerpt":{"rendered":"<p>Vis\u00e3o geral: Desfrute de um relaxante passeio de camelo no Palmeiral de Marraquexe, a poucos minutos da vibrante medina da cidade. Esta experi\u00eancia de 1 hora oferece uma fuga tranquila para um ambiente tradicional do deserto, onde a natureza, a cultura e a heran\u00e7a berbere se misturam perfeitamente. Cavalgue um camelo manso por caminhos ladeados [&hellip;]<\/p>\n","protected":false},"featured_media":11912,"comment_status":"closed","ping_status":"closed","template":"","meta":{"_joinchat":[]},"product_brand":[],"product_cat":[118],"product_tag":[],"class_list":{"0":"post-11911","1":"product","2":"type-product","3":"status-publish","4":"has-post-thumbnail","6":"product_cat-passeios-de-camelo","8":"first","9":"instock","10":"purchasable","11":"product-type-ovabrw_car_rental"},"yoast_head":"<!-- This site is optimized with the Yoast SEO Premium plugin v25.0 (Yoast SEO v25.0) - https:\/\/yoast.com\/wordpress\/plugins\/seo\/ -->\n<title>Passeio de camelo em Marrakech no Palmeiral - Cultural Travel Morocco<\/title>\n<meta name=\"robots\" content=\"index, follow, max-snippet:-1, max-image-preview:large, max-video-preview:-1\" \/>\n<link rel=\"canonical\" href=\"https:\/\/www.culturaltravelmorocco.com\/pt-pt\/product\/passeio-de-camelo-em-marrakech-no-palmeiral\/\" \/>\n<meta property=\"og:locale\" content=\"pt_PT\" \/>\n<meta property=\"og:type\" content=\"article\" \/>\n<meta property=\"og:title\" content=\"Passeio de camelo em Marrakech no Palmeiral\" \/>\n<meta property=\"og:description\" content=\"Vis\u00e3o geral: Desfrute de um relaxante passeio de camelo no Palmeiral de Marraquexe, a poucos minutos da vibrante medina da cidade. Esta experi\u00eancia de 1 hora oferece uma fuga tranquila para um ambiente tradicional do deserto, onde a natureza, a cultura e a heran\u00e7a berbere se misturam perfeitamente. Cavalgue um camelo manso por caminhos ladeados [&hellip;]\" \/>\n<meta property=\"og:url\" content=\"https:\/\/www.culturaltravelmorocco.com\/pt-pt\/product\/passeio-de-camelo-em-marrakech-no-palmeiral\/\" \/>\n<meta property=\"og:site_name\" content=\"Cultural Travel Morocco\" \/>\n<meta property=\"article:modified_time\" content=\"2026-01-30T14:13:18+00:00\" \/>\n<meta property=\"og:image\" content=\"https:\/\/www.culturaltravelmorocco.com\/wp-content\/uploads\/2026\/01\/7-16.webp\" \/>\n\t<meta property=\"og:image:width\" content=\"1200\" \/>\n\t<meta property=\"og:image:height\" content=\"1000\" \/>\n\t<meta property=\"og:image:type\" content=\"image\/webp\" \/>\n<meta name=\"twitter:card\" content=\"summary_large_image\" \/>\n<meta name=\"twitter:label1\" content=\"Tempo estimado de leitura\" \/>\n\t<meta name=\"twitter:data1\" content=\"2 minutos\" \/>\n<script type=\"application\/ld+json\" class=\"yoast-schema-graph\">{\"@context\":\"https:\/\/schema.org\",\"@graph\":[{\"@type\":\"WebPage\",\"@id\":\"https:\/\/www.culturaltravelmorocco.com\/pt-pt\/product\/passeio-de-camelo-em-marrakech-no-palmeiral\/\",\"url\":\"https:\/\/www.culturaltravelmorocco.com\/pt-pt\/product\/passeio-de-camelo-em-marrakech-no-palmeiral\/\",\"name\":\"Passeio de camelo em Marrakech no Palmeiral - Cultural Travel Morocco\",\"isPartOf\":{\"@id\":\"https:\/\/www.culturaltravelmorocco.com\/pt-pt\/#website\"},\"primaryImageOfPage\":{\"@id\":\"https:\/\/www.culturaltravelmorocco.com\/pt-pt\/product\/passeio-de-camelo-em-marrakech-no-palmeiral\/#primaryimage\"},\"image\":{\"@id\":\"https:\/\/www.culturaltravelmorocco.com\/pt-pt\/product\/passeio-de-camelo-em-marrakech-no-palmeiral\/#primaryimage\"},\"thumbnailUrl\":\"https:\/\/www.culturaltravelmorocco.com\/wp-content\/uploads\/2026\/01\/7-16.webp\",\"datePublished\":\"2026-01-10T12:20:37+00:00\",\"dateModified\":\"2026-01-30T14:13:18+00:00\",\"breadcrumb\":{\"@id\":\"https:\/\/www.culturaltravelmorocco.com\/pt-pt\/product\/passeio-de-camelo-em-marrakech-no-palmeiral\/#breadcrumb\"},\"inLanguage\":\"pt-PT\",\"potentialAction\":[{\"@type\":\"ReadAction\",\"target\":[\"https:\/\/www.culturaltravelmorocco.com\/pt-pt\/product\/passeio-de-camelo-em-marrakech-no-palmeiral\/\"]}]},{\"@type\":\"ImageObject\",\"inLanguage\":\"pt-PT\",\"@id\":\"https:\/\/www.culturaltravelmorocco.com\/pt-pt\/product\/passeio-de-camelo-em-marrakech-no-palmeiral\/#primaryimage\",\"url\":\"https:\/\/www.culturaltravelmorocco.com\/wp-content\/uploads\/2026\/01\/7-16.webp\",\"contentUrl\":\"https:\/\/www.culturaltravelmorocco.com\/wp-content\/uploads\/2026\/01\/7-16.webp\",\"width\":1200,\"height\":1000},{\"@type\":\"BreadcrumbList\",\"@id\":\"https:\/\/www.culturaltravelmorocco.com\/pt-pt\/product\/passeio-de-camelo-em-marrakech-no-palmeiral\/#breadcrumb\",\"itemListElement\":[{\"@type\":\"ListItem\",\"position\":1,\"name\":\"In\u00edcio\",\"item\":\"https:\/\/www.culturaltravelmorocco.com\/pt-pt\/\"},{\"@type\":\"ListItem\",\"position\":2,\"name\":\"Produtos\",\"item\":\"https:\/\/www.culturaltravelmorocco.com\/pt-pt\/shop\/\"},{\"@type\":\"ListItem\",\"position\":3,\"name\":\"Passeio de camelo em Marrakech no Palmeiral\"}]},{\"@type\":\"WebSite\",\"@id\":\"https:\/\/www.culturaltravelmorocco.com\/pt-pt\/#website\",\"url\":\"https:\/\/www.culturaltravelmorocco.com\/pt-pt\/\",\"name\":\"Cultural Travel Morocco\",\"description\":\"\",\"potentialAction\":[{\"@type\":\"SearchAction\",\"target\":{\"@type\":\"EntryPoint\",\"urlTemplate\":\"https:\/\/www.culturaltravelmorocco.com\/pt-pt\/?s={search_term_string}\"},\"query-input\":{\"@type\":\"PropertyValueSpecification\",\"valueRequired\":true,\"valueName\":\"search_term_string\"}}],\"inLanguage\":\"pt-PT\"}]}<\/script>\n<!-- \/ Yoast SEO Premium plugin. -->","yoast_head_json":{"title":"Passeio de camelo em Marrakech no Palmeiral - Cultural Travel Morocco","robots":{"index":"index","follow":"follow","max-snippet":"max-snippet:-1","max-image-preview":"max-image-preview:large","max-video-preview":"max-video-preview:-1"},"canonical":"https:\/\/www.culturaltravelmorocco.com\/pt-pt\/product\/passeio-de-camelo-em-marrakech-no-palmeiral\/","og_locale":"pt_PT","og_type":"article","og_title":"Passeio de camelo em Marrakech no Palmeiral","og_description":"Vis\u00e3o geral: Desfrute de um relaxante passeio de camelo no Palmeiral de Marraquexe, a poucos minutos da vibrante medina da cidade. Esta experi\u00eancia de 1 hora oferece uma fuga tranquila para um ambiente tradicional do deserto, onde a natureza, a cultura e a heran\u00e7a berbere se misturam perfeitamente. Cavalgue um camelo manso por caminhos ladeados [&hellip;]","og_url":"https:\/\/www.culturaltravelmorocco.com\/pt-pt\/product\/passeio-de-camelo-em-marrakech-no-palmeiral\/","og_site_name":"Cultural Travel Morocco","article_modified_time":"2026-01-30T14:13:18+00:00","og_image":[{"width":1200,"height":1000,"url":"https:\/\/www.culturaltravelmorocco.com\/wp-content\/uploads\/2026\/01\/7-16.webp","type":"image\/webp"}],"twitter_card":"summary_large_image","twitter_misc":{"Tempo estimado de leitura":"2 minutos"},"schema":{"@context":"https:\/\/schema.org","@graph":[{"@type":"WebPage","@id":"https:\/\/www.culturaltravelmorocco.com\/pt-pt\/product\/passeio-de-camelo-em-marrakech-no-palmeiral\/","url":"https:\/\/www.culturaltravelmorocco.com\/pt-pt\/product\/passeio-de-camelo-em-marrakech-no-palmeiral\/","name":"Passeio de camelo em Marrakech no Palmeiral - Cultural Travel Morocco","isPartOf":{"@id":"https:\/\/www.culturaltravelmorocco.com\/pt-pt\/#website"},"primaryImageOfPage":{"@id":"https:\/\/www.culturaltravelmorocco.com\/pt-pt\/product\/passeio-de-camelo-em-marrakech-no-palmeiral\/#primaryimage"},"image":{"@id":"https:\/\/www.culturaltravelmorocco.com\/pt-pt\/product\/passeio-de-camelo-em-marrakech-no-palmeiral\/#primaryimage"},"thumbnailUrl":"https:\/\/www.culturaltravelmorocco.com\/wp-content\/uploads\/2026\/01\/7-16.webp","datePublished":"2026-01-10T12:20:37+00:00","dateModified":"2026-01-30T14:13:18+00:00","breadcrumb":{"@id":"https:\/\/www.culturaltravelmorocco.com\/pt-pt\/product\/passeio-de-camelo-em-marrakech-no-palmeiral\/#breadcrumb"},"inLanguage":"pt-PT","potentialAction":[{"@type":"ReadAction","target":["https:\/\/www.culturaltravelmorocco.com\/pt-pt\/product\/passeio-de-camelo-em-marrakech-no-palmeiral\/"]}]},{"@type":"ImageObject","inLanguage":"pt-PT","@id":"https:\/\/www.culturaltravelmorocco.com\/pt-pt\/product\/passeio-de-camelo-em-marrakech-no-palmeiral\/#primaryimage","url":"https:\/\/www.culturaltravelmorocco.com\/wp-content\/uploads\/2026\/01\/7-16.webp","contentUrl":"https:\/\/www.culturaltravelmorocco.com\/wp-content\/uploads\/2026\/01\/7-16.webp","width":1200,"height":1000},{"@type":"BreadcrumbList","@id":"https:\/\/www.culturaltravelmorocco.com\/pt-pt\/product\/passeio-de-camelo-em-marrakech-no-palmeiral\/#breadcrumb","itemListElement":[{"@type":"ListItem","position":1,"name":"In\u00edcio","item":"https:\/\/www.culturaltravelmorocco.com\/pt-pt\/"},{"@type":"ListItem","position":2,"name":"Produtos","item":"https:\/\/www.culturaltravelmorocco.com\/pt-pt\/shop\/"},{"@type":"ListItem","position":3,"name":"Passeio de camelo em Marrakech no Palmeiral"}]},{"@type":"WebSite","@id":"https:\/\/www.culturaltravelmorocco.com\/pt-pt\/#website","url":"https:\/\/www.culturaltravelmorocco.com\/pt-pt\/","name":"Cultural Travel Morocco","description":"","potentialAction":[{"@type":"SearchAction","target":{"@type":"EntryPoint","urlTemplate":"https:\/\/www.culturaltravelmorocco.com\/pt-pt\/?s={search_term_string}"},"query-input":{"@type":"PropertyValueSpecification","valueRequired":true,"valueName":"search_term_string"}}],"inLanguage":"pt-PT"}]}},"_links":{"self":[{"href":"https:\/\/www.culturaltravelmorocco.com\/pt-pt\/wp-json\/wp\/v2\/product\/11911","targetHints":{"allow":["GET"]}}],"collection":[{"href":"https:\/\/www.culturaltravelmorocco.com\/pt-pt\/wp-json\/wp\/v2\/product"}],"about":[{"href":"https:\/\/www.culturaltravelmorocco.com\/pt-pt\/wp-json\/wp\/v2\/types\/product"}],"replies":[{"embeddable":true,"href":"https:\/\/www.culturaltravelmorocco.com\/pt-pt\/wp-json\/wp\/v2\/comments?post=11911"}],"wp:featuredmedia":[{"embeddable":true,"href":"https:\/\/www.culturaltravelmorocco.com\/pt-pt\/wp-json\/wp\/v2\/media\/11912"}],"wp:attachment":[{"href":"https:\/\/www.culturaltravelmorocco.com\/pt-pt\/wp-json\/wp\/v2\/media?parent=11911"}],"wp:term":[{"taxonomy":"product_brand","embeddable":true,"href":"https:\/\/www.culturaltravelmorocco.com\/pt-pt\/wp-json\/wp\/v2\/product_brand?post=11911"},{"taxonomy":"product_cat","embeddable":true,"href":"https:\/\/www.culturaltravelmorocco.com\/pt-pt\/wp-json\/wp\/v2\/product_cat?post=11911"},{"taxonomy":"product_tag","embeddable":true,"href":"https:\/\/www.culturaltravelmorocco.com\/pt-pt\/wp-json\/wp\/v2\/product_tag?post=11911"}],"curies":[{"name":"wp","href":"https:\/\/api.w.org\/{rel}","templated":true}]}}