{"id":11926,"date":"2026-01-10T12:20:37","date_gmt":"2026-01-10T12:20:37","guid":{"rendered":"https:\/\/www.culturaltravelmorocco.com\/product\/agafay-desert-quad-biking-adventure-from-marrakech\/"},"modified":"2026-01-30T14:15:08","modified_gmt":"2026-01-30T14:15:08","slug":"aventura-de-moto-quatro-no-deserto-de-agafay-a-partir-de-marrakech","status":"publish","type":"product","link":"https:\/\/www.culturaltravelmorocco.com\/pt-pt\/product\/aventura-de-moto-quatro-no-deserto-de-agafay-a-partir-de-marrakech\/","title":{"rendered":"Aventura de moto-quatro no deserto de Agafay a partir de Marrakech"},"content":{"rendered":"<h2>Vis\u00e3o geral:<\/h2>\n<p>A sua aventura de moto 4 no Deserto de Agafay come\u00e7a com o transfer do seu hotel ou riad em Marraquexe. Ap\u00f3s um trajeto panor\u00e2mico de 45 minutos, chegar\u00e1 \u00e0 paisagem rochosa do deserto de Agafay, com vistas deslumbrantes para as Montanhas Atlas.<\/p>\n<p>Ao chegar, receber\u00e1 instru\u00e7\u00f5es completas de seguran\u00e7a e sobre como conduzir o moto 4 dos nossos guias experientes para garantir um passeio seguro e agrad\u00e1vel. De seguida, parta para uma emocionante viagem de moto-quatro pelo terreno acidentado do deserto, explorando amplos espa\u00e7os abertos e vistas panor\u00e2micas de cortar a respira\u00e7\u00e3o.<\/p>\n<p>A meio do passeio, faremos uma paragem num acampamento tradicional no deserto, onde poder\u00e1 relaxar e saborear um aut\u00eantico ch\u00e1 de menta marroquino, um s\u00edmbolo da hospitalidade local. Esta pausa tranquila \u00e9 perfeita para tirar fotografias e absorver a atmosfera \u00fanica do deserto.<\/p>\n<p>Ap\u00f3s a pausa, continue o seu emocionante passeio de moto-quatro de volta ao ponto de partida, seguido de um transfer confort\u00e1vel de volta a Marraquexe, deixando-o com mem\u00f3rias inesquec\u00edveis do Deserto de Agafay.<\/p>\n<h2 data-start=\"819\" data-end=\"837\">Destaques:<\/h2>\n<ul>\n<li>Aventura cheia de adrenalina num deserto rochoso<\/li>\n<li>Vistas panor\u00e2micas das Montanhas Atlas<\/li>\n<li>Pausa para um ch\u00e1 tradicional com os locais<\/li>\n<li>Perfeito para todos os n\u00edveis de experi\u00eancia<\/li>\n<\/ul>\n<h2>Notas:<\/h2>\n<ul>\n<li>Idade m\u00ednima para conduzir sozinho: 14 anos<\/li>\n<li>Menores de 14 anos devem andar acompanhados por adultos<\/li>\n<li>N\u00e3o \u00e9 necess\u00e1rio ter carta de condu\u00e7\u00e3o<\/li>\n<li>Ideal para iniciantes; use roupas confort\u00e1veis \u200b\u200be sapatos fechados<\/li>\n<li>Tarifas especiais para grupos dispon\u00edveis<\/li>\n<li>Op\u00e7\u00f5es de ritmo para fam\u00edlias<\/li>\n<\/ul>\n","protected":false},"excerpt":{"rendered":"<p>Vis\u00e3o geral: A sua aventura de moto 4 no Deserto de Agafay come\u00e7a com o transfer do seu hotel ou riad em Marraquexe. Ap\u00f3s um trajeto panor\u00e2mico de 45 minutos, chegar\u00e1 \u00e0 paisagem rochosa do deserto de Agafay, com vistas deslumbrantes para as Montanhas Atlas. Ao chegar, receber\u00e1 instru\u00e7\u00f5es completas de seguran\u00e7a e sobre como [&hellip;]<\/p>\n","protected":false},"featured_media":11927,"comment_status":"closed","ping_status":"closed","template":"","meta":{"_joinchat":[]},"product_brand":[],"product_cat":[121,119],"product_tag":[],"class_list":{"0":"post-11926","1":"product","2":"type-product","3":"status-publish","4":"has-post-thumbnail","6":"product_cat-excursao-de-um-dia-a-partir-de-marrakech","7":"product_cat-passeios-de-um-dia","9":"first","10":"instock","11":"purchasable","12":"product-type-ovabrw_car_rental"},"yoast_head":"<!-- This site is optimized with the Yoast SEO Premium plugin v25.0 (Yoast SEO v25.0) - https:\/\/yoast.com\/wordpress\/plugins\/seo\/ -->\n<title>Aventura de moto-quatro no deserto de Agafay a partir de Marrakech - Cultural Travel Morocco<\/title>\n<meta name=\"robots\" content=\"index, follow, max-snippet:-1, max-image-preview:large, max-video-preview:-1\" \/>\n<link rel=\"canonical\" href=\"https:\/\/www.culturaltravelmorocco.com\/pt-pt\/product\/aventura-de-moto-quatro-no-deserto-de-agafay-a-partir-de-marrakech\/\" \/>\n<meta property=\"og:locale\" content=\"pt_PT\" \/>\n<meta property=\"og:type\" content=\"article\" \/>\n<meta property=\"og:title\" content=\"Aventura de moto-quatro no deserto de Agafay a partir de Marrakech\" \/>\n<meta property=\"og:description\" content=\"Vis\u00e3o geral: A sua aventura de moto 4 no Deserto de Agafay come\u00e7a com o transfer do seu hotel ou riad em Marraquexe. Ap\u00f3s um trajeto panor\u00e2mico de 45 minutos, chegar\u00e1 \u00e0 paisagem rochosa do deserto de Agafay, com vistas deslumbrantes para as Montanhas Atlas. Ao chegar, receber\u00e1 instru\u00e7\u00f5es completas de seguran\u00e7a e sobre como [&hellip;]\" \/>\n<meta property=\"og:url\" content=\"https:\/\/www.culturaltravelmorocco.com\/pt-pt\/product\/aventura-de-moto-quatro-no-deserto-de-agafay-a-partir-de-marrakech\/\" \/>\n<meta property=\"og:site_name\" content=\"Cultural Travel Morocco\" \/>\n<meta property=\"article:modified_time\" content=\"2026-01-30T14:15:08+00:00\" \/>\n<meta property=\"og:image\" content=\"https:\/\/www.culturaltravelmorocco.com\/wp-content\/uploads\/2026\/01\/13-5.webp\" \/>\n\t<meta property=\"og:image:width\" content=\"1200\" \/>\n\t<meta property=\"og:image:height\" content=\"1000\" \/>\n\t<meta property=\"og:image:type\" content=\"image\/webp\" \/>\n<meta name=\"twitter:card\" content=\"summary_large_image\" \/>\n<meta name=\"twitter:label1\" content=\"Tempo estimado de leitura\" \/>\n\t<meta name=\"twitter:data1\" content=\"2 minutos\" \/>\n<script type=\"application\/ld+json\" class=\"yoast-schema-graph\">{\"@context\":\"https:\/\/schema.org\",\"@graph\":[{\"@type\":\"WebPage\",\"@id\":\"https:\/\/www.culturaltravelmorocco.com\/pt-pt\/product\/aventura-de-moto-quatro-no-deserto-de-agafay-a-partir-de-marrakech\/\",\"url\":\"https:\/\/www.culturaltravelmorocco.com\/pt-pt\/product\/aventura-de-moto-quatro-no-deserto-de-agafay-a-partir-de-marrakech\/\",\"name\":\"Aventura de moto-quatro no deserto de Agafay a partir de Marrakech - Cultural Travel Morocco\",\"isPartOf\":{\"@id\":\"https:\/\/www.culturaltravelmorocco.com\/pt-pt\/#website\"},\"primaryImageOfPage\":{\"@id\":\"https:\/\/www.culturaltravelmorocco.com\/pt-pt\/product\/aventura-de-moto-quatro-no-deserto-de-agafay-a-partir-de-marrakech\/#primaryimage\"},\"image\":{\"@id\":\"https:\/\/www.culturaltravelmorocco.com\/pt-pt\/product\/aventura-de-moto-quatro-no-deserto-de-agafay-a-partir-de-marrakech\/#primaryimage\"},\"thumbnailUrl\":\"https:\/\/www.culturaltravelmorocco.com\/wp-content\/uploads\/2026\/01\/13-5.webp\",\"datePublished\":\"2026-01-10T12:20:37+00:00\",\"dateModified\":\"2026-01-30T14:15:08+00:00\",\"breadcrumb\":{\"@id\":\"https:\/\/www.culturaltravelmorocco.com\/pt-pt\/product\/aventura-de-moto-quatro-no-deserto-de-agafay-a-partir-de-marrakech\/#breadcrumb\"},\"inLanguage\":\"pt-PT\",\"potentialAction\":[{\"@type\":\"ReadAction\",\"target\":[\"https:\/\/www.culturaltravelmorocco.com\/pt-pt\/product\/aventura-de-moto-quatro-no-deserto-de-agafay-a-partir-de-marrakech\/\"]}]},{\"@type\":\"ImageObject\",\"inLanguage\":\"pt-PT\",\"@id\":\"https:\/\/www.culturaltravelmorocco.com\/pt-pt\/product\/aventura-de-moto-quatro-no-deserto-de-agafay-a-partir-de-marrakech\/#primaryimage\",\"url\":\"https:\/\/www.culturaltravelmorocco.com\/wp-content\/uploads\/2026\/01\/13-5.webp\",\"contentUrl\":\"https:\/\/www.culturaltravelmorocco.com\/wp-content\/uploads\/2026\/01\/13-5.webp\",\"width\":1200,\"height\":1000},{\"@type\":\"BreadcrumbList\",\"@id\":\"https:\/\/www.culturaltravelmorocco.com\/pt-pt\/product\/aventura-de-moto-quatro-no-deserto-de-agafay-a-partir-de-marrakech\/#breadcrumb\",\"itemListElement\":[{\"@type\":\"ListItem\",\"position\":1,\"name\":\"In\u00edcio\",\"item\":\"https:\/\/www.culturaltravelmorocco.com\/pt-pt\/\"},{\"@type\":\"ListItem\",\"position\":2,\"name\":\"Produtos\",\"item\":\"https:\/\/www.culturaltravelmorocco.com\/pt-pt\/shop\/\"},{\"@type\":\"ListItem\",\"position\":3,\"name\":\"Aventura de moto-quatro no deserto de Agafay a partir de Marrakech\"}]},{\"@type\":\"WebSite\",\"@id\":\"https:\/\/www.culturaltravelmorocco.com\/pt-pt\/#website\",\"url\":\"https:\/\/www.culturaltravelmorocco.com\/pt-pt\/\",\"name\":\"Cultural Travel Morocco\",\"description\":\"\",\"potentialAction\":[{\"@type\":\"SearchAction\",\"target\":{\"@type\":\"EntryPoint\",\"urlTemplate\":\"https:\/\/www.culturaltravelmorocco.com\/pt-pt\/?s={search_term_string}\"},\"query-input\":{\"@type\":\"PropertyValueSpecification\",\"valueRequired\":true,\"valueName\":\"search_term_string\"}}],\"inLanguage\":\"pt-PT\"}]}<\/script>\n<!-- \/ Yoast SEO Premium plugin. -->","yoast_head_json":{"title":"Aventura de moto-quatro no deserto de Agafay a partir de Marrakech - Cultural Travel Morocco","robots":{"index":"index","follow":"follow","max-snippet":"max-snippet:-1","max-image-preview":"max-image-preview:large","max-video-preview":"max-video-preview:-1"},"canonical":"https:\/\/www.culturaltravelmorocco.com\/pt-pt\/product\/aventura-de-moto-quatro-no-deserto-de-agafay-a-partir-de-marrakech\/","og_locale":"pt_PT","og_type":"article","og_title":"Aventura de moto-quatro no deserto de Agafay a partir de Marrakech","og_description":"Vis\u00e3o geral: A sua aventura de moto 4 no Deserto de Agafay come\u00e7a com o transfer do seu hotel ou riad em Marraquexe. Ap\u00f3s um trajeto panor\u00e2mico de 45 minutos, chegar\u00e1 \u00e0 paisagem rochosa do deserto de Agafay, com vistas deslumbrantes para as Montanhas Atlas. Ao chegar, receber\u00e1 instru\u00e7\u00f5es completas de seguran\u00e7a e sobre como [&hellip;]","og_url":"https:\/\/www.culturaltravelmorocco.com\/pt-pt\/product\/aventura-de-moto-quatro-no-deserto-de-agafay-a-partir-de-marrakech\/","og_site_name":"Cultural Travel Morocco","article_modified_time":"2026-01-30T14:15:08+00:00","og_image":[{"width":1200,"height":1000,"url":"https:\/\/www.culturaltravelmorocco.com\/wp-content\/uploads\/2026\/01\/13-5.webp","type":"image\/webp"}],"twitter_card":"summary_large_image","twitter_misc":{"Tempo estimado de leitura":"2 minutos"},"schema":{"@context":"https:\/\/schema.org","@graph":[{"@type":"WebPage","@id":"https:\/\/www.culturaltravelmorocco.com\/pt-pt\/product\/aventura-de-moto-quatro-no-deserto-de-agafay-a-partir-de-marrakech\/","url":"https:\/\/www.culturaltravelmorocco.com\/pt-pt\/product\/aventura-de-moto-quatro-no-deserto-de-agafay-a-partir-de-marrakech\/","name":"Aventura de moto-quatro no deserto de Agafay a partir de Marrakech - Cultural Travel Morocco","isPartOf":{"@id":"https:\/\/www.culturaltravelmorocco.com\/pt-pt\/#website"},"primaryImageOfPage":{"@id":"https:\/\/www.culturaltravelmorocco.com\/pt-pt\/product\/aventura-de-moto-quatro-no-deserto-de-agafay-a-partir-de-marrakech\/#primaryimage"},"image":{"@id":"https:\/\/www.culturaltravelmorocco.com\/pt-pt\/product\/aventura-de-moto-quatro-no-deserto-de-agafay-a-partir-de-marrakech\/#primaryimage"},"thumbnailUrl":"https:\/\/www.culturaltravelmorocco.com\/wp-content\/uploads\/2026\/01\/13-5.webp","datePublished":"2026-01-10T12:20:37+00:00","dateModified":"2026-01-30T14:15:08+00:00","breadcrumb":{"@id":"https:\/\/www.culturaltravelmorocco.com\/pt-pt\/product\/aventura-de-moto-quatro-no-deserto-de-agafay-a-partir-de-marrakech\/#breadcrumb"},"inLanguage":"pt-PT","potentialAction":[{"@type":"ReadAction","target":["https:\/\/www.culturaltravelmorocco.com\/pt-pt\/product\/aventura-de-moto-quatro-no-deserto-de-agafay-a-partir-de-marrakech\/"]}]},{"@type":"ImageObject","inLanguage":"pt-PT","@id":"https:\/\/www.culturaltravelmorocco.com\/pt-pt\/product\/aventura-de-moto-quatro-no-deserto-de-agafay-a-partir-de-marrakech\/#primaryimage","url":"https:\/\/www.culturaltravelmorocco.com\/wp-content\/uploads\/2026\/01\/13-5.webp","contentUrl":"https:\/\/www.culturaltravelmorocco.com\/wp-content\/uploads\/2026\/01\/13-5.webp","width":1200,"height":1000},{"@type":"BreadcrumbList","@id":"https:\/\/www.culturaltravelmorocco.com\/pt-pt\/product\/aventura-de-moto-quatro-no-deserto-de-agafay-a-partir-de-marrakech\/#breadcrumb","itemListElement":[{"@type":"ListItem","position":1,"name":"In\u00edcio","item":"https:\/\/www.culturaltravelmorocco.com\/pt-pt\/"},{"@type":"ListItem","position":2,"name":"Produtos","item":"https:\/\/www.culturaltravelmorocco.com\/pt-pt\/shop\/"},{"@type":"ListItem","position":3,"name":"Aventura de moto-quatro no deserto de Agafay a partir de Marrakech"}]},{"@type":"WebSite","@id":"https:\/\/www.culturaltravelmorocco.com\/pt-pt\/#website","url":"https:\/\/www.culturaltravelmorocco.com\/pt-pt\/","name":"Cultural Travel Morocco","description":"","potentialAction":[{"@type":"SearchAction","target":{"@type":"EntryPoint","urlTemplate":"https:\/\/www.culturaltravelmorocco.com\/pt-pt\/?s={search_term_string}"},"query-input":{"@type":"PropertyValueSpecification","valueRequired":true,"valueName":"search_term_string"}}],"inLanguage":"pt-PT"}]}},"_links":{"self":[{"href":"https:\/\/www.culturaltravelmorocco.com\/pt-pt\/wp-json\/wp\/v2\/product\/11926","targetHints":{"allow":["GET"]}}],"collection":[{"href":"https:\/\/www.culturaltravelmorocco.com\/pt-pt\/wp-json\/wp\/v2\/product"}],"about":[{"href":"https:\/\/www.culturaltravelmorocco.com\/pt-pt\/wp-json\/wp\/v2\/types\/product"}],"replies":[{"embeddable":true,"href":"https:\/\/www.culturaltravelmorocco.com\/pt-pt\/wp-json\/wp\/v2\/comments?post=11926"}],"wp:featuredmedia":[{"embeddable":true,"href":"https:\/\/www.culturaltravelmorocco.com\/pt-pt\/wp-json\/wp\/v2\/media\/11927"}],"wp:attachment":[{"href":"https:\/\/www.culturaltravelmorocco.com\/pt-pt\/wp-json\/wp\/v2\/media?parent=11926"}],"wp:term":[{"taxonomy":"product_brand","embeddable":true,"href":"https:\/\/www.culturaltravelmorocco.com\/pt-pt\/wp-json\/wp\/v2\/product_brand?post=11926"},{"taxonomy":"product_cat","embeddable":true,"href":"https:\/\/www.culturaltravelmorocco.com\/pt-pt\/wp-json\/wp\/v2\/product_cat?post=11926"},{"taxonomy":"product_tag","embeddable":true,"href":"https:\/\/www.culturaltravelmorocco.com\/pt-pt\/wp-json\/wp\/v2\/product_tag?post=11926"}],"curies":[{"name":"wp","href":"https:\/\/api.w.org\/{rel}","templated":true}]}}