{"id":11941,"date":"2026-01-10T12:20:37","date_gmt":"2026-01-10T12:20:37","guid":{"rendered":"https:\/\/www.culturaltravelmorocco.com\/product\/asilah-day-trip-from-tangier-private-coastal-tour\/"},"modified":"2026-01-30T14:25:43","modified_gmt":"2026-01-30T14:25:43","slug":"excursao-de-um-dia-a-asilah-a-partir-de-tanger-tour-costeiro-privado","status":"publish","type":"product","link":"https:\/\/www.culturaltravelmorocco.com\/pt-pt\/product\/excursao-de-um-dia-a-asilah-a-partir-de-tanger-tour-costeiro-privado\/","title":{"rendered":"Excurs\u00e3o de um dia a Asilah a partir de T\u00e2nger, tour costeiro privado"},"content":{"rendered":"<h2>Vis\u00e3o geral:<\/h2>\n<p>\u00c0s 9h00, iremos busc\u00e1-lo ao seu hotel ou riad em T\u00e2nger e viajaremos para norte ao longo da costa atl\u00e2ntica para descobrir Asilah, uma das cidades costeiras mais encantadoras do norte de Marrocos. Conhecida pelas suas muralhas caiadas de branco, fortifica\u00e7\u00f5es hist\u00f3ricas e atmosfera art\u00edstica, Asilah \u00e9 um destino tranquilo onde a hist\u00f3ria, a cultura e as vistas para o mar se encontram.<\/p>\n<p>\u00c0 chegada, aproveite o tempo livre para explorar a medina amuralhada de Asilah, passear pelas suas ruas estreitas decoradas com murais e descobrir vest\u00edgios da heran\u00e7a portuguesa nas suas fortifica\u00e7\u00f5es. Visite lojas de artesanato local, relaxe \u00e0 beira-mar e absorva a atmosfera tranquila da costa antes de regressar a T\u00e2nger \u00e0 tarde, ap\u00f3s uma escapadela revigorante e cultural.<\/p>\n","protected":false},"excerpt":{"rendered":"<p>Vis\u00e3o geral: \u00c0s 9h00, iremos busc\u00e1-lo ao seu hotel ou riad em T\u00e2nger e viajaremos para norte ao longo da costa atl\u00e2ntica para descobrir Asilah, uma das cidades costeiras mais encantadoras do norte de Marrocos. Conhecida pelas suas muralhas caiadas de branco, fortifica\u00e7\u00f5es hist\u00f3ricas e atmosfera art\u00edstica, Asilah \u00e9 um destino tranquilo onde a hist\u00f3ria, [&hellip;]<\/p>\n","protected":false},"featured_media":11942,"comment_status":"closed","ping_status":"closed","template":"","meta":{"_joinchat":[]},"product_brand":[],"product_cat":[122,119],"product_tag":[],"class_list":{"0":"post-11941","1":"product","2":"type-product","3":"status-publish","4":"has-post-thumbnail","6":"product_cat-excursao-de-um-dia-a-partir-de-tanger","7":"product_cat-passeios-de-um-dia","9":"first","10":"instock","11":"purchasable","12":"product-type-ovabrw_car_rental"},"yoast_head":"<!-- This site is optimized with the Yoast SEO Premium plugin v25.0 (Yoast SEO v25.0) - https:\/\/yoast.com\/wordpress\/plugins\/seo\/ -->\n<title>Excurs\u00e3o de um dia a Asilah a partir de T\u00e2nger, tour costeiro privado - Cultural Travel Morocco<\/title>\n<meta name=\"robots\" content=\"index, follow, max-snippet:-1, max-image-preview:large, max-video-preview:-1\" \/>\n<link rel=\"canonical\" href=\"https:\/\/www.culturaltravelmorocco.com\/pt-pt\/product\/excursao-de-um-dia-a-asilah-a-partir-de-tanger-tour-costeiro-privado\/\" \/>\n<meta property=\"og:locale\" content=\"pt_PT\" \/>\n<meta property=\"og:type\" content=\"article\" \/>\n<meta property=\"og:title\" content=\"Excurs\u00e3o de um dia a Asilah a partir de T\u00e2nger, tour costeiro privado\" \/>\n<meta property=\"og:description\" content=\"Vis\u00e3o geral: \u00c0s 9h00, iremos busc\u00e1-lo ao seu hotel ou riad em T\u00e2nger e viajaremos para norte ao longo da costa atl\u00e2ntica para descobrir Asilah, uma das cidades costeiras mais encantadoras do norte de Marrocos. Conhecida pelas suas muralhas caiadas de branco, fortifica\u00e7\u00f5es hist\u00f3ricas e atmosfera art\u00edstica, Asilah \u00e9 um destino tranquilo onde a hist\u00f3ria, [&hellip;]\" \/>\n<meta property=\"og:url\" content=\"https:\/\/www.culturaltravelmorocco.com\/pt-pt\/product\/excursao-de-um-dia-a-asilah-a-partir-de-tanger-tour-costeiro-privado\/\" \/>\n<meta property=\"og:site_name\" content=\"Cultural Travel Morocco\" \/>\n<meta property=\"article:modified_time\" content=\"2026-01-30T14:25:43+00:00\" \/>\n<meta property=\"og:image\" content=\"https:\/\/www.culturaltravelmorocco.com\/wp-content\/uploads\/2026\/01\/9-2-1.webp\" \/>\n\t<meta property=\"og:image:width\" content=\"1200\" \/>\n\t<meta property=\"og:image:height\" content=\"1000\" \/>\n\t<meta property=\"og:image:type\" content=\"image\/webp\" \/>\n<meta name=\"twitter:card\" content=\"summary_large_image\" \/>\n<meta name=\"twitter:label1\" content=\"Tempo estimado de leitura\" \/>\n\t<meta name=\"twitter:data1\" content=\"1 minuto\" \/>\n<script type=\"application\/ld+json\" class=\"yoast-schema-graph\">{\"@context\":\"https:\/\/schema.org\",\"@graph\":[{\"@type\":\"WebPage\",\"@id\":\"https:\/\/www.culturaltravelmorocco.com\/pt-pt\/product\/excursao-de-um-dia-a-asilah-a-partir-de-tanger-tour-costeiro-privado\/\",\"url\":\"https:\/\/www.culturaltravelmorocco.com\/pt-pt\/product\/excursao-de-um-dia-a-asilah-a-partir-de-tanger-tour-costeiro-privado\/\",\"name\":\"Excurs\u00e3o de um dia a Asilah a partir de T\u00e2nger, tour costeiro privado - Cultural Travel Morocco\",\"isPartOf\":{\"@id\":\"https:\/\/www.culturaltravelmorocco.com\/pt-pt\/#website\"},\"primaryImageOfPage\":{\"@id\":\"https:\/\/www.culturaltravelmorocco.com\/pt-pt\/product\/excursao-de-um-dia-a-asilah-a-partir-de-tanger-tour-costeiro-privado\/#primaryimage\"},\"image\":{\"@id\":\"https:\/\/www.culturaltravelmorocco.com\/pt-pt\/product\/excursao-de-um-dia-a-asilah-a-partir-de-tanger-tour-costeiro-privado\/#primaryimage\"},\"thumbnailUrl\":\"https:\/\/www.culturaltravelmorocco.com\/wp-content\/uploads\/2026\/01\/9-2-1.webp\",\"datePublished\":\"2026-01-10T12:20:37+00:00\",\"dateModified\":\"2026-01-30T14:25:43+00:00\",\"breadcrumb\":{\"@id\":\"https:\/\/www.culturaltravelmorocco.com\/pt-pt\/product\/excursao-de-um-dia-a-asilah-a-partir-de-tanger-tour-costeiro-privado\/#breadcrumb\"},\"inLanguage\":\"pt-PT\",\"potentialAction\":[{\"@type\":\"ReadAction\",\"target\":[\"https:\/\/www.culturaltravelmorocco.com\/pt-pt\/product\/excursao-de-um-dia-a-asilah-a-partir-de-tanger-tour-costeiro-privado\/\"]}]},{\"@type\":\"ImageObject\",\"inLanguage\":\"pt-PT\",\"@id\":\"https:\/\/www.culturaltravelmorocco.com\/pt-pt\/product\/excursao-de-um-dia-a-asilah-a-partir-de-tanger-tour-costeiro-privado\/#primaryimage\",\"url\":\"https:\/\/www.culturaltravelmorocco.com\/wp-content\/uploads\/2026\/01\/9-2-1.webp\",\"contentUrl\":\"https:\/\/www.culturaltravelmorocco.com\/wp-content\/uploads\/2026\/01\/9-2-1.webp\",\"width\":1200,\"height\":1000},{\"@type\":\"BreadcrumbList\",\"@id\":\"https:\/\/www.culturaltravelmorocco.com\/pt-pt\/product\/excursao-de-um-dia-a-asilah-a-partir-de-tanger-tour-costeiro-privado\/#breadcrumb\",\"itemListElement\":[{\"@type\":\"ListItem\",\"position\":1,\"name\":\"In\u00edcio\",\"item\":\"https:\/\/www.culturaltravelmorocco.com\/pt-pt\/\"},{\"@type\":\"ListItem\",\"position\":2,\"name\":\"Produtos\",\"item\":\"https:\/\/www.culturaltravelmorocco.com\/pt-pt\/shop\/\"},{\"@type\":\"ListItem\",\"position\":3,\"name\":\"Excurs\u00e3o de um dia a Asilah a partir de T\u00e2nger, tour costeiro privado\"}]},{\"@type\":\"WebSite\",\"@id\":\"https:\/\/www.culturaltravelmorocco.com\/pt-pt\/#website\",\"url\":\"https:\/\/www.culturaltravelmorocco.com\/pt-pt\/\",\"name\":\"Cultural Travel Morocco\",\"description\":\"\",\"potentialAction\":[{\"@type\":\"SearchAction\",\"target\":{\"@type\":\"EntryPoint\",\"urlTemplate\":\"https:\/\/www.culturaltravelmorocco.com\/pt-pt\/?s={search_term_string}\"},\"query-input\":{\"@type\":\"PropertyValueSpecification\",\"valueRequired\":true,\"valueName\":\"search_term_string\"}}],\"inLanguage\":\"pt-PT\"}]}<\/script>\n<!-- \/ Yoast SEO Premium plugin. -->","yoast_head_json":{"title":"Excurs\u00e3o de um dia a Asilah a partir de T\u00e2nger, tour costeiro privado - Cultural Travel Morocco","robots":{"index":"index","follow":"follow","max-snippet":"max-snippet:-1","max-image-preview":"max-image-preview:large","max-video-preview":"max-video-preview:-1"},"canonical":"https:\/\/www.culturaltravelmorocco.com\/pt-pt\/product\/excursao-de-um-dia-a-asilah-a-partir-de-tanger-tour-costeiro-privado\/","og_locale":"pt_PT","og_type":"article","og_title":"Excurs\u00e3o de um dia a Asilah a partir de T\u00e2nger, tour costeiro privado","og_description":"Vis\u00e3o geral: \u00c0s 9h00, iremos busc\u00e1-lo ao seu hotel ou riad em T\u00e2nger e viajaremos para norte ao longo da costa atl\u00e2ntica para descobrir Asilah, uma das cidades costeiras mais encantadoras do norte de Marrocos. Conhecida pelas suas muralhas caiadas de branco, fortifica\u00e7\u00f5es hist\u00f3ricas e atmosfera art\u00edstica, Asilah \u00e9 um destino tranquilo onde a hist\u00f3ria, [&hellip;]","og_url":"https:\/\/www.culturaltravelmorocco.com\/pt-pt\/product\/excursao-de-um-dia-a-asilah-a-partir-de-tanger-tour-costeiro-privado\/","og_site_name":"Cultural Travel Morocco","article_modified_time":"2026-01-30T14:25:43+00:00","og_image":[{"width":1200,"height":1000,"url":"https:\/\/www.culturaltravelmorocco.com\/wp-content\/uploads\/2026\/01\/9-2-1.webp","type":"image\/webp"}],"twitter_card":"summary_large_image","twitter_misc":{"Tempo estimado de leitura":"1 minuto"},"schema":{"@context":"https:\/\/schema.org","@graph":[{"@type":"WebPage","@id":"https:\/\/www.culturaltravelmorocco.com\/pt-pt\/product\/excursao-de-um-dia-a-asilah-a-partir-de-tanger-tour-costeiro-privado\/","url":"https:\/\/www.culturaltravelmorocco.com\/pt-pt\/product\/excursao-de-um-dia-a-asilah-a-partir-de-tanger-tour-costeiro-privado\/","name":"Excurs\u00e3o de um dia a Asilah a partir de T\u00e2nger, tour costeiro privado - Cultural Travel Morocco","isPartOf":{"@id":"https:\/\/www.culturaltravelmorocco.com\/pt-pt\/#website"},"primaryImageOfPage":{"@id":"https:\/\/www.culturaltravelmorocco.com\/pt-pt\/product\/excursao-de-um-dia-a-asilah-a-partir-de-tanger-tour-costeiro-privado\/#primaryimage"},"image":{"@id":"https:\/\/www.culturaltravelmorocco.com\/pt-pt\/product\/excursao-de-um-dia-a-asilah-a-partir-de-tanger-tour-costeiro-privado\/#primaryimage"},"thumbnailUrl":"https:\/\/www.culturaltravelmorocco.com\/wp-content\/uploads\/2026\/01\/9-2-1.webp","datePublished":"2026-01-10T12:20:37+00:00","dateModified":"2026-01-30T14:25:43+00:00","breadcrumb":{"@id":"https:\/\/www.culturaltravelmorocco.com\/pt-pt\/product\/excursao-de-um-dia-a-asilah-a-partir-de-tanger-tour-costeiro-privado\/#breadcrumb"},"inLanguage":"pt-PT","potentialAction":[{"@type":"ReadAction","target":["https:\/\/www.culturaltravelmorocco.com\/pt-pt\/product\/excursao-de-um-dia-a-asilah-a-partir-de-tanger-tour-costeiro-privado\/"]}]},{"@type":"ImageObject","inLanguage":"pt-PT","@id":"https:\/\/www.culturaltravelmorocco.com\/pt-pt\/product\/excursao-de-um-dia-a-asilah-a-partir-de-tanger-tour-costeiro-privado\/#primaryimage","url":"https:\/\/www.culturaltravelmorocco.com\/wp-content\/uploads\/2026\/01\/9-2-1.webp","contentUrl":"https:\/\/www.culturaltravelmorocco.com\/wp-content\/uploads\/2026\/01\/9-2-1.webp","width":1200,"height":1000},{"@type":"BreadcrumbList","@id":"https:\/\/www.culturaltravelmorocco.com\/pt-pt\/product\/excursao-de-um-dia-a-asilah-a-partir-de-tanger-tour-costeiro-privado\/#breadcrumb","itemListElement":[{"@type":"ListItem","position":1,"name":"In\u00edcio","item":"https:\/\/www.culturaltravelmorocco.com\/pt-pt\/"},{"@type":"ListItem","position":2,"name":"Produtos","item":"https:\/\/www.culturaltravelmorocco.com\/pt-pt\/shop\/"},{"@type":"ListItem","position":3,"name":"Excurs\u00e3o de um dia a Asilah a partir de T\u00e2nger, tour costeiro privado"}]},{"@type":"WebSite","@id":"https:\/\/www.culturaltravelmorocco.com\/pt-pt\/#website","url":"https:\/\/www.culturaltravelmorocco.com\/pt-pt\/","name":"Cultural Travel Morocco","description":"","potentialAction":[{"@type":"SearchAction","target":{"@type":"EntryPoint","urlTemplate":"https:\/\/www.culturaltravelmorocco.com\/pt-pt\/?s={search_term_string}"},"query-input":{"@type":"PropertyValueSpecification","valueRequired":true,"valueName":"search_term_string"}}],"inLanguage":"pt-PT"}]}},"_links":{"self":[{"href":"https:\/\/www.culturaltravelmorocco.com\/pt-pt\/wp-json\/wp\/v2\/product\/11941","targetHints":{"allow":["GET"]}}],"collection":[{"href":"https:\/\/www.culturaltravelmorocco.com\/pt-pt\/wp-json\/wp\/v2\/product"}],"about":[{"href":"https:\/\/www.culturaltravelmorocco.com\/pt-pt\/wp-json\/wp\/v2\/types\/product"}],"replies":[{"embeddable":true,"href":"https:\/\/www.culturaltravelmorocco.com\/pt-pt\/wp-json\/wp\/v2\/comments?post=11941"}],"wp:featuredmedia":[{"embeddable":true,"href":"https:\/\/www.culturaltravelmorocco.com\/pt-pt\/wp-json\/wp\/v2\/media\/11942"}],"wp:attachment":[{"href":"https:\/\/www.culturaltravelmorocco.com\/pt-pt\/wp-json\/wp\/v2\/media?parent=11941"}],"wp:term":[{"taxonomy":"product_brand","embeddable":true,"href":"https:\/\/www.culturaltravelmorocco.com\/pt-pt\/wp-json\/wp\/v2\/product_brand?post=11941"},{"taxonomy":"product_cat","embeddable":true,"href":"https:\/\/www.culturaltravelmorocco.com\/pt-pt\/wp-json\/wp\/v2\/product_cat?post=11941"},{"taxonomy":"product_tag","embeddable":true,"href":"https:\/\/www.culturaltravelmorocco.com\/pt-pt\/wp-json\/wp\/v2\/product_tag?post=11941"}],"curies":[{"name":"wp","href":"https:\/\/api.w.org\/{rel}","templated":true}]}}