{"id":11953,"date":"2026-01-10T12:20:37","date_gmt":"2026-01-10T12:20:37","guid":{"rendered":"https:\/\/www.culturaltravelmorocco.com\/product\/2-day-private-tour-from-fez-to-chefchaouen-volubilis-meknes\/"},"modified":"2026-01-30T14:24:41","modified_gmt":"2026-01-30T14:24:41","slug":"excursao-privada-de-2-dias-de-fez-a-chefchaouen-volubilis-e-meknes","status":"publish","type":"product","link":"https:\/\/www.culturaltravelmorocco.com\/pt-pt\/product\/excursao-privada-de-2-dias-de-fez-a-chefchaouen-volubilis-e-meknes\/","title":{"rendered":"Excurs\u00e3o privada de 2 dias de Fez a Chefchaouen, Volubilis e Meknes"},"content":{"rendered":"<h2>Vis\u00e3o geral:<\/h2>\n<p>Este tour privado de 2 dias de Fez a Chefchaouen \u00e9 a forma perfeita de descobrir os destinos mais emblem\u00e1ticos do norte de Marrocos a um ritmo tranquilo. \u00c0s 9h00, o seu guia-motorista profissional, que fala espanhol, ir\u00e1 busc\u00e1-lo ao seu hotel ou riad em Fez e iniciar a viagem atrav\u00e9s de paisagens montanhosas deslumbrantes em dire\u00e7\u00e3o \u00e0 famosa Cidade Azul de Chefchaouen, aninhada nas Montanhas Rif. Ao longo do caminho, desfrute de paragens para fotos, miradouros com vistas panor\u00e2micas e uma pausa para um ch\u00e1 relaxante nas montanhas antes de chegar a esta cidade m\u00e1gica pintada de azul.<\/p>\n<p>No segundo dia, ap\u00f3s o pequeno-almo\u00e7o, a viagem continua pela rica hist\u00f3ria de Marrocos com visitas \u00e0s ru\u00ednas romanas de Volubilis (Patrim\u00f3nio Mundial da UNESCO), \u00e0 cidade sagrada de Moulay Idris e \u00e0 cidade imperial de Meknes, conhecida pelo seu impressionante Port\u00e3o Bab El Mansour e pelos seus vibrantes souks. Este tour privado combina cultura, hist\u00f3ria, paisagens e experi\u00eancias locais aut\u00eanticas, antes de regressar confortavelmente a Fez \u00e0 tarde.<\/p>\n","protected":false},"excerpt":{"rendered":"<p>Vis\u00e3o geral: Este tour privado de 2 dias de Fez a Chefchaouen \u00e9 a forma perfeita de descobrir os destinos mais emblem\u00e1ticos do norte de Marrocos a um ritmo tranquilo. \u00c0s 9h00, o seu guia-motorista profissional, que fala espanhol, ir\u00e1 busc\u00e1-lo ao seu hotel ou riad em Fez e iniciar a viagem atrav\u00e9s de paisagens [&hellip;]<\/p>\n","protected":false},"featured_media":11954,"comment_status":"closed","ping_status":"closed","template":"","meta":{"_joinchat":[]},"product_brand":[],"product_cat":[120,119],"product_tag":[],"class_list":{"0":"post-11953","1":"product","2":"type-product","3":"status-publish","4":"has-post-thumbnail","6":"product_cat-excursao-de-um-dia-a-partir-de-fez","7":"product_cat-passeios-de-um-dia","9":"first","10":"instock","11":"purchasable","12":"product-type-ovabrw_car_rental"},"yoast_head":"<!-- This site is optimized with the Yoast SEO Premium plugin v25.0 (Yoast SEO v25.0) - https:\/\/yoast.com\/wordpress\/plugins\/seo\/ -->\n<title>Excurs\u00e3o privada de 2 dias de Fez a Chefchaouen, Volubilis e Meknes - Cultural Travel Morocco<\/title>\n<meta name=\"robots\" content=\"index, follow, max-snippet:-1, max-image-preview:large, max-video-preview:-1\" \/>\n<link rel=\"canonical\" href=\"https:\/\/www.culturaltravelmorocco.com\/pt-pt\/product\/excursao-privada-de-2-dias-de-fez-a-chefchaouen-volubilis-e-meknes\/\" \/>\n<meta property=\"og:locale\" content=\"pt_PT\" \/>\n<meta property=\"og:type\" content=\"article\" \/>\n<meta property=\"og:title\" content=\"Excurs\u00e3o privada de 2 dias de Fez a Chefchaouen, Volubilis e Meknes\" \/>\n<meta property=\"og:description\" content=\"Vis\u00e3o geral: Este tour privado de 2 dias de Fez a Chefchaouen \u00e9 a forma perfeita de descobrir os destinos mais emblem\u00e1ticos do norte de Marrocos a um ritmo tranquilo. \u00c0s 9h00, o seu guia-motorista profissional, que fala espanhol, ir\u00e1 busc\u00e1-lo ao seu hotel ou riad em Fez e iniciar a viagem atrav\u00e9s de paisagens [&hellip;]\" \/>\n<meta property=\"og:url\" content=\"https:\/\/www.culturaltravelmorocco.com\/pt-pt\/product\/excursao-privada-de-2-dias-de-fez-a-chefchaouen-volubilis-e-meknes\/\" \/>\n<meta property=\"og:site_name\" content=\"Cultural Travel Morocco\" \/>\n<meta property=\"article:modified_time\" content=\"2026-01-30T14:24:41+00:00\" \/>\n<meta property=\"og:image\" content=\"https:\/\/www.culturaltravelmorocco.com\/wp-content\/uploads\/2026\/01\/8-4.webp\" \/>\n\t<meta property=\"og:image:width\" content=\"1200\" \/>\n\t<meta property=\"og:image:height\" content=\"1000\" \/>\n\t<meta property=\"og:image:type\" content=\"image\/webp\" \/>\n<meta name=\"twitter:card\" content=\"summary_large_image\" \/>\n<meta name=\"twitter:label1\" content=\"Tempo estimado de leitura\" \/>\n\t<meta name=\"twitter:data1\" content=\"1 minuto\" \/>\n<script type=\"application\/ld+json\" class=\"yoast-schema-graph\">{\"@context\":\"https:\/\/schema.org\",\"@graph\":[{\"@type\":\"WebPage\",\"@id\":\"https:\/\/www.culturaltravelmorocco.com\/pt-pt\/product\/excursao-privada-de-2-dias-de-fez-a-chefchaouen-volubilis-e-meknes\/\",\"url\":\"https:\/\/www.culturaltravelmorocco.com\/pt-pt\/product\/excursao-privada-de-2-dias-de-fez-a-chefchaouen-volubilis-e-meknes\/\",\"name\":\"Excurs\u00e3o privada de 2 dias de Fez a Chefchaouen, Volubilis e Meknes - Cultural Travel Morocco\",\"isPartOf\":{\"@id\":\"https:\/\/www.culturaltravelmorocco.com\/pt-pt\/#website\"},\"primaryImageOfPage\":{\"@id\":\"https:\/\/www.culturaltravelmorocco.com\/pt-pt\/product\/excursao-privada-de-2-dias-de-fez-a-chefchaouen-volubilis-e-meknes\/#primaryimage\"},\"image\":{\"@id\":\"https:\/\/www.culturaltravelmorocco.com\/pt-pt\/product\/excursao-privada-de-2-dias-de-fez-a-chefchaouen-volubilis-e-meknes\/#primaryimage\"},\"thumbnailUrl\":\"https:\/\/www.culturaltravelmorocco.com\/wp-content\/uploads\/2026\/01\/8-4.webp\",\"datePublished\":\"2026-01-10T12:20:37+00:00\",\"dateModified\":\"2026-01-30T14:24:41+00:00\",\"breadcrumb\":{\"@id\":\"https:\/\/www.culturaltravelmorocco.com\/pt-pt\/product\/excursao-privada-de-2-dias-de-fez-a-chefchaouen-volubilis-e-meknes\/#breadcrumb\"},\"inLanguage\":\"pt-PT\",\"potentialAction\":[{\"@type\":\"ReadAction\",\"target\":[\"https:\/\/www.culturaltravelmorocco.com\/pt-pt\/product\/excursao-privada-de-2-dias-de-fez-a-chefchaouen-volubilis-e-meknes\/\"]}]},{\"@type\":\"ImageObject\",\"inLanguage\":\"pt-PT\",\"@id\":\"https:\/\/www.culturaltravelmorocco.com\/pt-pt\/product\/excursao-privada-de-2-dias-de-fez-a-chefchaouen-volubilis-e-meknes\/#primaryimage\",\"url\":\"https:\/\/www.culturaltravelmorocco.com\/wp-content\/uploads\/2026\/01\/8-4.webp\",\"contentUrl\":\"https:\/\/www.culturaltravelmorocco.com\/wp-content\/uploads\/2026\/01\/8-4.webp\",\"width\":1200,\"height\":1000},{\"@type\":\"BreadcrumbList\",\"@id\":\"https:\/\/www.culturaltravelmorocco.com\/pt-pt\/product\/excursao-privada-de-2-dias-de-fez-a-chefchaouen-volubilis-e-meknes\/#breadcrumb\",\"itemListElement\":[{\"@type\":\"ListItem\",\"position\":1,\"name\":\"In\u00edcio\",\"item\":\"https:\/\/www.culturaltravelmorocco.com\/pt-pt\/\"},{\"@type\":\"ListItem\",\"position\":2,\"name\":\"Produtos\",\"item\":\"https:\/\/www.culturaltravelmorocco.com\/pt-pt\/shop\/\"},{\"@type\":\"ListItem\",\"position\":3,\"name\":\"Excurs\u00e3o privada de 2 dias de Fez a Chefchaouen, Volubilis e Meknes\"}]},{\"@type\":\"WebSite\",\"@id\":\"https:\/\/www.culturaltravelmorocco.com\/pt-pt\/#website\",\"url\":\"https:\/\/www.culturaltravelmorocco.com\/pt-pt\/\",\"name\":\"Cultural Travel Morocco\",\"description\":\"\",\"potentialAction\":[{\"@type\":\"SearchAction\",\"target\":{\"@type\":\"EntryPoint\",\"urlTemplate\":\"https:\/\/www.culturaltravelmorocco.com\/pt-pt\/?s={search_term_string}\"},\"query-input\":{\"@type\":\"PropertyValueSpecification\",\"valueRequired\":true,\"valueName\":\"search_term_string\"}}],\"inLanguage\":\"pt-PT\"}]}<\/script>\n<!-- \/ Yoast SEO Premium plugin. -->","yoast_head_json":{"title":"Excurs\u00e3o privada de 2 dias de Fez a Chefchaouen, Volubilis e Meknes - Cultural Travel Morocco","robots":{"index":"index","follow":"follow","max-snippet":"max-snippet:-1","max-image-preview":"max-image-preview:large","max-video-preview":"max-video-preview:-1"},"canonical":"https:\/\/www.culturaltravelmorocco.com\/pt-pt\/product\/excursao-privada-de-2-dias-de-fez-a-chefchaouen-volubilis-e-meknes\/","og_locale":"pt_PT","og_type":"article","og_title":"Excurs\u00e3o privada de 2 dias de Fez a Chefchaouen, Volubilis e Meknes","og_description":"Vis\u00e3o geral: Este tour privado de 2 dias de Fez a Chefchaouen \u00e9 a forma perfeita de descobrir os destinos mais emblem\u00e1ticos do norte de Marrocos a um ritmo tranquilo. \u00c0s 9h00, o seu guia-motorista profissional, que fala espanhol, ir\u00e1 busc\u00e1-lo ao seu hotel ou riad em Fez e iniciar a viagem atrav\u00e9s de paisagens [&hellip;]","og_url":"https:\/\/www.culturaltravelmorocco.com\/pt-pt\/product\/excursao-privada-de-2-dias-de-fez-a-chefchaouen-volubilis-e-meknes\/","og_site_name":"Cultural Travel Morocco","article_modified_time":"2026-01-30T14:24:41+00:00","og_image":[{"width":1200,"height":1000,"url":"https:\/\/www.culturaltravelmorocco.com\/wp-content\/uploads\/2026\/01\/8-4.webp","type":"image\/webp"}],"twitter_card":"summary_large_image","twitter_misc":{"Tempo estimado de leitura":"1 minuto"},"schema":{"@context":"https:\/\/schema.org","@graph":[{"@type":"WebPage","@id":"https:\/\/www.culturaltravelmorocco.com\/pt-pt\/product\/excursao-privada-de-2-dias-de-fez-a-chefchaouen-volubilis-e-meknes\/","url":"https:\/\/www.culturaltravelmorocco.com\/pt-pt\/product\/excursao-privada-de-2-dias-de-fez-a-chefchaouen-volubilis-e-meknes\/","name":"Excurs\u00e3o privada de 2 dias de Fez a Chefchaouen, Volubilis e Meknes - Cultural Travel Morocco","isPartOf":{"@id":"https:\/\/www.culturaltravelmorocco.com\/pt-pt\/#website"},"primaryImageOfPage":{"@id":"https:\/\/www.culturaltravelmorocco.com\/pt-pt\/product\/excursao-privada-de-2-dias-de-fez-a-chefchaouen-volubilis-e-meknes\/#primaryimage"},"image":{"@id":"https:\/\/www.culturaltravelmorocco.com\/pt-pt\/product\/excursao-privada-de-2-dias-de-fez-a-chefchaouen-volubilis-e-meknes\/#primaryimage"},"thumbnailUrl":"https:\/\/www.culturaltravelmorocco.com\/wp-content\/uploads\/2026\/01\/8-4.webp","datePublished":"2026-01-10T12:20:37+00:00","dateModified":"2026-01-30T14:24:41+00:00","breadcrumb":{"@id":"https:\/\/www.culturaltravelmorocco.com\/pt-pt\/product\/excursao-privada-de-2-dias-de-fez-a-chefchaouen-volubilis-e-meknes\/#breadcrumb"},"inLanguage":"pt-PT","potentialAction":[{"@type":"ReadAction","target":["https:\/\/www.culturaltravelmorocco.com\/pt-pt\/product\/excursao-privada-de-2-dias-de-fez-a-chefchaouen-volubilis-e-meknes\/"]}]},{"@type":"ImageObject","inLanguage":"pt-PT","@id":"https:\/\/www.culturaltravelmorocco.com\/pt-pt\/product\/excursao-privada-de-2-dias-de-fez-a-chefchaouen-volubilis-e-meknes\/#primaryimage","url":"https:\/\/www.culturaltravelmorocco.com\/wp-content\/uploads\/2026\/01\/8-4.webp","contentUrl":"https:\/\/www.culturaltravelmorocco.com\/wp-content\/uploads\/2026\/01\/8-4.webp","width":1200,"height":1000},{"@type":"BreadcrumbList","@id":"https:\/\/www.culturaltravelmorocco.com\/pt-pt\/product\/excursao-privada-de-2-dias-de-fez-a-chefchaouen-volubilis-e-meknes\/#breadcrumb","itemListElement":[{"@type":"ListItem","position":1,"name":"In\u00edcio","item":"https:\/\/www.culturaltravelmorocco.com\/pt-pt\/"},{"@type":"ListItem","position":2,"name":"Produtos","item":"https:\/\/www.culturaltravelmorocco.com\/pt-pt\/shop\/"},{"@type":"ListItem","position":3,"name":"Excurs\u00e3o privada de 2 dias de Fez a Chefchaouen, Volubilis e Meknes"}]},{"@type":"WebSite","@id":"https:\/\/www.culturaltravelmorocco.com\/pt-pt\/#website","url":"https:\/\/www.culturaltravelmorocco.com\/pt-pt\/","name":"Cultural Travel Morocco","description":"","potentialAction":[{"@type":"SearchAction","target":{"@type":"EntryPoint","urlTemplate":"https:\/\/www.culturaltravelmorocco.com\/pt-pt\/?s={search_term_string}"},"query-input":{"@type":"PropertyValueSpecification","valueRequired":true,"valueName":"search_term_string"}}],"inLanguage":"pt-PT"}]}},"_links":{"self":[{"href":"https:\/\/www.culturaltravelmorocco.com\/pt-pt\/wp-json\/wp\/v2\/product\/11953","targetHints":{"allow":["GET"]}}],"collection":[{"href":"https:\/\/www.culturaltravelmorocco.com\/pt-pt\/wp-json\/wp\/v2\/product"}],"about":[{"href":"https:\/\/www.culturaltravelmorocco.com\/pt-pt\/wp-json\/wp\/v2\/types\/product"}],"replies":[{"embeddable":true,"href":"https:\/\/www.culturaltravelmorocco.com\/pt-pt\/wp-json\/wp\/v2\/comments?post=11953"}],"wp:featuredmedia":[{"embeddable":true,"href":"https:\/\/www.culturaltravelmorocco.com\/pt-pt\/wp-json\/wp\/v2\/media\/11954"}],"wp:attachment":[{"href":"https:\/\/www.culturaltravelmorocco.com\/pt-pt\/wp-json\/wp\/v2\/media?parent=11953"}],"wp:term":[{"taxonomy":"product_brand","embeddable":true,"href":"https:\/\/www.culturaltravelmorocco.com\/pt-pt\/wp-json\/wp\/v2\/product_brand?post=11953"},{"taxonomy":"product_cat","embeddable":true,"href":"https:\/\/www.culturaltravelmorocco.com\/pt-pt\/wp-json\/wp\/v2\/product_cat?post=11953"},{"taxonomy":"product_tag","embeddable":true,"href":"https:\/\/www.culturaltravelmorocco.com\/pt-pt\/wp-json\/wp\/v2\/product_tag?post=11953"}],"curies":[{"name":"wp","href":"https:\/\/api.w.org\/{rel}","templated":true}]}}