{"id":11971,"date":"2026-01-10T12:20:37","date_gmt":"2026-01-10T12:20:37","guid":{"rendered":"https:\/\/www.culturaltravelmorocco.com\/product\/8-day-morocco-tour-from-tangier-to-marrakech-culture-desert-nature\/"},"modified":"2026-01-30T14:18:38","modified_gmt":"2026-01-30T14:18:38","slug":"excursao-de-8-dias-por-marrocos-de-tanger-a-marrakech-cultura-deserto-e-natureza","status":"publish","type":"product","link":"https:\/\/www.culturaltravelmorocco.com\/pt-pt\/product\/excursao-de-8-dias-por-marrocos-de-tanger-a-marrakech-cultura-deserto-e-natureza\/","title":{"rendered":"Excurs\u00e3o de 8 dias por Marrocos, de T\u00e2nger a Marrakech \u2013 Cultura, Deserto e Natureza"},"content":{"rendered":"<h2>Vis\u00e3o geral:<\/h2>\n<p>Este circuito de 8 dias, de T\u00e2nger a Marraquexe, \u00e9 a escolha perfeita para os viajantes que desejam experienciar a cultura e a natureza de Marrocos em igual medida. Come\u00e7ando no extremo norte e terminando no vibrante sul, o roteiro liga cidades hist\u00f3ricas, tesouros arqueol\u00f3gicos, aldeias encantadoras e paisagens de cortar a respira\u00e7\u00e3o. As visitas guiadas em Fez e Marraquexe permitem explorar em pleno as suas medinas e monumentos, enquanto outros destaques, como Tetu\u00e3o, Meknes, Volubilis e o ic\u00f3nico Ait Ben Haddou, revelam o excecional patrim\u00f3nio art\u00edstico e hist\u00f3rico do pa\u00eds, grande parte dele reconhecido como Patrim\u00f3nio Mundial da UNESCO.<\/p>\n<p>A natureza desempenha um papel igualmente importante nesta viagem. Das majestosas dunas de Erg Chebbi, no Deserto do Saara, ao exuberante Parque Nacional de Ifrane, passando pelas impressionantes Gargantas de Todra e pelo Vale do Dades repleto de palmeiras, este roteiro apresenta os ambientes naturais mais espetaculares de Marrocos. Ao longo do caminho, tamb\u00e9m descobrir\u00e1 aldeias aut\u00eanticas como Chefchaouen e Rissani, onde a vida e as tradi\u00e7\u00f5es locais permanecem profundamente enraizadas. Ao longo de 8 dias e 7 noites, viajando confortavelmente por estrada e desfrutando de um passeio de camelo no deserto, este itiner\u00e1rio oferece uma aventura inesquec\u00edvel de norte a sul de Marrocos, rica em contrastes, hist\u00f3ria e paisagens.<\/p>\n","protected":false},"excerpt":{"rendered":"<p>Vis\u00e3o geral: Este circuito de 8 dias, de T\u00e2nger a Marraquexe, \u00e9 a escolha perfeita para os viajantes que desejam experienciar a cultura e a natureza de Marrocos em igual medida. Come\u00e7ando no extremo norte e terminando no vibrante sul, o roteiro liga cidades hist\u00f3ricas, tesouros arqueol\u00f3gicos, aldeias encantadoras e paisagens de cortar a respira\u00e7\u00e3o. [&hellip;]<\/p>\n","protected":false},"featured_media":11972,"comment_status":"closed","ping_status":"closed","template":"","meta":{"_joinchat":[]},"product_brand":[],"product_cat":[126],"product_tag":[],"class_list":{"0":"post-11971","1":"product","2":"type-product","3":"status-publish","4":"has-post-thumbnail","6":"product_cat-tours-desde-tanger","8":"first","9":"instock","10":"purchasable","11":"product-type-ovabrw_car_rental"},"yoast_head":"<!-- This site is optimized with the Yoast SEO Premium plugin v25.0 (Yoast SEO v25.0) - https:\/\/yoast.com\/wordpress\/plugins\/seo\/ -->\n<title>Excurs\u00e3o de 8 dias por Marrocos, de T\u00e2nger a Marrakech \u2013 Cultura, Deserto e Natureza - Cultural Travel Morocco<\/title>\n<meta name=\"robots\" content=\"index, follow, max-snippet:-1, max-image-preview:large, max-video-preview:-1\" \/>\n<link rel=\"canonical\" href=\"https:\/\/www.culturaltravelmorocco.com\/pt-pt\/product\/excursao-de-8-dias-por-marrocos-de-tanger-a-marrakech-cultura-deserto-e-natureza\/\" \/>\n<meta property=\"og:locale\" content=\"pt_PT\" \/>\n<meta property=\"og:type\" content=\"article\" \/>\n<meta property=\"og:title\" content=\"Excurs\u00e3o de 8 dias por Marrocos, de T\u00e2nger a Marrakech \u2013 Cultura, Deserto e Natureza\" \/>\n<meta property=\"og:description\" content=\"Vis\u00e3o geral: Este circuito de 8 dias, de T\u00e2nger a Marraquexe, \u00e9 a escolha perfeita para os viajantes que desejam experienciar a cultura e a natureza de Marrocos em igual medida. Come\u00e7ando no extremo norte e terminando no vibrante sul, o roteiro liga cidades hist\u00f3ricas, tesouros arqueol\u00f3gicos, aldeias encantadoras e paisagens de cortar a respira\u00e7\u00e3o. [&hellip;]\" \/>\n<meta property=\"og:url\" content=\"https:\/\/www.culturaltravelmorocco.com\/pt-pt\/product\/excursao-de-8-dias-por-marrocos-de-tanger-a-marrakech-cultura-deserto-e-natureza\/\" \/>\n<meta property=\"og:site_name\" content=\"Cultural Travel Morocco\" \/>\n<meta property=\"article:modified_time\" content=\"2026-01-30T14:18:38+00:00\" \/>\n<meta property=\"og:image\" content=\"https:\/\/www.culturaltravelmorocco.com\/wp-content\/uploads\/2026\/01\/16-1-1.webp\" \/>\n\t<meta property=\"og:image:width\" content=\"1200\" \/>\n\t<meta property=\"og:image:height\" content=\"1000\" \/>\n\t<meta property=\"og:image:type\" content=\"image\/webp\" \/>\n<meta name=\"twitter:card\" content=\"summary_large_image\" \/>\n<meta name=\"twitter:label1\" content=\"Tempo estimado de leitura\" \/>\n\t<meta name=\"twitter:data1\" content=\"2 minutos\" \/>\n<script type=\"application\/ld+json\" class=\"yoast-schema-graph\">{\"@context\":\"https:\/\/schema.org\",\"@graph\":[{\"@type\":\"WebPage\",\"@id\":\"https:\/\/www.culturaltravelmorocco.com\/pt-pt\/product\/excursao-de-8-dias-por-marrocos-de-tanger-a-marrakech-cultura-deserto-e-natureza\/\",\"url\":\"https:\/\/www.culturaltravelmorocco.com\/pt-pt\/product\/excursao-de-8-dias-por-marrocos-de-tanger-a-marrakech-cultura-deserto-e-natureza\/\",\"name\":\"Excurs\u00e3o de 8 dias por Marrocos, de T\u00e2nger a Marrakech \u2013 Cultura, Deserto e Natureza - Cultural Travel Morocco\",\"isPartOf\":{\"@id\":\"https:\/\/www.culturaltravelmorocco.com\/pt-pt\/#website\"},\"primaryImageOfPage\":{\"@id\":\"https:\/\/www.culturaltravelmorocco.com\/pt-pt\/product\/excursao-de-8-dias-por-marrocos-de-tanger-a-marrakech-cultura-deserto-e-natureza\/#primaryimage\"},\"image\":{\"@id\":\"https:\/\/www.culturaltravelmorocco.com\/pt-pt\/product\/excursao-de-8-dias-por-marrocos-de-tanger-a-marrakech-cultura-deserto-e-natureza\/#primaryimage\"},\"thumbnailUrl\":\"https:\/\/www.culturaltravelmorocco.com\/wp-content\/uploads\/2026\/01\/16-1-1.webp\",\"datePublished\":\"2026-01-10T12:20:37+00:00\",\"dateModified\":\"2026-01-30T14:18:38+00:00\",\"breadcrumb\":{\"@id\":\"https:\/\/www.culturaltravelmorocco.com\/pt-pt\/product\/excursao-de-8-dias-por-marrocos-de-tanger-a-marrakech-cultura-deserto-e-natureza\/#breadcrumb\"},\"inLanguage\":\"pt-PT\",\"potentialAction\":[{\"@type\":\"ReadAction\",\"target\":[\"https:\/\/www.culturaltravelmorocco.com\/pt-pt\/product\/excursao-de-8-dias-por-marrocos-de-tanger-a-marrakech-cultura-deserto-e-natureza\/\"]}]},{\"@type\":\"ImageObject\",\"inLanguage\":\"pt-PT\",\"@id\":\"https:\/\/www.culturaltravelmorocco.com\/pt-pt\/product\/excursao-de-8-dias-por-marrocos-de-tanger-a-marrakech-cultura-deserto-e-natureza\/#primaryimage\",\"url\":\"https:\/\/www.culturaltravelmorocco.com\/wp-content\/uploads\/2026\/01\/16-1-1.webp\",\"contentUrl\":\"https:\/\/www.culturaltravelmorocco.com\/wp-content\/uploads\/2026\/01\/16-1-1.webp\",\"width\":1200,\"height\":1000},{\"@type\":\"BreadcrumbList\",\"@id\":\"https:\/\/www.culturaltravelmorocco.com\/pt-pt\/product\/excursao-de-8-dias-por-marrocos-de-tanger-a-marrakech-cultura-deserto-e-natureza\/#breadcrumb\",\"itemListElement\":[{\"@type\":\"ListItem\",\"position\":1,\"name\":\"In\u00edcio\",\"item\":\"https:\/\/www.culturaltravelmorocco.com\/pt-pt\/\"},{\"@type\":\"ListItem\",\"position\":2,\"name\":\"Produtos\",\"item\":\"https:\/\/www.culturaltravelmorocco.com\/pt-pt\/shop\/\"},{\"@type\":\"ListItem\",\"position\":3,\"name\":\"Excurs\u00e3o de 8 dias por Marrocos, de T\u00e2nger a Marrakech \u2013 Cultura, Deserto e Natureza\"}]},{\"@type\":\"WebSite\",\"@id\":\"https:\/\/www.culturaltravelmorocco.com\/pt-pt\/#website\",\"url\":\"https:\/\/www.culturaltravelmorocco.com\/pt-pt\/\",\"name\":\"Cultural Travel Morocco\",\"description\":\"\",\"potentialAction\":[{\"@type\":\"SearchAction\",\"target\":{\"@type\":\"EntryPoint\",\"urlTemplate\":\"https:\/\/www.culturaltravelmorocco.com\/pt-pt\/?s={search_term_string}\"},\"query-input\":{\"@type\":\"PropertyValueSpecification\",\"valueRequired\":true,\"valueName\":\"search_term_string\"}}],\"inLanguage\":\"pt-PT\"}]}<\/script>\n<!-- \/ Yoast SEO Premium plugin. -->","yoast_head_json":{"title":"Excurs\u00e3o de 8 dias por Marrocos, de T\u00e2nger a Marrakech \u2013 Cultura, Deserto e Natureza - Cultural Travel Morocco","robots":{"index":"index","follow":"follow","max-snippet":"max-snippet:-1","max-image-preview":"max-image-preview:large","max-video-preview":"max-video-preview:-1"},"canonical":"https:\/\/www.culturaltravelmorocco.com\/pt-pt\/product\/excursao-de-8-dias-por-marrocos-de-tanger-a-marrakech-cultura-deserto-e-natureza\/","og_locale":"pt_PT","og_type":"article","og_title":"Excurs\u00e3o de 8 dias por Marrocos, de T\u00e2nger a Marrakech \u2013 Cultura, Deserto e Natureza","og_description":"Vis\u00e3o geral: Este circuito de 8 dias, de T\u00e2nger a Marraquexe, \u00e9 a escolha perfeita para os viajantes que desejam experienciar a cultura e a natureza de Marrocos em igual medida. Come\u00e7ando no extremo norte e terminando no vibrante sul, o roteiro liga cidades hist\u00f3ricas, tesouros arqueol\u00f3gicos, aldeias encantadoras e paisagens de cortar a respira\u00e7\u00e3o. [&hellip;]","og_url":"https:\/\/www.culturaltravelmorocco.com\/pt-pt\/product\/excursao-de-8-dias-por-marrocos-de-tanger-a-marrakech-cultura-deserto-e-natureza\/","og_site_name":"Cultural Travel Morocco","article_modified_time":"2026-01-30T14:18:38+00:00","og_image":[{"width":1200,"height":1000,"url":"https:\/\/www.culturaltravelmorocco.com\/wp-content\/uploads\/2026\/01\/16-1-1.webp","type":"image\/webp"}],"twitter_card":"summary_large_image","twitter_misc":{"Tempo estimado de leitura":"2 minutos"},"schema":{"@context":"https:\/\/schema.org","@graph":[{"@type":"WebPage","@id":"https:\/\/www.culturaltravelmorocco.com\/pt-pt\/product\/excursao-de-8-dias-por-marrocos-de-tanger-a-marrakech-cultura-deserto-e-natureza\/","url":"https:\/\/www.culturaltravelmorocco.com\/pt-pt\/product\/excursao-de-8-dias-por-marrocos-de-tanger-a-marrakech-cultura-deserto-e-natureza\/","name":"Excurs\u00e3o de 8 dias por Marrocos, de T\u00e2nger a Marrakech \u2013 Cultura, Deserto e Natureza - Cultural Travel Morocco","isPartOf":{"@id":"https:\/\/www.culturaltravelmorocco.com\/pt-pt\/#website"},"primaryImageOfPage":{"@id":"https:\/\/www.culturaltravelmorocco.com\/pt-pt\/product\/excursao-de-8-dias-por-marrocos-de-tanger-a-marrakech-cultura-deserto-e-natureza\/#primaryimage"},"image":{"@id":"https:\/\/www.culturaltravelmorocco.com\/pt-pt\/product\/excursao-de-8-dias-por-marrocos-de-tanger-a-marrakech-cultura-deserto-e-natureza\/#primaryimage"},"thumbnailUrl":"https:\/\/www.culturaltravelmorocco.com\/wp-content\/uploads\/2026\/01\/16-1-1.webp","datePublished":"2026-01-10T12:20:37+00:00","dateModified":"2026-01-30T14:18:38+00:00","breadcrumb":{"@id":"https:\/\/www.culturaltravelmorocco.com\/pt-pt\/product\/excursao-de-8-dias-por-marrocos-de-tanger-a-marrakech-cultura-deserto-e-natureza\/#breadcrumb"},"inLanguage":"pt-PT","potentialAction":[{"@type":"ReadAction","target":["https:\/\/www.culturaltravelmorocco.com\/pt-pt\/product\/excursao-de-8-dias-por-marrocos-de-tanger-a-marrakech-cultura-deserto-e-natureza\/"]}]},{"@type":"ImageObject","inLanguage":"pt-PT","@id":"https:\/\/www.culturaltravelmorocco.com\/pt-pt\/product\/excursao-de-8-dias-por-marrocos-de-tanger-a-marrakech-cultura-deserto-e-natureza\/#primaryimage","url":"https:\/\/www.culturaltravelmorocco.com\/wp-content\/uploads\/2026\/01\/16-1-1.webp","contentUrl":"https:\/\/www.culturaltravelmorocco.com\/wp-content\/uploads\/2026\/01\/16-1-1.webp","width":1200,"height":1000},{"@type":"BreadcrumbList","@id":"https:\/\/www.culturaltravelmorocco.com\/pt-pt\/product\/excursao-de-8-dias-por-marrocos-de-tanger-a-marrakech-cultura-deserto-e-natureza\/#breadcrumb","itemListElement":[{"@type":"ListItem","position":1,"name":"In\u00edcio","item":"https:\/\/www.culturaltravelmorocco.com\/pt-pt\/"},{"@type":"ListItem","position":2,"name":"Produtos","item":"https:\/\/www.culturaltravelmorocco.com\/pt-pt\/shop\/"},{"@type":"ListItem","position":3,"name":"Excurs\u00e3o de 8 dias por Marrocos, de T\u00e2nger a Marrakech \u2013 Cultura, Deserto e Natureza"}]},{"@type":"WebSite","@id":"https:\/\/www.culturaltravelmorocco.com\/pt-pt\/#website","url":"https:\/\/www.culturaltravelmorocco.com\/pt-pt\/","name":"Cultural Travel Morocco","description":"","potentialAction":[{"@type":"SearchAction","target":{"@type":"EntryPoint","urlTemplate":"https:\/\/www.culturaltravelmorocco.com\/pt-pt\/?s={search_term_string}"},"query-input":{"@type":"PropertyValueSpecification","valueRequired":true,"valueName":"search_term_string"}}],"inLanguage":"pt-PT"}]}},"_links":{"self":[{"href":"https:\/\/www.culturaltravelmorocco.com\/pt-pt\/wp-json\/wp\/v2\/product\/11971","targetHints":{"allow":["GET"]}}],"collection":[{"href":"https:\/\/www.culturaltravelmorocco.com\/pt-pt\/wp-json\/wp\/v2\/product"}],"about":[{"href":"https:\/\/www.culturaltravelmorocco.com\/pt-pt\/wp-json\/wp\/v2\/types\/product"}],"replies":[{"embeddable":true,"href":"https:\/\/www.culturaltravelmorocco.com\/pt-pt\/wp-json\/wp\/v2\/comments?post=11971"}],"wp:featuredmedia":[{"embeddable":true,"href":"https:\/\/www.culturaltravelmorocco.com\/pt-pt\/wp-json\/wp\/v2\/media\/11972"}],"wp:attachment":[{"href":"https:\/\/www.culturaltravelmorocco.com\/pt-pt\/wp-json\/wp\/v2\/media?parent=11971"}],"wp:term":[{"taxonomy":"product_brand","embeddable":true,"href":"https:\/\/www.culturaltravelmorocco.com\/pt-pt\/wp-json\/wp\/v2\/product_brand?post=11971"},{"taxonomy":"product_cat","embeddable":true,"href":"https:\/\/www.culturaltravelmorocco.com\/pt-pt\/wp-json\/wp\/v2\/product_cat?post=11971"},{"taxonomy":"product_tag","embeddable":true,"href":"https:\/\/www.culturaltravelmorocco.com\/pt-pt\/wp-json\/wp\/v2\/product_tag?post=11971"}],"curies":[{"name":"wp","href":"https:\/\/api.w.org\/{rel}","templated":true}]}}