{"id":11988,"date":"2026-01-10T12:20:37","date_gmt":"2026-01-10T12:20:37","guid":{"rendered":"https:\/\/www.culturaltravelmorocco.com\/product\/12-day-grand-morocco-tour-from-tangier-to-marrakech\/"},"modified":"2026-01-30T14:21:31","modified_gmt":"2026-01-30T14:21:31","slug":"grande-excursao-de-12-dias-por-marrocos-de-tanger-a-marrakech","status":"publish","type":"product","link":"https:\/\/www.culturaltravelmorocco.com\/pt-pt\/product\/grande-excursao-de-12-dias-por-marrocos-de-tanger-a-marrakech\/","title":{"rendered":"Grande excurs\u00e3o de 12 dias por Marrocos, de T\u00e2nger a Marrakech"},"content":{"rendered":"<h2>Vis\u00e3o geral:<\/h2>\n<p>Este roteiro de 12 dias por Marrocos, de T\u00e2nger a Marraquexe, \u00e9 um dos mais completos que pode experimentar, abrangendo o pa\u00eds de norte a sul, a costa atl\u00e2ntica, o Deserto do Saara e o cora\u00e7\u00e3o hist\u00f3rico de Marrocos. Ideal para viajantes que procuram tanto descobertas como experi\u00eancias mais profundas, o roteiro combina destinos ic\u00f3nicos com viv\u00eancias aut\u00eanticas, permitindo tempo para se conectarem com a cultura local, as tradi\u00e7\u00f5es e o quotidiano. Ao longo de quase duas semanas, esta viagem revela a incr\u00edvel diversidade de Marrocos, mantendo um ritmo confort\u00e1vel e experi\u00eancias imersivas.<\/p>\n<p>O roteiro inclui as quatro Cidades Imperiais \u2014 Fez, Meknes, Rabat e Marraquexe \u2014 cada uma rica em hist\u00f3ria, arquitetura e patrim\u00f3nio real. Al\u00e9m delas, encontrar\u00e1 destinos not\u00e1veis \u200b\u200bcomo Essaouira, Ait Ben Haddou, Tetu\u00e3o e Volubilis, reconhecidos como Patrim\u00f3nio Mundial da UNESCO, bem como cidades encantadoras como Asilah, Chefchaouen, Rissani e Ifrane. A natureza completa a experi\u00eancia com paisagens em constante transforma\u00e7\u00e3o: colinas arborizadas, passos de montanha, dunas des\u00e9rticas de Erg Chebbi, o\u00e1sis repletos de palmeiras, vales f\u00e9rteis e litorais espetaculares. Viajando confortavelmente por terra \u2014 e pelas areias do deserto \u2014 ao longo de 12 dias e 11 noites, este itiner\u00e1rio oferece uma verdadeira grande viagem por Marrocos, rica em cores, cultura e momentos inesquec\u00edveis.<\/p>\n","protected":false},"excerpt":{"rendered":"<p>Vis\u00e3o geral: Este roteiro de 12 dias por Marrocos, de T\u00e2nger a Marraquexe, \u00e9 um dos mais completos que pode experimentar, abrangendo o pa\u00eds de norte a sul, a costa atl\u00e2ntica, o Deserto do Saara e o cora\u00e7\u00e3o hist\u00f3rico de Marrocos. Ideal para viajantes que procuram tanto descobertas como experi\u00eancias mais profundas, o roteiro combina [&hellip;]<\/p>\n","protected":false},"featured_media":11947,"comment_status":"closed","ping_status":"closed","template":"","meta":{"_joinchat":[]},"product_brand":[],"product_cat":[126],"product_tag":[],"class_list":{"0":"post-11988","1":"product","2":"type-product","3":"status-publish","4":"has-post-thumbnail","6":"brw_tour_types-culture","7":"brw_tour_types-family","8":"product_cat-tours-desde-tanger","10":"first","11":"instock","12":"purchasable","13":"product-type-ovabrw_car_rental"},"yoast_head":"<!-- This site is optimized with the Yoast SEO Premium plugin v25.0 (Yoast SEO v25.0) - https:\/\/yoast.com\/wordpress\/plugins\/seo\/ -->\n<title>Grande excurs\u00e3o de 12 dias por Marrocos, de T\u00e2nger a Marrakech - Cultural Travel Morocco<\/title>\n<meta name=\"robots\" content=\"index, follow, max-snippet:-1, max-image-preview:large, max-video-preview:-1\" \/>\n<link rel=\"canonical\" href=\"https:\/\/www.culturaltravelmorocco.com\/pt-pt\/product\/grande-excursao-de-12-dias-por-marrocos-de-tanger-a-marrakech\/\" \/>\n<meta property=\"og:locale\" content=\"pt_PT\" \/>\n<meta property=\"og:type\" content=\"article\" \/>\n<meta property=\"og:title\" content=\"Grande excurs\u00e3o de 12 dias por Marrocos, de T\u00e2nger a Marrakech\" \/>\n<meta property=\"og:description\" content=\"Vis\u00e3o geral: Este roteiro de 12 dias por Marrocos, de T\u00e2nger a Marraquexe, \u00e9 um dos mais completos que pode experimentar, abrangendo o pa\u00eds de norte a sul, a costa atl\u00e2ntica, o Deserto do Saara e o cora\u00e7\u00e3o hist\u00f3rico de Marrocos. Ideal para viajantes que procuram tanto descobertas como experi\u00eancias mais profundas, o roteiro combina [&hellip;]\" \/>\n<meta property=\"og:url\" content=\"https:\/\/www.culturaltravelmorocco.com\/pt-pt\/product\/grande-excursao-de-12-dias-por-marrocos-de-tanger-a-marrakech\/\" \/>\n<meta property=\"og:site_name\" content=\"Cultural Travel Morocco\" \/>\n<meta property=\"article:modified_time\" content=\"2026-01-30T14:21:31+00:00\" \/>\n<meta property=\"og:image\" content=\"https:\/\/www.culturaltravelmorocco.com\/wp-content\/uploads\/2026\/01\/11-4.webp\" \/>\n\t<meta property=\"og:image:width\" content=\"1200\" \/>\n\t<meta property=\"og:image:height\" content=\"1000\" \/>\n\t<meta property=\"og:image:type\" content=\"image\/webp\" \/>\n<meta name=\"twitter:card\" content=\"summary_large_image\" \/>\n<meta name=\"twitter:label1\" content=\"Tempo estimado de leitura\" \/>\n\t<meta name=\"twitter:data1\" content=\"2 minutos\" \/>\n<script type=\"application\/ld+json\" class=\"yoast-schema-graph\">{\"@context\":\"https:\/\/schema.org\",\"@graph\":[{\"@type\":\"WebPage\",\"@id\":\"https:\/\/www.culturaltravelmorocco.com\/pt-pt\/product\/grande-excursao-de-12-dias-por-marrocos-de-tanger-a-marrakech\/\",\"url\":\"https:\/\/www.culturaltravelmorocco.com\/pt-pt\/product\/grande-excursao-de-12-dias-por-marrocos-de-tanger-a-marrakech\/\",\"name\":\"Grande excurs\u00e3o de 12 dias por Marrocos, de T\u00e2nger a Marrakech - Cultural Travel Morocco\",\"isPartOf\":{\"@id\":\"https:\/\/www.culturaltravelmorocco.com\/pt-pt\/#website\"},\"primaryImageOfPage\":{\"@id\":\"https:\/\/www.culturaltravelmorocco.com\/pt-pt\/product\/grande-excursao-de-12-dias-por-marrocos-de-tanger-a-marrakech\/#primaryimage\"},\"image\":{\"@id\":\"https:\/\/www.culturaltravelmorocco.com\/pt-pt\/product\/grande-excursao-de-12-dias-por-marrocos-de-tanger-a-marrakech\/#primaryimage\"},\"thumbnailUrl\":\"https:\/\/www.culturaltravelmorocco.com\/wp-content\/uploads\/2026\/01\/11-4.webp\",\"datePublished\":\"2026-01-10T12:20:37+00:00\",\"dateModified\":\"2026-01-30T14:21:31+00:00\",\"breadcrumb\":{\"@id\":\"https:\/\/www.culturaltravelmorocco.com\/pt-pt\/product\/grande-excursao-de-12-dias-por-marrocos-de-tanger-a-marrakech\/#breadcrumb\"},\"inLanguage\":\"pt-PT\",\"potentialAction\":[{\"@type\":\"ReadAction\",\"target\":[\"https:\/\/www.culturaltravelmorocco.com\/pt-pt\/product\/grande-excursao-de-12-dias-por-marrocos-de-tanger-a-marrakech\/\"]}]},{\"@type\":\"ImageObject\",\"inLanguage\":\"pt-PT\",\"@id\":\"https:\/\/www.culturaltravelmorocco.com\/pt-pt\/product\/grande-excursao-de-12-dias-por-marrocos-de-tanger-a-marrakech\/#primaryimage\",\"url\":\"https:\/\/www.culturaltravelmorocco.com\/wp-content\/uploads\/2026\/01\/11-4.webp\",\"contentUrl\":\"https:\/\/www.culturaltravelmorocco.com\/wp-content\/uploads\/2026\/01\/11-4.webp\",\"width\":1200,\"height\":1000},{\"@type\":\"BreadcrumbList\",\"@id\":\"https:\/\/www.culturaltravelmorocco.com\/pt-pt\/product\/grande-excursao-de-12-dias-por-marrocos-de-tanger-a-marrakech\/#breadcrumb\",\"itemListElement\":[{\"@type\":\"ListItem\",\"position\":1,\"name\":\"In\u00edcio\",\"item\":\"https:\/\/www.culturaltravelmorocco.com\/pt-pt\/\"},{\"@type\":\"ListItem\",\"position\":2,\"name\":\"Produtos\",\"item\":\"https:\/\/www.culturaltravelmorocco.com\/pt-pt\/shop\/\"},{\"@type\":\"ListItem\",\"position\":3,\"name\":\"Grande excurs\u00e3o de 12 dias por Marrocos, de T\u00e2nger a Marrakech\"}]},{\"@type\":\"WebSite\",\"@id\":\"https:\/\/www.culturaltravelmorocco.com\/pt-pt\/#website\",\"url\":\"https:\/\/www.culturaltravelmorocco.com\/pt-pt\/\",\"name\":\"Cultural Travel Morocco\",\"description\":\"\",\"potentialAction\":[{\"@type\":\"SearchAction\",\"target\":{\"@type\":\"EntryPoint\",\"urlTemplate\":\"https:\/\/www.culturaltravelmorocco.com\/pt-pt\/?s={search_term_string}\"},\"query-input\":{\"@type\":\"PropertyValueSpecification\",\"valueRequired\":true,\"valueName\":\"search_term_string\"}}],\"inLanguage\":\"pt-PT\"}]}<\/script>\n<!-- \/ Yoast SEO Premium plugin. -->","yoast_head_json":{"title":"Grande excurs\u00e3o de 12 dias por Marrocos, de T\u00e2nger a Marrakech - Cultural Travel Morocco","robots":{"index":"index","follow":"follow","max-snippet":"max-snippet:-1","max-image-preview":"max-image-preview:large","max-video-preview":"max-video-preview:-1"},"canonical":"https:\/\/www.culturaltravelmorocco.com\/pt-pt\/product\/grande-excursao-de-12-dias-por-marrocos-de-tanger-a-marrakech\/","og_locale":"pt_PT","og_type":"article","og_title":"Grande excurs\u00e3o de 12 dias por Marrocos, de T\u00e2nger a Marrakech","og_description":"Vis\u00e3o geral: Este roteiro de 12 dias por Marrocos, de T\u00e2nger a Marraquexe, \u00e9 um dos mais completos que pode experimentar, abrangendo o pa\u00eds de norte a sul, a costa atl\u00e2ntica, o Deserto do Saara e o cora\u00e7\u00e3o hist\u00f3rico de Marrocos. Ideal para viajantes que procuram tanto descobertas como experi\u00eancias mais profundas, o roteiro combina [&hellip;]","og_url":"https:\/\/www.culturaltravelmorocco.com\/pt-pt\/product\/grande-excursao-de-12-dias-por-marrocos-de-tanger-a-marrakech\/","og_site_name":"Cultural Travel Morocco","article_modified_time":"2026-01-30T14:21:31+00:00","og_image":[{"width":1200,"height":1000,"url":"https:\/\/www.culturaltravelmorocco.com\/wp-content\/uploads\/2026\/01\/11-4.webp","type":"image\/webp"}],"twitter_card":"summary_large_image","twitter_misc":{"Tempo estimado de leitura":"2 minutos"},"schema":{"@context":"https:\/\/schema.org","@graph":[{"@type":"WebPage","@id":"https:\/\/www.culturaltravelmorocco.com\/pt-pt\/product\/grande-excursao-de-12-dias-por-marrocos-de-tanger-a-marrakech\/","url":"https:\/\/www.culturaltravelmorocco.com\/pt-pt\/product\/grande-excursao-de-12-dias-por-marrocos-de-tanger-a-marrakech\/","name":"Grande excurs\u00e3o de 12 dias por Marrocos, de T\u00e2nger a Marrakech - Cultural Travel Morocco","isPartOf":{"@id":"https:\/\/www.culturaltravelmorocco.com\/pt-pt\/#website"},"primaryImageOfPage":{"@id":"https:\/\/www.culturaltravelmorocco.com\/pt-pt\/product\/grande-excursao-de-12-dias-por-marrocos-de-tanger-a-marrakech\/#primaryimage"},"image":{"@id":"https:\/\/www.culturaltravelmorocco.com\/pt-pt\/product\/grande-excursao-de-12-dias-por-marrocos-de-tanger-a-marrakech\/#primaryimage"},"thumbnailUrl":"https:\/\/www.culturaltravelmorocco.com\/wp-content\/uploads\/2026\/01\/11-4.webp","datePublished":"2026-01-10T12:20:37+00:00","dateModified":"2026-01-30T14:21:31+00:00","breadcrumb":{"@id":"https:\/\/www.culturaltravelmorocco.com\/pt-pt\/product\/grande-excursao-de-12-dias-por-marrocos-de-tanger-a-marrakech\/#breadcrumb"},"inLanguage":"pt-PT","potentialAction":[{"@type":"ReadAction","target":["https:\/\/www.culturaltravelmorocco.com\/pt-pt\/product\/grande-excursao-de-12-dias-por-marrocos-de-tanger-a-marrakech\/"]}]},{"@type":"ImageObject","inLanguage":"pt-PT","@id":"https:\/\/www.culturaltravelmorocco.com\/pt-pt\/product\/grande-excursao-de-12-dias-por-marrocos-de-tanger-a-marrakech\/#primaryimage","url":"https:\/\/www.culturaltravelmorocco.com\/wp-content\/uploads\/2026\/01\/11-4.webp","contentUrl":"https:\/\/www.culturaltravelmorocco.com\/wp-content\/uploads\/2026\/01\/11-4.webp","width":1200,"height":1000},{"@type":"BreadcrumbList","@id":"https:\/\/www.culturaltravelmorocco.com\/pt-pt\/product\/grande-excursao-de-12-dias-por-marrocos-de-tanger-a-marrakech\/#breadcrumb","itemListElement":[{"@type":"ListItem","position":1,"name":"In\u00edcio","item":"https:\/\/www.culturaltravelmorocco.com\/pt-pt\/"},{"@type":"ListItem","position":2,"name":"Produtos","item":"https:\/\/www.culturaltravelmorocco.com\/pt-pt\/shop\/"},{"@type":"ListItem","position":3,"name":"Grande excurs\u00e3o de 12 dias por Marrocos, de T\u00e2nger a Marrakech"}]},{"@type":"WebSite","@id":"https:\/\/www.culturaltravelmorocco.com\/pt-pt\/#website","url":"https:\/\/www.culturaltravelmorocco.com\/pt-pt\/","name":"Cultural Travel Morocco","description":"","potentialAction":[{"@type":"SearchAction","target":{"@type":"EntryPoint","urlTemplate":"https:\/\/www.culturaltravelmorocco.com\/pt-pt\/?s={search_term_string}"},"query-input":{"@type":"PropertyValueSpecification","valueRequired":true,"valueName":"search_term_string"}}],"inLanguage":"pt-PT"}]}},"_links":{"self":[{"href":"https:\/\/www.culturaltravelmorocco.com\/pt-pt\/wp-json\/wp\/v2\/product\/11988","targetHints":{"allow":["GET"]}}],"collection":[{"href":"https:\/\/www.culturaltravelmorocco.com\/pt-pt\/wp-json\/wp\/v2\/product"}],"about":[{"href":"https:\/\/www.culturaltravelmorocco.com\/pt-pt\/wp-json\/wp\/v2\/types\/product"}],"replies":[{"embeddable":true,"href":"https:\/\/www.culturaltravelmorocco.com\/pt-pt\/wp-json\/wp\/v2\/comments?post=11988"}],"wp:featuredmedia":[{"embeddable":true,"href":"https:\/\/www.culturaltravelmorocco.com\/pt-pt\/wp-json\/wp\/v2\/media\/11947"}],"wp:attachment":[{"href":"https:\/\/www.culturaltravelmorocco.com\/pt-pt\/wp-json\/wp\/v2\/media?parent=11988"}],"wp:term":[{"taxonomy":"product_brand","embeddable":true,"href":"https:\/\/www.culturaltravelmorocco.com\/pt-pt\/wp-json\/wp\/v2\/product_brand?post=11988"},{"taxonomy":"product_cat","embeddable":true,"href":"https:\/\/www.culturaltravelmorocco.com\/pt-pt\/wp-json\/wp\/v2\/product_cat?post=11988"},{"taxonomy":"product_tag","embeddable":true,"href":"https:\/\/www.culturaltravelmorocco.com\/pt-pt\/wp-json\/wp\/v2\/product_tag?post=11988"}],"curies":[{"name":"wp","href":"https:\/\/api.w.org\/{rel}","templated":true}]}}