{"id":11996,"date":"2026-01-10T12:20:37","date_gmt":"2026-01-10T12:20:37","guid":{"rendered":"https:\/\/www.culturaltravelmorocco.com\/product\/14-day-morocco-grand-tour-from-tangier-to-marrakech\/"},"modified":"2026-01-30T14:23:11","modified_gmt":"2026-01-30T14:23:11","slug":"grande-viagem-de-14-dias-por-marrocos-de-tanger-a-marrakech","status":"publish","type":"product","link":"https:\/\/www.culturaltravelmorocco.com\/pt-pt\/product\/grande-viagem-de-14-dias-por-marrocos-de-tanger-a-marrakech\/","title":{"rendered":"Grande Viagem de 14 Dias por Marrocos: de T\u00e2nger a Marrakech"},"content":{"rendered":"<h2>Vis\u00e3o geral:<\/h2>\n<p>Este roteiro de 14 dias por Marrocos, de T\u00e2nger a Marraquexe, \u00e9 ideal para viajantes com duas semanas dispon\u00edveis que desejam uma descoberta completa e, ao mesmo tempo, relaxante do pa\u00eds. Planeado a um ritmo tranquilo, o itiner\u00e1rio permite aproveitar cada destino ao m\u00e1ximo, com momentos livres para lazer, compras, gastronomia ou at\u00e9 um mergulho refrescante no mar. Em vez de correr de um lado para o outro, esta viagem centra-se em experi\u00eancias significativas, oferecendo o equil\u00edbrio perfeito entre visitas guiadas e explora\u00e7\u00e3o pessoal num pa\u00eds rico em charme e diversidade.<\/p>\n<p>O itiner\u00e1rio abrange os principais pontos tur\u00edsticos de Marrocos, incluindo as quatro Cidades Imperiais \u2014 Fez, Meknes, Rabat e Marraquexe \u2014 bem como Patrim\u00f3nio Mundial da UNESCO, como Volubilis, Ait Ben Haddou, Tetu\u00e3o e Essaouira. Cidades encantadoras como Chefchaouen, Asilah e Rissani acrescentam autenticidade \u00e0 experi\u00eancia. Em termos naturais, as paisagens desdobram-se numa variedade impressionante: as montanhas do Rif e do Atlas, florestas de cedro, campos de arg\u00e3o, dram\u00e1ticos desfiladeiros no sul e as dunas douradas de Erg Chebbi no deserto do Saara. Viajando num ve\u00edculo de luxo \u2014 e a camelo no deserto \u2014 ao longo de 14 dias e 13 noites, este itiner\u00e1rio oferece uma viagem luxuosa e sem pressas pelo melhor de Marrocos.<\/p>\n","protected":false},"excerpt":{"rendered":"<p>Vis\u00e3o geral: Este roteiro de 14 dias por Marrocos, de T\u00e2nger a Marraquexe, \u00e9 ideal para viajantes com duas semanas dispon\u00edveis que desejam uma descoberta completa e, ao mesmo tempo, relaxante do pa\u00eds. Planeado a um ritmo tranquilo, o itiner\u00e1rio permite aproveitar cada destino ao m\u00e1ximo, com momentos livres para lazer, compras, gastronomia ou at\u00e9 [&hellip;]<\/p>\n","protected":false},"featured_media":11883,"comment_status":"closed","ping_status":"closed","template":"","meta":{"_joinchat":[]},"product_brand":[],"product_cat":[126],"product_tag":[],"class_list":{"0":"post-11996","1":"product","2":"type-product","3":"status-publish","4":"has-post-thumbnail","6":"product_cat-tours-desde-tanger","8":"first","9":"instock","10":"purchasable","11":"product-type-ovabrw_car_rental"},"yoast_head":"<!-- This site is optimized with the Yoast SEO Premium plugin v25.0 (Yoast SEO v25.0) - https:\/\/yoast.com\/wordpress\/plugins\/seo\/ -->\n<title>Grande Viagem de 14 Dias por Marrocos: de T\u00e2nger a Marrakech - Cultural Travel Morocco<\/title>\n<meta name=\"robots\" content=\"index, follow, max-snippet:-1, max-image-preview:large, max-video-preview:-1\" \/>\n<link rel=\"canonical\" href=\"https:\/\/www.culturaltravelmorocco.com\/pt-pt\/product\/grande-viagem-de-14-dias-por-marrocos-de-tanger-a-marrakech\/\" \/>\n<meta property=\"og:locale\" content=\"pt_PT\" \/>\n<meta property=\"og:type\" content=\"article\" \/>\n<meta property=\"og:title\" content=\"Grande Viagem de 14 Dias por Marrocos: de T\u00e2nger a Marrakech\" \/>\n<meta property=\"og:description\" content=\"Vis\u00e3o geral: Este roteiro de 14 dias por Marrocos, de T\u00e2nger a Marraquexe, \u00e9 ideal para viajantes com duas semanas dispon\u00edveis que desejam uma descoberta completa e, ao mesmo tempo, relaxante do pa\u00eds. Planeado a um ritmo tranquilo, o itiner\u00e1rio permite aproveitar cada destino ao m\u00e1ximo, com momentos livres para lazer, compras, gastronomia ou at\u00e9 [&hellip;]\" \/>\n<meta property=\"og:url\" content=\"https:\/\/www.culturaltravelmorocco.com\/pt-pt\/product\/grande-viagem-de-14-dias-por-marrocos-de-tanger-a-marrakech\/\" \/>\n<meta property=\"og:site_name\" content=\"Cultural Travel Morocco\" \/>\n<meta property=\"article:modified_time\" content=\"2026-01-30T14:23:11+00:00\" \/>\n<meta property=\"og:image\" content=\"https:\/\/www.culturaltravelmorocco.com\/wp-content\/uploads\/2026\/01\/17-1-1.webp\" \/>\n\t<meta property=\"og:image:width\" content=\"1200\" \/>\n\t<meta property=\"og:image:height\" content=\"1000\" \/>\n\t<meta property=\"og:image:type\" content=\"image\/webp\" \/>\n<meta name=\"twitter:card\" content=\"summary_large_image\" \/>\n<meta name=\"twitter:label1\" content=\"Tempo estimado de leitura\" \/>\n\t<meta name=\"twitter:data1\" content=\"2 minutos\" \/>\n<script type=\"application\/ld+json\" class=\"yoast-schema-graph\">{\"@context\":\"https:\/\/schema.org\",\"@graph\":[{\"@type\":\"WebPage\",\"@id\":\"https:\/\/www.culturaltravelmorocco.com\/pt-pt\/product\/grande-viagem-de-14-dias-por-marrocos-de-tanger-a-marrakech\/\",\"url\":\"https:\/\/www.culturaltravelmorocco.com\/pt-pt\/product\/grande-viagem-de-14-dias-por-marrocos-de-tanger-a-marrakech\/\",\"name\":\"Grande Viagem de 14 Dias por Marrocos: de T\u00e2nger a Marrakech - Cultural Travel Morocco\",\"isPartOf\":{\"@id\":\"https:\/\/www.culturaltravelmorocco.com\/pt-pt\/#website\"},\"primaryImageOfPage\":{\"@id\":\"https:\/\/www.culturaltravelmorocco.com\/pt-pt\/product\/grande-viagem-de-14-dias-por-marrocos-de-tanger-a-marrakech\/#primaryimage\"},\"image\":{\"@id\":\"https:\/\/www.culturaltravelmorocco.com\/pt-pt\/product\/grande-viagem-de-14-dias-por-marrocos-de-tanger-a-marrakech\/#primaryimage\"},\"thumbnailUrl\":\"https:\/\/www.culturaltravelmorocco.com\/wp-content\/uploads\/2026\/01\/17-1-1.webp\",\"datePublished\":\"2026-01-10T12:20:37+00:00\",\"dateModified\":\"2026-01-30T14:23:11+00:00\",\"breadcrumb\":{\"@id\":\"https:\/\/www.culturaltravelmorocco.com\/pt-pt\/product\/grande-viagem-de-14-dias-por-marrocos-de-tanger-a-marrakech\/#breadcrumb\"},\"inLanguage\":\"pt-PT\",\"potentialAction\":[{\"@type\":\"ReadAction\",\"target\":[\"https:\/\/www.culturaltravelmorocco.com\/pt-pt\/product\/grande-viagem-de-14-dias-por-marrocos-de-tanger-a-marrakech\/\"]}]},{\"@type\":\"ImageObject\",\"inLanguage\":\"pt-PT\",\"@id\":\"https:\/\/www.culturaltravelmorocco.com\/pt-pt\/product\/grande-viagem-de-14-dias-por-marrocos-de-tanger-a-marrakech\/#primaryimage\",\"url\":\"https:\/\/www.culturaltravelmorocco.com\/wp-content\/uploads\/2026\/01\/17-1-1.webp\",\"contentUrl\":\"https:\/\/www.culturaltravelmorocco.com\/wp-content\/uploads\/2026\/01\/17-1-1.webp\",\"width\":1200,\"height\":1000},{\"@type\":\"BreadcrumbList\",\"@id\":\"https:\/\/www.culturaltravelmorocco.com\/pt-pt\/product\/grande-viagem-de-14-dias-por-marrocos-de-tanger-a-marrakech\/#breadcrumb\",\"itemListElement\":[{\"@type\":\"ListItem\",\"position\":1,\"name\":\"In\u00edcio\",\"item\":\"https:\/\/www.culturaltravelmorocco.com\/pt-pt\/\"},{\"@type\":\"ListItem\",\"position\":2,\"name\":\"Produtos\",\"item\":\"https:\/\/www.culturaltravelmorocco.com\/pt-pt\/shop\/\"},{\"@type\":\"ListItem\",\"position\":3,\"name\":\"Grande Viagem de 14 Dias por Marrocos: de T\u00e2nger a Marrakech\"}]},{\"@type\":\"WebSite\",\"@id\":\"https:\/\/www.culturaltravelmorocco.com\/pt-pt\/#website\",\"url\":\"https:\/\/www.culturaltravelmorocco.com\/pt-pt\/\",\"name\":\"Cultural Travel Morocco\",\"description\":\"\",\"potentialAction\":[{\"@type\":\"SearchAction\",\"target\":{\"@type\":\"EntryPoint\",\"urlTemplate\":\"https:\/\/www.culturaltravelmorocco.com\/pt-pt\/?s={search_term_string}\"},\"query-input\":{\"@type\":\"PropertyValueSpecification\",\"valueRequired\":true,\"valueName\":\"search_term_string\"}}],\"inLanguage\":\"pt-PT\"}]}<\/script>\n<!-- \/ Yoast SEO Premium plugin. -->","yoast_head_json":{"title":"Grande Viagem de 14 Dias por Marrocos: de T\u00e2nger a Marrakech - Cultural Travel Morocco","robots":{"index":"index","follow":"follow","max-snippet":"max-snippet:-1","max-image-preview":"max-image-preview:large","max-video-preview":"max-video-preview:-1"},"canonical":"https:\/\/www.culturaltravelmorocco.com\/pt-pt\/product\/grande-viagem-de-14-dias-por-marrocos-de-tanger-a-marrakech\/","og_locale":"pt_PT","og_type":"article","og_title":"Grande Viagem de 14 Dias por Marrocos: de T\u00e2nger a Marrakech","og_description":"Vis\u00e3o geral: Este roteiro de 14 dias por Marrocos, de T\u00e2nger a Marraquexe, \u00e9 ideal para viajantes com duas semanas dispon\u00edveis que desejam uma descoberta completa e, ao mesmo tempo, relaxante do pa\u00eds. Planeado a um ritmo tranquilo, o itiner\u00e1rio permite aproveitar cada destino ao m\u00e1ximo, com momentos livres para lazer, compras, gastronomia ou at\u00e9 [&hellip;]","og_url":"https:\/\/www.culturaltravelmorocco.com\/pt-pt\/product\/grande-viagem-de-14-dias-por-marrocos-de-tanger-a-marrakech\/","og_site_name":"Cultural Travel Morocco","article_modified_time":"2026-01-30T14:23:11+00:00","og_image":[{"width":1200,"height":1000,"url":"https:\/\/www.culturaltravelmorocco.com\/wp-content\/uploads\/2026\/01\/17-1-1.webp","type":"image\/webp"}],"twitter_card":"summary_large_image","twitter_misc":{"Tempo estimado de leitura":"2 minutos"},"schema":{"@context":"https:\/\/schema.org","@graph":[{"@type":"WebPage","@id":"https:\/\/www.culturaltravelmorocco.com\/pt-pt\/product\/grande-viagem-de-14-dias-por-marrocos-de-tanger-a-marrakech\/","url":"https:\/\/www.culturaltravelmorocco.com\/pt-pt\/product\/grande-viagem-de-14-dias-por-marrocos-de-tanger-a-marrakech\/","name":"Grande Viagem de 14 Dias por Marrocos: de T\u00e2nger a Marrakech - Cultural Travel Morocco","isPartOf":{"@id":"https:\/\/www.culturaltravelmorocco.com\/pt-pt\/#website"},"primaryImageOfPage":{"@id":"https:\/\/www.culturaltravelmorocco.com\/pt-pt\/product\/grande-viagem-de-14-dias-por-marrocos-de-tanger-a-marrakech\/#primaryimage"},"image":{"@id":"https:\/\/www.culturaltravelmorocco.com\/pt-pt\/product\/grande-viagem-de-14-dias-por-marrocos-de-tanger-a-marrakech\/#primaryimage"},"thumbnailUrl":"https:\/\/www.culturaltravelmorocco.com\/wp-content\/uploads\/2026\/01\/17-1-1.webp","datePublished":"2026-01-10T12:20:37+00:00","dateModified":"2026-01-30T14:23:11+00:00","breadcrumb":{"@id":"https:\/\/www.culturaltravelmorocco.com\/pt-pt\/product\/grande-viagem-de-14-dias-por-marrocos-de-tanger-a-marrakech\/#breadcrumb"},"inLanguage":"pt-PT","potentialAction":[{"@type":"ReadAction","target":["https:\/\/www.culturaltravelmorocco.com\/pt-pt\/product\/grande-viagem-de-14-dias-por-marrocos-de-tanger-a-marrakech\/"]}]},{"@type":"ImageObject","inLanguage":"pt-PT","@id":"https:\/\/www.culturaltravelmorocco.com\/pt-pt\/product\/grande-viagem-de-14-dias-por-marrocos-de-tanger-a-marrakech\/#primaryimage","url":"https:\/\/www.culturaltravelmorocco.com\/wp-content\/uploads\/2026\/01\/17-1-1.webp","contentUrl":"https:\/\/www.culturaltravelmorocco.com\/wp-content\/uploads\/2026\/01\/17-1-1.webp","width":1200,"height":1000},{"@type":"BreadcrumbList","@id":"https:\/\/www.culturaltravelmorocco.com\/pt-pt\/product\/grande-viagem-de-14-dias-por-marrocos-de-tanger-a-marrakech\/#breadcrumb","itemListElement":[{"@type":"ListItem","position":1,"name":"In\u00edcio","item":"https:\/\/www.culturaltravelmorocco.com\/pt-pt\/"},{"@type":"ListItem","position":2,"name":"Produtos","item":"https:\/\/www.culturaltravelmorocco.com\/pt-pt\/shop\/"},{"@type":"ListItem","position":3,"name":"Grande Viagem de 14 Dias por Marrocos: de T\u00e2nger a Marrakech"}]},{"@type":"WebSite","@id":"https:\/\/www.culturaltravelmorocco.com\/pt-pt\/#website","url":"https:\/\/www.culturaltravelmorocco.com\/pt-pt\/","name":"Cultural Travel Morocco","description":"","potentialAction":[{"@type":"SearchAction","target":{"@type":"EntryPoint","urlTemplate":"https:\/\/www.culturaltravelmorocco.com\/pt-pt\/?s={search_term_string}"},"query-input":{"@type":"PropertyValueSpecification","valueRequired":true,"valueName":"search_term_string"}}],"inLanguage":"pt-PT"}]}},"_links":{"self":[{"href":"https:\/\/www.culturaltravelmorocco.com\/pt-pt\/wp-json\/wp\/v2\/product\/11996","targetHints":{"allow":["GET"]}}],"collection":[{"href":"https:\/\/www.culturaltravelmorocco.com\/pt-pt\/wp-json\/wp\/v2\/product"}],"about":[{"href":"https:\/\/www.culturaltravelmorocco.com\/pt-pt\/wp-json\/wp\/v2\/types\/product"}],"replies":[{"embeddable":true,"href":"https:\/\/www.culturaltravelmorocco.com\/pt-pt\/wp-json\/wp\/v2\/comments?post=11996"}],"wp:featuredmedia":[{"embeddable":true,"href":"https:\/\/www.culturaltravelmorocco.com\/pt-pt\/wp-json\/wp\/v2\/media\/11883"}],"wp:attachment":[{"href":"https:\/\/www.culturaltravelmorocco.com\/pt-pt\/wp-json\/wp\/v2\/media?parent=11996"}],"wp:term":[{"taxonomy":"product_brand","embeddable":true,"href":"https:\/\/www.culturaltravelmorocco.com\/pt-pt\/wp-json\/wp\/v2\/product_brand?post=11996"},{"taxonomy":"product_cat","embeddable":true,"href":"https:\/\/www.culturaltravelmorocco.com\/pt-pt\/wp-json\/wp\/v2\/product_cat?post=11996"},{"taxonomy":"product_tag","embeddable":true,"href":"https:\/\/www.culturaltravelmorocco.com\/pt-pt\/wp-json\/wp\/v2\/product_tag?post=11996"}],"curies":[{"name":"wp","href":"https:\/\/api.w.org\/{rel}","templated":true}]}}