{"id":12005,"date":"2026-01-10T12:20:37","date_gmt":"2026-01-10T12:20:37","guid":{"rendered":"https:\/\/www.culturaltravelmorocco.com\/product\/16-day-grand-morocco-tour-from-tangier-to-casablanca\/"},"modified":"2026-01-30T14:37:22","modified_gmt":"2026-01-30T14:37:22","slug":"grande-excursao-de-16-dias-por-marrocos-de-tanger-a-casablanca","status":"publish","type":"product","link":"https:\/\/www.culturaltravelmorocco.com\/pt-pt\/product\/grande-excursao-de-16-dias-por-marrocos-de-tanger-a-casablanca\/","title":{"rendered":"Grande excurs\u00e3o de 16 dias por Marrocos, de T\u00e2nger a Casablanca"},"content":{"rendered":"<h2>Vis\u00e3o geral:<\/h2>\n<p>Esta excurs\u00e3o de 16 dias por Marrocos, de T\u00e2nger a Casablanca, \u00e9 uma das viagens mais completas da nossa cole\u00e7\u00e3o, concebida para os viajantes que desejam experienciar tudo o que Marrocos tem para oferecer, sem concess\u00f5es. O itiner\u00e1rio combina descobertas culturais, explora\u00e7\u00e3o da natureza e viv\u00eancia aut\u00eantica da vida local, unindo visitas guiadas com tempo livre para compras, relaxamento e atividades pessoais. De cidades vibrantes a aldeias remotas, e de parques deslumbrantes a vastas paisagens des\u00e9rticas exploradas em ve\u00edculos 4&#215;4 e passeios de camelo, esta excurs\u00e3o oferece um ritmo perfeitamente equilibrado que lhe permite desfrutar de cada destino com tranquilidade.<\/p>\n<p>Ao longo da viagem, ir\u00e1 explorar uma concentra\u00e7\u00e3o excecional de Patrim\u00f3nio Mundial da UNESCO, incluindo Marraquexe, Fez, Meknes, Rabat, Essaouira, Volubilis, Tetu\u00e3o e Ait Ben Haddou, bem como cidades encantadoras como Chefchaouen, Asilah, Rissani e Ouarzazate. A natureza revela-se numa variedade de cortar a respira\u00e7\u00e3o: as dunas douradas de Erg Chebbi, os o\u00e1sis repletos de palmeiras do Vale do Dades, as dram\u00e1ticas Gargantas de Todra, os picos nevados do Alto Atlas, as florestas de cedro do M\u00e9dio Atlas, as praias atl\u00e2nticas e os vastos campos de arg\u00e3o. Viajando confortavelmente por estrada durante 16 dias e 15 noites, este grandioso itiner\u00e1rio de norte a sul proporciona uma experi\u00eancia marroquina profunda, envolvente e inesquec\u00edvel, terminando em Casablanca ap\u00f3s descobrir o pa\u00eds na sua plenitude.<\/p>\n","protected":false},"excerpt":{"rendered":"<p>Vis\u00e3o geral: Esta excurs\u00e3o de 16 dias por Marrocos, de T\u00e2nger a Casablanca, \u00e9 uma das viagens mais completas da nossa cole\u00e7\u00e3o, concebida para os viajantes que desejam experienciar tudo o que Marrocos tem para oferecer, sem concess\u00f5es. O itiner\u00e1rio combina descobertas culturais, explora\u00e7\u00e3o da natureza e viv\u00eancia aut\u00eantica da vida local, unindo visitas guiadas [&hellip;]<\/p>\n","protected":false},"featured_media":11986,"comment_status":"closed","ping_status":"closed","template":"","meta":{"_joinchat":[]},"product_brand":[],"product_cat":[126],"product_tag":[],"class_list":{"0":"post-12005","1":"product","2":"type-product","3":"status-publish","4":"has-post-thumbnail","6":"brw_tour_types-beaches","7":"brw_tour_types-culture","8":"brw_tour_types-family","9":"product_cat-tours-desde-tanger","11":"first","12":"instock","13":"purchasable","14":"product-type-ovabrw_car_rental"},"yoast_head":"<!-- This site is optimized with the Yoast SEO Premium plugin v25.0 (Yoast SEO v25.0) - https:\/\/yoast.com\/wordpress\/plugins\/seo\/ -->\n<title>Grande excurs\u00e3o de 16 dias por Marrocos, de T\u00e2nger a Casablanca - Cultural Travel Morocco<\/title>\n<meta name=\"robots\" content=\"index, follow, max-snippet:-1, max-image-preview:large, max-video-preview:-1\" \/>\n<link rel=\"canonical\" href=\"https:\/\/www.culturaltravelmorocco.com\/pt-pt\/product\/grande-excursao-de-16-dias-por-marrocos-de-tanger-a-casablanca\/\" \/>\n<meta property=\"og:locale\" content=\"pt_PT\" \/>\n<meta property=\"og:type\" content=\"article\" \/>\n<meta property=\"og:title\" content=\"Grande excurs\u00e3o de 16 dias por Marrocos, de T\u00e2nger a Casablanca\" \/>\n<meta property=\"og:description\" content=\"Vis\u00e3o geral: Esta excurs\u00e3o de 16 dias por Marrocos, de T\u00e2nger a Casablanca, \u00e9 uma das viagens mais completas da nossa cole\u00e7\u00e3o, concebida para os viajantes que desejam experienciar tudo o que Marrocos tem para oferecer, sem concess\u00f5es. O itiner\u00e1rio combina descobertas culturais, explora\u00e7\u00e3o da natureza e viv\u00eancia aut\u00eantica da vida local, unindo visitas guiadas [&hellip;]\" \/>\n<meta property=\"og:url\" content=\"https:\/\/www.culturaltravelmorocco.com\/pt-pt\/product\/grande-excursao-de-16-dias-por-marrocos-de-tanger-a-casablanca\/\" \/>\n<meta property=\"og:site_name\" content=\"Cultural Travel Morocco\" \/>\n<meta property=\"article:modified_time\" content=\"2026-01-30T14:37:22+00:00\" \/>\n<meta property=\"og:image\" content=\"https:\/\/www.culturaltravelmorocco.com\/wp-content\/uploads\/2026\/01\/2-8-1.webp\" \/>\n\t<meta property=\"og:image:width\" content=\"1200\" \/>\n\t<meta property=\"og:image:height\" content=\"1000\" \/>\n\t<meta property=\"og:image:type\" content=\"image\/webp\" \/>\n<meta name=\"twitter:card\" content=\"summary_large_image\" \/>\n<meta name=\"twitter:label1\" content=\"Tempo estimado de leitura\" \/>\n\t<meta name=\"twitter:data1\" content=\"2 minutos\" \/>\n<script type=\"application\/ld+json\" class=\"yoast-schema-graph\">{\"@context\":\"https:\/\/schema.org\",\"@graph\":[{\"@type\":\"WebPage\",\"@id\":\"https:\/\/www.culturaltravelmorocco.com\/pt-pt\/product\/grande-excursao-de-16-dias-por-marrocos-de-tanger-a-casablanca\/\",\"url\":\"https:\/\/www.culturaltravelmorocco.com\/pt-pt\/product\/grande-excursao-de-16-dias-por-marrocos-de-tanger-a-casablanca\/\",\"name\":\"Grande excurs\u00e3o de 16 dias por Marrocos, de T\u00e2nger a Casablanca - Cultural Travel Morocco\",\"isPartOf\":{\"@id\":\"https:\/\/www.culturaltravelmorocco.com\/pt-pt\/#website\"},\"primaryImageOfPage\":{\"@id\":\"https:\/\/www.culturaltravelmorocco.com\/pt-pt\/product\/grande-excursao-de-16-dias-por-marrocos-de-tanger-a-casablanca\/#primaryimage\"},\"image\":{\"@id\":\"https:\/\/www.culturaltravelmorocco.com\/pt-pt\/product\/grande-excursao-de-16-dias-por-marrocos-de-tanger-a-casablanca\/#primaryimage\"},\"thumbnailUrl\":\"https:\/\/www.culturaltravelmorocco.com\/wp-content\/uploads\/2026\/01\/2-8-1.webp\",\"datePublished\":\"2026-01-10T12:20:37+00:00\",\"dateModified\":\"2026-01-30T14:37:22+00:00\",\"breadcrumb\":{\"@id\":\"https:\/\/www.culturaltravelmorocco.com\/pt-pt\/product\/grande-excursao-de-16-dias-por-marrocos-de-tanger-a-casablanca\/#breadcrumb\"},\"inLanguage\":\"pt-PT\",\"potentialAction\":[{\"@type\":\"ReadAction\",\"target\":[\"https:\/\/www.culturaltravelmorocco.com\/pt-pt\/product\/grande-excursao-de-16-dias-por-marrocos-de-tanger-a-casablanca\/\"]}]},{\"@type\":\"ImageObject\",\"inLanguage\":\"pt-PT\",\"@id\":\"https:\/\/www.culturaltravelmorocco.com\/pt-pt\/product\/grande-excursao-de-16-dias-por-marrocos-de-tanger-a-casablanca\/#primaryimage\",\"url\":\"https:\/\/www.culturaltravelmorocco.com\/wp-content\/uploads\/2026\/01\/2-8-1.webp\",\"contentUrl\":\"https:\/\/www.culturaltravelmorocco.com\/wp-content\/uploads\/2026\/01\/2-8-1.webp\",\"width\":1200,\"height\":1000},{\"@type\":\"BreadcrumbList\",\"@id\":\"https:\/\/www.culturaltravelmorocco.com\/pt-pt\/product\/grande-excursao-de-16-dias-por-marrocos-de-tanger-a-casablanca\/#breadcrumb\",\"itemListElement\":[{\"@type\":\"ListItem\",\"position\":1,\"name\":\"In\u00edcio\",\"item\":\"https:\/\/www.culturaltravelmorocco.com\/pt-pt\/\"},{\"@type\":\"ListItem\",\"position\":2,\"name\":\"Produtos\",\"item\":\"https:\/\/www.culturaltravelmorocco.com\/pt-pt\/shop\/\"},{\"@type\":\"ListItem\",\"position\":3,\"name\":\"Grande excurs\u00e3o de 16 dias por Marrocos, de T\u00e2nger a Casablanca\"}]},{\"@type\":\"WebSite\",\"@id\":\"https:\/\/www.culturaltravelmorocco.com\/pt-pt\/#website\",\"url\":\"https:\/\/www.culturaltravelmorocco.com\/pt-pt\/\",\"name\":\"Cultural Travel Morocco\",\"description\":\"\",\"potentialAction\":[{\"@type\":\"SearchAction\",\"target\":{\"@type\":\"EntryPoint\",\"urlTemplate\":\"https:\/\/www.culturaltravelmorocco.com\/pt-pt\/?s={search_term_string}\"},\"query-input\":{\"@type\":\"PropertyValueSpecification\",\"valueRequired\":true,\"valueName\":\"search_term_string\"}}],\"inLanguage\":\"pt-PT\"}]}<\/script>\n<!-- \/ Yoast SEO Premium plugin. -->","yoast_head_json":{"title":"Grande excurs\u00e3o de 16 dias por Marrocos, de T\u00e2nger a Casablanca - Cultural Travel Morocco","robots":{"index":"index","follow":"follow","max-snippet":"max-snippet:-1","max-image-preview":"max-image-preview:large","max-video-preview":"max-video-preview:-1"},"canonical":"https:\/\/www.culturaltravelmorocco.com\/pt-pt\/product\/grande-excursao-de-16-dias-por-marrocos-de-tanger-a-casablanca\/","og_locale":"pt_PT","og_type":"article","og_title":"Grande excurs\u00e3o de 16 dias por Marrocos, de T\u00e2nger a Casablanca","og_description":"Vis\u00e3o geral: Esta excurs\u00e3o de 16 dias por Marrocos, de T\u00e2nger a Casablanca, \u00e9 uma das viagens mais completas da nossa cole\u00e7\u00e3o, concebida para os viajantes que desejam experienciar tudo o que Marrocos tem para oferecer, sem concess\u00f5es. O itiner\u00e1rio combina descobertas culturais, explora\u00e7\u00e3o da natureza e viv\u00eancia aut\u00eantica da vida local, unindo visitas guiadas [&hellip;]","og_url":"https:\/\/www.culturaltravelmorocco.com\/pt-pt\/product\/grande-excursao-de-16-dias-por-marrocos-de-tanger-a-casablanca\/","og_site_name":"Cultural Travel Morocco","article_modified_time":"2026-01-30T14:37:22+00:00","og_image":[{"width":1200,"height":1000,"url":"https:\/\/www.culturaltravelmorocco.com\/wp-content\/uploads\/2026\/01\/2-8-1.webp","type":"image\/webp"}],"twitter_card":"summary_large_image","twitter_misc":{"Tempo estimado de leitura":"2 minutos"},"schema":{"@context":"https:\/\/schema.org","@graph":[{"@type":"WebPage","@id":"https:\/\/www.culturaltravelmorocco.com\/pt-pt\/product\/grande-excursao-de-16-dias-por-marrocos-de-tanger-a-casablanca\/","url":"https:\/\/www.culturaltravelmorocco.com\/pt-pt\/product\/grande-excursao-de-16-dias-por-marrocos-de-tanger-a-casablanca\/","name":"Grande excurs\u00e3o de 16 dias por Marrocos, de T\u00e2nger a Casablanca - Cultural Travel Morocco","isPartOf":{"@id":"https:\/\/www.culturaltravelmorocco.com\/pt-pt\/#website"},"primaryImageOfPage":{"@id":"https:\/\/www.culturaltravelmorocco.com\/pt-pt\/product\/grande-excursao-de-16-dias-por-marrocos-de-tanger-a-casablanca\/#primaryimage"},"image":{"@id":"https:\/\/www.culturaltravelmorocco.com\/pt-pt\/product\/grande-excursao-de-16-dias-por-marrocos-de-tanger-a-casablanca\/#primaryimage"},"thumbnailUrl":"https:\/\/www.culturaltravelmorocco.com\/wp-content\/uploads\/2026\/01\/2-8-1.webp","datePublished":"2026-01-10T12:20:37+00:00","dateModified":"2026-01-30T14:37:22+00:00","breadcrumb":{"@id":"https:\/\/www.culturaltravelmorocco.com\/pt-pt\/product\/grande-excursao-de-16-dias-por-marrocos-de-tanger-a-casablanca\/#breadcrumb"},"inLanguage":"pt-PT","potentialAction":[{"@type":"ReadAction","target":["https:\/\/www.culturaltravelmorocco.com\/pt-pt\/product\/grande-excursao-de-16-dias-por-marrocos-de-tanger-a-casablanca\/"]}]},{"@type":"ImageObject","inLanguage":"pt-PT","@id":"https:\/\/www.culturaltravelmorocco.com\/pt-pt\/product\/grande-excursao-de-16-dias-por-marrocos-de-tanger-a-casablanca\/#primaryimage","url":"https:\/\/www.culturaltravelmorocco.com\/wp-content\/uploads\/2026\/01\/2-8-1.webp","contentUrl":"https:\/\/www.culturaltravelmorocco.com\/wp-content\/uploads\/2026\/01\/2-8-1.webp","width":1200,"height":1000},{"@type":"BreadcrumbList","@id":"https:\/\/www.culturaltravelmorocco.com\/pt-pt\/product\/grande-excursao-de-16-dias-por-marrocos-de-tanger-a-casablanca\/#breadcrumb","itemListElement":[{"@type":"ListItem","position":1,"name":"In\u00edcio","item":"https:\/\/www.culturaltravelmorocco.com\/pt-pt\/"},{"@type":"ListItem","position":2,"name":"Produtos","item":"https:\/\/www.culturaltravelmorocco.com\/pt-pt\/shop\/"},{"@type":"ListItem","position":3,"name":"Grande excurs\u00e3o de 16 dias por Marrocos, de T\u00e2nger a Casablanca"}]},{"@type":"WebSite","@id":"https:\/\/www.culturaltravelmorocco.com\/pt-pt\/#website","url":"https:\/\/www.culturaltravelmorocco.com\/pt-pt\/","name":"Cultural Travel Morocco","description":"","potentialAction":[{"@type":"SearchAction","target":{"@type":"EntryPoint","urlTemplate":"https:\/\/www.culturaltravelmorocco.com\/pt-pt\/?s={search_term_string}"},"query-input":{"@type":"PropertyValueSpecification","valueRequired":true,"valueName":"search_term_string"}}],"inLanguage":"pt-PT"}]}},"_links":{"self":[{"href":"https:\/\/www.culturaltravelmorocco.com\/pt-pt\/wp-json\/wp\/v2\/product\/12005","targetHints":{"allow":["GET"]}}],"collection":[{"href":"https:\/\/www.culturaltravelmorocco.com\/pt-pt\/wp-json\/wp\/v2\/product"}],"about":[{"href":"https:\/\/www.culturaltravelmorocco.com\/pt-pt\/wp-json\/wp\/v2\/types\/product"}],"replies":[{"embeddable":true,"href":"https:\/\/www.culturaltravelmorocco.com\/pt-pt\/wp-json\/wp\/v2\/comments?post=12005"}],"wp:featuredmedia":[{"embeddable":true,"href":"https:\/\/www.culturaltravelmorocco.com\/pt-pt\/wp-json\/wp\/v2\/media\/11986"}],"wp:attachment":[{"href":"https:\/\/www.culturaltravelmorocco.com\/pt-pt\/wp-json\/wp\/v2\/media?parent=12005"}],"wp:term":[{"taxonomy":"product_brand","embeddable":true,"href":"https:\/\/www.culturaltravelmorocco.com\/pt-pt\/wp-json\/wp\/v2\/product_brand?post=12005"},{"taxonomy":"product_cat","embeddable":true,"href":"https:\/\/www.culturaltravelmorocco.com\/pt-pt\/wp-json\/wp\/v2\/product_cat?post=12005"},{"taxonomy":"product_tag","embeddable":true,"href":"https:\/\/www.culturaltravelmorocco.com\/pt-pt\/wp-json\/wp\/v2\/product_tag?post=12005"}],"curies":[{"name":"wp","href":"https:\/\/api.w.org\/{rel}","templated":true}]}}