{"id":12020,"date":"2026-01-10T12:20:37","date_gmt":"2026-01-10T12:20:37","guid":{"rendered":"https:\/\/www.culturaltravelmorocco.com\/product\/ouzoud-waterfalls-nature-trip\/"},"modified":"2026-01-30T14:42:42","modified_gmt":"2026-01-30T14:42:42","slug":"excursao-ecologica-as-cataratas-de-ouzoud","status":"publish","type":"product","link":"https:\/\/www.culturaltravelmorocco.com\/pt-pt\/product\/excursao-ecologica-as-cataratas-de-ouzoud\/","title":{"rendered":"Excurs\u00e3o ecol\u00f3gica \u00e0s Cataratas de Ouzoud"},"content":{"rendered":"<h2>Vis\u00e3o geral:<\/h2>\n<p>Partiremos por volta das 8h da manh\u00e3, depois de o irmos buscar ao seu riad ou hotel em Marraquexe, em dire\u00e7\u00e3o \u00e0s famosas Cataratas de Ouzoud, situadas perto da vila com o mesmo nome, na regi\u00e3o do M\u00e9dio Atlas. Com mais de 100 metros de altura, s\u00e3o consideradas as cataratas mais espetaculares e altas de Marrocos.<\/p>\n<p>Ao chegar l\u00e1, ter\u00e1 tempo para percorrer trilhos panor\u00e2micos, apreciar diferentes miradouros, fazer um pequeno passeio de barco tradicional, nadar nas piscinas naturais e desfrutar das \u00e1guas frescas e puras do rio El-Abid.<\/p>\n<p>Poder\u00e1 tamb\u00e9m saborear um prato t\u00edpico marroquino num dos restaurantes locais com vista para as cataratas, relaxar enquanto admira a paisagem deslumbrante e at\u00e9 observar e alimentar os brincalh\u00f5es macacos-da-berberia que vivem nas \u00e1rvores circundantes.<\/p>\n<p>\u00c0 tarde, regressaremos a Marraquexe, ap\u00f3s um dia relaxante no meio da natureza, longe da agita\u00e7\u00e3o da cidade.<\/p>\n","protected":false},"excerpt":{"rendered":"<p>Vis\u00e3o geral: Partiremos por volta das 8h da manh\u00e3, depois de o irmos buscar ao seu riad ou hotel em Marraquexe, em dire\u00e7\u00e3o \u00e0s famosas Cataratas de Ouzoud, situadas perto da vila com o mesmo nome, na regi\u00e3o do M\u00e9dio Atlas. Com mais de 100 metros de altura, s\u00e3o consideradas as cataratas mais espetaculares e [&hellip;]<\/p>\n","protected":false},"featured_media":12021,"comment_status":"closed","ping_status":"closed","template":"","meta":{"_joinchat":[]},"product_brand":[],"product_cat":[121,119],"product_tag":[],"class_list":{"0":"post-12020","1":"product","2":"type-product","3":"status-publish","4":"has-post-thumbnail","6":"product_cat-excursao-de-um-dia-a-partir-de-marrakech","7":"product_cat-passeios-de-um-dia","9":"first","10":"instock","11":"purchasable","12":"product-type-ovabrw_car_rental"},"yoast_head":"<!-- This site is optimized with the Yoast SEO Premium plugin v25.0 (Yoast SEO v25.0) - https:\/\/yoast.com\/wordpress\/plugins\/seo\/ -->\n<title>Excurs\u00e3o ecol\u00f3gica \u00e0s Cataratas de Ouzoud - Cultural Travel Morocco<\/title>\n<meta name=\"robots\" content=\"index, follow, max-snippet:-1, max-image-preview:large, max-video-preview:-1\" \/>\n<link rel=\"canonical\" href=\"https:\/\/www.culturaltravelmorocco.com\/pt-pt\/product\/excursao-ecologica-as-cataratas-de-ouzoud\/\" \/>\n<meta property=\"og:locale\" content=\"pt_PT\" \/>\n<meta property=\"og:type\" content=\"article\" \/>\n<meta property=\"og:title\" content=\"Excurs\u00e3o ecol\u00f3gica \u00e0s Cataratas de Ouzoud\" \/>\n<meta property=\"og:description\" content=\"Vis\u00e3o geral: Partiremos por volta das 8h da manh\u00e3, depois de o irmos buscar ao seu riad ou hotel em Marraquexe, em dire\u00e7\u00e3o \u00e0s famosas Cataratas de Ouzoud, situadas perto da vila com o mesmo nome, na regi\u00e3o do M\u00e9dio Atlas. Com mais de 100 metros de altura, s\u00e3o consideradas as cataratas mais espetaculares e [&hellip;]\" \/>\n<meta property=\"og:url\" content=\"https:\/\/www.culturaltravelmorocco.com\/pt-pt\/product\/excursao-ecologica-as-cataratas-de-ouzoud\/\" \/>\n<meta property=\"og:site_name\" content=\"Cultural Travel Morocco\" \/>\n<meta property=\"article:modified_time\" content=\"2026-01-30T14:42:42+00:00\" \/>\n<meta property=\"og:image\" content=\"https:\/\/www.culturaltravelmorocco.com\/wp-content\/uploads\/2026\/01\/5-9-1.webp\" \/>\n\t<meta property=\"og:image:width\" content=\"1200\" \/>\n\t<meta property=\"og:image:height\" content=\"1000\" \/>\n\t<meta property=\"og:image:type\" content=\"image\/webp\" \/>\n<meta name=\"twitter:card\" content=\"summary_large_image\" \/>\n<meta name=\"twitter:label1\" content=\"Tempo estimado de leitura\" \/>\n\t<meta name=\"twitter:data1\" content=\"1 minuto\" \/>\n<script type=\"application\/ld+json\" class=\"yoast-schema-graph\">{\"@context\":\"https:\/\/schema.org\",\"@graph\":[{\"@type\":\"WebPage\",\"@id\":\"https:\/\/www.culturaltravelmorocco.com\/pt-pt\/product\/excursao-ecologica-as-cataratas-de-ouzoud\/\",\"url\":\"https:\/\/www.culturaltravelmorocco.com\/pt-pt\/product\/excursao-ecologica-as-cataratas-de-ouzoud\/\",\"name\":\"Excurs\u00e3o ecol\u00f3gica \u00e0s Cataratas de Ouzoud - Cultural Travel Morocco\",\"isPartOf\":{\"@id\":\"https:\/\/www.culturaltravelmorocco.com\/pt-pt\/#website\"},\"primaryImageOfPage\":{\"@id\":\"https:\/\/www.culturaltravelmorocco.com\/pt-pt\/product\/excursao-ecologica-as-cataratas-de-ouzoud\/#primaryimage\"},\"image\":{\"@id\":\"https:\/\/www.culturaltravelmorocco.com\/pt-pt\/product\/excursao-ecologica-as-cataratas-de-ouzoud\/#primaryimage\"},\"thumbnailUrl\":\"https:\/\/www.culturaltravelmorocco.com\/wp-content\/uploads\/2026\/01\/5-9-1.webp\",\"datePublished\":\"2026-01-10T12:20:37+00:00\",\"dateModified\":\"2026-01-30T14:42:42+00:00\",\"breadcrumb\":{\"@id\":\"https:\/\/www.culturaltravelmorocco.com\/pt-pt\/product\/excursao-ecologica-as-cataratas-de-ouzoud\/#breadcrumb\"},\"inLanguage\":\"pt-PT\",\"potentialAction\":[{\"@type\":\"ReadAction\",\"target\":[\"https:\/\/www.culturaltravelmorocco.com\/pt-pt\/product\/excursao-ecologica-as-cataratas-de-ouzoud\/\"]}]},{\"@type\":\"ImageObject\",\"inLanguage\":\"pt-PT\",\"@id\":\"https:\/\/www.culturaltravelmorocco.com\/pt-pt\/product\/excursao-ecologica-as-cataratas-de-ouzoud\/#primaryimage\",\"url\":\"https:\/\/www.culturaltravelmorocco.com\/wp-content\/uploads\/2026\/01\/5-9-1.webp\",\"contentUrl\":\"https:\/\/www.culturaltravelmorocco.com\/wp-content\/uploads\/2026\/01\/5-9-1.webp\",\"width\":1200,\"height\":1000},{\"@type\":\"BreadcrumbList\",\"@id\":\"https:\/\/www.culturaltravelmorocco.com\/pt-pt\/product\/excursao-ecologica-as-cataratas-de-ouzoud\/#breadcrumb\",\"itemListElement\":[{\"@type\":\"ListItem\",\"position\":1,\"name\":\"In\u00edcio\",\"item\":\"https:\/\/www.culturaltravelmorocco.com\/pt-pt\/\"},{\"@type\":\"ListItem\",\"position\":2,\"name\":\"Produtos\",\"item\":\"https:\/\/www.culturaltravelmorocco.com\/pt-pt\/shop\/\"},{\"@type\":\"ListItem\",\"position\":3,\"name\":\"Excurs\u00e3o ecol\u00f3gica \u00e0s Cataratas de Ouzoud\"}]},{\"@type\":\"WebSite\",\"@id\":\"https:\/\/www.culturaltravelmorocco.com\/pt-pt\/#website\",\"url\":\"https:\/\/www.culturaltravelmorocco.com\/pt-pt\/\",\"name\":\"Cultural Travel Morocco\",\"description\":\"\",\"potentialAction\":[{\"@type\":\"SearchAction\",\"target\":{\"@type\":\"EntryPoint\",\"urlTemplate\":\"https:\/\/www.culturaltravelmorocco.com\/pt-pt\/?s={search_term_string}\"},\"query-input\":{\"@type\":\"PropertyValueSpecification\",\"valueRequired\":true,\"valueName\":\"search_term_string\"}}],\"inLanguage\":\"pt-PT\"}]}<\/script>\n<!-- \/ Yoast SEO Premium plugin. -->","yoast_head_json":{"title":"Excurs\u00e3o ecol\u00f3gica \u00e0s Cataratas de Ouzoud - Cultural Travel Morocco","robots":{"index":"index","follow":"follow","max-snippet":"max-snippet:-1","max-image-preview":"max-image-preview:large","max-video-preview":"max-video-preview:-1"},"canonical":"https:\/\/www.culturaltravelmorocco.com\/pt-pt\/product\/excursao-ecologica-as-cataratas-de-ouzoud\/","og_locale":"pt_PT","og_type":"article","og_title":"Excurs\u00e3o ecol\u00f3gica \u00e0s Cataratas de Ouzoud","og_description":"Vis\u00e3o geral: Partiremos por volta das 8h da manh\u00e3, depois de o irmos buscar ao seu riad ou hotel em Marraquexe, em dire\u00e7\u00e3o \u00e0s famosas Cataratas de Ouzoud, situadas perto da vila com o mesmo nome, na regi\u00e3o do M\u00e9dio Atlas. Com mais de 100 metros de altura, s\u00e3o consideradas as cataratas mais espetaculares e [&hellip;]","og_url":"https:\/\/www.culturaltravelmorocco.com\/pt-pt\/product\/excursao-ecologica-as-cataratas-de-ouzoud\/","og_site_name":"Cultural Travel Morocco","article_modified_time":"2026-01-30T14:42:42+00:00","og_image":[{"width":1200,"height":1000,"url":"https:\/\/www.culturaltravelmorocco.com\/wp-content\/uploads\/2026\/01\/5-9-1.webp","type":"image\/webp"}],"twitter_card":"summary_large_image","twitter_misc":{"Tempo estimado de leitura":"1 minuto"},"schema":{"@context":"https:\/\/schema.org","@graph":[{"@type":"WebPage","@id":"https:\/\/www.culturaltravelmorocco.com\/pt-pt\/product\/excursao-ecologica-as-cataratas-de-ouzoud\/","url":"https:\/\/www.culturaltravelmorocco.com\/pt-pt\/product\/excursao-ecologica-as-cataratas-de-ouzoud\/","name":"Excurs\u00e3o ecol\u00f3gica \u00e0s Cataratas de Ouzoud - Cultural Travel Morocco","isPartOf":{"@id":"https:\/\/www.culturaltravelmorocco.com\/pt-pt\/#website"},"primaryImageOfPage":{"@id":"https:\/\/www.culturaltravelmorocco.com\/pt-pt\/product\/excursao-ecologica-as-cataratas-de-ouzoud\/#primaryimage"},"image":{"@id":"https:\/\/www.culturaltravelmorocco.com\/pt-pt\/product\/excursao-ecologica-as-cataratas-de-ouzoud\/#primaryimage"},"thumbnailUrl":"https:\/\/www.culturaltravelmorocco.com\/wp-content\/uploads\/2026\/01\/5-9-1.webp","datePublished":"2026-01-10T12:20:37+00:00","dateModified":"2026-01-30T14:42:42+00:00","breadcrumb":{"@id":"https:\/\/www.culturaltravelmorocco.com\/pt-pt\/product\/excursao-ecologica-as-cataratas-de-ouzoud\/#breadcrumb"},"inLanguage":"pt-PT","potentialAction":[{"@type":"ReadAction","target":["https:\/\/www.culturaltravelmorocco.com\/pt-pt\/product\/excursao-ecologica-as-cataratas-de-ouzoud\/"]}]},{"@type":"ImageObject","inLanguage":"pt-PT","@id":"https:\/\/www.culturaltravelmorocco.com\/pt-pt\/product\/excursao-ecologica-as-cataratas-de-ouzoud\/#primaryimage","url":"https:\/\/www.culturaltravelmorocco.com\/wp-content\/uploads\/2026\/01\/5-9-1.webp","contentUrl":"https:\/\/www.culturaltravelmorocco.com\/wp-content\/uploads\/2026\/01\/5-9-1.webp","width":1200,"height":1000},{"@type":"BreadcrumbList","@id":"https:\/\/www.culturaltravelmorocco.com\/pt-pt\/product\/excursao-ecologica-as-cataratas-de-ouzoud\/#breadcrumb","itemListElement":[{"@type":"ListItem","position":1,"name":"In\u00edcio","item":"https:\/\/www.culturaltravelmorocco.com\/pt-pt\/"},{"@type":"ListItem","position":2,"name":"Produtos","item":"https:\/\/www.culturaltravelmorocco.com\/pt-pt\/shop\/"},{"@type":"ListItem","position":3,"name":"Excurs\u00e3o ecol\u00f3gica \u00e0s Cataratas de Ouzoud"}]},{"@type":"WebSite","@id":"https:\/\/www.culturaltravelmorocco.com\/pt-pt\/#website","url":"https:\/\/www.culturaltravelmorocco.com\/pt-pt\/","name":"Cultural Travel Morocco","description":"","potentialAction":[{"@type":"SearchAction","target":{"@type":"EntryPoint","urlTemplate":"https:\/\/www.culturaltravelmorocco.com\/pt-pt\/?s={search_term_string}"},"query-input":{"@type":"PropertyValueSpecification","valueRequired":true,"valueName":"search_term_string"}}],"inLanguage":"pt-PT"}]}},"_links":{"self":[{"href":"https:\/\/www.culturaltravelmorocco.com\/pt-pt\/wp-json\/wp\/v2\/product\/12020","targetHints":{"allow":["GET"]}}],"collection":[{"href":"https:\/\/www.culturaltravelmorocco.com\/pt-pt\/wp-json\/wp\/v2\/product"}],"about":[{"href":"https:\/\/www.culturaltravelmorocco.com\/pt-pt\/wp-json\/wp\/v2\/types\/product"}],"replies":[{"embeddable":true,"href":"https:\/\/www.culturaltravelmorocco.com\/pt-pt\/wp-json\/wp\/v2\/comments?post=12020"}],"wp:featuredmedia":[{"embeddable":true,"href":"https:\/\/www.culturaltravelmorocco.com\/pt-pt\/wp-json\/wp\/v2\/media\/12021"}],"wp:attachment":[{"href":"https:\/\/www.culturaltravelmorocco.com\/pt-pt\/wp-json\/wp\/v2\/media?parent=12020"}],"wp:term":[{"taxonomy":"product_brand","embeddable":true,"href":"https:\/\/www.culturaltravelmorocco.com\/pt-pt\/wp-json\/wp\/v2\/product_brand?post=12020"},{"taxonomy":"product_cat","embeddable":true,"href":"https:\/\/www.culturaltravelmorocco.com\/pt-pt\/wp-json\/wp\/v2\/product_cat?post=12020"},{"taxonomy":"product_tag","embeddable":true,"href":"https:\/\/www.culturaltravelmorocco.com\/pt-pt\/wp-json\/wp\/v2\/product_tag?post=12020"}],"curies":[{"name":"wp","href":"https:\/\/api.w.org\/{rel}","templated":true}]}}