{"id":12032,"date":"2026-01-10T12:20:37","date_gmt":"2026-01-10T12:20:37","guid":{"rendered":"https:\/\/www.culturaltravelmorocco.com\/product\/ourika-valley-nature-escape\/"},"modified":"2026-01-30T14:47:31","modified_gmt":"2026-01-30T14:47:31","slug":"refugio-na-natureza-do-vale-de-ourika","status":"publish","type":"product","link":"https:\/\/www.culturaltravelmorocco.com\/pt-pt\/product\/refugio-na-natureza-do-vale-de-ourika\/","title":{"rendered":"Ref\u00fagio na natureza do Vale de Ourika"},"content":{"rendered":"<h2>Vis\u00e3o geral:<\/h2>\n<p data-start=\"522\" data-end=\"874\">Partiremos por volta das 8 da manh\u00e3, ap\u00f3s o(a) buscarmos ao seu Riade, em dire\u00e7\u00e3o ao exuberante Vale do Ourika, a cerca de uma hora de Marraquexe. Ao longo do caminho, passaremos por encantadoras vilas e exploraremos as paisagens deslumbrantes deste o\u00e1sis verdejante. No Setti Fatma, desfrutaremos de uma refei\u00e7\u00e3o tradicional marroquina, incluindo um saboroso taj\u00edn e um refrescante ch\u00e1 de menta. De seguida, faremos uma agrad\u00e1vel caminhada at\u00e9 \u00e0s cascatas, rodeadas pela beleza natural do vale. \u00c0 tarde, regressaremos a Marraquexe, encerrando um dia tranquilo em contacto com a natureza.<\/p>\n","protected":false},"excerpt":{"rendered":"<p>Vis\u00e3o geral: Partiremos por volta das 8 da manh\u00e3, ap\u00f3s o(a) buscarmos ao seu Riade, em dire\u00e7\u00e3o ao exuberante Vale do Ourika, a cerca de uma hora de Marraquexe. Ao longo do caminho, passaremos por encantadoras vilas e exploraremos as paisagens deslumbrantes deste o\u00e1sis verdejante. No Setti Fatma, desfrutaremos de uma refei\u00e7\u00e3o tradicional marroquina, incluindo [&hellip;]<\/p>\n","protected":false},"featured_media":12033,"comment_status":"closed","ping_status":"closed","template":"","meta":{"_joinchat":[]},"product_brand":[],"product_cat":[121,119],"product_tag":[],"class_list":{"0":"post-12032","1":"product","2":"type-product","3":"status-publish","4":"has-post-thumbnail","6":"product_cat-excursao-de-um-dia-a-partir-de-marrakech","7":"product_cat-passeios-de-um-dia","9":"first","10":"instock","11":"purchasable","12":"product-type-ovabrw_car_rental"},"yoast_head":"<!-- This site is optimized with the Yoast SEO Premium plugin v25.0 (Yoast SEO v25.0) - https:\/\/yoast.com\/wordpress\/plugins\/seo\/ -->\n<title>Ref\u00fagio na natureza do Vale de Ourika - Cultural Travel Morocco<\/title>\n<meta name=\"robots\" content=\"index, follow, max-snippet:-1, max-image-preview:large, max-video-preview:-1\" \/>\n<link rel=\"canonical\" href=\"https:\/\/www.culturaltravelmorocco.com\/pt-pt\/product\/refugio-na-natureza-do-vale-de-ourika\/\" \/>\n<meta property=\"og:locale\" content=\"pt_PT\" \/>\n<meta property=\"og:type\" content=\"article\" \/>\n<meta property=\"og:title\" content=\"Ref\u00fagio na natureza do Vale de Ourika\" \/>\n<meta property=\"og:description\" content=\"Vis\u00e3o geral: Partiremos por volta das 8 da manh\u00e3, ap\u00f3s o(a) buscarmos ao seu Riade, em dire\u00e7\u00e3o ao exuberante Vale do Ourika, a cerca de uma hora de Marraquexe. Ao longo do caminho, passaremos por encantadoras vilas e exploraremos as paisagens deslumbrantes deste o\u00e1sis verdejante. No Setti Fatma, desfrutaremos de uma refei\u00e7\u00e3o tradicional marroquina, incluindo [&hellip;]\" \/>\n<meta property=\"og:url\" content=\"https:\/\/www.culturaltravelmorocco.com\/pt-pt\/product\/refugio-na-natureza-do-vale-de-ourika\/\" \/>\n<meta property=\"og:site_name\" content=\"Cultural Travel Morocco\" \/>\n<meta property=\"article:modified_time\" content=\"2026-01-30T14:47:31+00:00\" \/>\n<meta property=\"og:image\" content=\"https:\/\/www.culturaltravelmorocco.com\/wp-content\/uploads\/2026\/01\/3-10.webp\" \/>\n\t<meta property=\"og:image:width\" content=\"1200\" \/>\n\t<meta property=\"og:image:height\" content=\"1000\" \/>\n\t<meta property=\"og:image:type\" content=\"image\/webp\" \/>\n<meta name=\"twitter:card\" content=\"summary_large_image\" \/>\n<meta name=\"twitter:label1\" content=\"Tempo estimado de leitura\" \/>\n\t<meta name=\"twitter:data1\" content=\"1 minuto\" \/>\n<script type=\"application\/ld+json\" class=\"yoast-schema-graph\">{\"@context\":\"https:\/\/schema.org\",\"@graph\":[{\"@type\":\"WebPage\",\"@id\":\"https:\/\/www.culturaltravelmorocco.com\/pt-pt\/product\/refugio-na-natureza-do-vale-de-ourika\/\",\"url\":\"https:\/\/www.culturaltravelmorocco.com\/pt-pt\/product\/refugio-na-natureza-do-vale-de-ourika\/\",\"name\":\"Ref\u00fagio na natureza do Vale de Ourika - Cultural Travel Morocco\",\"isPartOf\":{\"@id\":\"https:\/\/www.culturaltravelmorocco.com\/pt-pt\/#website\"},\"primaryImageOfPage\":{\"@id\":\"https:\/\/www.culturaltravelmorocco.com\/pt-pt\/product\/refugio-na-natureza-do-vale-de-ourika\/#primaryimage\"},\"image\":{\"@id\":\"https:\/\/www.culturaltravelmorocco.com\/pt-pt\/product\/refugio-na-natureza-do-vale-de-ourika\/#primaryimage\"},\"thumbnailUrl\":\"https:\/\/www.culturaltravelmorocco.com\/wp-content\/uploads\/2026\/01\/3-10.webp\",\"datePublished\":\"2026-01-10T12:20:37+00:00\",\"dateModified\":\"2026-01-30T14:47:31+00:00\",\"breadcrumb\":{\"@id\":\"https:\/\/www.culturaltravelmorocco.com\/pt-pt\/product\/refugio-na-natureza-do-vale-de-ourika\/#breadcrumb\"},\"inLanguage\":\"pt-PT\",\"potentialAction\":[{\"@type\":\"ReadAction\",\"target\":[\"https:\/\/www.culturaltravelmorocco.com\/pt-pt\/product\/refugio-na-natureza-do-vale-de-ourika\/\"]}]},{\"@type\":\"ImageObject\",\"inLanguage\":\"pt-PT\",\"@id\":\"https:\/\/www.culturaltravelmorocco.com\/pt-pt\/product\/refugio-na-natureza-do-vale-de-ourika\/#primaryimage\",\"url\":\"https:\/\/www.culturaltravelmorocco.com\/wp-content\/uploads\/2026\/01\/3-10.webp\",\"contentUrl\":\"https:\/\/www.culturaltravelmorocco.com\/wp-content\/uploads\/2026\/01\/3-10.webp\",\"width\":1200,\"height\":1000},{\"@type\":\"BreadcrumbList\",\"@id\":\"https:\/\/www.culturaltravelmorocco.com\/pt-pt\/product\/refugio-na-natureza-do-vale-de-ourika\/#breadcrumb\",\"itemListElement\":[{\"@type\":\"ListItem\",\"position\":1,\"name\":\"In\u00edcio\",\"item\":\"https:\/\/www.culturaltravelmorocco.com\/pt-pt\/\"},{\"@type\":\"ListItem\",\"position\":2,\"name\":\"Produtos\",\"item\":\"https:\/\/www.culturaltravelmorocco.com\/pt-pt\/shop\/\"},{\"@type\":\"ListItem\",\"position\":3,\"name\":\"Ref\u00fagio na natureza do Vale de Ourika\"}]},{\"@type\":\"WebSite\",\"@id\":\"https:\/\/www.culturaltravelmorocco.com\/pt-pt\/#website\",\"url\":\"https:\/\/www.culturaltravelmorocco.com\/pt-pt\/\",\"name\":\"Cultural Travel Morocco\",\"description\":\"\",\"potentialAction\":[{\"@type\":\"SearchAction\",\"target\":{\"@type\":\"EntryPoint\",\"urlTemplate\":\"https:\/\/www.culturaltravelmorocco.com\/pt-pt\/?s={search_term_string}\"},\"query-input\":{\"@type\":\"PropertyValueSpecification\",\"valueRequired\":true,\"valueName\":\"search_term_string\"}}],\"inLanguage\":\"pt-PT\"}]}<\/script>\n<!-- \/ Yoast SEO Premium plugin. -->","yoast_head_json":{"title":"Ref\u00fagio na natureza do Vale de Ourika - Cultural Travel Morocco","robots":{"index":"index","follow":"follow","max-snippet":"max-snippet:-1","max-image-preview":"max-image-preview:large","max-video-preview":"max-video-preview:-1"},"canonical":"https:\/\/www.culturaltravelmorocco.com\/pt-pt\/product\/refugio-na-natureza-do-vale-de-ourika\/","og_locale":"pt_PT","og_type":"article","og_title":"Ref\u00fagio na natureza do Vale de Ourika","og_description":"Vis\u00e3o geral: Partiremos por volta das 8 da manh\u00e3, ap\u00f3s o(a) buscarmos ao seu Riade, em dire\u00e7\u00e3o ao exuberante Vale do Ourika, a cerca de uma hora de Marraquexe. Ao longo do caminho, passaremos por encantadoras vilas e exploraremos as paisagens deslumbrantes deste o\u00e1sis verdejante. No Setti Fatma, desfrutaremos de uma refei\u00e7\u00e3o tradicional marroquina, incluindo [&hellip;]","og_url":"https:\/\/www.culturaltravelmorocco.com\/pt-pt\/product\/refugio-na-natureza-do-vale-de-ourika\/","og_site_name":"Cultural Travel Morocco","article_modified_time":"2026-01-30T14:47:31+00:00","og_image":[{"width":1200,"height":1000,"url":"https:\/\/www.culturaltravelmorocco.com\/wp-content\/uploads\/2026\/01\/3-10.webp","type":"image\/webp"}],"twitter_card":"summary_large_image","twitter_misc":{"Tempo estimado de leitura":"1 minuto"},"schema":{"@context":"https:\/\/schema.org","@graph":[{"@type":"WebPage","@id":"https:\/\/www.culturaltravelmorocco.com\/pt-pt\/product\/refugio-na-natureza-do-vale-de-ourika\/","url":"https:\/\/www.culturaltravelmorocco.com\/pt-pt\/product\/refugio-na-natureza-do-vale-de-ourika\/","name":"Ref\u00fagio na natureza do Vale de Ourika - Cultural Travel Morocco","isPartOf":{"@id":"https:\/\/www.culturaltravelmorocco.com\/pt-pt\/#website"},"primaryImageOfPage":{"@id":"https:\/\/www.culturaltravelmorocco.com\/pt-pt\/product\/refugio-na-natureza-do-vale-de-ourika\/#primaryimage"},"image":{"@id":"https:\/\/www.culturaltravelmorocco.com\/pt-pt\/product\/refugio-na-natureza-do-vale-de-ourika\/#primaryimage"},"thumbnailUrl":"https:\/\/www.culturaltravelmorocco.com\/wp-content\/uploads\/2026\/01\/3-10.webp","datePublished":"2026-01-10T12:20:37+00:00","dateModified":"2026-01-30T14:47:31+00:00","breadcrumb":{"@id":"https:\/\/www.culturaltravelmorocco.com\/pt-pt\/product\/refugio-na-natureza-do-vale-de-ourika\/#breadcrumb"},"inLanguage":"pt-PT","potentialAction":[{"@type":"ReadAction","target":["https:\/\/www.culturaltravelmorocco.com\/pt-pt\/product\/refugio-na-natureza-do-vale-de-ourika\/"]}]},{"@type":"ImageObject","inLanguage":"pt-PT","@id":"https:\/\/www.culturaltravelmorocco.com\/pt-pt\/product\/refugio-na-natureza-do-vale-de-ourika\/#primaryimage","url":"https:\/\/www.culturaltravelmorocco.com\/wp-content\/uploads\/2026\/01\/3-10.webp","contentUrl":"https:\/\/www.culturaltravelmorocco.com\/wp-content\/uploads\/2026\/01\/3-10.webp","width":1200,"height":1000},{"@type":"BreadcrumbList","@id":"https:\/\/www.culturaltravelmorocco.com\/pt-pt\/product\/refugio-na-natureza-do-vale-de-ourika\/#breadcrumb","itemListElement":[{"@type":"ListItem","position":1,"name":"In\u00edcio","item":"https:\/\/www.culturaltravelmorocco.com\/pt-pt\/"},{"@type":"ListItem","position":2,"name":"Produtos","item":"https:\/\/www.culturaltravelmorocco.com\/pt-pt\/shop\/"},{"@type":"ListItem","position":3,"name":"Ref\u00fagio na natureza do Vale de Ourika"}]},{"@type":"WebSite","@id":"https:\/\/www.culturaltravelmorocco.com\/pt-pt\/#website","url":"https:\/\/www.culturaltravelmorocco.com\/pt-pt\/","name":"Cultural Travel Morocco","description":"","potentialAction":[{"@type":"SearchAction","target":{"@type":"EntryPoint","urlTemplate":"https:\/\/www.culturaltravelmorocco.com\/pt-pt\/?s={search_term_string}"},"query-input":{"@type":"PropertyValueSpecification","valueRequired":true,"valueName":"search_term_string"}}],"inLanguage":"pt-PT"}]}},"_links":{"self":[{"href":"https:\/\/www.culturaltravelmorocco.com\/pt-pt\/wp-json\/wp\/v2\/product\/12032","targetHints":{"allow":["GET"]}}],"collection":[{"href":"https:\/\/www.culturaltravelmorocco.com\/pt-pt\/wp-json\/wp\/v2\/product"}],"about":[{"href":"https:\/\/www.culturaltravelmorocco.com\/pt-pt\/wp-json\/wp\/v2\/types\/product"}],"replies":[{"embeddable":true,"href":"https:\/\/www.culturaltravelmorocco.com\/pt-pt\/wp-json\/wp\/v2\/comments?post=12032"}],"wp:featuredmedia":[{"embeddable":true,"href":"https:\/\/www.culturaltravelmorocco.com\/pt-pt\/wp-json\/wp\/v2\/media\/12033"}],"wp:attachment":[{"href":"https:\/\/www.culturaltravelmorocco.com\/pt-pt\/wp-json\/wp\/v2\/media?parent=12032"}],"wp:term":[{"taxonomy":"product_brand","embeddable":true,"href":"https:\/\/www.culturaltravelmorocco.com\/pt-pt\/wp-json\/wp\/v2\/product_brand?post=12032"},{"taxonomy":"product_cat","embeddable":true,"href":"https:\/\/www.culturaltravelmorocco.com\/pt-pt\/wp-json\/wp\/v2\/product_cat?post=12032"},{"taxonomy":"product_tag","embeddable":true,"href":"https:\/\/www.culturaltravelmorocco.com\/pt-pt\/wp-json\/wp\/v2\/product_tag?post=12032"}],"curies":[{"name":"wp","href":"https:\/\/api.w.org\/{rel}","templated":true}]}}