{"id":12055,"date":"2026-01-10T12:20:37","date_gmt":"2026-01-10T12:20:37","guid":{"rendered":"https:\/\/www.culturaltravelmorocco.com\/product\/day-trip-to-ouarzazate-and-ait-ben-haddou\/"},"modified":"2026-01-30T14:56:44","modified_gmt":"2026-01-30T14:56:44","slug":"excursao-de-um-dia-a-ouarzazate-e-ait-ben-haddou","status":"publish","type":"product","link":"https:\/\/www.culturaltravelmorocco.com\/pt-pt\/product\/excursao-de-um-dia-a-ouarzazate-e-ait-ben-haddou\/","title":{"rendered":"Excurs\u00e3o de um dia a Ouarzazate e Ait Ben Haddou"},"content":{"rendered":"<h2>Vis\u00e3o geral:<\/h2>\n<p data-start=\"522\" data-end=\"874\">Por volta das 9h, iremos busc\u00e1-lo ao seu alojamento num ve\u00edculo 4&#215;4 ou Ford para iniciar uma aventura emocionante. Viajaremos pelas montanhas do Alto Atlas, passando pelo passo de Tizi N&#8217;Tichka, situado a mais de 2.260 metros acima do n\u00edvel do mar. Ao longo do caminho, visitaremos aldeias berberes, conheceremos os habitantes locais e aprenderemos sobre os seus costumes. Exploraremos a famosa Kasbah de Ait Ben Haddou, Patrim\u00f3nio Mundial da UNESCO, conhecida por filmes como Babel, Gladiador, Lawrence da Ar\u00e1bia e Um Ch\u00e1 no Saara. Continuaremos at\u00e9 \u00e0 Kasbah de Taourirte, em Ouarzazate, antes de regressarmos a Marraquexe \u00e0 tarde, ap\u00f3s um dia repleto de hist\u00f3ria e cultura.<\/p>\n","protected":false},"excerpt":{"rendered":"<p>Vis\u00e3o geral: Por volta das 9h, iremos busc\u00e1-lo ao seu alojamento num ve\u00edculo 4&#215;4 ou Ford para iniciar uma aventura emocionante. Viajaremos pelas montanhas do Alto Atlas, passando pelo passo de Tizi N&#8217;Tichka, situado a mais de 2.260 metros acima do n\u00edvel do mar. Ao longo do caminho, visitaremos aldeias berberes, conheceremos os habitantes locais [&hellip;]<\/p>\n","protected":false},"featured_media":12056,"comment_status":"closed","ping_status":"closed","template":"","meta":{"_joinchat":[]},"product_brand":[],"product_cat":[121,119],"product_tag":[],"class_list":{"0":"post-12055","1":"product","2":"type-product","3":"status-publish","4":"has-post-thumbnail","6":"product_cat-excursao-de-um-dia-a-partir-de-marrakech","7":"product_cat-passeios-de-um-dia","9":"first","10":"instock","11":"purchasable","12":"product-type-ovabrw_car_rental"},"yoast_head":"<!-- This site is optimized with the Yoast SEO Premium plugin v25.0 (Yoast SEO v25.0) - https:\/\/yoast.com\/wordpress\/plugins\/seo\/ -->\n<title>Excurs\u00e3o de um dia a Ouarzazate e Ait Ben Haddou - Cultural Travel Morocco<\/title>\n<meta name=\"robots\" content=\"index, follow, max-snippet:-1, max-image-preview:large, max-video-preview:-1\" \/>\n<link rel=\"canonical\" href=\"https:\/\/www.culturaltravelmorocco.com\/pt-pt\/product\/excursao-de-um-dia-a-ouarzazate-e-ait-ben-haddou\/\" \/>\n<meta property=\"og:locale\" content=\"pt_PT\" \/>\n<meta property=\"og:type\" content=\"article\" \/>\n<meta property=\"og:title\" content=\"Excurs\u00e3o de um dia a Ouarzazate e Ait Ben Haddou\" \/>\n<meta property=\"og:description\" content=\"Vis\u00e3o geral: Por volta das 9h, iremos busc\u00e1-lo ao seu alojamento num ve\u00edculo 4&#215;4 ou Ford para iniciar uma aventura emocionante. Viajaremos pelas montanhas do Alto Atlas, passando pelo passo de Tizi N&#8217;Tichka, situado a mais de 2.260 metros acima do n\u00edvel do mar. Ao longo do caminho, visitaremos aldeias berberes, conheceremos os habitantes locais [&hellip;]\" \/>\n<meta property=\"og:url\" content=\"https:\/\/www.culturaltravelmorocco.com\/pt-pt\/product\/excursao-de-um-dia-a-ouarzazate-e-ait-ben-haddou\/\" \/>\n<meta property=\"og:site_name\" content=\"Cultural Travel Morocco\" \/>\n<meta property=\"article:modified_time\" content=\"2026-01-30T14:56:44+00:00\" \/>\n<meta property=\"og:image\" content=\"https:\/\/www.culturaltravelmorocco.com\/wp-content\/uploads\/2026\/01\/Marrakech-Merozuga-Marrakech-Tour-6-days-5-night-.jpg\" \/>\n\t<meta property=\"og:image:width\" content=\"1200\" \/>\n\t<meta property=\"og:image:height\" content=\"1000\" \/>\n\t<meta property=\"og:image:type\" content=\"image\/jpeg\" \/>\n<meta name=\"twitter:card\" content=\"summary_large_image\" \/>\n<meta name=\"twitter:label1\" content=\"Tempo estimado de leitura\" \/>\n\t<meta name=\"twitter:data1\" content=\"1 minuto\" \/>\n<script type=\"application\/ld+json\" class=\"yoast-schema-graph\">{\"@context\":\"https:\/\/schema.org\",\"@graph\":[{\"@type\":\"WebPage\",\"@id\":\"https:\/\/www.culturaltravelmorocco.com\/pt-pt\/product\/excursao-de-um-dia-a-ouarzazate-e-ait-ben-haddou\/\",\"url\":\"https:\/\/www.culturaltravelmorocco.com\/pt-pt\/product\/excursao-de-um-dia-a-ouarzazate-e-ait-ben-haddou\/\",\"name\":\"Excurs\u00e3o de um dia a Ouarzazate e Ait Ben Haddou - Cultural Travel Morocco\",\"isPartOf\":{\"@id\":\"https:\/\/www.culturaltravelmorocco.com\/pt-pt\/#website\"},\"primaryImageOfPage\":{\"@id\":\"https:\/\/www.culturaltravelmorocco.com\/pt-pt\/product\/excursao-de-um-dia-a-ouarzazate-e-ait-ben-haddou\/#primaryimage\"},\"image\":{\"@id\":\"https:\/\/www.culturaltravelmorocco.com\/pt-pt\/product\/excursao-de-um-dia-a-ouarzazate-e-ait-ben-haddou\/#primaryimage\"},\"thumbnailUrl\":\"https:\/\/www.culturaltravelmorocco.com\/wp-content\/uploads\/2026\/01\/Marrakech-Merozuga-Marrakech-Tour-6-days-5-night-.jpg\",\"datePublished\":\"2026-01-10T12:20:37+00:00\",\"dateModified\":\"2026-01-30T14:56:44+00:00\",\"breadcrumb\":{\"@id\":\"https:\/\/www.culturaltravelmorocco.com\/pt-pt\/product\/excursao-de-um-dia-a-ouarzazate-e-ait-ben-haddou\/#breadcrumb\"},\"inLanguage\":\"pt-PT\",\"potentialAction\":[{\"@type\":\"ReadAction\",\"target\":[\"https:\/\/www.culturaltravelmorocco.com\/pt-pt\/product\/excursao-de-um-dia-a-ouarzazate-e-ait-ben-haddou\/\"]}]},{\"@type\":\"ImageObject\",\"inLanguage\":\"pt-PT\",\"@id\":\"https:\/\/www.culturaltravelmorocco.com\/pt-pt\/product\/excursao-de-um-dia-a-ouarzazate-e-ait-ben-haddou\/#primaryimage\",\"url\":\"https:\/\/www.culturaltravelmorocco.com\/wp-content\/uploads\/2026\/01\/Marrakech-Merozuga-Marrakech-Tour-6-days-5-night-.jpg\",\"contentUrl\":\"https:\/\/www.culturaltravelmorocco.com\/wp-content\/uploads\/2026\/01\/Marrakech-Merozuga-Marrakech-Tour-6-days-5-night-.jpg\",\"width\":1200,\"height\":1000},{\"@type\":\"BreadcrumbList\",\"@id\":\"https:\/\/www.culturaltravelmorocco.com\/pt-pt\/product\/excursao-de-um-dia-a-ouarzazate-e-ait-ben-haddou\/#breadcrumb\",\"itemListElement\":[{\"@type\":\"ListItem\",\"position\":1,\"name\":\"In\u00edcio\",\"item\":\"https:\/\/www.culturaltravelmorocco.com\/pt-pt\/\"},{\"@type\":\"ListItem\",\"position\":2,\"name\":\"Produtos\",\"item\":\"https:\/\/www.culturaltravelmorocco.com\/pt-pt\/shop\/\"},{\"@type\":\"ListItem\",\"position\":3,\"name\":\"Excurs\u00e3o de um dia a Ouarzazate e Ait Ben Haddou\"}]},{\"@type\":\"WebSite\",\"@id\":\"https:\/\/www.culturaltravelmorocco.com\/pt-pt\/#website\",\"url\":\"https:\/\/www.culturaltravelmorocco.com\/pt-pt\/\",\"name\":\"Cultural Travel Morocco\",\"description\":\"\",\"potentialAction\":[{\"@type\":\"SearchAction\",\"target\":{\"@type\":\"EntryPoint\",\"urlTemplate\":\"https:\/\/www.culturaltravelmorocco.com\/pt-pt\/?s={search_term_string}\"},\"query-input\":{\"@type\":\"PropertyValueSpecification\",\"valueRequired\":true,\"valueName\":\"search_term_string\"}}],\"inLanguage\":\"pt-PT\"}]}<\/script>\n<!-- \/ Yoast SEO Premium plugin. -->","yoast_head_json":{"title":"Excurs\u00e3o de um dia a Ouarzazate e Ait Ben Haddou - Cultural Travel Morocco","robots":{"index":"index","follow":"follow","max-snippet":"max-snippet:-1","max-image-preview":"max-image-preview:large","max-video-preview":"max-video-preview:-1"},"canonical":"https:\/\/www.culturaltravelmorocco.com\/pt-pt\/product\/excursao-de-um-dia-a-ouarzazate-e-ait-ben-haddou\/","og_locale":"pt_PT","og_type":"article","og_title":"Excurs\u00e3o de um dia a Ouarzazate e Ait Ben Haddou","og_description":"Vis\u00e3o geral: Por volta das 9h, iremos busc\u00e1-lo ao seu alojamento num ve\u00edculo 4&#215;4 ou Ford para iniciar uma aventura emocionante. Viajaremos pelas montanhas do Alto Atlas, passando pelo passo de Tizi N&#8217;Tichka, situado a mais de 2.260 metros acima do n\u00edvel do mar. Ao longo do caminho, visitaremos aldeias berberes, conheceremos os habitantes locais [&hellip;]","og_url":"https:\/\/www.culturaltravelmorocco.com\/pt-pt\/product\/excursao-de-um-dia-a-ouarzazate-e-ait-ben-haddou\/","og_site_name":"Cultural Travel Morocco","article_modified_time":"2026-01-30T14:56:44+00:00","og_image":[{"width":1200,"height":1000,"url":"https:\/\/www.culturaltravelmorocco.com\/wp-content\/uploads\/2026\/01\/Marrakech-Merozuga-Marrakech-Tour-6-days-5-night-.jpg","type":"image\/jpeg"}],"twitter_card":"summary_large_image","twitter_misc":{"Tempo estimado de leitura":"1 minuto"},"schema":{"@context":"https:\/\/schema.org","@graph":[{"@type":"WebPage","@id":"https:\/\/www.culturaltravelmorocco.com\/pt-pt\/product\/excursao-de-um-dia-a-ouarzazate-e-ait-ben-haddou\/","url":"https:\/\/www.culturaltravelmorocco.com\/pt-pt\/product\/excursao-de-um-dia-a-ouarzazate-e-ait-ben-haddou\/","name":"Excurs\u00e3o de um dia a Ouarzazate e Ait Ben Haddou - Cultural Travel Morocco","isPartOf":{"@id":"https:\/\/www.culturaltravelmorocco.com\/pt-pt\/#website"},"primaryImageOfPage":{"@id":"https:\/\/www.culturaltravelmorocco.com\/pt-pt\/product\/excursao-de-um-dia-a-ouarzazate-e-ait-ben-haddou\/#primaryimage"},"image":{"@id":"https:\/\/www.culturaltravelmorocco.com\/pt-pt\/product\/excursao-de-um-dia-a-ouarzazate-e-ait-ben-haddou\/#primaryimage"},"thumbnailUrl":"https:\/\/www.culturaltravelmorocco.com\/wp-content\/uploads\/2026\/01\/Marrakech-Merozuga-Marrakech-Tour-6-days-5-night-.jpg","datePublished":"2026-01-10T12:20:37+00:00","dateModified":"2026-01-30T14:56:44+00:00","breadcrumb":{"@id":"https:\/\/www.culturaltravelmorocco.com\/pt-pt\/product\/excursao-de-um-dia-a-ouarzazate-e-ait-ben-haddou\/#breadcrumb"},"inLanguage":"pt-PT","potentialAction":[{"@type":"ReadAction","target":["https:\/\/www.culturaltravelmorocco.com\/pt-pt\/product\/excursao-de-um-dia-a-ouarzazate-e-ait-ben-haddou\/"]}]},{"@type":"ImageObject","inLanguage":"pt-PT","@id":"https:\/\/www.culturaltravelmorocco.com\/pt-pt\/product\/excursao-de-um-dia-a-ouarzazate-e-ait-ben-haddou\/#primaryimage","url":"https:\/\/www.culturaltravelmorocco.com\/wp-content\/uploads\/2026\/01\/Marrakech-Merozuga-Marrakech-Tour-6-days-5-night-.jpg","contentUrl":"https:\/\/www.culturaltravelmorocco.com\/wp-content\/uploads\/2026\/01\/Marrakech-Merozuga-Marrakech-Tour-6-days-5-night-.jpg","width":1200,"height":1000},{"@type":"BreadcrumbList","@id":"https:\/\/www.culturaltravelmorocco.com\/pt-pt\/product\/excursao-de-um-dia-a-ouarzazate-e-ait-ben-haddou\/#breadcrumb","itemListElement":[{"@type":"ListItem","position":1,"name":"In\u00edcio","item":"https:\/\/www.culturaltravelmorocco.com\/pt-pt\/"},{"@type":"ListItem","position":2,"name":"Produtos","item":"https:\/\/www.culturaltravelmorocco.com\/pt-pt\/shop\/"},{"@type":"ListItem","position":3,"name":"Excurs\u00e3o de um dia a Ouarzazate e Ait Ben Haddou"}]},{"@type":"WebSite","@id":"https:\/\/www.culturaltravelmorocco.com\/pt-pt\/#website","url":"https:\/\/www.culturaltravelmorocco.com\/pt-pt\/","name":"Cultural Travel Morocco","description":"","potentialAction":[{"@type":"SearchAction","target":{"@type":"EntryPoint","urlTemplate":"https:\/\/www.culturaltravelmorocco.com\/pt-pt\/?s={search_term_string}"},"query-input":{"@type":"PropertyValueSpecification","valueRequired":true,"valueName":"search_term_string"}}],"inLanguage":"pt-PT"}]}},"_links":{"self":[{"href":"https:\/\/www.culturaltravelmorocco.com\/pt-pt\/wp-json\/wp\/v2\/product\/12055","targetHints":{"allow":["GET"]}}],"collection":[{"href":"https:\/\/www.culturaltravelmorocco.com\/pt-pt\/wp-json\/wp\/v2\/product"}],"about":[{"href":"https:\/\/www.culturaltravelmorocco.com\/pt-pt\/wp-json\/wp\/v2\/types\/product"}],"replies":[{"embeddable":true,"href":"https:\/\/www.culturaltravelmorocco.com\/pt-pt\/wp-json\/wp\/v2\/comments?post=12055"}],"wp:featuredmedia":[{"embeddable":true,"href":"https:\/\/www.culturaltravelmorocco.com\/pt-pt\/wp-json\/wp\/v2\/media\/12056"}],"wp:attachment":[{"href":"https:\/\/www.culturaltravelmorocco.com\/pt-pt\/wp-json\/wp\/v2\/media?parent=12055"}],"wp:term":[{"taxonomy":"product_brand","embeddable":true,"href":"https:\/\/www.culturaltravelmorocco.com\/pt-pt\/wp-json\/wp\/v2\/product_brand?post=12055"},{"taxonomy":"product_cat","embeddable":true,"href":"https:\/\/www.culturaltravelmorocco.com\/pt-pt\/wp-json\/wp\/v2\/product_cat?post=12055"},{"taxonomy":"product_tag","embeddable":true,"href":"https:\/\/www.culturaltravelmorocco.com\/pt-pt\/wp-json\/wp\/v2\/product_tag?post=12055"}],"curies":[{"name":"wp","href":"https:\/\/api.w.org\/{rel}","templated":true}]}}