{"id":12086,"date":"2026-01-10T12:20:37","date_gmt":"2026-01-10T12:20:37","guid":{"rendered":"https:\/\/www.culturaltravelmorocco.com\/product\/day-trip-from-fez-to-sefrou-bhalil-ifrane-azrou\/"},"modified":"2026-01-30T15:05:45","modified_gmt":"2026-01-30T15:05:45","slug":"viagem-de-um-dia-de-fez-a-sefrou-bhalil-ifrane-e-azrou","status":"publish","type":"product","link":"https:\/\/www.culturaltravelmorocco.com\/pt-pt\/product\/viagem-de-um-dia-de-fez-a-sefrou-bhalil-ifrane-e-azrou\/","title":{"rendered":"Viagem de um dia de Fez a Sefrou, Bhalil, Ifrane e Azrou"},"content":{"rendered":"<h2>Vis\u00e3o geral:<\/h2>\n<p>\u00c0s 9h da manh\u00e3, a sua excurs\u00e3o privada de um dia a partir de Fez come\u00e7a com o embarque no seu hotel ou riad num confort\u00e1vel ve\u00edculo 4&#215;4 ou com ar condicionado. Esta excurs\u00e3o foi planeada para explorar algumas das cidades mais aut\u00eanticas e paisagens naturais da regi\u00e3o do M\u00e9dio Atlas num dia relaxante.<\/p>\n<p>A sua viagem come\u00e7a em dire\u00e7\u00e3o a Sefrou, uma encantadora cidade perto de Fez, onde poder\u00e1 desfrutar de um passeio pela sua medina tradicional e admirar as suas cascatas naturais, um dos principais destaques da cidade. A viagem continua at\u00e9 Bhalil, uma aldeia montanhosa \u00fanica, famosa pelas suas casas-caverna, onde visitar\u00e1 uma fam\u00edlia berbere local e partilhar\u00e1 um ch\u00e1 de menta tradicional, descobrindo o seu quotidiano e cultura.<\/p>\n<p>De seguida, passar\u00e1 por Ifrane, muitas vezes chamada de &#8220;Su\u00ed\u00e7a Marroquina&#8221; gra\u00e7as \u00e0 sua arquitetura alpina e ruas limpas, e continuar\u00e1 at\u00e9 Azrou, uma conhecida cidade berbere. Aqui, visitar\u00e1 a Floresta de Cedros de Azrou, lar do famoso Cedro-gigante e dos simp\u00e1ticos macacos-da-berberia, oferecendo excelentes oportunidades para tirar fotografias. Ao final da tarde, regressar\u00e1 confortavelmente a Fez, onde ser\u00e1 deixado no seu alojamento.<\/p>\n","protected":false},"excerpt":{"rendered":"<p>Vis\u00e3o geral: \u00c0s 9h da manh\u00e3, a sua excurs\u00e3o privada de um dia a partir de Fez come\u00e7a com o embarque no seu hotel ou riad num confort\u00e1vel ve\u00edculo 4&#215;4 ou com ar condicionado. Esta excurs\u00e3o foi planeada para explorar algumas das cidades mais aut\u00eanticas e paisagens naturais da regi\u00e3o do M\u00e9dio Atlas num dia [&hellip;]<\/p>\n","protected":false},"featured_media":12087,"comment_status":"closed","ping_status":"closed","template":"","meta":{"_joinchat":[]},"product_brand":[],"product_cat":[120,119],"product_tag":[],"class_list":{"0":"post-12086","1":"product","2":"type-product","3":"status-publish","4":"has-post-thumbnail","6":"product_cat-excursao-de-um-dia-a-partir-de-fez","7":"product_cat-passeios-de-um-dia","9":"first","10":"instock","11":"purchasable","12":"product-type-ovabrw_car_rental"},"yoast_head":"<!-- This site is optimized with the Yoast SEO Premium plugin v25.0 (Yoast SEO v25.0) - https:\/\/yoast.com\/wordpress\/plugins\/seo\/ -->\n<title>Viagem de um dia de Fez a Sefrou, Bhalil, Ifrane e Azrou - Cultural Travel Morocco<\/title>\n<meta name=\"robots\" content=\"index, follow, max-snippet:-1, max-image-preview:large, max-video-preview:-1\" \/>\n<link rel=\"canonical\" href=\"https:\/\/www.culturaltravelmorocco.com\/pt-pt\/product\/viagem-de-um-dia-de-fez-a-sefrou-bhalil-ifrane-e-azrou\/\" \/>\n<meta property=\"og:locale\" content=\"pt_PT\" \/>\n<meta property=\"og:type\" content=\"article\" \/>\n<meta property=\"og:title\" content=\"Viagem de um dia de Fez a Sefrou, Bhalil, Ifrane e Azrou\" \/>\n<meta property=\"og:description\" content=\"Vis\u00e3o geral: \u00c0s 9h da manh\u00e3, a sua excurs\u00e3o privada de um dia a partir de Fez come\u00e7a com o embarque no seu hotel ou riad num confort\u00e1vel ve\u00edculo 4&#215;4 ou com ar condicionado. Esta excurs\u00e3o foi planeada para explorar algumas das cidades mais aut\u00eanticas e paisagens naturais da regi\u00e3o do M\u00e9dio Atlas num dia [&hellip;]\" \/>\n<meta property=\"og:url\" content=\"https:\/\/www.culturaltravelmorocco.com\/pt-pt\/product\/viagem-de-um-dia-de-fez-a-sefrou-bhalil-ifrane-e-azrou\/\" \/>\n<meta property=\"og:site_name\" content=\"Cultural Travel Morocco\" \/>\n<meta property=\"article:modified_time\" content=\"2026-01-30T15:05:45+00:00\" \/>\n<meta property=\"og:image\" content=\"https:\/\/www.culturaltravelmorocco.com\/wp-content\/uploads\/2026\/01\/2-12.webp\" \/>\n\t<meta property=\"og:image:width\" content=\"1200\" \/>\n\t<meta property=\"og:image:height\" content=\"1000\" \/>\n\t<meta property=\"og:image:type\" content=\"image\/webp\" \/>\n<meta name=\"twitter:card\" content=\"summary_large_image\" \/>\n<meta name=\"twitter:label1\" content=\"Tempo estimado de leitura\" \/>\n\t<meta name=\"twitter:data1\" content=\"2 minutos\" \/>\n<script type=\"application\/ld+json\" class=\"yoast-schema-graph\">{\"@context\":\"https:\/\/schema.org\",\"@graph\":[{\"@type\":\"WebPage\",\"@id\":\"https:\/\/www.culturaltravelmorocco.com\/pt-pt\/product\/viagem-de-um-dia-de-fez-a-sefrou-bhalil-ifrane-e-azrou\/\",\"url\":\"https:\/\/www.culturaltravelmorocco.com\/pt-pt\/product\/viagem-de-um-dia-de-fez-a-sefrou-bhalil-ifrane-e-azrou\/\",\"name\":\"Viagem de um dia de Fez a Sefrou, Bhalil, Ifrane e Azrou - Cultural Travel Morocco\",\"isPartOf\":{\"@id\":\"https:\/\/www.culturaltravelmorocco.com\/pt-pt\/#website\"},\"primaryImageOfPage\":{\"@id\":\"https:\/\/www.culturaltravelmorocco.com\/pt-pt\/product\/viagem-de-um-dia-de-fez-a-sefrou-bhalil-ifrane-e-azrou\/#primaryimage\"},\"image\":{\"@id\":\"https:\/\/www.culturaltravelmorocco.com\/pt-pt\/product\/viagem-de-um-dia-de-fez-a-sefrou-bhalil-ifrane-e-azrou\/#primaryimage\"},\"thumbnailUrl\":\"https:\/\/www.culturaltravelmorocco.com\/wp-content\/uploads\/2026\/01\/2-12.webp\",\"datePublished\":\"2026-01-10T12:20:37+00:00\",\"dateModified\":\"2026-01-30T15:05:45+00:00\",\"breadcrumb\":{\"@id\":\"https:\/\/www.culturaltravelmorocco.com\/pt-pt\/product\/viagem-de-um-dia-de-fez-a-sefrou-bhalil-ifrane-e-azrou\/#breadcrumb\"},\"inLanguage\":\"pt-PT\",\"potentialAction\":[{\"@type\":\"ReadAction\",\"target\":[\"https:\/\/www.culturaltravelmorocco.com\/pt-pt\/product\/viagem-de-um-dia-de-fez-a-sefrou-bhalil-ifrane-e-azrou\/\"]}]},{\"@type\":\"ImageObject\",\"inLanguage\":\"pt-PT\",\"@id\":\"https:\/\/www.culturaltravelmorocco.com\/pt-pt\/product\/viagem-de-um-dia-de-fez-a-sefrou-bhalil-ifrane-e-azrou\/#primaryimage\",\"url\":\"https:\/\/www.culturaltravelmorocco.com\/wp-content\/uploads\/2026\/01\/2-12.webp\",\"contentUrl\":\"https:\/\/www.culturaltravelmorocco.com\/wp-content\/uploads\/2026\/01\/2-12.webp\",\"width\":1200,\"height\":1000},{\"@type\":\"BreadcrumbList\",\"@id\":\"https:\/\/www.culturaltravelmorocco.com\/pt-pt\/product\/viagem-de-um-dia-de-fez-a-sefrou-bhalil-ifrane-e-azrou\/#breadcrumb\",\"itemListElement\":[{\"@type\":\"ListItem\",\"position\":1,\"name\":\"In\u00edcio\",\"item\":\"https:\/\/www.culturaltravelmorocco.com\/pt-pt\/\"},{\"@type\":\"ListItem\",\"position\":2,\"name\":\"Produtos\",\"item\":\"https:\/\/www.culturaltravelmorocco.com\/pt-pt\/shop\/\"},{\"@type\":\"ListItem\",\"position\":3,\"name\":\"Viagem de um dia de Fez a Sefrou, Bhalil, Ifrane e Azrou\"}]},{\"@type\":\"WebSite\",\"@id\":\"https:\/\/www.culturaltravelmorocco.com\/pt-pt\/#website\",\"url\":\"https:\/\/www.culturaltravelmorocco.com\/pt-pt\/\",\"name\":\"Cultural Travel Morocco\",\"description\":\"\",\"potentialAction\":[{\"@type\":\"SearchAction\",\"target\":{\"@type\":\"EntryPoint\",\"urlTemplate\":\"https:\/\/www.culturaltravelmorocco.com\/pt-pt\/?s={search_term_string}\"},\"query-input\":{\"@type\":\"PropertyValueSpecification\",\"valueRequired\":true,\"valueName\":\"search_term_string\"}}],\"inLanguage\":\"pt-PT\"}]}<\/script>\n<!-- \/ Yoast SEO Premium plugin. -->","yoast_head_json":{"title":"Viagem de um dia de Fez a Sefrou, Bhalil, Ifrane e Azrou - Cultural Travel Morocco","robots":{"index":"index","follow":"follow","max-snippet":"max-snippet:-1","max-image-preview":"max-image-preview:large","max-video-preview":"max-video-preview:-1"},"canonical":"https:\/\/www.culturaltravelmorocco.com\/pt-pt\/product\/viagem-de-um-dia-de-fez-a-sefrou-bhalil-ifrane-e-azrou\/","og_locale":"pt_PT","og_type":"article","og_title":"Viagem de um dia de Fez a Sefrou, Bhalil, Ifrane e Azrou","og_description":"Vis\u00e3o geral: \u00c0s 9h da manh\u00e3, a sua excurs\u00e3o privada de um dia a partir de Fez come\u00e7a com o embarque no seu hotel ou riad num confort\u00e1vel ve\u00edculo 4&#215;4 ou com ar condicionado. Esta excurs\u00e3o foi planeada para explorar algumas das cidades mais aut\u00eanticas e paisagens naturais da regi\u00e3o do M\u00e9dio Atlas num dia [&hellip;]","og_url":"https:\/\/www.culturaltravelmorocco.com\/pt-pt\/product\/viagem-de-um-dia-de-fez-a-sefrou-bhalil-ifrane-e-azrou\/","og_site_name":"Cultural Travel Morocco","article_modified_time":"2026-01-30T15:05:45+00:00","og_image":[{"width":1200,"height":1000,"url":"https:\/\/www.culturaltravelmorocco.com\/wp-content\/uploads\/2026\/01\/2-12.webp","type":"image\/webp"}],"twitter_card":"summary_large_image","twitter_misc":{"Tempo estimado de leitura":"2 minutos"},"schema":{"@context":"https:\/\/schema.org","@graph":[{"@type":"WebPage","@id":"https:\/\/www.culturaltravelmorocco.com\/pt-pt\/product\/viagem-de-um-dia-de-fez-a-sefrou-bhalil-ifrane-e-azrou\/","url":"https:\/\/www.culturaltravelmorocco.com\/pt-pt\/product\/viagem-de-um-dia-de-fez-a-sefrou-bhalil-ifrane-e-azrou\/","name":"Viagem de um dia de Fez a Sefrou, Bhalil, Ifrane e Azrou - Cultural Travel Morocco","isPartOf":{"@id":"https:\/\/www.culturaltravelmorocco.com\/pt-pt\/#website"},"primaryImageOfPage":{"@id":"https:\/\/www.culturaltravelmorocco.com\/pt-pt\/product\/viagem-de-um-dia-de-fez-a-sefrou-bhalil-ifrane-e-azrou\/#primaryimage"},"image":{"@id":"https:\/\/www.culturaltravelmorocco.com\/pt-pt\/product\/viagem-de-um-dia-de-fez-a-sefrou-bhalil-ifrane-e-azrou\/#primaryimage"},"thumbnailUrl":"https:\/\/www.culturaltravelmorocco.com\/wp-content\/uploads\/2026\/01\/2-12.webp","datePublished":"2026-01-10T12:20:37+00:00","dateModified":"2026-01-30T15:05:45+00:00","breadcrumb":{"@id":"https:\/\/www.culturaltravelmorocco.com\/pt-pt\/product\/viagem-de-um-dia-de-fez-a-sefrou-bhalil-ifrane-e-azrou\/#breadcrumb"},"inLanguage":"pt-PT","potentialAction":[{"@type":"ReadAction","target":["https:\/\/www.culturaltravelmorocco.com\/pt-pt\/product\/viagem-de-um-dia-de-fez-a-sefrou-bhalil-ifrane-e-azrou\/"]}]},{"@type":"ImageObject","inLanguage":"pt-PT","@id":"https:\/\/www.culturaltravelmorocco.com\/pt-pt\/product\/viagem-de-um-dia-de-fez-a-sefrou-bhalil-ifrane-e-azrou\/#primaryimage","url":"https:\/\/www.culturaltravelmorocco.com\/wp-content\/uploads\/2026\/01\/2-12.webp","contentUrl":"https:\/\/www.culturaltravelmorocco.com\/wp-content\/uploads\/2026\/01\/2-12.webp","width":1200,"height":1000},{"@type":"BreadcrumbList","@id":"https:\/\/www.culturaltravelmorocco.com\/pt-pt\/product\/viagem-de-um-dia-de-fez-a-sefrou-bhalil-ifrane-e-azrou\/#breadcrumb","itemListElement":[{"@type":"ListItem","position":1,"name":"In\u00edcio","item":"https:\/\/www.culturaltravelmorocco.com\/pt-pt\/"},{"@type":"ListItem","position":2,"name":"Produtos","item":"https:\/\/www.culturaltravelmorocco.com\/pt-pt\/shop\/"},{"@type":"ListItem","position":3,"name":"Viagem de um dia de Fez a Sefrou, Bhalil, Ifrane e Azrou"}]},{"@type":"WebSite","@id":"https:\/\/www.culturaltravelmorocco.com\/pt-pt\/#website","url":"https:\/\/www.culturaltravelmorocco.com\/pt-pt\/","name":"Cultural Travel Morocco","description":"","potentialAction":[{"@type":"SearchAction","target":{"@type":"EntryPoint","urlTemplate":"https:\/\/www.culturaltravelmorocco.com\/pt-pt\/?s={search_term_string}"},"query-input":{"@type":"PropertyValueSpecification","valueRequired":true,"valueName":"search_term_string"}}],"inLanguage":"pt-PT"}]}},"_links":{"self":[{"href":"https:\/\/www.culturaltravelmorocco.com\/pt-pt\/wp-json\/wp\/v2\/product\/12086","targetHints":{"allow":["GET"]}}],"collection":[{"href":"https:\/\/www.culturaltravelmorocco.com\/pt-pt\/wp-json\/wp\/v2\/product"}],"about":[{"href":"https:\/\/www.culturaltravelmorocco.com\/pt-pt\/wp-json\/wp\/v2\/types\/product"}],"replies":[{"embeddable":true,"href":"https:\/\/www.culturaltravelmorocco.com\/pt-pt\/wp-json\/wp\/v2\/comments?post=12086"}],"wp:featuredmedia":[{"embeddable":true,"href":"https:\/\/www.culturaltravelmorocco.com\/pt-pt\/wp-json\/wp\/v2\/media\/12087"}],"wp:attachment":[{"href":"https:\/\/www.culturaltravelmorocco.com\/pt-pt\/wp-json\/wp\/v2\/media?parent=12086"}],"wp:term":[{"taxonomy":"product_brand","embeddable":true,"href":"https:\/\/www.culturaltravelmorocco.com\/pt-pt\/wp-json\/wp\/v2\/product_brand?post=12086"},{"taxonomy":"product_cat","embeddable":true,"href":"https:\/\/www.culturaltravelmorocco.com\/pt-pt\/wp-json\/wp\/v2\/product_cat?post=12086"},{"taxonomy":"product_tag","embeddable":true,"href":"https:\/\/www.culturaltravelmorocco.com\/pt-pt\/wp-json\/wp\/v2\/product_tag?post=12086"}],"curies":[{"name":"wp","href":"https:\/\/api.w.org\/{rel}","templated":true}]}}