{"id":12113,"date":"2026-01-10T12:20:37","date_gmt":"2026-01-10T12:20:37","guid":{"rendered":"https:\/\/www.culturaltravelmorocco.com\/product\/agafay-desert-overnight-experience-from-marrakech\/"},"modified":"2026-01-30T15:14:47","modified_gmt":"2026-01-30T15:14:47","slug":"experiencia-de-pernoita-no-deserto-de-agafay-a-partir-de-marrakech","status":"publish","type":"product","link":"https:\/\/www.culturaltravelmorocco.com\/pt-pt\/product\/experiencia-de-pernoita-no-deserto-de-agafay-a-partir-de-marrakech\/","title":{"rendered":"Experi\u00eancia de pernoita no deserto de Agafay a partir de Marrakech"},"content":{"rendered":"<h2>Vis\u00e3o geral:<\/h2>\n<p>Por volta das 16h00, ser\u00e1 recolhido no seu hotel ou riad em Marraquexe num confort\u00e1vel ve\u00edculo 4&#215;4 ou moderno e levado at\u00e9 ao deslumbrante Deserto de Agafay, a paisagem des\u00e9rtica mais pr\u00f3xima da Cidade Vermelha. Localizado a cerca de uma hora de dist\u00e2ncia, Agafay oferece uma paisagem des\u00e9rtica rochosa \u00fanica, com vistas de cortar a respira\u00e7\u00e3o das Montanhas do Alto Atlas, longe do barulho e da agita\u00e7\u00e3o da cidade.<\/p>\n<p>\u00c0 chegada, ser\u00e1 recebido com um tradicional ch\u00e1 de menta marroquino e poder\u00e1 desfrutar da atmosfera tranquila do deserto. Ao p\u00f4r do sol, a paisagem transforma-se num cen\u00e1rio m\u00e1gico. Passar\u00e1 a noite numa luxuosa tenda privada equipada com casa de banho e chuveiro, desfrutar\u00e1 de um jantar tradicional marroquino e admirar\u00e1 o incr\u00edvel c\u00e9u estrelado. De manh\u00e3, acorde com um sereno nascer do sol no deserto, seguido de um pequeno-almo\u00e7o, antes de regressar a Marraquexe com mem\u00f3rias inesquec\u00edveis.<\/p>\n","protected":false},"excerpt":{"rendered":"<p>Vis\u00e3o geral: Por volta das 16h00, ser\u00e1 recolhido no seu hotel ou riad em Marraquexe num confort\u00e1vel ve\u00edculo 4&#215;4 ou moderno e levado at\u00e9 ao deslumbrante Deserto de Agafay, a paisagem des\u00e9rtica mais pr\u00f3xima da Cidade Vermelha. Localizado a cerca de uma hora de dist\u00e2ncia, Agafay oferece uma paisagem des\u00e9rtica rochosa \u00fanica, com vistas de [&hellip;]<\/p>\n","protected":false},"featured_media":12114,"comment_status":"closed","ping_status":"closed","template":"","meta":{"_joinchat":[]},"product_brand":[],"product_cat":[121,119],"product_tag":[],"class_list":{"0":"post-12113","1":"product","2":"type-product","3":"status-publish","4":"has-post-thumbnail","6":"product_cat-excursao-de-um-dia-a-partir-de-marrakech","7":"product_cat-passeios-de-um-dia","9":"first","10":"instock","11":"purchasable","12":"product-type-ovabrw_car_rental"},"yoast_head":"<!-- This site is optimized with the Yoast SEO Premium plugin v25.0 (Yoast SEO v25.0) - https:\/\/yoast.com\/wordpress\/plugins\/seo\/ -->\n<title>Experi\u00eancia de pernoita no deserto de Agafay a partir de Marrakech - Cultural Travel Morocco<\/title>\n<meta name=\"robots\" content=\"index, follow, max-snippet:-1, max-image-preview:large, max-video-preview:-1\" \/>\n<link rel=\"canonical\" href=\"https:\/\/www.culturaltravelmorocco.com\/pt-pt\/product\/experiencia-de-pernoita-no-deserto-de-agafay-a-partir-de-marrakech\/\" \/>\n<meta property=\"og:locale\" content=\"pt_PT\" \/>\n<meta property=\"og:type\" content=\"article\" \/>\n<meta property=\"og:title\" content=\"Experi\u00eancia de pernoita no deserto de Agafay a partir de Marrakech\" \/>\n<meta property=\"og:description\" content=\"Vis\u00e3o geral: Por volta das 16h00, ser\u00e1 recolhido no seu hotel ou riad em Marraquexe num confort\u00e1vel ve\u00edculo 4&#215;4 ou moderno e levado at\u00e9 ao deslumbrante Deserto de Agafay, a paisagem des\u00e9rtica mais pr\u00f3xima da Cidade Vermelha. Localizado a cerca de uma hora de dist\u00e2ncia, Agafay oferece uma paisagem des\u00e9rtica rochosa \u00fanica, com vistas de [&hellip;]\" \/>\n<meta property=\"og:url\" content=\"https:\/\/www.culturaltravelmorocco.com\/pt-pt\/product\/experiencia-de-pernoita-no-deserto-de-agafay-a-partir-de-marrakech\/\" \/>\n<meta property=\"og:site_name\" content=\"Cultural Travel Morocco\" \/>\n<meta property=\"article:modified_time\" content=\"2026-01-30T15:14:47+00:00\" \/>\n<meta property=\"og:image\" content=\"https:\/\/www.culturaltravelmorocco.com\/wp-content\/uploads\/2026\/01\/1-16.webp\" \/>\n\t<meta property=\"og:image:width\" content=\"1200\" \/>\n\t<meta property=\"og:image:height\" content=\"1000\" \/>\n\t<meta property=\"og:image:type\" content=\"image\/webp\" \/>\n<meta name=\"twitter:card\" content=\"summary_large_image\" \/>\n<meta name=\"twitter:label1\" content=\"Tempo estimado de leitura\" \/>\n\t<meta name=\"twitter:data1\" content=\"1 minuto\" \/>\n<script type=\"application\/ld+json\" class=\"yoast-schema-graph\">{\"@context\":\"https:\/\/schema.org\",\"@graph\":[{\"@type\":\"WebPage\",\"@id\":\"https:\/\/www.culturaltravelmorocco.com\/pt-pt\/product\/experiencia-de-pernoita-no-deserto-de-agafay-a-partir-de-marrakech\/\",\"url\":\"https:\/\/www.culturaltravelmorocco.com\/pt-pt\/product\/experiencia-de-pernoita-no-deserto-de-agafay-a-partir-de-marrakech\/\",\"name\":\"Experi\u00eancia de pernoita no deserto de Agafay a partir de Marrakech - Cultural Travel Morocco\",\"isPartOf\":{\"@id\":\"https:\/\/www.culturaltravelmorocco.com\/pt-pt\/#website\"},\"primaryImageOfPage\":{\"@id\":\"https:\/\/www.culturaltravelmorocco.com\/pt-pt\/product\/experiencia-de-pernoita-no-deserto-de-agafay-a-partir-de-marrakech\/#primaryimage\"},\"image\":{\"@id\":\"https:\/\/www.culturaltravelmorocco.com\/pt-pt\/product\/experiencia-de-pernoita-no-deserto-de-agafay-a-partir-de-marrakech\/#primaryimage\"},\"thumbnailUrl\":\"https:\/\/www.culturaltravelmorocco.com\/wp-content\/uploads\/2026\/01\/1-16.webp\",\"datePublished\":\"2026-01-10T12:20:37+00:00\",\"dateModified\":\"2026-01-30T15:14:47+00:00\",\"breadcrumb\":{\"@id\":\"https:\/\/www.culturaltravelmorocco.com\/pt-pt\/product\/experiencia-de-pernoita-no-deserto-de-agafay-a-partir-de-marrakech\/#breadcrumb\"},\"inLanguage\":\"pt-PT\",\"potentialAction\":[{\"@type\":\"ReadAction\",\"target\":[\"https:\/\/www.culturaltravelmorocco.com\/pt-pt\/product\/experiencia-de-pernoita-no-deserto-de-agafay-a-partir-de-marrakech\/\"]}]},{\"@type\":\"ImageObject\",\"inLanguage\":\"pt-PT\",\"@id\":\"https:\/\/www.culturaltravelmorocco.com\/pt-pt\/product\/experiencia-de-pernoita-no-deserto-de-agafay-a-partir-de-marrakech\/#primaryimage\",\"url\":\"https:\/\/www.culturaltravelmorocco.com\/wp-content\/uploads\/2026\/01\/1-16.webp\",\"contentUrl\":\"https:\/\/www.culturaltravelmorocco.com\/wp-content\/uploads\/2026\/01\/1-16.webp\",\"width\":1200,\"height\":1000},{\"@type\":\"BreadcrumbList\",\"@id\":\"https:\/\/www.culturaltravelmorocco.com\/pt-pt\/product\/experiencia-de-pernoita-no-deserto-de-agafay-a-partir-de-marrakech\/#breadcrumb\",\"itemListElement\":[{\"@type\":\"ListItem\",\"position\":1,\"name\":\"In\u00edcio\",\"item\":\"https:\/\/www.culturaltravelmorocco.com\/pt-pt\/\"},{\"@type\":\"ListItem\",\"position\":2,\"name\":\"Produtos\",\"item\":\"https:\/\/www.culturaltravelmorocco.com\/pt-pt\/shop\/\"},{\"@type\":\"ListItem\",\"position\":3,\"name\":\"Experi\u00eancia de pernoita no deserto de Agafay a partir de Marrakech\"}]},{\"@type\":\"WebSite\",\"@id\":\"https:\/\/www.culturaltravelmorocco.com\/pt-pt\/#website\",\"url\":\"https:\/\/www.culturaltravelmorocco.com\/pt-pt\/\",\"name\":\"Cultural Travel Morocco\",\"description\":\"\",\"potentialAction\":[{\"@type\":\"SearchAction\",\"target\":{\"@type\":\"EntryPoint\",\"urlTemplate\":\"https:\/\/www.culturaltravelmorocco.com\/pt-pt\/?s={search_term_string}\"},\"query-input\":{\"@type\":\"PropertyValueSpecification\",\"valueRequired\":true,\"valueName\":\"search_term_string\"}}],\"inLanguage\":\"pt-PT\"}]}<\/script>\n<!-- \/ Yoast SEO Premium plugin. -->","yoast_head_json":{"title":"Experi\u00eancia de pernoita no deserto de Agafay a partir de Marrakech - Cultural Travel Morocco","robots":{"index":"index","follow":"follow","max-snippet":"max-snippet:-1","max-image-preview":"max-image-preview:large","max-video-preview":"max-video-preview:-1"},"canonical":"https:\/\/www.culturaltravelmorocco.com\/pt-pt\/product\/experiencia-de-pernoita-no-deserto-de-agafay-a-partir-de-marrakech\/","og_locale":"pt_PT","og_type":"article","og_title":"Experi\u00eancia de pernoita no deserto de Agafay a partir de Marrakech","og_description":"Vis\u00e3o geral: Por volta das 16h00, ser\u00e1 recolhido no seu hotel ou riad em Marraquexe num confort\u00e1vel ve\u00edculo 4&#215;4 ou moderno e levado at\u00e9 ao deslumbrante Deserto de Agafay, a paisagem des\u00e9rtica mais pr\u00f3xima da Cidade Vermelha. Localizado a cerca de uma hora de dist\u00e2ncia, Agafay oferece uma paisagem des\u00e9rtica rochosa \u00fanica, com vistas de [&hellip;]","og_url":"https:\/\/www.culturaltravelmorocco.com\/pt-pt\/product\/experiencia-de-pernoita-no-deserto-de-agafay-a-partir-de-marrakech\/","og_site_name":"Cultural Travel Morocco","article_modified_time":"2026-01-30T15:14:47+00:00","og_image":[{"width":1200,"height":1000,"url":"https:\/\/www.culturaltravelmorocco.com\/wp-content\/uploads\/2026\/01\/1-16.webp","type":"image\/webp"}],"twitter_card":"summary_large_image","twitter_misc":{"Tempo estimado de leitura":"1 minuto"},"schema":{"@context":"https:\/\/schema.org","@graph":[{"@type":"WebPage","@id":"https:\/\/www.culturaltravelmorocco.com\/pt-pt\/product\/experiencia-de-pernoita-no-deserto-de-agafay-a-partir-de-marrakech\/","url":"https:\/\/www.culturaltravelmorocco.com\/pt-pt\/product\/experiencia-de-pernoita-no-deserto-de-agafay-a-partir-de-marrakech\/","name":"Experi\u00eancia de pernoita no deserto de Agafay a partir de Marrakech - Cultural Travel Morocco","isPartOf":{"@id":"https:\/\/www.culturaltravelmorocco.com\/pt-pt\/#website"},"primaryImageOfPage":{"@id":"https:\/\/www.culturaltravelmorocco.com\/pt-pt\/product\/experiencia-de-pernoita-no-deserto-de-agafay-a-partir-de-marrakech\/#primaryimage"},"image":{"@id":"https:\/\/www.culturaltravelmorocco.com\/pt-pt\/product\/experiencia-de-pernoita-no-deserto-de-agafay-a-partir-de-marrakech\/#primaryimage"},"thumbnailUrl":"https:\/\/www.culturaltravelmorocco.com\/wp-content\/uploads\/2026\/01\/1-16.webp","datePublished":"2026-01-10T12:20:37+00:00","dateModified":"2026-01-30T15:14:47+00:00","breadcrumb":{"@id":"https:\/\/www.culturaltravelmorocco.com\/pt-pt\/product\/experiencia-de-pernoita-no-deserto-de-agafay-a-partir-de-marrakech\/#breadcrumb"},"inLanguage":"pt-PT","potentialAction":[{"@type":"ReadAction","target":["https:\/\/www.culturaltravelmorocco.com\/pt-pt\/product\/experiencia-de-pernoita-no-deserto-de-agafay-a-partir-de-marrakech\/"]}]},{"@type":"ImageObject","inLanguage":"pt-PT","@id":"https:\/\/www.culturaltravelmorocco.com\/pt-pt\/product\/experiencia-de-pernoita-no-deserto-de-agafay-a-partir-de-marrakech\/#primaryimage","url":"https:\/\/www.culturaltravelmorocco.com\/wp-content\/uploads\/2026\/01\/1-16.webp","contentUrl":"https:\/\/www.culturaltravelmorocco.com\/wp-content\/uploads\/2026\/01\/1-16.webp","width":1200,"height":1000},{"@type":"BreadcrumbList","@id":"https:\/\/www.culturaltravelmorocco.com\/pt-pt\/product\/experiencia-de-pernoita-no-deserto-de-agafay-a-partir-de-marrakech\/#breadcrumb","itemListElement":[{"@type":"ListItem","position":1,"name":"In\u00edcio","item":"https:\/\/www.culturaltravelmorocco.com\/pt-pt\/"},{"@type":"ListItem","position":2,"name":"Produtos","item":"https:\/\/www.culturaltravelmorocco.com\/pt-pt\/shop\/"},{"@type":"ListItem","position":3,"name":"Experi\u00eancia de pernoita no deserto de Agafay a partir de Marrakech"}]},{"@type":"WebSite","@id":"https:\/\/www.culturaltravelmorocco.com\/pt-pt\/#website","url":"https:\/\/www.culturaltravelmorocco.com\/pt-pt\/","name":"Cultural Travel Morocco","description":"","potentialAction":[{"@type":"SearchAction","target":{"@type":"EntryPoint","urlTemplate":"https:\/\/www.culturaltravelmorocco.com\/pt-pt\/?s={search_term_string}"},"query-input":{"@type":"PropertyValueSpecification","valueRequired":true,"valueName":"search_term_string"}}],"inLanguage":"pt-PT"}]}},"_links":{"self":[{"href":"https:\/\/www.culturaltravelmorocco.com\/pt-pt\/wp-json\/wp\/v2\/product\/12113","targetHints":{"allow":["GET"]}}],"collection":[{"href":"https:\/\/www.culturaltravelmorocco.com\/pt-pt\/wp-json\/wp\/v2\/product"}],"about":[{"href":"https:\/\/www.culturaltravelmorocco.com\/pt-pt\/wp-json\/wp\/v2\/types\/product"}],"replies":[{"embeddable":true,"href":"https:\/\/www.culturaltravelmorocco.com\/pt-pt\/wp-json\/wp\/v2\/comments?post=12113"}],"wp:featuredmedia":[{"embeddable":true,"href":"https:\/\/www.culturaltravelmorocco.com\/pt-pt\/wp-json\/wp\/v2\/media\/12114"}],"wp:attachment":[{"href":"https:\/\/www.culturaltravelmorocco.com\/pt-pt\/wp-json\/wp\/v2\/media?parent=12113"}],"wp:term":[{"taxonomy":"product_brand","embeddable":true,"href":"https:\/\/www.culturaltravelmorocco.com\/pt-pt\/wp-json\/wp\/v2\/product_brand?post=12113"},{"taxonomy":"product_cat","embeddable":true,"href":"https:\/\/www.culturaltravelmorocco.com\/pt-pt\/wp-json\/wp\/v2\/product_cat?post=12113"},{"taxonomy":"product_tag","embeddable":true,"href":"https:\/\/www.culturaltravelmorocco.com\/pt-pt\/wp-json\/wp\/v2\/product_tag?post=12113"}],"curies":[{"name":"wp","href":"https:\/\/api.w.org\/{rel}","templated":true}]}}