{"id":12131,"date":"2026-01-10T12:20:37","date_gmt":"2026-01-10T12:20:37","guid":{"rendered":"https:\/\/www.culturaltravelmorocco.com\/product\/private-day-trip-to-chefchaouen-from-tangier\/"},"modified":"2026-01-30T15:18:55","modified_gmt":"2026-01-30T15:18:55","slug":"excursao-privada-de-um-dia-a-chefchaouen-a-partir-de-tanger","status":"publish","type":"product","link":"https:\/\/www.culturaltravelmorocco.com\/pt-pt\/product\/excursao-privada-de-um-dia-a-chefchaouen-a-partir-de-tanger\/","title":{"rendered":"Excurs\u00e3o privada de um dia a Chefchaouen a partir de T\u00e2nger"},"content":{"rendered":"<h2>Vis\u00e3o geral:<\/h2>\n<p>\u00c0s 8h30, iremos busc\u00e1-lo ao seu hotel ou riad em T\u00e2nger e partiremos em dire\u00e7\u00e3o a Chefchaouen, a famosa Cidade Azul de Marrocos, aninhada nas Montanhas Rif. Este passeio privado de um dia oferece uma escapadela relaxante para um dos destinos mais pitorescos do norte do pa\u00eds.<\/p>\n<p>\u00c0 chegada, ter\u00e1 tempo livre para explorar Chefchaouen ao seu pr\u00f3prio ritmo, passeando pelas suas ruas pintadas de azul, pra\u00e7as encantadoras e miradouros panor\u00e2micos. Para os viajantes que desejam aprender mais, est\u00e1 dispon\u00edvel uma visita guiada opcional com um guia que fala espanhol, permitindo descobrir a hist\u00f3ria, a cultura e as tradi\u00e7\u00f5es locais desta cidade montanhosa \u00fanica.<\/p>\n<p>Ap\u00f3s desfrutar da atmosfera m\u00e1gica de Chefchaouen, regressaremos a T\u00e2nger \u00e0 tarde, onde ser\u00e1 deixado no seu alojamento.<\/p>\n","protected":false},"excerpt":{"rendered":"<p>Vis\u00e3o geral: \u00c0s 8h30, iremos busc\u00e1-lo ao seu hotel ou riad em T\u00e2nger e partiremos em dire\u00e7\u00e3o a Chefchaouen, a famosa Cidade Azul de Marrocos, aninhada nas Montanhas Rif. Este passeio privado de um dia oferece uma escapadela relaxante para um dos destinos mais pitorescos do norte do pa\u00eds. \u00c0 chegada, ter\u00e1 tempo livre para [&hellip;]<\/p>\n","protected":false},"featured_media":12000,"comment_status":"closed","ping_status":"closed","template":"","meta":{"_joinchat":[]},"product_brand":[],"product_cat":[122,119],"product_tag":[],"class_list":{"0":"post-12131","1":"product","2":"type-product","3":"status-publish","4":"has-post-thumbnail","6":"product_cat-excursao-de-um-dia-a-partir-de-tanger","7":"product_cat-passeios-de-um-dia","9":"first","10":"instock","11":"purchasable","12":"product-type-ovabrw_car_rental"},"yoast_head":"<!-- This site is optimized with the Yoast SEO Premium plugin v25.0 (Yoast SEO v25.0) - https:\/\/yoast.com\/wordpress\/plugins\/seo\/ -->\n<title>Excurs\u00e3o privada de um dia a Chefchaouen a partir de T\u00e2nger - Cultural Travel Morocco<\/title>\n<meta name=\"robots\" content=\"index, follow, max-snippet:-1, max-image-preview:large, max-video-preview:-1\" \/>\n<link rel=\"canonical\" href=\"https:\/\/www.culturaltravelmorocco.com\/pt-pt\/product\/excursao-privada-de-um-dia-a-chefchaouen-a-partir-de-tanger\/\" \/>\n<meta property=\"og:locale\" content=\"pt_PT\" \/>\n<meta property=\"og:type\" content=\"article\" \/>\n<meta property=\"og:title\" content=\"Excurs\u00e3o privada de um dia a Chefchaouen a partir de T\u00e2nger\" \/>\n<meta property=\"og:description\" content=\"Vis\u00e3o geral: \u00c0s 8h30, iremos busc\u00e1-lo ao seu hotel ou riad em T\u00e2nger e partiremos em dire\u00e7\u00e3o a Chefchaouen, a famosa Cidade Azul de Marrocos, aninhada nas Montanhas Rif. Este passeio privado de um dia oferece uma escapadela relaxante para um dos destinos mais pitorescos do norte do pa\u00eds. \u00c0 chegada, ter\u00e1 tempo livre para [&hellip;]\" \/>\n<meta property=\"og:url\" content=\"https:\/\/www.culturaltravelmorocco.com\/pt-pt\/product\/excursao-privada-de-um-dia-a-chefchaouen-a-partir-de-tanger\/\" \/>\n<meta property=\"og:site_name\" content=\"Cultural Travel Morocco\" \/>\n<meta property=\"article:modified_time\" content=\"2026-01-30T15:18:55+00:00\" \/>\n<meta property=\"og:image\" content=\"https:\/\/www.culturaltravelmorocco.com\/wp-content\/uploads\/2026\/01\/1-15.webp\" \/>\n\t<meta property=\"og:image:width\" content=\"1200\" \/>\n\t<meta property=\"og:image:height\" content=\"1000\" \/>\n\t<meta property=\"og:image:type\" content=\"image\/webp\" \/>\n<meta name=\"twitter:card\" content=\"summary_large_image\" \/>\n<meta name=\"twitter:label1\" content=\"Tempo estimado de leitura\" \/>\n\t<meta name=\"twitter:data1\" content=\"1 minuto\" \/>\n<script type=\"application\/ld+json\" class=\"yoast-schema-graph\">{\"@context\":\"https:\/\/schema.org\",\"@graph\":[{\"@type\":\"WebPage\",\"@id\":\"https:\/\/www.culturaltravelmorocco.com\/pt-pt\/product\/excursao-privada-de-um-dia-a-chefchaouen-a-partir-de-tanger\/\",\"url\":\"https:\/\/www.culturaltravelmorocco.com\/pt-pt\/product\/excursao-privada-de-um-dia-a-chefchaouen-a-partir-de-tanger\/\",\"name\":\"Excurs\u00e3o privada de um dia a Chefchaouen a partir de T\u00e2nger - Cultural Travel Morocco\",\"isPartOf\":{\"@id\":\"https:\/\/www.culturaltravelmorocco.com\/pt-pt\/#website\"},\"primaryImageOfPage\":{\"@id\":\"https:\/\/www.culturaltravelmorocco.com\/pt-pt\/product\/excursao-privada-de-um-dia-a-chefchaouen-a-partir-de-tanger\/#primaryimage\"},\"image\":{\"@id\":\"https:\/\/www.culturaltravelmorocco.com\/pt-pt\/product\/excursao-privada-de-um-dia-a-chefchaouen-a-partir-de-tanger\/#primaryimage\"},\"thumbnailUrl\":\"https:\/\/www.culturaltravelmorocco.com\/wp-content\/uploads\/2026\/01\/1-15.webp\",\"datePublished\":\"2026-01-10T12:20:37+00:00\",\"dateModified\":\"2026-01-30T15:18:55+00:00\",\"breadcrumb\":{\"@id\":\"https:\/\/www.culturaltravelmorocco.com\/pt-pt\/product\/excursao-privada-de-um-dia-a-chefchaouen-a-partir-de-tanger\/#breadcrumb\"},\"inLanguage\":\"pt-PT\",\"potentialAction\":[{\"@type\":\"ReadAction\",\"target\":[\"https:\/\/www.culturaltravelmorocco.com\/pt-pt\/product\/excursao-privada-de-um-dia-a-chefchaouen-a-partir-de-tanger\/\"]}]},{\"@type\":\"ImageObject\",\"inLanguage\":\"pt-PT\",\"@id\":\"https:\/\/www.culturaltravelmorocco.com\/pt-pt\/product\/excursao-privada-de-um-dia-a-chefchaouen-a-partir-de-tanger\/#primaryimage\",\"url\":\"https:\/\/www.culturaltravelmorocco.com\/wp-content\/uploads\/2026\/01\/1-15.webp\",\"contentUrl\":\"https:\/\/www.culturaltravelmorocco.com\/wp-content\/uploads\/2026\/01\/1-15.webp\",\"width\":1200,\"height\":1000},{\"@type\":\"BreadcrumbList\",\"@id\":\"https:\/\/www.culturaltravelmorocco.com\/pt-pt\/product\/excursao-privada-de-um-dia-a-chefchaouen-a-partir-de-tanger\/#breadcrumb\",\"itemListElement\":[{\"@type\":\"ListItem\",\"position\":1,\"name\":\"In\u00edcio\",\"item\":\"https:\/\/www.culturaltravelmorocco.com\/pt-pt\/\"},{\"@type\":\"ListItem\",\"position\":2,\"name\":\"Produtos\",\"item\":\"https:\/\/www.culturaltravelmorocco.com\/pt-pt\/shop\/\"},{\"@type\":\"ListItem\",\"position\":3,\"name\":\"Excurs\u00e3o privada de um dia a Chefchaouen a partir de T\u00e2nger\"}]},{\"@type\":\"WebSite\",\"@id\":\"https:\/\/www.culturaltravelmorocco.com\/pt-pt\/#website\",\"url\":\"https:\/\/www.culturaltravelmorocco.com\/pt-pt\/\",\"name\":\"Cultural Travel Morocco\",\"description\":\"\",\"potentialAction\":[{\"@type\":\"SearchAction\",\"target\":{\"@type\":\"EntryPoint\",\"urlTemplate\":\"https:\/\/www.culturaltravelmorocco.com\/pt-pt\/?s={search_term_string}\"},\"query-input\":{\"@type\":\"PropertyValueSpecification\",\"valueRequired\":true,\"valueName\":\"search_term_string\"}}],\"inLanguage\":\"pt-PT\"}]}<\/script>\n<!-- \/ Yoast SEO Premium plugin. -->","yoast_head_json":{"title":"Excurs\u00e3o privada de um dia a Chefchaouen a partir de T\u00e2nger - Cultural Travel Morocco","robots":{"index":"index","follow":"follow","max-snippet":"max-snippet:-1","max-image-preview":"max-image-preview:large","max-video-preview":"max-video-preview:-1"},"canonical":"https:\/\/www.culturaltravelmorocco.com\/pt-pt\/product\/excursao-privada-de-um-dia-a-chefchaouen-a-partir-de-tanger\/","og_locale":"pt_PT","og_type":"article","og_title":"Excurs\u00e3o privada de um dia a Chefchaouen a partir de T\u00e2nger","og_description":"Vis\u00e3o geral: \u00c0s 8h30, iremos busc\u00e1-lo ao seu hotel ou riad em T\u00e2nger e partiremos em dire\u00e7\u00e3o a Chefchaouen, a famosa Cidade Azul de Marrocos, aninhada nas Montanhas Rif. Este passeio privado de um dia oferece uma escapadela relaxante para um dos destinos mais pitorescos do norte do pa\u00eds. \u00c0 chegada, ter\u00e1 tempo livre para [&hellip;]","og_url":"https:\/\/www.culturaltravelmorocco.com\/pt-pt\/product\/excursao-privada-de-um-dia-a-chefchaouen-a-partir-de-tanger\/","og_site_name":"Cultural Travel Morocco","article_modified_time":"2026-01-30T15:18:55+00:00","og_image":[{"width":1200,"height":1000,"url":"https:\/\/www.culturaltravelmorocco.com\/wp-content\/uploads\/2026\/01\/1-15.webp","type":"image\/webp"}],"twitter_card":"summary_large_image","twitter_misc":{"Tempo estimado de leitura":"1 minuto"},"schema":{"@context":"https:\/\/schema.org","@graph":[{"@type":"WebPage","@id":"https:\/\/www.culturaltravelmorocco.com\/pt-pt\/product\/excursao-privada-de-um-dia-a-chefchaouen-a-partir-de-tanger\/","url":"https:\/\/www.culturaltravelmorocco.com\/pt-pt\/product\/excursao-privada-de-um-dia-a-chefchaouen-a-partir-de-tanger\/","name":"Excurs\u00e3o privada de um dia a Chefchaouen a partir de T\u00e2nger - Cultural Travel Morocco","isPartOf":{"@id":"https:\/\/www.culturaltravelmorocco.com\/pt-pt\/#website"},"primaryImageOfPage":{"@id":"https:\/\/www.culturaltravelmorocco.com\/pt-pt\/product\/excursao-privada-de-um-dia-a-chefchaouen-a-partir-de-tanger\/#primaryimage"},"image":{"@id":"https:\/\/www.culturaltravelmorocco.com\/pt-pt\/product\/excursao-privada-de-um-dia-a-chefchaouen-a-partir-de-tanger\/#primaryimage"},"thumbnailUrl":"https:\/\/www.culturaltravelmorocco.com\/wp-content\/uploads\/2026\/01\/1-15.webp","datePublished":"2026-01-10T12:20:37+00:00","dateModified":"2026-01-30T15:18:55+00:00","breadcrumb":{"@id":"https:\/\/www.culturaltravelmorocco.com\/pt-pt\/product\/excursao-privada-de-um-dia-a-chefchaouen-a-partir-de-tanger\/#breadcrumb"},"inLanguage":"pt-PT","potentialAction":[{"@type":"ReadAction","target":["https:\/\/www.culturaltravelmorocco.com\/pt-pt\/product\/excursao-privada-de-um-dia-a-chefchaouen-a-partir-de-tanger\/"]}]},{"@type":"ImageObject","inLanguage":"pt-PT","@id":"https:\/\/www.culturaltravelmorocco.com\/pt-pt\/product\/excursao-privada-de-um-dia-a-chefchaouen-a-partir-de-tanger\/#primaryimage","url":"https:\/\/www.culturaltravelmorocco.com\/wp-content\/uploads\/2026\/01\/1-15.webp","contentUrl":"https:\/\/www.culturaltravelmorocco.com\/wp-content\/uploads\/2026\/01\/1-15.webp","width":1200,"height":1000},{"@type":"BreadcrumbList","@id":"https:\/\/www.culturaltravelmorocco.com\/pt-pt\/product\/excursao-privada-de-um-dia-a-chefchaouen-a-partir-de-tanger\/#breadcrumb","itemListElement":[{"@type":"ListItem","position":1,"name":"In\u00edcio","item":"https:\/\/www.culturaltravelmorocco.com\/pt-pt\/"},{"@type":"ListItem","position":2,"name":"Produtos","item":"https:\/\/www.culturaltravelmorocco.com\/pt-pt\/shop\/"},{"@type":"ListItem","position":3,"name":"Excurs\u00e3o privada de um dia a Chefchaouen a partir de T\u00e2nger"}]},{"@type":"WebSite","@id":"https:\/\/www.culturaltravelmorocco.com\/pt-pt\/#website","url":"https:\/\/www.culturaltravelmorocco.com\/pt-pt\/","name":"Cultural Travel Morocco","description":"","potentialAction":[{"@type":"SearchAction","target":{"@type":"EntryPoint","urlTemplate":"https:\/\/www.culturaltravelmorocco.com\/pt-pt\/?s={search_term_string}"},"query-input":{"@type":"PropertyValueSpecification","valueRequired":true,"valueName":"search_term_string"}}],"inLanguage":"pt-PT"}]}},"_links":{"self":[{"href":"https:\/\/www.culturaltravelmorocco.com\/pt-pt\/wp-json\/wp\/v2\/product\/12131","targetHints":{"allow":["GET"]}}],"collection":[{"href":"https:\/\/www.culturaltravelmorocco.com\/pt-pt\/wp-json\/wp\/v2\/product"}],"about":[{"href":"https:\/\/www.culturaltravelmorocco.com\/pt-pt\/wp-json\/wp\/v2\/types\/product"}],"replies":[{"embeddable":true,"href":"https:\/\/www.culturaltravelmorocco.com\/pt-pt\/wp-json\/wp\/v2\/comments?post=12131"}],"wp:featuredmedia":[{"embeddable":true,"href":"https:\/\/www.culturaltravelmorocco.com\/pt-pt\/wp-json\/wp\/v2\/media\/12000"}],"wp:attachment":[{"href":"https:\/\/www.culturaltravelmorocco.com\/pt-pt\/wp-json\/wp\/v2\/media?parent=12131"}],"wp:term":[{"taxonomy":"product_brand","embeddable":true,"href":"https:\/\/www.culturaltravelmorocco.com\/pt-pt\/wp-json\/wp\/v2\/product_brand?post=12131"},{"taxonomy":"product_cat","embeddable":true,"href":"https:\/\/www.culturaltravelmorocco.com\/pt-pt\/wp-json\/wp\/v2\/product_cat?post=12131"},{"taxonomy":"product_tag","embeddable":true,"href":"https:\/\/www.culturaltravelmorocco.com\/pt-pt\/wp-json\/wp\/v2\/product_tag?post=12131"}],"curies":[{"name":"wp","href":"https:\/\/api.w.org\/{rel}","templated":true}]}}