{"id":12137,"date":"2026-01-10T12:20:34","date_gmt":"2026-01-10T12:20:34","guid":{"rendered":"https:\/\/www.culturaltravelmorocco.com\/product\/10-day-tour-from-fez-to-marrakech-via-chaouen\/"},"modified":"2026-01-30T15:27:29","modified_gmt":"2026-01-30T15:27:29","slug":"excursao-de-10-dias-de-fez-a-marrakech-via-chaouen","status":"publish","type":"product","link":"https:\/\/www.culturaltravelmorocco.com\/pt-pt\/product\/excursao-de-10-dias-de-fez-a-marrakech-via-chaouen\/","title":{"rendered":"Excurs\u00e3o de 10 dias de Fez a Marrakech via Chaouen"},"content":{"rendered":"<h2>Vis\u00e3o geral:<\/h2>\n<p>Este roteiro de 10 dias por Marrocos, de Fez a Marraquexe, \u00e9 a viagem perfeita para descobrir as paisagens e as cidades mais emblem\u00e1ticas do pa\u00eds a um ritmo confort\u00e1vel. Come\u00e7ando em Fez e passando pela cidade azul de Chefchaouen, a rota continua atrav\u00e9s das Montanhas Atlas, do lend\u00e1rio Ait Ben Haddou e entra no cora\u00e7\u00e3o do Deserto do Saara, onde dunas de areia, trilhos no deserto, u\u00e1dis e impressionantes desfiladeiros rochosos criam uma paisagem em constante transforma\u00e7\u00e3o. Viajar por terra permite-lhe experimentar Marrocos por dentro, revelando a beleza tanto de pontos tur\u00edsticos ic\u00f3nicos como de recantos menos conhecidos.<\/p>\n<p>Marrocos \u00e9 uma terra de contrastes marcantes, e este itiner\u00e1rio destaca-os dia ap\u00f3s dia. A atmosfera vibrante da pra\u00e7a Jemaa el-Fna, em Marraquexe, contrasta com a tranquilidade das aldeias do deserto, tal como os picos nevados do Alto Atlas diferem dos \u00e1ridos vales pr\u00e9-saarianos. Ao longo do caminho, ir\u00e1 admirar a coexist\u00eancia da arquitetura berbere de adobe e dos requintados monumentos isl\u00e2micos nas Cidades Imperiais. Concebido para aproveitar ao m\u00e1ximo cada dia sem pressas, este roteiro de 10 dias oferece tempo livre suficiente para desfrutar das visitas, relaxar e apreciar os pequenos detalhes que fazem de Marrocos um destino t\u00e3o fascinante.<\/p>\n","protected":false},"excerpt":{"rendered":"<p>Vis\u00e3o geral: Este roteiro de 10 dias por Marrocos, de Fez a Marraquexe, \u00e9 a viagem perfeita para descobrir as paisagens e as cidades mais emblem\u00e1ticas do pa\u00eds a um ritmo confort\u00e1vel. Come\u00e7ando em Fez e passando pela cidade azul de Chefchaouen, a rota continua atrav\u00e9s das Montanhas Atlas, do lend\u00e1rio Ait Ben Haddou e [&hellip;]<\/p>\n","protected":false},"featured_media":11966,"comment_status":"closed","ping_status":"closed","template":"","meta":{"_joinchat":[]},"product_brand":[],"product_cat":[124],"product_tag":[],"class_list":{"0":"post-12137","1":"product","2":"type-product","3":"status-publish","4":"has-post-thumbnail","6":"product_cat-tours-desde-fez","8":"first","9":"instock","10":"purchasable","11":"product-type-ovabrw_car_rental"},"yoast_head":"<!-- This site is optimized with the Yoast SEO Premium plugin v25.0 (Yoast SEO v25.0) - https:\/\/yoast.com\/wordpress\/plugins\/seo\/ -->\n<title>Excurs\u00e3o de 10 dias de Fez a Marrakech via Chaouen - Cultural Travel Morocco<\/title>\n<meta name=\"robots\" content=\"index, follow, max-snippet:-1, max-image-preview:large, max-video-preview:-1\" \/>\n<link rel=\"canonical\" href=\"https:\/\/www.culturaltravelmorocco.com\/pt-pt\/product\/excursao-de-10-dias-de-fez-a-marrakech-via-chaouen\/\" \/>\n<meta property=\"og:locale\" content=\"pt_PT\" \/>\n<meta property=\"og:type\" content=\"article\" \/>\n<meta property=\"og:title\" content=\"Excurs\u00e3o de 10 dias de Fez a Marrakech via Chaouen\" \/>\n<meta property=\"og:description\" content=\"Vis\u00e3o geral: Este roteiro de 10 dias por Marrocos, de Fez a Marraquexe, \u00e9 a viagem perfeita para descobrir as paisagens e as cidades mais emblem\u00e1ticas do pa\u00eds a um ritmo confort\u00e1vel. Come\u00e7ando em Fez e passando pela cidade azul de Chefchaouen, a rota continua atrav\u00e9s das Montanhas Atlas, do lend\u00e1rio Ait Ben Haddou e [&hellip;]\" \/>\n<meta property=\"og:url\" content=\"https:\/\/www.culturaltravelmorocco.com\/pt-pt\/product\/excursao-de-10-dias-de-fez-a-marrakech-via-chaouen\/\" \/>\n<meta property=\"og:site_name\" content=\"Cultural Travel Morocco\" \/>\n<meta property=\"article:modified_time\" content=\"2026-01-30T15:27:29+00:00\" \/>\n<meta property=\"og:image\" content=\"https:\/\/www.culturaltravelmorocco.com\/wp-content\/uploads\/2026\/01\/2-8.webp\" \/>\n\t<meta property=\"og:image:width\" content=\"1200\" \/>\n\t<meta property=\"og:image:height\" content=\"1000\" \/>\n\t<meta property=\"og:image:type\" content=\"image\/webp\" \/>\n<meta name=\"twitter:card\" content=\"summary_large_image\" \/>\n<meta name=\"twitter:label1\" content=\"Tempo estimado de leitura\" \/>\n\t<meta name=\"twitter:data1\" content=\"2 minutos\" \/>\n<script type=\"application\/ld+json\" class=\"yoast-schema-graph\">{\"@context\":\"https:\/\/schema.org\",\"@graph\":[{\"@type\":\"WebPage\",\"@id\":\"https:\/\/www.culturaltravelmorocco.com\/pt-pt\/product\/excursao-de-10-dias-de-fez-a-marrakech-via-chaouen\/\",\"url\":\"https:\/\/www.culturaltravelmorocco.com\/pt-pt\/product\/excursao-de-10-dias-de-fez-a-marrakech-via-chaouen\/\",\"name\":\"Excurs\u00e3o de 10 dias de Fez a Marrakech via Chaouen - Cultural Travel Morocco\",\"isPartOf\":{\"@id\":\"https:\/\/www.culturaltravelmorocco.com\/pt-pt\/#website\"},\"primaryImageOfPage\":{\"@id\":\"https:\/\/www.culturaltravelmorocco.com\/pt-pt\/product\/excursao-de-10-dias-de-fez-a-marrakech-via-chaouen\/#primaryimage\"},\"image\":{\"@id\":\"https:\/\/www.culturaltravelmorocco.com\/pt-pt\/product\/excursao-de-10-dias-de-fez-a-marrakech-via-chaouen\/#primaryimage\"},\"thumbnailUrl\":\"https:\/\/www.culturaltravelmorocco.com\/wp-content\/uploads\/2026\/01\/2-8.webp\",\"datePublished\":\"2026-01-10T12:20:34+00:00\",\"dateModified\":\"2026-01-30T15:27:29+00:00\",\"breadcrumb\":{\"@id\":\"https:\/\/www.culturaltravelmorocco.com\/pt-pt\/product\/excursao-de-10-dias-de-fez-a-marrakech-via-chaouen\/#breadcrumb\"},\"inLanguage\":\"pt-PT\",\"potentialAction\":[{\"@type\":\"ReadAction\",\"target\":[\"https:\/\/www.culturaltravelmorocco.com\/pt-pt\/product\/excursao-de-10-dias-de-fez-a-marrakech-via-chaouen\/\"]}]},{\"@type\":\"ImageObject\",\"inLanguage\":\"pt-PT\",\"@id\":\"https:\/\/www.culturaltravelmorocco.com\/pt-pt\/product\/excursao-de-10-dias-de-fez-a-marrakech-via-chaouen\/#primaryimage\",\"url\":\"https:\/\/www.culturaltravelmorocco.com\/wp-content\/uploads\/2026\/01\/2-8.webp\",\"contentUrl\":\"https:\/\/www.culturaltravelmorocco.com\/wp-content\/uploads\/2026\/01\/2-8.webp\",\"width\":1200,\"height\":1000},{\"@type\":\"BreadcrumbList\",\"@id\":\"https:\/\/www.culturaltravelmorocco.com\/pt-pt\/product\/excursao-de-10-dias-de-fez-a-marrakech-via-chaouen\/#breadcrumb\",\"itemListElement\":[{\"@type\":\"ListItem\",\"position\":1,\"name\":\"In\u00edcio\",\"item\":\"https:\/\/www.culturaltravelmorocco.com\/pt-pt\/\"},{\"@type\":\"ListItem\",\"position\":2,\"name\":\"Produtos\",\"item\":\"https:\/\/www.culturaltravelmorocco.com\/pt-pt\/shop\/\"},{\"@type\":\"ListItem\",\"position\":3,\"name\":\"Excurs\u00e3o de 10 dias de Fez a Marrakech via Chaouen\"}]},{\"@type\":\"WebSite\",\"@id\":\"https:\/\/www.culturaltravelmorocco.com\/pt-pt\/#website\",\"url\":\"https:\/\/www.culturaltravelmorocco.com\/pt-pt\/\",\"name\":\"Cultural Travel Morocco\",\"description\":\"\",\"potentialAction\":[{\"@type\":\"SearchAction\",\"target\":{\"@type\":\"EntryPoint\",\"urlTemplate\":\"https:\/\/www.culturaltravelmorocco.com\/pt-pt\/?s={search_term_string}\"},\"query-input\":{\"@type\":\"PropertyValueSpecification\",\"valueRequired\":true,\"valueName\":\"search_term_string\"}}],\"inLanguage\":\"pt-PT\"}]}<\/script>\n<!-- \/ Yoast SEO Premium plugin. -->","yoast_head_json":{"title":"Excurs\u00e3o de 10 dias de Fez a Marrakech via Chaouen - Cultural Travel Morocco","robots":{"index":"index","follow":"follow","max-snippet":"max-snippet:-1","max-image-preview":"max-image-preview:large","max-video-preview":"max-video-preview:-1"},"canonical":"https:\/\/www.culturaltravelmorocco.com\/pt-pt\/product\/excursao-de-10-dias-de-fez-a-marrakech-via-chaouen\/","og_locale":"pt_PT","og_type":"article","og_title":"Excurs\u00e3o de 10 dias de Fez a Marrakech via Chaouen","og_description":"Vis\u00e3o geral: Este roteiro de 10 dias por Marrocos, de Fez a Marraquexe, \u00e9 a viagem perfeita para descobrir as paisagens e as cidades mais emblem\u00e1ticas do pa\u00eds a um ritmo confort\u00e1vel. Come\u00e7ando em Fez e passando pela cidade azul de Chefchaouen, a rota continua atrav\u00e9s das Montanhas Atlas, do lend\u00e1rio Ait Ben Haddou e [&hellip;]","og_url":"https:\/\/www.culturaltravelmorocco.com\/pt-pt\/product\/excursao-de-10-dias-de-fez-a-marrakech-via-chaouen\/","og_site_name":"Cultural Travel Morocco","article_modified_time":"2026-01-30T15:27:29+00:00","og_image":[{"width":1200,"height":1000,"url":"https:\/\/www.culturaltravelmorocco.com\/wp-content\/uploads\/2026\/01\/2-8.webp","type":"image\/webp"}],"twitter_card":"summary_large_image","twitter_misc":{"Tempo estimado de leitura":"2 minutos"},"schema":{"@context":"https:\/\/schema.org","@graph":[{"@type":"WebPage","@id":"https:\/\/www.culturaltravelmorocco.com\/pt-pt\/product\/excursao-de-10-dias-de-fez-a-marrakech-via-chaouen\/","url":"https:\/\/www.culturaltravelmorocco.com\/pt-pt\/product\/excursao-de-10-dias-de-fez-a-marrakech-via-chaouen\/","name":"Excurs\u00e3o de 10 dias de Fez a Marrakech via Chaouen - Cultural Travel Morocco","isPartOf":{"@id":"https:\/\/www.culturaltravelmorocco.com\/pt-pt\/#website"},"primaryImageOfPage":{"@id":"https:\/\/www.culturaltravelmorocco.com\/pt-pt\/product\/excursao-de-10-dias-de-fez-a-marrakech-via-chaouen\/#primaryimage"},"image":{"@id":"https:\/\/www.culturaltravelmorocco.com\/pt-pt\/product\/excursao-de-10-dias-de-fez-a-marrakech-via-chaouen\/#primaryimage"},"thumbnailUrl":"https:\/\/www.culturaltravelmorocco.com\/wp-content\/uploads\/2026\/01\/2-8.webp","datePublished":"2026-01-10T12:20:34+00:00","dateModified":"2026-01-30T15:27:29+00:00","breadcrumb":{"@id":"https:\/\/www.culturaltravelmorocco.com\/pt-pt\/product\/excursao-de-10-dias-de-fez-a-marrakech-via-chaouen\/#breadcrumb"},"inLanguage":"pt-PT","potentialAction":[{"@type":"ReadAction","target":["https:\/\/www.culturaltravelmorocco.com\/pt-pt\/product\/excursao-de-10-dias-de-fez-a-marrakech-via-chaouen\/"]}]},{"@type":"ImageObject","inLanguage":"pt-PT","@id":"https:\/\/www.culturaltravelmorocco.com\/pt-pt\/product\/excursao-de-10-dias-de-fez-a-marrakech-via-chaouen\/#primaryimage","url":"https:\/\/www.culturaltravelmorocco.com\/wp-content\/uploads\/2026\/01\/2-8.webp","contentUrl":"https:\/\/www.culturaltravelmorocco.com\/wp-content\/uploads\/2026\/01\/2-8.webp","width":1200,"height":1000},{"@type":"BreadcrumbList","@id":"https:\/\/www.culturaltravelmorocco.com\/pt-pt\/product\/excursao-de-10-dias-de-fez-a-marrakech-via-chaouen\/#breadcrumb","itemListElement":[{"@type":"ListItem","position":1,"name":"In\u00edcio","item":"https:\/\/www.culturaltravelmorocco.com\/pt-pt\/"},{"@type":"ListItem","position":2,"name":"Produtos","item":"https:\/\/www.culturaltravelmorocco.com\/pt-pt\/shop\/"},{"@type":"ListItem","position":3,"name":"Excurs\u00e3o de 10 dias de Fez a Marrakech via Chaouen"}]},{"@type":"WebSite","@id":"https:\/\/www.culturaltravelmorocco.com\/pt-pt\/#website","url":"https:\/\/www.culturaltravelmorocco.com\/pt-pt\/","name":"Cultural Travel Morocco","description":"","potentialAction":[{"@type":"SearchAction","target":{"@type":"EntryPoint","urlTemplate":"https:\/\/www.culturaltravelmorocco.com\/pt-pt\/?s={search_term_string}"},"query-input":{"@type":"PropertyValueSpecification","valueRequired":true,"valueName":"search_term_string"}}],"inLanguage":"pt-PT"}]}},"_links":{"self":[{"href":"https:\/\/www.culturaltravelmorocco.com\/pt-pt\/wp-json\/wp\/v2\/product\/12137","targetHints":{"allow":["GET"]}}],"collection":[{"href":"https:\/\/www.culturaltravelmorocco.com\/pt-pt\/wp-json\/wp\/v2\/product"}],"about":[{"href":"https:\/\/www.culturaltravelmorocco.com\/pt-pt\/wp-json\/wp\/v2\/types\/product"}],"replies":[{"embeddable":true,"href":"https:\/\/www.culturaltravelmorocco.com\/pt-pt\/wp-json\/wp\/v2\/comments?post=12137"}],"wp:featuredmedia":[{"embeddable":true,"href":"https:\/\/www.culturaltravelmorocco.com\/pt-pt\/wp-json\/wp\/v2\/media\/11966"}],"wp:attachment":[{"href":"https:\/\/www.culturaltravelmorocco.com\/pt-pt\/wp-json\/wp\/v2\/media?parent=12137"}],"wp:term":[{"taxonomy":"product_brand","embeddable":true,"href":"https:\/\/www.culturaltravelmorocco.com\/pt-pt\/wp-json\/wp\/v2\/product_brand?post=12137"},{"taxonomy":"product_cat","embeddable":true,"href":"https:\/\/www.culturaltravelmorocco.com\/pt-pt\/wp-json\/wp\/v2\/product_cat?post=12137"},{"taxonomy":"product_tag","embeddable":true,"href":"https:\/\/www.culturaltravelmorocco.com\/pt-pt\/wp-json\/wp\/v2\/product_tag?post=12137"}],"curies":[{"name":"wp","href":"https:\/\/api.w.org\/{rel}","templated":true}]}}