{"id":12161,"date":"2026-01-10T12:20:34","date_gmt":"2026-01-10T12:20:34","guid":{"rendered":"https:\/\/www.culturaltravelmorocco.com\/product\/11-day-grand-morocco-journey-from-fez-via-chefchaouen\/"},"modified":"2026-01-30T15:47:39","modified_gmt":"2026-01-30T15:47:39","slug":"grande-viagem-de-11-dias-por-marrocos-de-fez-a-chefchaouen","status":"publish","type":"product","link":"https:\/\/www.culturaltravelmorocco.com\/pt-pt\/product\/grande-viagem-de-11-dias-por-marrocos-de-fez-a-chefchaouen\/","title":{"rendered":"Grande Viagem de 11 Dias por Marrocos, de Fez a Chefchaouen"},"content":{"rendered":"<h2>Vis\u00e3o geral:<\/h2>\n<p>Este roteiro de 11 dias por Marrocos, de Fez a Marraquexe, \u00e9 um dos mais completos do nosso cat\u00e1logo, ideal para os viajantes que desejam viver o pa\u00eds em toda a sua diversidade. A viagem leva-o at\u00e9 \u00e0 cidade azul de Chefchaouen, atravessando as montanhas do Rif e do Atlas por diferentes passos de montanha, passando por exuberantes vales pr\u00e9-saarianos salpicados de palmeirais e casb\u00e1s, at\u00e9 ao cora\u00e7\u00e3o do Deserto do Saara, onde as dunas douradas de Erg Chebbi oferecem uma experi\u00eancia inesquec\u00edvel. Ao longo do caminho, poder\u00e1 desfrutar de estadias prolongadas nas cidades hist\u00f3ricas de Fez e Marraquexe, e chegar at\u00e9 \u00e0 costa atl\u00e2ntica com uma paragem relaxante em Essaouira.<\/p>\n<p>Este roteiro convida-o a descobrir Marrocos com todos os cinco sentidos, revelando os seus contrastes marcantes e a sua rica heran\u00e7a natural. Dos tons azuis de Chefchaouen \u00e0s paredes vermelhas de Marraquexe, das areias douradas do deserto \u00e0 brisa do oceano na costa atl\u00e2ntica, cada dia traz novas cores, aromas e sensa\u00e7\u00f5es. Para l\u00e1 das cidades, a natureza selvagem de Marrocos assume o protagonismo: o Parque Nacional de Ifrane, as paisagens do Rif, as vastas extens\u00f5es des\u00e9rticas e os ic\u00f3nicos campos de arg\u00e3o revelam a not\u00e1vel biodiversidade do pa\u00eds. Uma viagem que combina cultura, natureza, aventura no deserto e o encanto da costa numa experi\u00eancia marroquina inesquec\u00edvel.<\/p>\n","protected":false},"excerpt":{"rendered":"<p>Vis\u00e3o geral: Este roteiro de 11 dias por Marrocos, de Fez a Marraquexe, \u00e9 um dos mais completos do nosso cat\u00e1logo, ideal para os viajantes que desejam viver o pa\u00eds em toda a sua diversidade. A viagem leva-o at\u00e9 \u00e0 cidade azul de Chefchaouen, atravessando as montanhas do Rif e do Atlas por diferentes passos [&hellip;]<\/p>\n","protected":false},"featured_media":11955,"comment_status":"closed","ping_status":"closed","template":"","meta":{"_joinchat":[]},"product_brand":[],"product_cat":[124],"product_tag":[],"class_list":{"0":"post-12161","1":"product","2":"type-product","3":"status-publish","4":"has-post-thumbnail","6":"product_cat-tours-desde-fez","8":"first","9":"instock","10":"purchasable","11":"product-type-ovabrw_car_rental"},"yoast_head":"<!-- This site is optimized with the Yoast SEO Premium plugin v25.0 (Yoast SEO v25.0) - https:\/\/yoast.com\/wordpress\/plugins\/seo\/ -->\n<title>Grande Viagem de 11 Dias por Marrocos, de Fez a Chefchaouen - Cultural Travel Morocco<\/title>\n<meta name=\"robots\" content=\"index, follow, max-snippet:-1, max-image-preview:large, max-video-preview:-1\" \/>\n<link rel=\"canonical\" href=\"https:\/\/www.culturaltravelmorocco.com\/pt-pt\/product\/grande-viagem-de-11-dias-por-marrocos-de-fez-a-chefchaouen\/\" \/>\n<meta property=\"og:locale\" content=\"pt_PT\" \/>\n<meta property=\"og:type\" content=\"article\" \/>\n<meta property=\"og:title\" content=\"Grande Viagem de 11 Dias por Marrocos, de Fez a Chefchaouen\" \/>\n<meta property=\"og:description\" content=\"Vis\u00e3o geral: Este roteiro de 11 dias por Marrocos, de Fez a Marraquexe, \u00e9 um dos mais completos do nosso cat\u00e1logo, ideal para os viajantes que desejam viver o pa\u00eds em toda a sua diversidade. A viagem leva-o at\u00e9 \u00e0 cidade azul de Chefchaouen, atravessando as montanhas do Rif e do Atlas por diferentes passos [&hellip;]\" \/>\n<meta property=\"og:url\" content=\"https:\/\/www.culturaltravelmorocco.com\/pt-pt\/product\/grande-viagem-de-11-dias-por-marrocos-de-fez-a-chefchaouen\/\" \/>\n<meta property=\"og:site_name\" content=\"Cultural Travel Morocco\" \/>\n<meta property=\"article:modified_time\" content=\"2026-01-30T15:47:39+00:00\" \/>\n<meta property=\"og:image\" content=\"https:\/\/www.culturaltravelmorocco.com\/wp-content\/uploads\/2026\/01\/12-day-11-night-tour-Desert-and-Imperial-Cities-4.jpg\" \/>\n\t<meta property=\"og:image:width\" content=\"1200\" \/>\n\t<meta property=\"og:image:height\" content=\"1000\" \/>\n\t<meta property=\"og:image:type\" content=\"image\/jpeg\" \/>\n<meta name=\"twitter:card\" content=\"summary_large_image\" \/>\n<meta name=\"twitter:label1\" content=\"Tempo estimado de leitura\" \/>\n\t<meta name=\"twitter:data1\" content=\"2 minutos\" \/>\n<script type=\"application\/ld+json\" class=\"yoast-schema-graph\">{\"@context\":\"https:\/\/schema.org\",\"@graph\":[{\"@type\":\"WebPage\",\"@id\":\"https:\/\/www.culturaltravelmorocco.com\/pt-pt\/product\/grande-viagem-de-11-dias-por-marrocos-de-fez-a-chefchaouen\/\",\"url\":\"https:\/\/www.culturaltravelmorocco.com\/pt-pt\/product\/grande-viagem-de-11-dias-por-marrocos-de-fez-a-chefchaouen\/\",\"name\":\"Grande Viagem de 11 Dias por Marrocos, de Fez a Chefchaouen - Cultural Travel Morocco\",\"isPartOf\":{\"@id\":\"https:\/\/www.culturaltravelmorocco.com\/pt-pt\/#website\"},\"primaryImageOfPage\":{\"@id\":\"https:\/\/www.culturaltravelmorocco.com\/pt-pt\/product\/grande-viagem-de-11-dias-por-marrocos-de-fez-a-chefchaouen\/#primaryimage\"},\"image\":{\"@id\":\"https:\/\/www.culturaltravelmorocco.com\/pt-pt\/product\/grande-viagem-de-11-dias-por-marrocos-de-fez-a-chefchaouen\/#primaryimage\"},\"thumbnailUrl\":\"https:\/\/www.culturaltravelmorocco.com\/wp-content\/uploads\/2026\/01\/12-day-11-night-tour-Desert-and-Imperial-Cities-4.jpg\",\"datePublished\":\"2026-01-10T12:20:34+00:00\",\"dateModified\":\"2026-01-30T15:47:39+00:00\",\"breadcrumb\":{\"@id\":\"https:\/\/www.culturaltravelmorocco.com\/pt-pt\/product\/grande-viagem-de-11-dias-por-marrocos-de-fez-a-chefchaouen\/#breadcrumb\"},\"inLanguage\":\"pt-PT\",\"potentialAction\":[{\"@type\":\"ReadAction\",\"target\":[\"https:\/\/www.culturaltravelmorocco.com\/pt-pt\/product\/grande-viagem-de-11-dias-por-marrocos-de-fez-a-chefchaouen\/\"]}]},{\"@type\":\"ImageObject\",\"inLanguage\":\"pt-PT\",\"@id\":\"https:\/\/www.culturaltravelmorocco.com\/pt-pt\/product\/grande-viagem-de-11-dias-por-marrocos-de-fez-a-chefchaouen\/#primaryimage\",\"url\":\"https:\/\/www.culturaltravelmorocco.com\/wp-content\/uploads\/2026\/01\/12-day-11-night-tour-Desert-and-Imperial-Cities-4.jpg\",\"contentUrl\":\"https:\/\/www.culturaltravelmorocco.com\/wp-content\/uploads\/2026\/01\/12-day-11-night-tour-Desert-and-Imperial-Cities-4.jpg\",\"width\":1200,\"height\":1000},{\"@type\":\"BreadcrumbList\",\"@id\":\"https:\/\/www.culturaltravelmorocco.com\/pt-pt\/product\/grande-viagem-de-11-dias-por-marrocos-de-fez-a-chefchaouen\/#breadcrumb\",\"itemListElement\":[{\"@type\":\"ListItem\",\"position\":1,\"name\":\"In\u00edcio\",\"item\":\"https:\/\/www.culturaltravelmorocco.com\/pt-pt\/\"},{\"@type\":\"ListItem\",\"position\":2,\"name\":\"Produtos\",\"item\":\"https:\/\/www.culturaltravelmorocco.com\/pt-pt\/shop\/\"},{\"@type\":\"ListItem\",\"position\":3,\"name\":\"Grande Viagem de 11 Dias por Marrocos, de Fez a Chefchaouen\"}]},{\"@type\":\"WebSite\",\"@id\":\"https:\/\/www.culturaltravelmorocco.com\/pt-pt\/#website\",\"url\":\"https:\/\/www.culturaltravelmorocco.com\/pt-pt\/\",\"name\":\"Cultural Travel Morocco\",\"description\":\"\",\"potentialAction\":[{\"@type\":\"SearchAction\",\"target\":{\"@type\":\"EntryPoint\",\"urlTemplate\":\"https:\/\/www.culturaltravelmorocco.com\/pt-pt\/?s={search_term_string}\"},\"query-input\":{\"@type\":\"PropertyValueSpecification\",\"valueRequired\":true,\"valueName\":\"search_term_string\"}}],\"inLanguage\":\"pt-PT\"}]}<\/script>\n<!-- \/ Yoast SEO Premium plugin. -->","yoast_head_json":{"title":"Grande Viagem de 11 Dias por Marrocos, de Fez a Chefchaouen - Cultural Travel Morocco","robots":{"index":"index","follow":"follow","max-snippet":"max-snippet:-1","max-image-preview":"max-image-preview:large","max-video-preview":"max-video-preview:-1"},"canonical":"https:\/\/www.culturaltravelmorocco.com\/pt-pt\/product\/grande-viagem-de-11-dias-por-marrocos-de-fez-a-chefchaouen\/","og_locale":"pt_PT","og_type":"article","og_title":"Grande Viagem de 11 Dias por Marrocos, de Fez a Chefchaouen","og_description":"Vis\u00e3o geral: Este roteiro de 11 dias por Marrocos, de Fez a Marraquexe, \u00e9 um dos mais completos do nosso cat\u00e1logo, ideal para os viajantes que desejam viver o pa\u00eds em toda a sua diversidade. A viagem leva-o at\u00e9 \u00e0 cidade azul de Chefchaouen, atravessando as montanhas do Rif e do Atlas por diferentes passos [&hellip;]","og_url":"https:\/\/www.culturaltravelmorocco.com\/pt-pt\/product\/grande-viagem-de-11-dias-por-marrocos-de-fez-a-chefchaouen\/","og_site_name":"Cultural Travel Morocco","article_modified_time":"2026-01-30T15:47:39+00:00","og_image":[{"width":1200,"height":1000,"url":"https:\/\/www.culturaltravelmorocco.com\/wp-content\/uploads\/2026\/01\/12-day-11-night-tour-Desert-and-Imperial-Cities-4.jpg","type":"image\/jpeg"}],"twitter_card":"summary_large_image","twitter_misc":{"Tempo estimado de leitura":"2 minutos"},"schema":{"@context":"https:\/\/schema.org","@graph":[{"@type":"WebPage","@id":"https:\/\/www.culturaltravelmorocco.com\/pt-pt\/product\/grande-viagem-de-11-dias-por-marrocos-de-fez-a-chefchaouen\/","url":"https:\/\/www.culturaltravelmorocco.com\/pt-pt\/product\/grande-viagem-de-11-dias-por-marrocos-de-fez-a-chefchaouen\/","name":"Grande Viagem de 11 Dias por Marrocos, de Fez a Chefchaouen - Cultural Travel Morocco","isPartOf":{"@id":"https:\/\/www.culturaltravelmorocco.com\/pt-pt\/#website"},"primaryImageOfPage":{"@id":"https:\/\/www.culturaltravelmorocco.com\/pt-pt\/product\/grande-viagem-de-11-dias-por-marrocos-de-fez-a-chefchaouen\/#primaryimage"},"image":{"@id":"https:\/\/www.culturaltravelmorocco.com\/pt-pt\/product\/grande-viagem-de-11-dias-por-marrocos-de-fez-a-chefchaouen\/#primaryimage"},"thumbnailUrl":"https:\/\/www.culturaltravelmorocco.com\/wp-content\/uploads\/2026\/01\/12-day-11-night-tour-Desert-and-Imperial-Cities-4.jpg","datePublished":"2026-01-10T12:20:34+00:00","dateModified":"2026-01-30T15:47:39+00:00","breadcrumb":{"@id":"https:\/\/www.culturaltravelmorocco.com\/pt-pt\/product\/grande-viagem-de-11-dias-por-marrocos-de-fez-a-chefchaouen\/#breadcrumb"},"inLanguage":"pt-PT","potentialAction":[{"@type":"ReadAction","target":["https:\/\/www.culturaltravelmorocco.com\/pt-pt\/product\/grande-viagem-de-11-dias-por-marrocos-de-fez-a-chefchaouen\/"]}]},{"@type":"ImageObject","inLanguage":"pt-PT","@id":"https:\/\/www.culturaltravelmorocco.com\/pt-pt\/product\/grande-viagem-de-11-dias-por-marrocos-de-fez-a-chefchaouen\/#primaryimage","url":"https:\/\/www.culturaltravelmorocco.com\/wp-content\/uploads\/2026\/01\/12-day-11-night-tour-Desert-and-Imperial-Cities-4.jpg","contentUrl":"https:\/\/www.culturaltravelmorocco.com\/wp-content\/uploads\/2026\/01\/12-day-11-night-tour-Desert-and-Imperial-Cities-4.jpg","width":1200,"height":1000},{"@type":"BreadcrumbList","@id":"https:\/\/www.culturaltravelmorocco.com\/pt-pt\/product\/grande-viagem-de-11-dias-por-marrocos-de-fez-a-chefchaouen\/#breadcrumb","itemListElement":[{"@type":"ListItem","position":1,"name":"In\u00edcio","item":"https:\/\/www.culturaltravelmorocco.com\/pt-pt\/"},{"@type":"ListItem","position":2,"name":"Produtos","item":"https:\/\/www.culturaltravelmorocco.com\/pt-pt\/shop\/"},{"@type":"ListItem","position":3,"name":"Grande Viagem de 11 Dias por Marrocos, de Fez a Chefchaouen"}]},{"@type":"WebSite","@id":"https:\/\/www.culturaltravelmorocco.com\/pt-pt\/#website","url":"https:\/\/www.culturaltravelmorocco.com\/pt-pt\/","name":"Cultural Travel Morocco","description":"","potentialAction":[{"@type":"SearchAction","target":{"@type":"EntryPoint","urlTemplate":"https:\/\/www.culturaltravelmorocco.com\/pt-pt\/?s={search_term_string}"},"query-input":{"@type":"PropertyValueSpecification","valueRequired":true,"valueName":"search_term_string"}}],"inLanguage":"pt-PT"}]}},"_links":{"self":[{"href":"https:\/\/www.culturaltravelmorocco.com\/pt-pt\/wp-json\/wp\/v2\/product\/12161","targetHints":{"allow":["GET"]}}],"collection":[{"href":"https:\/\/www.culturaltravelmorocco.com\/pt-pt\/wp-json\/wp\/v2\/product"}],"about":[{"href":"https:\/\/www.culturaltravelmorocco.com\/pt-pt\/wp-json\/wp\/v2\/types\/product"}],"replies":[{"embeddable":true,"href":"https:\/\/www.culturaltravelmorocco.com\/pt-pt\/wp-json\/wp\/v2\/comments?post=12161"}],"wp:featuredmedia":[{"embeddable":true,"href":"https:\/\/www.culturaltravelmorocco.com\/pt-pt\/wp-json\/wp\/v2\/media\/11955"}],"wp:attachment":[{"href":"https:\/\/www.culturaltravelmorocco.com\/pt-pt\/wp-json\/wp\/v2\/media?parent=12161"}],"wp:term":[{"taxonomy":"product_brand","embeddable":true,"href":"https:\/\/www.culturaltravelmorocco.com\/pt-pt\/wp-json\/wp\/v2\/product_brand?post=12161"},{"taxonomy":"product_cat","embeddable":true,"href":"https:\/\/www.culturaltravelmorocco.com\/pt-pt\/wp-json\/wp\/v2\/product_cat?post=12161"},{"taxonomy":"product_tag","embeddable":true,"href":"https:\/\/www.culturaltravelmorocco.com\/pt-pt\/wp-json\/wp\/v2\/product_tag?post=12161"}],"curies":[{"name":"wp","href":"https:\/\/api.w.org\/{rel}","templated":true}]}}