{"id":12166,"date":"2026-01-10T12:20:34","date_gmt":"2026-01-10T12:20:34","guid":{"rendered":"https:\/\/www.culturaltravelmorocco.com\/product\/3-day-sahara-desert-tour-from-fez-to-marrakech\/"},"modified":"2026-01-30T15:53:13","modified_gmt":"2026-01-30T15:53:13","slug":"excursao-de-3-dias-pelo-deserto-do-saara-de-fez-a-marrakech","status":"publish","type":"product","link":"https:\/\/www.culturaltravelmorocco.com\/pt-pt\/product\/excursao-de-3-dias-pelo-deserto-do-saara-de-fez-a-marrakech\/","title":{"rendered":"Excurs\u00e3o de 3 dias pelo Deserto do Saara, de Fez a Marrakech"},"content":{"rendered":"<h2>Vis\u00e3o geral:<\/h2>\n<p>Caminhar pelas dunas douradas do Deserto do Saara \u00e9 o sonho de muitos viajantes, e este passeio de 3 dias de Fez a Marraquexe torna isso poss\u00edvel mesmo com tempo limitado. Ap\u00f3s a partida de Fez, a viagem leva-o rapidamente \u00e0s espetaculares dunas de Erg Chebbi, onde o deserto revela a sua magia atrav\u00e9s de pores-do-sol e nasceres-do-sol inesquec\u00edveis, e noites estreladas. Para experienciar plenamente esta atmosfera \u00fanica, passar\u00e1 a noite num luxuoso acampamento de tendas berberes, situado no cora\u00e7\u00e3o das dunas e oferecendo conforto, tranquilidade e um aut\u00eantico ambiente des\u00e9rtico.<\/p>\n<p>Chegar ao deserto \u00e9 t\u00e3o memor\u00e1vel como o pr\u00f3prio destino. Ao longo do caminho, e novamente na rota para Marraquexe, atravessar\u00e1 as impressionantes Montanhas Atlas, desfrutando de vistas panor\u00e2micas e paisagens dram\u00e1ticas. Entre as montanhas e o deserto, a viagem passa pela paisagem contrastante do Vale do Dades e do Vale do Ziz, onde exuberantes o\u00e1sis de palmeiras emergem inesperadamente de um ambiente \u00e1rido. Este roteiro de 3 dias e 2 noites por Marrocos, com t\u00e9rmino em Marraquexe, oferece a combina\u00e7\u00e3o perfeita de aventura no deserto, viagens panor\u00e2micas por estradas e descobertas culturais.<\/p>\n","protected":false},"excerpt":{"rendered":"<p>Vis\u00e3o geral: Caminhar pelas dunas douradas do Deserto do Saara \u00e9 o sonho de muitos viajantes, e este passeio de 3 dias de Fez a Marraquexe torna isso poss\u00edvel mesmo com tempo limitado. Ap\u00f3s a partida de Fez, a viagem leva-o rapidamente \u00e0s espetaculares dunas de Erg Chebbi, onde o deserto revela a sua magia [&hellip;]<\/p>\n","protected":false},"featured_media":11886,"comment_status":"closed","ping_status":"closed","template":"","meta":{"_joinchat":[]},"product_brand":[],"product_cat":[124],"product_tag":[],"class_list":{"0":"post-12166","1":"product","2":"type-product","3":"status-publish","4":"has-post-thumbnail","6":"product_cat-tours-desde-fez","8":"first","9":"instock","10":"purchasable","11":"product-type-ovabrw_car_rental"},"yoast_head":"<!-- This site is optimized with the Yoast SEO Premium plugin v25.0 (Yoast SEO v25.0) - https:\/\/yoast.com\/wordpress\/plugins\/seo\/ -->\n<title>Excurs\u00e3o de 3 dias pelo Deserto do Saara, de Fez a Marrakech - Cultural Travel Morocco<\/title>\n<meta name=\"robots\" content=\"index, follow, max-snippet:-1, max-image-preview:large, max-video-preview:-1\" \/>\n<link rel=\"canonical\" href=\"https:\/\/www.culturaltravelmorocco.com\/pt-pt\/product\/excursao-de-3-dias-pelo-deserto-do-saara-de-fez-a-marrakech\/\" \/>\n<meta property=\"og:locale\" content=\"pt_PT\" \/>\n<meta property=\"og:type\" content=\"article\" \/>\n<meta property=\"og:title\" content=\"Excurs\u00e3o de 3 dias pelo Deserto do Saara, de Fez a Marrakech\" \/>\n<meta property=\"og:description\" content=\"Vis\u00e3o geral: Caminhar pelas dunas douradas do Deserto do Saara \u00e9 o sonho de muitos viajantes, e este passeio de 3 dias de Fez a Marraquexe torna isso poss\u00edvel mesmo com tempo limitado. Ap\u00f3s a partida de Fez, a viagem leva-o rapidamente \u00e0s espetaculares dunas de Erg Chebbi, onde o deserto revela a sua magia [&hellip;]\" \/>\n<meta property=\"og:url\" content=\"https:\/\/www.culturaltravelmorocco.com\/pt-pt\/product\/excursao-de-3-dias-pelo-deserto-do-saara-de-fez-a-marrakech\/\" \/>\n<meta property=\"og:site_name\" content=\"Cultural Travel Morocco\" \/>\n<meta property=\"article:modified_time\" content=\"2026-01-30T15:53:13+00:00\" \/>\n<meta property=\"og:image\" content=\"https:\/\/www.culturaltravelmorocco.com\/wp-content\/uploads\/2026\/01\/7-7.webp\" \/>\n\t<meta property=\"og:image:width\" content=\"1200\" \/>\n\t<meta property=\"og:image:height\" content=\"1000\" \/>\n\t<meta property=\"og:image:type\" content=\"image\/webp\" \/>\n<meta name=\"twitter:card\" content=\"summary_large_image\" \/>\n<meta name=\"twitter:label1\" content=\"Tempo estimado de leitura\" \/>\n\t<meta name=\"twitter:data1\" content=\"2 minutos\" \/>\n<script type=\"application\/ld+json\" class=\"yoast-schema-graph\">{\"@context\":\"https:\/\/schema.org\",\"@graph\":[{\"@type\":\"WebPage\",\"@id\":\"https:\/\/www.culturaltravelmorocco.com\/pt-pt\/product\/excursao-de-3-dias-pelo-deserto-do-saara-de-fez-a-marrakech\/\",\"url\":\"https:\/\/www.culturaltravelmorocco.com\/pt-pt\/product\/excursao-de-3-dias-pelo-deserto-do-saara-de-fez-a-marrakech\/\",\"name\":\"Excurs\u00e3o de 3 dias pelo Deserto do Saara, de Fez a Marrakech - Cultural Travel Morocco\",\"isPartOf\":{\"@id\":\"https:\/\/www.culturaltravelmorocco.com\/pt-pt\/#website\"},\"primaryImageOfPage\":{\"@id\":\"https:\/\/www.culturaltravelmorocco.com\/pt-pt\/product\/excursao-de-3-dias-pelo-deserto-do-saara-de-fez-a-marrakech\/#primaryimage\"},\"image\":{\"@id\":\"https:\/\/www.culturaltravelmorocco.com\/pt-pt\/product\/excursao-de-3-dias-pelo-deserto-do-saara-de-fez-a-marrakech\/#primaryimage\"},\"thumbnailUrl\":\"https:\/\/www.culturaltravelmorocco.com\/wp-content\/uploads\/2026\/01\/7-7.webp\",\"datePublished\":\"2026-01-10T12:20:34+00:00\",\"dateModified\":\"2026-01-30T15:53:13+00:00\",\"breadcrumb\":{\"@id\":\"https:\/\/www.culturaltravelmorocco.com\/pt-pt\/product\/excursao-de-3-dias-pelo-deserto-do-saara-de-fez-a-marrakech\/#breadcrumb\"},\"inLanguage\":\"pt-PT\",\"potentialAction\":[{\"@type\":\"ReadAction\",\"target\":[\"https:\/\/www.culturaltravelmorocco.com\/pt-pt\/product\/excursao-de-3-dias-pelo-deserto-do-saara-de-fez-a-marrakech\/\"]}]},{\"@type\":\"ImageObject\",\"inLanguage\":\"pt-PT\",\"@id\":\"https:\/\/www.culturaltravelmorocco.com\/pt-pt\/product\/excursao-de-3-dias-pelo-deserto-do-saara-de-fez-a-marrakech\/#primaryimage\",\"url\":\"https:\/\/www.culturaltravelmorocco.com\/wp-content\/uploads\/2026\/01\/7-7.webp\",\"contentUrl\":\"https:\/\/www.culturaltravelmorocco.com\/wp-content\/uploads\/2026\/01\/7-7.webp\",\"width\":1200,\"height\":1000},{\"@type\":\"BreadcrumbList\",\"@id\":\"https:\/\/www.culturaltravelmorocco.com\/pt-pt\/product\/excursao-de-3-dias-pelo-deserto-do-saara-de-fez-a-marrakech\/#breadcrumb\",\"itemListElement\":[{\"@type\":\"ListItem\",\"position\":1,\"name\":\"In\u00edcio\",\"item\":\"https:\/\/www.culturaltravelmorocco.com\/pt-pt\/\"},{\"@type\":\"ListItem\",\"position\":2,\"name\":\"Produtos\",\"item\":\"https:\/\/www.culturaltravelmorocco.com\/pt-pt\/shop\/\"},{\"@type\":\"ListItem\",\"position\":3,\"name\":\"Excurs\u00e3o de 3 dias pelo Deserto do Saara, de Fez a Marrakech\"}]},{\"@type\":\"WebSite\",\"@id\":\"https:\/\/www.culturaltravelmorocco.com\/pt-pt\/#website\",\"url\":\"https:\/\/www.culturaltravelmorocco.com\/pt-pt\/\",\"name\":\"Cultural Travel Morocco\",\"description\":\"\",\"potentialAction\":[{\"@type\":\"SearchAction\",\"target\":{\"@type\":\"EntryPoint\",\"urlTemplate\":\"https:\/\/www.culturaltravelmorocco.com\/pt-pt\/?s={search_term_string}\"},\"query-input\":{\"@type\":\"PropertyValueSpecification\",\"valueRequired\":true,\"valueName\":\"search_term_string\"}}],\"inLanguage\":\"pt-PT\"}]}<\/script>\n<!-- \/ Yoast SEO Premium plugin. -->","yoast_head_json":{"title":"Excurs\u00e3o de 3 dias pelo Deserto do Saara, de Fez a Marrakech - Cultural Travel Morocco","robots":{"index":"index","follow":"follow","max-snippet":"max-snippet:-1","max-image-preview":"max-image-preview:large","max-video-preview":"max-video-preview:-1"},"canonical":"https:\/\/www.culturaltravelmorocco.com\/pt-pt\/product\/excursao-de-3-dias-pelo-deserto-do-saara-de-fez-a-marrakech\/","og_locale":"pt_PT","og_type":"article","og_title":"Excurs\u00e3o de 3 dias pelo Deserto do Saara, de Fez a Marrakech","og_description":"Vis\u00e3o geral: Caminhar pelas dunas douradas do Deserto do Saara \u00e9 o sonho de muitos viajantes, e este passeio de 3 dias de Fez a Marraquexe torna isso poss\u00edvel mesmo com tempo limitado. Ap\u00f3s a partida de Fez, a viagem leva-o rapidamente \u00e0s espetaculares dunas de Erg Chebbi, onde o deserto revela a sua magia [&hellip;]","og_url":"https:\/\/www.culturaltravelmorocco.com\/pt-pt\/product\/excursao-de-3-dias-pelo-deserto-do-saara-de-fez-a-marrakech\/","og_site_name":"Cultural Travel Morocco","article_modified_time":"2026-01-30T15:53:13+00:00","og_image":[{"width":1200,"height":1000,"url":"https:\/\/www.culturaltravelmorocco.com\/wp-content\/uploads\/2026\/01\/7-7.webp","type":"image\/webp"}],"twitter_card":"summary_large_image","twitter_misc":{"Tempo estimado de leitura":"2 minutos"},"schema":{"@context":"https:\/\/schema.org","@graph":[{"@type":"WebPage","@id":"https:\/\/www.culturaltravelmorocco.com\/pt-pt\/product\/excursao-de-3-dias-pelo-deserto-do-saara-de-fez-a-marrakech\/","url":"https:\/\/www.culturaltravelmorocco.com\/pt-pt\/product\/excursao-de-3-dias-pelo-deserto-do-saara-de-fez-a-marrakech\/","name":"Excurs\u00e3o de 3 dias pelo Deserto do Saara, de Fez a Marrakech - Cultural Travel Morocco","isPartOf":{"@id":"https:\/\/www.culturaltravelmorocco.com\/pt-pt\/#website"},"primaryImageOfPage":{"@id":"https:\/\/www.culturaltravelmorocco.com\/pt-pt\/product\/excursao-de-3-dias-pelo-deserto-do-saara-de-fez-a-marrakech\/#primaryimage"},"image":{"@id":"https:\/\/www.culturaltravelmorocco.com\/pt-pt\/product\/excursao-de-3-dias-pelo-deserto-do-saara-de-fez-a-marrakech\/#primaryimage"},"thumbnailUrl":"https:\/\/www.culturaltravelmorocco.com\/wp-content\/uploads\/2026\/01\/7-7.webp","datePublished":"2026-01-10T12:20:34+00:00","dateModified":"2026-01-30T15:53:13+00:00","breadcrumb":{"@id":"https:\/\/www.culturaltravelmorocco.com\/pt-pt\/product\/excursao-de-3-dias-pelo-deserto-do-saara-de-fez-a-marrakech\/#breadcrumb"},"inLanguage":"pt-PT","potentialAction":[{"@type":"ReadAction","target":["https:\/\/www.culturaltravelmorocco.com\/pt-pt\/product\/excursao-de-3-dias-pelo-deserto-do-saara-de-fez-a-marrakech\/"]}]},{"@type":"ImageObject","inLanguage":"pt-PT","@id":"https:\/\/www.culturaltravelmorocco.com\/pt-pt\/product\/excursao-de-3-dias-pelo-deserto-do-saara-de-fez-a-marrakech\/#primaryimage","url":"https:\/\/www.culturaltravelmorocco.com\/wp-content\/uploads\/2026\/01\/7-7.webp","contentUrl":"https:\/\/www.culturaltravelmorocco.com\/wp-content\/uploads\/2026\/01\/7-7.webp","width":1200,"height":1000},{"@type":"BreadcrumbList","@id":"https:\/\/www.culturaltravelmorocco.com\/pt-pt\/product\/excursao-de-3-dias-pelo-deserto-do-saara-de-fez-a-marrakech\/#breadcrumb","itemListElement":[{"@type":"ListItem","position":1,"name":"In\u00edcio","item":"https:\/\/www.culturaltravelmorocco.com\/pt-pt\/"},{"@type":"ListItem","position":2,"name":"Produtos","item":"https:\/\/www.culturaltravelmorocco.com\/pt-pt\/shop\/"},{"@type":"ListItem","position":3,"name":"Excurs\u00e3o de 3 dias pelo Deserto do Saara, de Fez a Marrakech"}]},{"@type":"WebSite","@id":"https:\/\/www.culturaltravelmorocco.com\/pt-pt\/#website","url":"https:\/\/www.culturaltravelmorocco.com\/pt-pt\/","name":"Cultural Travel Morocco","description":"","potentialAction":[{"@type":"SearchAction","target":{"@type":"EntryPoint","urlTemplate":"https:\/\/www.culturaltravelmorocco.com\/pt-pt\/?s={search_term_string}"},"query-input":{"@type":"PropertyValueSpecification","valueRequired":true,"valueName":"search_term_string"}}],"inLanguage":"pt-PT"}]}},"_links":{"self":[{"href":"https:\/\/www.culturaltravelmorocco.com\/pt-pt\/wp-json\/wp\/v2\/product\/12166","targetHints":{"allow":["GET"]}}],"collection":[{"href":"https:\/\/www.culturaltravelmorocco.com\/pt-pt\/wp-json\/wp\/v2\/product"}],"about":[{"href":"https:\/\/www.culturaltravelmorocco.com\/pt-pt\/wp-json\/wp\/v2\/types\/product"}],"replies":[{"embeddable":true,"href":"https:\/\/www.culturaltravelmorocco.com\/pt-pt\/wp-json\/wp\/v2\/comments?post=12166"}],"wp:featuredmedia":[{"embeddable":true,"href":"https:\/\/www.culturaltravelmorocco.com\/pt-pt\/wp-json\/wp\/v2\/media\/11886"}],"wp:attachment":[{"href":"https:\/\/www.culturaltravelmorocco.com\/pt-pt\/wp-json\/wp\/v2\/media?parent=12166"}],"wp:term":[{"taxonomy":"product_brand","embeddable":true,"href":"https:\/\/www.culturaltravelmorocco.com\/pt-pt\/wp-json\/wp\/v2\/product_brand?post=12166"},{"taxonomy":"product_cat","embeddable":true,"href":"https:\/\/www.culturaltravelmorocco.com\/pt-pt\/wp-json\/wp\/v2\/product_cat?post=12166"},{"taxonomy":"product_tag","embeddable":true,"href":"https:\/\/www.culturaltravelmorocco.com\/pt-pt\/wp-json\/wp\/v2\/product_tag?post=12166"}],"curies":[{"name":"wp","href":"https:\/\/api.w.org\/{rel}","templated":true}]}}