{"id":12171,"date":"2026-01-10T12:20:34","date_gmt":"2026-01-10T12:20:34","guid":{"rendered":"https:\/\/www.culturaltravelmorocco.com\/product\/4-day-desert-tour-from-fez-to-marrakech\/"},"modified":"2026-01-30T15:58:47","modified_gmt":"2026-01-30T15:58:47","slug":"excursao-de-4-dias-pelo-deserto-de-fez-a-marrakech","status":"publish","type":"product","link":"https:\/\/www.culturaltravelmorocco.com\/pt-pt\/product\/excursao-de-4-dias-pelo-deserto-de-fez-a-marrakech\/","title":{"rendered":"Excurs\u00e3o de 4 dias pelo deserto de Fez a Marrakech"},"content":{"rendered":"<h2>Vis\u00e3o geral:<\/h2>\n<p>Longe das grandes cidades como Fez e Marraquexe, Marrocos revela algumas das suas maravilhas naturais mais extraordin\u00e1rias. Este passeio de 4 dias pelo deserto, de Fez a Marraquexe, atravessa a impressionante geografia do pa\u00eds, incluindo duas espetaculares passagens de montanha no M\u00e9dio Atlas e no Alto Atlas. Ao longo do percurso, paragens panor\u00e2micas destacam a diversidade das paisagens marroquinas, mostrando um terreno muito mais rico e acidentado do que se imagina. Para l\u00e1 das montanhas, a paisagem abre-se para o Deserto do Saara, culminando nas deslumbrantes dunas de Erg Chebbi, consideradas as mais fascinantes dunas de areia de Marrocos.<\/p>\n<p>A sul do Saara, a vida segue um ritmo mais lento, permitindo a sobreviv\u00eancia das tradi\u00e7\u00f5es ancestrais. Durante esta viagem, descobrir\u00e1 o estilo de vida aut\u00eantico das fam\u00edlias n\u00f3madas, que ainda preservam costumes moldados pelo ambiente des\u00e9rtico. Encontrar\u00e1 tamb\u00e9m comunidades descendentes de antigas popula\u00e7\u00f5es subsaarianas, conhecidas pelo seu patrim\u00f3nio cultural \u00fanico e pela m\u00fasica folcl\u00f3rica tradicional, reconhecida pela UNESCO como Patrim\u00f3nio Cultural Imaterial da Humanidade. Este itiner\u00e1rio de 4 dias e 3 noites por Marrocos, com in\u00edcio em Fez e fim em Marraquexe, oferece o equil\u00edbrio perfeito entre natureza, cultura e aventura no deserto.<\/p>\n","protected":false},"excerpt":{"rendered":"<p>Vis\u00e3o geral: Longe das grandes cidades como Fez e Marraquexe, Marrocos revela algumas das suas maravilhas naturais mais extraordin\u00e1rias. Este passeio de 4 dias pelo deserto, de Fez a Marraquexe, atravessa a impressionante geografia do pa\u00eds, incluindo duas espetaculares passagens de montanha no M\u00e9dio Atlas e no Alto Atlas. Ao longo do percurso, paragens panor\u00e2micas [&hellip;]<\/p>\n","protected":false},"featured_media":11887,"comment_status":"closed","ping_status":"closed","template":"","meta":{"_joinchat":[]},"product_brand":[],"product_cat":[124],"product_tag":[],"class_list":{"0":"post-12171","1":"product","2":"type-product","3":"status-publish","4":"has-post-thumbnail","6":"product_cat-tours-desde-fez","8":"first","9":"instock","10":"purchasable","11":"product-type-ovabrw_car_rental"},"yoast_head":"<!-- This site is optimized with the Yoast SEO Premium plugin v25.0 (Yoast SEO v25.0) - https:\/\/yoast.com\/wordpress\/plugins\/seo\/ -->\n<title>Excurs\u00e3o de 4 dias pelo deserto de Fez a Marrakech - Cultural Travel Morocco<\/title>\n<meta name=\"robots\" content=\"index, follow, max-snippet:-1, max-image-preview:large, max-video-preview:-1\" \/>\n<link rel=\"canonical\" href=\"https:\/\/www.culturaltravelmorocco.com\/pt-pt\/product\/excursao-de-4-dias-pelo-deserto-de-fez-a-marrakech\/\" \/>\n<meta property=\"og:locale\" content=\"pt_PT\" \/>\n<meta property=\"og:type\" content=\"article\" \/>\n<meta property=\"og:title\" content=\"Excurs\u00e3o de 4 dias pelo deserto de Fez a Marrakech\" \/>\n<meta property=\"og:description\" content=\"Vis\u00e3o geral: Longe das grandes cidades como Fez e Marraquexe, Marrocos revela algumas das suas maravilhas naturais mais extraordin\u00e1rias. Este passeio de 4 dias pelo deserto, de Fez a Marraquexe, atravessa a impressionante geografia do pa\u00eds, incluindo duas espetaculares passagens de montanha no M\u00e9dio Atlas e no Alto Atlas. Ao longo do percurso, paragens panor\u00e2micas [&hellip;]\" \/>\n<meta property=\"og:url\" content=\"https:\/\/www.culturaltravelmorocco.com\/pt-pt\/product\/excursao-de-4-dias-pelo-deserto-de-fez-a-marrakech\/\" \/>\n<meta property=\"og:site_name\" content=\"Cultural Travel Morocco\" \/>\n<meta property=\"article:modified_time\" content=\"2026-01-30T15:58:47+00:00\" \/>\n<meta property=\"og:image\" content=\"https:\/\/www.culturaltravelmorocco.com\/wp-content\/uploads\/2026\/01\/5-7-1.webp\" \/>\n\t<meta property=\"og:image:width\" content=\"1200\" \/>\n\t<meta property=\"og:image:height\" content=\"1000\" \/>\n\t<meta property=\"og:image:type\" content=\"image\/webp\" \/>\n<meta name=\"twitter:card\" content=\"summary_large_image\" \/>\n<meta name=\"twitter:label1\" content=\"Tempo estimado de leitura\" \/>\n\t<meta name=\"twitter:data1\" content=\"2 minutos\" \/>\n<script type=\"application\/ld+json\" class=\"yoast-schema-graph\">{\"@context\":\"https:\/\/schema.org\",\"@graph\":[{\"@type\":\"WebPage\",\"@id\":\"https:\/\/www.culturaltravelmorocco.com\/pt-pt\/product\/excursao-de-4-dias-pelo-deserto-de-fez-a-marrakech\/\",\"url\":\"https:\/\/www.culturaltravelmorocco.com\/pt-pt\/product\/excursao-de-4-dias-pelo-deserto-de-fez-a-marrakech\/\",\"name\":\"Excurs\u00e3o de 4 dias pelo deserto de Fez a Marrakech - Cultural Travel Morocco\",\"isPartOf\":{\"@id\":\"https:\/\/www.culturaltravelmorocco.com\/pt-pt\/#website\"},\"primaryImageOfPage\":{\"@id\":\"https:\/\/www.culturaltravelmorocco.com\/pt-pt\/product\/excursao-de-4-dias-pelo-deserto-de-fez-a-marrakech\/#primaryimage\"},\"image\":{\"@id\":\"https:\/\/www.culturaltravelmorocco.com\/pt-pt\/product\/excursao-de-4-dias-pelo-deserto-de-fez-a-marrakech\/#primaryimage\"},\"thumbnailUrl\":\"https:\/\/www.culturaltravelmorocco.com\/wp-content\/uploads\/2026\/01\/5-7-1.webp\",\"datePublished\":\"2026-01-10T12:20:34+00:00\",\"dateModified\":\"2026-01-30T15:58:47+00:00\",\"breadcrumb\":{\"@id\":\"https:\/\/www.culturaltravelmorocco.com\/pt-pt\/product\/excursao-de-4-dias-pelo-deserto-de-fez-a-marrakech\/#breadcrumb\"},\"inLanguage\":\"pt-PT\",\"potentialAction\":[{\"@type\":\"ReadAction\",\"target\":[\"https:\/\/www.culturaltravelmorocco.com\/pt-pt\/product\/excursao-de-4-dias-pelo-deserto-de-fez-a-marrakech\/\"]}]},{\"@type\":\"ImageObject\",\"inLanguage\":\"pt-PT\",\"@id\":\"https:\/\/www.culturaltravelmorocco.com\/pt-pt\/product\/excursao-de-4-dias-pelo-deserto-de-fez-a-marrakech\/#primaryimage\",\"url\":\"https:\/\/www.culturaltravelmorocco.com\/wp-content\/uploads\/2026\/01\/5-7-1.webp\",\"contentUrl\":\"https:\/\/www.culturaltravelmorocco.com\/wp-content\/uploads\/2026\/01\/5-7-1.webp\",\"width\":1200,\"height\":1000},{\"@type\":\"BreadcrumbList\",\"@id\":\"https:\/\/www.culturaltravelmorocco.com\/pt-pt\/product\/excursao-de-4-dias-pelo-deserto-de-fez-a-marrakech\/#breadcrumb\",\"itemListElement\":[{\"@type\":\"ListItem\",\"position\":1,\"name\":\"In\u00edcio\",\"item\":\"https:\/\/www.culturaltravelmorocco.com\/pt-pt\/\"},{\"@type\":\"ListItem\",\"position\":2,\"name\":\"Produtos\",\"item\":\"https:\/\/www.culturaltravelmorocco.com\/pt-pt\/shop\/\"},{\"@type\":\"ListItem\",\"position\":3,\"name\":\"Excurs\u00e3o de 4 dias pelo deserto de Fez a Marrakech\"}]},{\"@type\":\"WebSite\",\"@id\":\"https:\/\/www.culturaltravelmorocco.com\/pt-pt\/#website\",\"url\":\"https:\/\/www.culturaltravelmorocco.com\/pt-pt\/\",\"name\":\"Cultural Travel Morocco\",\"description\":\"\",\"potentialAction\":[{\"@type\":\"SearchAction\",\"target\":{\"@type\":\"EntryPoint\",\"urlTemplate\":\"https:\/\/www.culturaltravelmorocco.com\/pt-pt\/?s={search_term_string}\"},\"query-input\":{\"@type\":\"PropertyValueSpecification\",\"valueRequired\":true,\"valueName\":\"search_term_string\"}}],\"inLanguage\":\"pt-PT\"}]}<\/script>\n<!-- \/ Yoast SEO Premium plugin. -->","yoast_head_json":{"title":"Excurs\u00e3o de 4 dias pelo deserto de Fez a Marrakech - Cultural Travel Morocco","robots":{"index":"index","follow":"follow","max-snippet":"max-snippet:-1","max-image-preview":"max-image-preview:large","max-video-preview":"max-video-preview:-1"},"canonical":"https:\/\/www.culturaltravelmorocco.com\/pt-pt\/product\/excursao-de-4-dias-pelo-deserto-de-fez-a-marrakech\/","og_locale":"pt_PT","og_type":"article","og_title":"Excurs\u00e3o de 4 dias pelo deserto de Fez a Marrakech","og_description":"Vis\u00e3o geral: Longe das grandes cidades como Fez e Marraquexe, Marrocos revela algumas das suas maravilhas naturais mais extraordin\u00e1rias. Este passeio de 4 dias pelo deserto, de Fez a Marraquexe, atravessa a impressionante geografia do pa\u00eds, incluindo duas espetaculares passagens de montanha no M\u00e9dio Atlas e no Alto Atlas. Ao longo do percurso, paragens panor\u00e2micas [&hellip;]","og_url":"https:\/\/www.culturaltravelmorocco.com\/pt-pt\/product\/excursao-de-4-dias-pelo-deserto-de-fez-a-marrakech\/","og_site_name":"Cultural Travel Morocco","article_modified_time":"2026-01-30T15:58:47+00:00","og_image":[{"width":1200,"height":1000,"url":"https:\/\/www.culturaltravelmorocco.com\/wp-content\/uploads\/2026\/01\/5-7-1.webp","type":"image\/webp"}],"twitter_card":"summary_large_image","twitter_misc":{"Tempo estimado de leitura":"2 minutos"},"schema":{"@context":"https:\/\/schema.org","@graph":[{"@type":"WebPage","@id":"https:\/\/www.culturaltravelmorocco.com\/pt-pt\/product\/excursao-de-4-dias-pelo-deserto-de-fez-a-marrakech\/","url":"https:\/\/www.culturaltravelmorocco.com\/pt-pt\/product\/excursao-de-4-dias-pelo-deserto-de-fez-a-marrakech\/","name":"Excurs\u00e3o de 4 dias pelo deserto de Fez a Marrakech - Cultural Travel Morocco","isPartOf":{"@id":"https:\/\/www.culturaltravelmorocco.com\/pt-pt\/#website"},"primaryImageOfPage":{"@id":"https:\/\/www.culturaltravelmorocco.com\/pt-pt\/product\/excursao-de-4-dias-pelo-deserto-de-fez-a-marrakech\/#primaryimage"},"image":{"@id":"https:\/\/www.culturaltravelmorocco.com\/pt-pt\/product\/excursao-de-4-dias-pelo-deserto-de-fez-a-marrakech\/#primaryimage"},"thumbnailUrl":"https:\/\/www.culturaltravelmorocco.com\/wp-content\/uploads\/2026\/01\/5-7-1.webp","datePublished":"2026-01-10T12:20:34+00:00","dateModified":"2026-01-30T15:58:47+00:00","breadcrumb":{"@id":"https:\/\/www.culturaltravelmorocco.com\/pt-pt\/product\/excursao-de-4-dias-pelo-deserto-de-fez-a-marrakech\/#breadcrumb"},"inLanguage":"pt-PT","potentialAction":[{"@type":"ReadAction","target":["https:\/\/www.culturaltravelmorocco.com\/pt-pt\/product\/excursao-de-4-dias-pelo-deserto-de-fez-a-marrakech\/"]}]},{"@type":"ImageObject","inLanguage":"pt-PT","@id":"https:\/\/www.culturaltravelmorocco.com\/pt-pt\/product\/excursao-de-4-dias-pelo-deserto-de-fez-a-marrakech\/#primaryimage","url":"https:\/\/www.culturaltravelmorocco.com\/wp-content\/uploads\/2026\/01\/5-7-1.webp","contentUrl":"https:\/\/www.culturaltravelmorocco.com\/wp-content\/uploads\/2026\/01\/5-7-1.webp","width":1200,"height":1000},{"@type":"BreadcrumbList","@id":"https:\/\/www.culturaltravelmorocco.com\/pt-pt\/product\/excursao-de-4-dias-pelo-deserto-de-fez-a-marrakech\/#breadcrumb","itemListElement":[{"@type":"ListItem","position":1,"name":"In\u00edcio","item":"https:\/\/www.culturaltravelmorocco.com\/pt-pt\/"},{"@type":"ListItem","position":2,"name":"Produtos","item":"https:\/\/www.culturaltravelmorocco.com\/pt-pt\/shop\/"},{"@type":"ListItem","position":3,"name":"Excurs\u00e3o de 4 dias pelo deserto de Fez a Marrakech"}]},{"@type":"WebSite","@id":"https:\/\/www.culturaltravelmorocco.com\/pt-pt\/#website","url":"https:\/\/www.culturaltravelmorocco.com\/pt-pt\/","name":"Cultural Travel Morocco","description":"","potentialAction":[{"@type":"SearchAction","target":{"@type":"EntryPoint","urlTemplate":"https:\/\/www.culturaltravelmorocco.com\/pt-pt\/?s={search_term_string}"},"query-input":{"@type":"PropertyValueSpecification","valueRequired":true,"valueName":"search_term_string"}}],"inLanguage":"pt-PT"}]}},"_links":{"self":[{"href":"https:\/\/www.culturaltravelmorocco.com\/pt-pt\/wp-json\/wp\/v2\/product\/12171","targetHints":{"allow":["GET"]}}],"collection":[{"href":"https:\/\/www.culturaltravelmorocco.com\/pt-pt\/wp-json\/wp\/v2\/product"}],"about":[{"href":"https:\/\/www.culturaltravelmorocco.com\/pt-pt\/wp-json\/wp\/v2\/types\/product"}],"replies":[{"embeddable":true,"href":"https:\/\/www.culturaltravelmorocco.com\/pt-pt\/wp-json\/wp\/v2\/comments?post=12171"}],"wp:featuredmedia":[{"embeddable":true,"href":"https:\/\/www.culturaltravelmorocco.com\/pt-pt\/wp-json\/wp\/v2\/media\/11887"}],"wp:attachment":[{"href":"https:\/\/www.culturaltravelmorocco.com\/pt-pt\/wp-json\/wp\/v2\/media?parent=12171"}],"wp:term":[{"taxonomy":"product_brand","embeddable":true,"href":"https:\/\/www.culturaltravelmorocco.com\/pt-pt\/wp-json\/wp\/v2\/product_brand?post=12171"},{"taxonomy":"product_cat","embeddable":true,"href":"https:\/\/www.culturaltravelmorocco.com\/pt-pt\/wp-json\/wp\/v2\/product_cat?post=12171"},{"taxonomy":"product_tag","embeddable":true,"href":"https:\/\/www.culturaltravelmorocco.com\/pt-pt\/wp-json\/wp\/v2\/product_tag?post=12171"}],"curies":[{"name":"wp","href":"https:\/\/api.w.org\/{rel}","templated":true}]}}