{"id":12184,"date":"2026-01-10T12:20:34","date_gmt":"2026-01-10T12:20:34","guid":{"rendered":"https:\/\/www.culturaltravelmorocco.com\/product\/5-day-morocco-journey-from-north-to-south\/"},"modified":"2026-01-30T16:17:28","modified_gmt":"2026-01-30T16:17:28","slug":"viagem-de-5-dias-por-marrocos-de-norte-a-sul","status":"publish","type":"product","link":"https:\/\/www.culturaltravelmorocco.com\/pt-pt\/product\/viagem-de-5-dias-por-marrocos-de-norte-a-sul\/","title":{"rendered":"Viagem de 5 dias por Marrocos, de norte a sul"},"content":{"rendered":"<h2>Vis\u00e3o geral:<\/h2>\n<p>Em apenas 5 dias, este roteiro de norte a sul por Marrocos permite-lhe experimentar os pontos altos mais emblem\u00e1ticos do pa\u00eds, viajando de T\u00e2nger a Marraquexe atrav\u00e9s de uma extraordin\u00e1ria diversidade de paisagens e culturas. Ao longo do caminho, descobrir\u00e1 destinos lend\u00e1rios como Chefchaouen, Fez e o majestoso Deserto do Saara, incluindo as dunas douradas de Erg Chebbi. Este itiner\u00e1rio cuidadosamente elaborado aproveita ao m\u00e1ximo cada dia, oferecendo uma viagem intensa, mas equilibrada, pelas regi\u00f5es mais emblem\u00e1ticas de Marrocos.<\/p>\n<p>Natureza e patrim\u00f3nio misturam-se perfeitamente ao longo desta rota, revelando os impressionantes contrastes de Marrocos. Das verdejantes Montanhas Rif ao dram\u00e1tico M\u00e9dio e Alto Atlas, do \u00e1rido deserto de Hammada aos exuberantes vales pr\u00e9-saarianos repletos de palmeiras e aos espetaculares desfiladeiros rochosos, a paisagem transforma-se constantemente. As descobertas culturais s\u00e3o igualmente ricas, com visitas a Patrim\u00f3nio Mundial da UNESCO, como Tetu\u00e3o, Fez e Ait Ben Haddou, bem como a encantadoras cidades como Rissani. Uma verdadeira imers\u00e3o nas paisagens, hist\u00f3ria e tradi\u00e7\u00f5es de Marrocos \u2014 tudo em apenas cinco dias inesquec\u00edveis.<\/p>\n","protected":false},"excerpt":{"rendered":"<p>Vis\u00e3o geral: Em apenas 5 dias, este roteiro de norte a sul por Marrocos permite-lhe experimentar os pontos altos mais emblem\u00e1ticos do pa\u00eds, viajando de T\u00e2nger a Marraquexe atrav\u00e9s de uma extraordin\u00e1ria diversidade de paisagens e culturas. Ao longo do caminho, descobrir\u00e1 destinos lend\u00e1rios como Chefchaouen, Fez e o majestoso Deserto do Saara, incluindo as [&hellip;]<\/p>\n","protected":false},"featured_media":11950,"comment_status":"closed","ping_status":"closed","template":"","meta":{"_joinchat":[]},"product_brand":[],"product_cat":[126],"product_tag":[],"class_list":{"0":"post-12184","1":"product","2":"type-product","3":"status-publish","4":"has-post-thumbnail","6":"product_cat-tours-desde-tanger","8":"first","9":"instock","10":"purchasable","11":"product-type-ovabrw_car_rental"},"yoast_head":"<!-- This site is optimized with the Yoast SEO Premium plugin v25.0 (Yoast SEO v25.0) - https:\/\/yoast.com\/wordpress\/plugins\/seo\/ -->\n<title>Viagem de 5 dias por Marrocos, de norte a sul - Cultural Travel Morocco<\/title>\n<meta name=\"robots\" content=\"index, follow, max-snippet:-1, max-image-preview:large, max-video-preview:-1\" \/>\n<link rel=\"canonical\" href=\"https:\/\/www.culturaltravelmorocco.com\/pt-pt\/product\/viagem-de-5-dias-por-marrocos-de-norte-a-sul\/\" \/>\n<meta property=\"og:locale\" content=\"pt_PT\" \/>\n<meta property=\"og:type\" content=\"article\" \/>\n<meta property=\"og:title\" content=\"Viagem de 5 dias por Marrocos, de norte a sul\" \/>\n<meta property=\"og:description\" content=\"Vis\u00e3o geral: Em apenas 5 dias, este roteiro de norte a sul por Marrocos permite-lhe experimentar os pontos altos mais emblem\u00e1ticos do pa\u00eds, viajando de T\u00e2nger a Marraquexe atrav\u00e9s de uma extraordin\u00e1ria diversidade de paisagens e culturas. Ao longo do caminho, descobrir\u00e1 destinos lend\u00e1rios como Chefchaouen, Fez e o majestoso Deserto do Saara, incluindo as [&hellip;]\" \/>\n<meta property=\"og:url\" content=\"https:\/\/www.culturaltravelmorocco.com\/pt-pt\/product\/viagem-de-5-dias-por-marrocos-de-norte-a-sul\/\" \/>\n<meta property=\"og:site_name\" content=\"Cultural Travel Morocco\" \/>\n<meta property=\"article:modified_time\" content=\"2026-01-30T16:17:28+00:00\" \/>\n<meta property=\"og:image\" content=\"https:\/\/www.culturaltravelmorocco.com\/wp-content\/uploads\/2026\/01\/7-8-1.webp\" \/>\n\t<meta property=\"og:image:width\" content=\"1200\" \/>\n\t<meta property=\"og:image:height\" content=\"1000\" \/>\n\t<meta property=\"og:image:type\" content=\"image\/webp\" \/>\n<meta name=\"twitter:card\" content=\"summary_large_image\" \/>\n<meta name=\"twitter:label1\" content=\"Tempo estimado de leitura\" \/>\n\t<meta name=\"twitter:data1\" content=\"1 minuto\" \/>\n<script type=\"application\/ld+json\" class=\"yoast-schema-graph\">{\"@context\":\"https:\/\/schema.org\",\"@graph\":[{\"@type\":\"WebPage\",\"@id\":\"https:\/\/www.culturaltravelmorocco.com\/pt-pt\/product\/viagem-de-5-dias-por-marrocos-de-norte-a-sul\/\",\"url\":\"https:\/\/www.culturaltravelmorocco.com\/pt-pt\/product\/viagem-de-5-dias-por-marrocos-de-norte-a-sul\/\",\"name\":\"Viagem de 5 dias por Marrocos, de norte a sul - Cultural Travel Morocco\",\"isPartOf\":{\"@id\":\"https:\/\/www.culturaltravelmorocco.com\/pt-pt\/#website\"},\"primaryImageOfPage\":{\"@id\":\"https:\/\/www.culturaltravelmorocco.com\/pt-pt\/product\/viagem-de-5-dias-por-marrocos-de-norte-a-sul\/#primaryimage\"},\"image\":{\"@id\":\"https:\/\/www.culturaltravelmorocco.com\/pt-pt\/product\/viagem-de-5-dias-por-marrocos-de-norte-a-sul\/#primaryimage\"},\"thumbnailUrl\":\"https:\/\/www.culturaltravelmorocco.com\/wp-content\/uploads\/2026\/01\/7-8-1.webp\",\"datePublished\":\"2026-01-10T12:20:34+00:00\",\"dateModified\":\"2026-01-30T16:17:28+00:00\",\"breadcrumb\":{\"@id\":\"https:\/\/www.culturaltravelmorocco.com\/pt-pt\/product\/viagem-de-5-dias-por-marrocos-de-norte-a-sul\/#breadcrumb\"},\"inLanguage\":\"pt-PT\",\"potentialAction\":[{\"@type\":\"ReadAction\",\"target\":[\"https:\/\/www.culturaltravelmorocco.com\/pt-pt\/product\/viagem-de-5-dias-por-marrocos-de-norte-a-sul\/\"]}]},{\"@type\":\"ImageObject\",\"inLanguage\":\"pt-PT\",\"@id\":\"https:\/\/www.culturaltravelmorocco.com\/pt-pt\/product\/viagem-de-5-dias-por-marrocos-de-norte-a-sul\/#primaryimage\",\"url\":\"https:\/\/www.culturaltravelmorocco.com\/wp-content\/uploads\/2026\/01\/7-8-1.webp\",\"contentUrl\":\"https:\/\/www.culturaltravelmorocco.com\/wp-content\/uploads\/2026\/01\/7-8-1.webp\",\"width\":1200,\"height\":1000},{\"@type\":\"BreadcrumbList\",\"@id\":\"https:\/\/www.culturaltravelmorocco.com\/pt-pt\/product\/viagem-de-5-dias-por-marrocos-de-norte-a-sul\/#breadcrumb\",\"itemListElement\":[{\"@type\":\"ListItem\",\"position\":1,\"name\":\"In\u00edcio\",\"item\":\"https:\/\/www.culturaltravelmorocco.com\/pt-pt\/\"},{\"@type\":\"ListItem\",\"position\":2,\"name\":\"Produtos\",\"item\":\"https:\/\/www.culturaltravelmorocco.com\/pt-pt\/shop\/\"},{\"@type\":\"ListItem\",\"position\":3,\"name\":\"Viagem de 5 dias por Marrocos, de norte a sul\"}]},{\"@type\":\"WebSite\",\"@id\":\"https:\/\/www.culturaltravelmorocco.com\/pt-pt\/#website\",\"url\":\"https:\/\/www.culturaltravelmorocco.com\/pt-pt\/\",\"name\":\"Cultural Travel Morocco\",\"description\":\"\",\"potentialAction\":[{\"@type\":\"SearchAction\",\"target\":{\"@type\":\"EntryPoint\",\"urlTemplate\":\"https:\/\/www.culturaltravelmorocco.com\/pt-pt\/?s={search_term_string}\"},\"query-input\":{\"@type\":\"PropertyValueSpecification\",\"valueRequired\":true,\"valueName\":\"search_term_string\"}}],\"inLanguage\":\"pt-PT\"}]}<\/script>\n<!-- \/ Yoast SEO Premium plugin. -->","yoast_head_json":{"title":"Viagem de 5 dias por Marrocos, de norte a sul - Cultural Travel Morocco","robots":{"index":"index","follow":"follow","max-snippet":"max-snippet:-1","max-image-preview":"max-image-preview:large","max-video-preview":"max-video-preview:-1"},"canonical":"https:\/\/www.culturaltravelmorocco.com\/pt-pt\/product\/viagem-de-5-dias-por-marrocos-de-norte-a-sul\/","og_locale":"pt_PT","og_type":"article","og_title":"Viagem de 5 dias por Marrocos, de norte a sul","og_description":"Vis\u00e3o geral: Em apenas 5 dias, este roteiro de norte a sul por Marrocos permite-lhe experimentar os pontos altos mais emblem\u00e1ticos do pa\u00eds, viajando de T\u00e2nger a Marraquexe atrav\u00e9s de uma extraordin\u00e1ria diversidade de paisagens e culturas. Ao longo do caminho, descobrir\u00e1 destinos lend\u00e1rios como Chefchaouen, Fez e o majestoso Deserto do Saara, incluindo as [&hellip;]","og_url":"https:\/\/www.culturaltravelmorocco.com\/pt-pt\/product\/viagem-de-5-dias-por-marrocos-de-norte-a-sul\/","og_site_name":"Cultural Travel Morocco","article_modified_time":"2026-01-30T16:17:28+00:00","og_image":[{"width":1200,"height":1000,"url":"https:\/\/www.culturaltravelmorocco.com\/wp-content\/uploads\/2026\/01\/7-8-1.webp","type":"image\/webp"}],"twitter_card":"summary_large_image","twitter_misc":{"Tempo estimado de leitura":"1 minuto"},"schema":{"@context":"https:\/\/schema.org","@graph":[{"@type":"WebPage","@id":"https:\/\/www.culturaltravelmorocco.com\/pt-pt\/product\/viagem-de-5-dias-por-marrocos-de-norte-a-sul\/","url":"https:\/\/www.culturaltravelmorocco.com\/pt-pt\/product\/viagem-de-5-dias-por-marrocos-de-norte-a-sul\/","name":"Viagem de 5 dias por Marrocos, de norte a sul - Cultural Travel Morocco","isPartOf":{"@id":"https:\/\/www.culturaltravelmorocco.com\/pt-pt\/#website"},"primaryImageOfPage":{"@id":"https:\/\/www.culturaltravelmorocco.com\/pt-pt\/product\/viagem-de-5-dias-por-marrocos-de-norte-a-sul\/#primaryimage"},"image":{"@id":"https:\/\/www.culturaltravelmorocco.com\/pt-pt\/product\/viagem-de-5-dias-por-marrocos-de-norte-a-sul\/#primaryimage"},"thumbnailUrl":"https:\/\/www.culturaltravelmorocco.com\/wp-content\/uploads\/2026\/01\/7-8-1.webp","datePublished":"2026-01-10T12:20:34+00:00","dateModified":"2026-01-30T16:17:28+00:00","breadcrumb":{"@id":"https:\/\/www.culturaltravelmorocco.com\/pt-pt\/product\/viagem-de-5-dias-por-marrocos-de-norte-a-sul\/#breadcrumb"},"inLanguage":"pt-PT","potentialAction":[{"@type":"ReadAction","target":["https:\/\/www.culturaltravelmorocco.com\/pt-pt\/product\/viagem-de-5-dias-por-marrocos-de-norte-a-sul\/"]}]},{"@type":"ImageObject","inLanguage":"pt-PT","@id":"https:\/\/www.culturaltravelmorocco.com\/pt-pt\/product\/viagem-de-5-dias-por-marrocos-de-norte-a-sul\/#primaryimage","url":"https:\/\/www.culturaltravelmorocco.com\/wp-content\/uploads\/2026\/01\/7-8-1.webp","contentUrl":"https:\/\/www.culturaltravelmorocco.com\/wp-content\/uploads\/2026\/01\/7-8-1.webp","width":1200,"height":1000},{"@type":"BreadcrumbList","@id":"https:\/\/www.culturaltravelmorocco.com\/pt-pt\/product\/viagem-de-5-dias-por-marrocos-de-norte-a-sul\/#breadcrumb","itemListElement":[{"@type":"ListItem","position":1,"name":"In\u00edcio","item":"https:\/\/www.culturaltravelmorocco.com\/pt-pt\/"},{"@type":"ListItem","position":2,"name":"Produtos","item":"https:\/\/www.culturaltravelmorocco.com\/pt-pt\/shop\/"},{"@type":"ListItem","position":3,"name":"Viagem de 5 dias por Marrocos, de norte a sul"}]},{"@type":"WebSite","@id":"https:\/\/www.culturaltravelmorocco.com\/pt-pt\/#website","url":"https:\/\/www.culturaltravelmorocco.com\/pt-pt\/","name":"Cultural Travel Morocco","description":"","potentialAction":[{"@type":"SearchAction","target":{"@type":"EntryPoint","urlTemplate":"https:\/\/www.culturaltravelmorocco.com\/pt-pt\/?s={search_term_string}"},"query-input":{"@type":"PropertyValueSpecification","valueRequired":true,"valueName":"search_term_string"}}],"inLanguage":"pt-PT"}]}},"_links":{"self":[{"href":"https:\/\/www.culturaltravelmorocco.com\/pt-pt\/wp-json\/wp\/v2\/product\/12184","targetHints":{"allow":["GET"]}}],"collection":[{"href":"https:\/\/www.culturaltravelmorocco.com\/pt-pt\/wp-json\/wp\/v2\/product"}],"about":[{"href":"https:\/\/www.culturaltravelmorocco.com\/pt-pt\/wp-json\/wp\/v2\/types\/product"}],"replies":[{"embeddable":true,"href":"https:\/\/www.culturaltravelmorocco.com\/pt-pt\/wp-json\/wp\/v2\/comments?post=12184"}],"wp:featuredmedia":[{"embeddable":true,"href":"https:\/\/www.culturaltravelmorocco.com\/pt-pt\/wp-json\/wp\/v2\/media\/11950"}],"wp:attachment":[{"href":"https:\/\/www.culturaltravelmorocco.com\/pt-pt\/wp-json\/wp\/v2\/media?parent=12184"}],"wp:term":[{"taxonomy":"product_brand","embeddable":true,"href":"https:\/\/www.culturaltravelmorocco.com\/pt-pt\/wp-json\/wp\/v2\/product_brand?post=12184"},{"taxonomy":"product_cat","embeddable":true,"href":"https:\/\/www.culturaltravelmorocco.com\/pt-pt\/wp-json\/wp\/v2\/product_cat?post=12184"},{"taxonomy":"product_tag","embeddable":true,"href":"https:\/\/www.culturaltravelmorocco.com\/pt-pt\/wp-json\/wp\/v2\/product_tag?post=12184"}],"curies":[{"name":"wp","href":"https:\/\/api.w.org\/{rel}","templated":true}]}}