{"id":12191,"date":"2026-01-10T12:20:34","date_gmt":"2026-01-10T12:20:34","guid":{"rendered":"https:\/\/www.culturaltravelmorocco.com\/product\/8-day-tour-from-fez-to-the-desert-and-marrakech\/"},"modified":"2026-01-30T16:24:51","modified_gmt":"2026-01-30T16:24:51","slug":"excursao-de-8-dias-de-fez-ao-deserto-e-a-marrakech","status":"publish","type":"product","link":"https:\/\/www.culturaltravelmorocco.com\/pt-pt\/product\/excursao-de-8-dias-de-fez-ao-deserto-e-a-marrakech\/","title":{"rendered":"Excurs\u00e3o de 8 dias de Fez ao deserto e a Marrakech"},"content":{"rendered":"<h2>Vis\u00e3o geral:<\/h2>\n<p>Este roteiro de 8 dias, de Fez ao deserto e a Marraquexe, oferece uma rica imers\u00e3o no patrim\u00f3nio cultural e arquitet\u00f3nico de Marrocos. Ao longo da viagem, descobrir\u00e1 monumentos de excecional valor hist\u00f3rico, tanto nas grandes cidades como nas zonas rurais, representando a arquitetura isl\u00e2mica (mesquitas, madra\u00e7as) e a heran\u00e7a berbere (fortalezas e pal\u00e1cios no deserto). O itiner\u00e1rio inclui tr\u00eas Patrim\u00f3nios Mundiais da UNESCO, um testemunho da sua excecional import\u00e2ncia e preserva\u00e7\u00e3o, bem como muitos monumentos menos conhecidos em pequenas cidades que revelam o car\u00e1cter aut\u00eantico do pa\u00eds.<\/p>\n<p>A natureza \u00e9 igualmente impressionante ao longo deste percurso, desdobrando-se numa extraordin\u00e1ria diversidade de paisagens. Desde florestas ancestrais e dram\u00e1ticos desfiladeiros rochosos a dunas de areia infinitas, palmeirais exuberantes e picos nevados do Atlas, a paisagem muda todos os dias. O itiner\u00e1rio come\u00e7a em Fez e termina em Marraquexe, duas das mais fascinantes cidades imperiais de Marrocos, com a viagem entre elas a revelar montanhas, vales e regi\u00f5es des\u00e9rticas, melhor exploradas num confort\u00e1vel ve\u00edculo privado com motorista-guia. Este roteiro de 8 dias por Marrocos \u00e9 ideal para viajantes que procuram um equil\u00edbrio perfeito entre cultura, natureza e conforto.<\/p>\n","protected":false},"excerpt":{"rendered":"<p>Vis\u00e3o geral: Este roteiro de 8 dias, de Fez ao deserto e a Marraquexe, oferece uma rica imers\u00e3o no patrim\u00f3nio cultural e arquitet\u00f3nico de Marrocos. Ao longo da viagem, descobrir\u00e1 monumentos de excecional valor hist\u00f3rico, tanto nas grandes cidades como nas zonas rurais, representando a arquitetura isl\u00e2mica (mesquitas, madra\u00e7as) e a heran\u00e7a berbere (fortalezas e [&hellip;]<\/p>\n","protected":false},"featured_media":12145,"comment_status":"closed","ping_status":"closed","template":"","meta":{"_joinchat":[]},"product_brand":[],"product_cat":[124],"product_tag":[],"class_list":{"0":"post-12191","1":"product","2":"type-product","3":"status-publish","4":"has-post-thumbnail","6":"product_cat-tours-desde-fez","8":"first","9":"instock","10":"purchasable","11":"product-type-ovabrw_car_rental"},"yoast_head":"<!-- This site is optimized with the Yoast SEO Premium plugin v25.0 (Yoast SEO v25.0) - https:\/\/yoast.com\/wordpress\/plugins\/seo\/ -->\n<title>Excurs\u00e3o de 8 dias de Fez ao deserto e a Marrakech - Cultural Travel Morocco<\/title>\n<meta name=\"robots\" content=\"index, follow, max-snippet:-1, max-image-preview:large, max-video-preview:-1\" \/>\n<link rel=\"canonical\" href=\"https:\/\/www.culturaltravelmorocco.com\/pt-pt\/product\/excursao-de-8-dias-de-fez-ao-deserto-e-a-marrakech\/\" \/>\n<meta property=\"og:locale\" content=\"pt_PT\" \/>\n<meta property=\"og:type\" content=\"article\" \/>\n<meta property=\"og:title\" content=\"Excurs\u00e3o de 8 dias de Fez ao deserto e a Marrakech\" \/>\n<meta property=\"og:description\" content=\"Vis\u00e3o geral: Este roteiro de 8 dias, de Fez ao deserto e a Marraquexe, oferece uma rica imers\u00e3o no patrim\u00f3nio cultural e arquitet\u00f3nico de Marrocos. Ao longo da viagem, descobrir\u00e1 monumentos de excecional valor hist\u00f3rico, tanto nas grandes cidades como nas zonas rurais, representando a arquitetura isl\u00e2mica (mesquitas, madra\u00e7as) e a heran\u00e7a berbere (fortalezas e [&hellip;]\" \/>\n<meta property=\"og:url\" content=\"https:\/\/www.culturaltravelmorocco.com\/pt-pt\/product\/excursao-de-8-dias-de-fez-ao-deserto-e-a-marrakech\/\" \/>\n<meta property=\"og:site_name\" content=\"Cultural Travel Morocco\" \/>\n<meta property=\"article:modified_time\" content=\"2026-01-30T16:24:51+00:00\" \/>\n<meta property=\"og:image\" content=\"https:\/\/www.culturaltravelmorocco.com\/wp-content\/uploads\/2026\/01\/9-1-1.webp\" \/>\n\t<meta property=\"og:image:width\" content=\"1200\" \/>\n\t<meta property=\"og:image:height\" content=\"1000\" \/>\n\t<meta property=\"og:image:type\" content=\"image\/webp\" \/>\n<meta name=\"twitter:card\" content=\"summary_large_image\" \/>\n<meta name=\"twitter:label1\" content=\"Tempo estimado de leitura\" \/>\n\t<meta name=\"twitter:data1\" content=\"2 minutos\" \/>\n<script type=\"application\/ld+json\" class=\"yoast-schema-graph\">{\"@context\":\"https:\/\/schema.org\",\"@graph\":[{\"@type\":\"WebPage\",\"@id\":\"https:\/\/www.culturaltravelmorocco.com\/pt-pt\/product\/excursao-de-8-dias-de-fez-ao-deserto-e-a-marrakech\/\",\"url\":\"https:\/\/www.culturaltravelmorocco.com\/pt-pt\/product\/excursao-de-8-dias-de-fez-ao-deserto-e-a-marrakech\/\",\"name\":\"Excurs\u00e3o de 8 dias de Fez ao deserto e a Marrakech - Cultural Travel Morocco\",\"isPartOf\":{\"@id\":\"https:\/\/www.culturaltravelmorocco.com\/pt-pt\/#website\"},\"primaryImageOfPage\":{\"@id\":\"https:\/\/www.culturaltravelmorocco.com\/pt-pt\/product\/excursao-de-8-dias-de-fez-ao-deserto-e-a-marrakech\/#primaryimage\"},\"image\":{\"@id\":\"https:\/\/www.culturaltravelmorocco.com\/pt-pt\/product\/excursao-de-8-dias-de-fez-ao-deserto-e-a-marrakech\/#primaryimage\"},\"thumbnailUrl\":\"https:\/\/www.culturaltravelmorocco.com\/wp-content\/uploads\/2026\/01\/9-1-1.webp\",\"datePublished\":\"2026-01-10T12:20:34+00:00\",\"dateModified\":\"2026-01-30T16:24:51+00:00\",\"breadcrumb\":{\"@id\":\"https:\/\/www.culturaltravelmorocco.com\/pt-pt\/product\/excursao-de-8-dias-de-fez-ao-deserto-e-a-marrakech\/#breadcrumb\"},\"inLanguage\":\"pt-PT\",\"potentialAction\":[{\"@type\":\"ReadAction\",\"target\":[\"https:\/\/www.culturaltravelmorocco.com\/pt-pt\/product\/excursao-de-8-dias-de-fez-ao-deserto-e-a-marrakech\/\"]}]},{\"@type\":\"ImageObject\",\"inLanguage\":\"pt-PT\",\"@id\":\"https:\/\/www.culturaltravelmorocco.com\/pt-pt\/product\/excursao-de-8-dias-de-fez-ao-deserto-e-a-marrakech\/#primaryimage\",\"url\":\"https:\/\/www.culturaltravelmorocco.com\/wp-content\/uploads\/2026\/01\/9-1-1.webp\",\"contentUrl\":\"https:\/\/www.culturaltravelmorocco.com\/wp-content\/uploads\/2026\/01\/9-1-1.webp\",\"width\":1200,\"height\":1000},{\"@type\":\"BreadcrumbList\",\"@id\":\"https:\/\/www.culturaltravelmorocco.com\/pt-pt\/product\/excursao-de-8-dias-de-fez-ao-deserto-e-a-marrakech\/#breadcrumb\",\"itemListElement\":[{\"@type\":\"ListItem\",\"position\":1,\"name\":\"In\u00edcio\",\"item\":\"https:\/\/www.culturaltravelmorocco.com\/pt-pt\/\"},{\"@type\":\"ListItem\",\"position\":2,\"name\":\"Produtos\",\"item\":\"https:\/\/www.culturaltravelmorocco.com\/pt-pt\/shop\/\"},{\"@type\":\"ListItem\",\"position\":3,\"name\":\"Excurs\u00e3o de 8 dias de Fez ao deserto e a Marrakech\"}]},{\"@type\":\"WebSite\",\"@id\":\"https:\/\/www.culturaltravelmorocco.com\/pt-pt\/#website\",\"url\":\"https:\/\/www.culturaltravelmorocco.com\/pt-pt\/\",\"name\":\"Cultural Travel Morocco\",\"description\":\"\",\"potentialAction\":[{\"@type\":\"SearchAction\",\"target\":{\"@type\":\"EntryPoint\",\"urlTemplate\":\"https:\/\/www.culturaltravelmorocco.com\/pt-pt\/?s={search_term_string}\"},\"query-input\":{\"@type\":\"PropertyValueSpecification\",\"valueRequired\":true,\"valueName\":\"search_term_string\"}}],\"inLanguage\":\"pt-PT\"}]}<\/script>\n<!-- \/ Yoast SEO Premium plugin. -->","yoast_head_json":{"title":"Excurs\u00e3o de 8 dias de Fez ao deserto e a Marrakech - Cultural Travel Morocco","robots":{"index":"index","follow":"follow","max-snippet":"max-snippet:-1","max-image-preview":"max-image-preview:large","max-video-preview":"max-video-preview:-1"},"canonical":"https:\/\/www.culturaltravelmorocco.com\/pt-pt\/product\/excursao-de-8-dias-de-fez-ao-deserto-e-a-marrakech\/","og_locale":"pt_PT","og_type":"article","og_title":"Excurs\u00e3o de 8 dias de Fez ao deserto e a Marrakech","og_description":"Vis\u00e3o geral: Este roteiro de 8 dias, de Fez ao deserto e a Marraquexe, oferece uma rica imers\u00e3o no patrim\u00f3nio cultural e arquitet\u00f3nico de Marrocos. Ao longo da viagem, descobrir\u00e1 monumentos de excecional valor hist\u00f3rico, tanto nas grandes cidades como nas zonas rurais, representando a arquitetura isl\u00e2mica (mesquitas, madra\u00e7as) e a heran\u00e7a berbere (fortalezas e [&hellip;]","og_url":"https:\/\/www.culturaltravelmorocco.com\/pt-pt\/product\/excursao-de-8-dias-de-fez-ao-deserto-e-a-marrakech\/","og_site_name":"Cultural Travel Morocco","article_modified_time":"2026-01-30T16:24:51+00:00","og_image":[{"width":1200,"height":1000,"url":"https:\/\/www.culturaltravelmorocco.com\/wp-content\/uploads\/2026\/01\/9-1-1.webp","type":"image\/webp"}],"twitter_card":"summary_large_image","twitter_misc":{"Tempo estimado de leitura":"2 minutos"},"schema":{"@context":"https:\/\/schema.org","@graph":[{"@type":"WebPage","@id":"https:\/\/www.culturaltravelmorocco.com\/pt-pt\/product\/excursao-de-8-dias-de-fez-ao-deserto-e-a-marrakech\/","url":"https:\/\/www.culturaltravelmorocco.com\/pt-pt\/product\/excursao-de-8-dias-de-fez-ao-deserto-e-a-marrakech\/","name":"Excurs\u00e3o de 8 dias de Fez ao deserto e a Marrakech - Cultural Travel Morocco","isPartOf":{"@id":"https:\/\/www.culturaltravelmorocco.com\/pt-pt\/#website"},"primaryImageOfPage":{"@id":"https:\/\/www.culturaltravelmorocco.com\/pt-pt\/product\/excursao-de-8-dias-de-fez-ao-deserto-e-a-marrakech\/#primaryimage"},"image":{"@id":"https:\/\/www.culturaltravelmorocco.com\/pt-pt\/product\/excursao-de-8-dias-de-fez-ao-deserto-e-a-marrakech\/#primaryimage"},"thumbnailUrl":"https:\/\/www.culturaltravelmorocco.com\/wp-content\/uploads\/2026\/01\/9-1-1.webp","datePublished":"2026-01-10T12:20:34+00:00","dateModified":"2026-01-30T16:24:51+00:00","breadcrumb":{"@id":"https:\/\/www.culturaltravelmorocco.com\/pt-pt\/product\/excursao-de-8-dias-de-fez-ao-deserto-e-a-marrakech\/#breadcrumb"},"inLanguage":"pt-PT","potentialAction":[{"@type":"ReadAction","target":["https:\/\/www.culturaltravelmorocco.com\/pt-pt\/product\/excursao-de-8-dias-de-fez-ao-deserto-e-a-marrakech\/"]}]},{"@type":"ImageObject","inLanguage":"pt-PT","@id":"https:\/\/www.culturaltravelmorocco.com\/pt-pt\/product\/excursao-de-8-dias-de-fez-ao-deserto-e-a-marrakech\/#primaryimage","url":"https:\/\/www.culturaltravelmorocco.com\/wp-content\/uploads\/2026\/01\/9-1-1.webp","contentUrl":"https:\/\/www.culturaltravelmorocco.com\/wp-content\/uploads\/2026\/01\/9-1-1.webp","width":1200,"height":1000},{"@type":"BreadcrumbList","@id":"https:\/\/www.culturaltravelmorocco.com\/pt-pt\/product\/excursao-de-8-dias-de-fez-ao-deserto-e-a-marrakech\/#breadcrumb","itemListElement":[{"@type":"ListItem","position":1,"name":"In\u00edcio","item":"https:\/\/www.culturaltravelmorocco.com\/pt-pt\/"},{"@type":"ListItem","position":2,"name":"Produtos","item":"https:\/\/www.culturaltravelmorocco.com\/pt-pt\/shop\/"},{"@type":"ListItem","position":3,"name":"Excurs\u00e3o de 8 dias de Fez ao deserto e a Marrakech"}]},{"@type":"WebSite","@id":"https:\/\/www.culturaltravelmorocco.com\/pt-pt\/#website","url":"https:\/\/www.culturaltravelmorocco.com\/pt-pt\/","name":"Cultural Travel Morocco","description":"","potentialAction":[{"@type":"SearchAction","target":{"@type":"EntryPoint","urlTemplate":"https:\/\/www.culturaltravelmorocco.com\/pt-pt\/?s={search_term_string}"},"query-input":{"@type":"PropertyValueSpecification","valueRequired":true,"valueName":"search_term_string"}}],"inLanguage":"pt-PT"}]}},"_links":{"self":[{"href":"https:\/\/www.culturaltravelmorocco.com\/pt-pt\/wp-json\/wp\/v2\/product\/12191","targetHints":{"allow":["GET"]}}],"collection":[{"href":"https:\/\/www.culturaltravelmorocco.com\/pt-pt\/wp-json\/wp\/v2\/product"}],"about":[{"href":"https:\/\/www.culturaltravelmorocco.com\/pt-pt\/wp-json\/wp\/v2\/types\/product"}],"replies":[{"embeddable":true,"href":"https:\/\/www.culturaltravelmorocco.com\/pt-pt\/wp-json\/wp\/v2\/comments?post=12191"}],"wp:featuredmedia":[{"embeddable":true,"href":"https:\/\/www.culturaltravelmorocco.com\/pt-pt\/wp-json\/wp\/v2\/media\/12145"}],"wp:attachment":[{"href":"https:\/\/www.culturaltravelmorocco.com\/pt-pt\/wp-json\/wp\/v2\/media?parent=12191"}],"wp:term":[{"taxonomy":"product_brand","embeddable":true,"href":"https:\/\/www.culturaltravelmorocco.com\/pt-pt\/wp-json\/wp\/v2\/product_brand?post=12191"},{"taxonomy":"product_cat","embeddable":true,"href":"https:\/\/www.culturaltravelmorocco.com\/pt-pt\/wp-json\/wp\/v2\/product_cat?post=12191"},{"taxonomy":"product_tag","embeddable":true,"href":"https:\/\/www.culturaltravelmorocco.com\/pt-pt\/wp-json\/wp\/v2\/product_tag?post=12191"}],"curies":[{"name":"wp","href":"https:\/\/api.w.org\/{rel}","templated":true}]}}