{"id":12212,"date":"2026-01-10T12:20:34","date_gmt":"2026-01-10T12:20:34","guid":{"rendered":"https:\/\/www.culturaltravelmorocco.com\/product\/11-day-morocco-tour-from-south-to-north\/"},"modified":"2026-01-30T16:53:00","modified_gmt":"2026-01-30T16:53:00","slug":"excursao-de-11-dias-por-marrocos-de-sul-a-norte","status":"publish","type":"product","link":"https:\/\/www.culturaltravelmorocco.com\/pt-pt\/product\/excursao-de-11-dias-por-marrocos-de-sul-a-norte\/","title":{"rendered":"Excurs\u00e3o de 11 dias por Marrocos, de sul a norte"},"content":{"rendered":"<h2>Vis\u00e3o geral:<\/h2>\n<p>Vive a majestade de Marrocos nesta excurs\u00e3o de 11 dias com partida de Marraquexe, onde a hist\u00f3ria, a cultura e a natureza se combinam de formas inesquec\u00edveis. Explore as magn\u00edficas Cidades Imperiais de Marraquexe, Fez, Meknes e Rabat, visitando pal\u00e1cios reais, mausol\u00e9us e marcos hist\u00f3ricos que refletem s\u00e9culos de brilhantismo arquitet\u00f3nico. A viagem tamb\u00e9m o leva por paisagens naturais de cortar a respira\u00e7\u00e3o, incluindo as Montanhas do Alto Atlas, os palmeirais pr\u00e9-saarianos, o vasto Deserto do Saara, o Parque Nacional de Ifrane e a deslumbrante costa atl\u00e2ntica \u2014 cada lugar revelando a beleza, a pureza e a imensid\u00e3o de Marrocos.<\/p>\n<p>Al\u00e9m dos grandes pontos tur\u00edsticos, esta excurs\u00e3o destaca o subtil encanto do quotidiano marroquino. Passeie pelos vibrantes souks das antigas medinas, conhe\u00e7a artes\u00e3os locais que preservam as suas tradi\u00e7\u00f5es artesanais e aprecie atua\u00e7\u00f5es de m\u00fasica ancestral. Os encontros com fam\u00edlias n\u00f3madas revelam como prosperam habilmente no deserto, utilizando recursos naturais e camelos para manter o seu estilo de vida \u00fanico. Em 11 dias e 10 noites, esta viagem oferece uma experi\u00eancia completa de Marrocos, combinando patrim\u00f3nio cultural, maravilhas naturais e aut\u00eanticas aventuras no deserto.<\/p>\n","protected":false},"excerpt":{"rendered":"<p>Vis\u00e3o geral: Vive a majestade de Marrocos nesta excurs\u00e3o de 11 dias com partida de Marraquexe, onde a hist\u00f3ria, a cultura e a natureza se combinam de formas inesquec\u00edveis. Explore as magn\u00edficas Cidades Imperiais de Marraquexe, Fez, Meknes e Rabat, visitando pal\u00e1cios reais, mausol\u00e9us e marcos hist\u00f3ricos que refletem s\u00e9culos de brilhantismo arquitet\u00f3nico. A viagem [&hellip;]<\/p>\n","protected":false},"featured_media":11976,"comment_status":"closed","ping_status":"closed","template":"","meta":{"_joinchat":[]},"product_brand":[],"product_cat":[125],"product_tag":[],"class_list":{"0":"post-12212","1":"product","2":"type-product","3":"status-publish","4":"has-post-thumbnail","6":"product_cat-tours-desde-marrakech","8":"first","9":"instock","10":"purchasable","11":"product-type-ovabrw_car_rental"},"yoast_head":"<!-- This site is optimized with the Yoast SEO Premium plugin v25.0 (Yoast SEO v25.0) - https:\/\/yoast.com\/wordpress\/plugins\/seo\/ -->\n<title>Excurs\u00e3o de 11 dias por Marrocos, de sul a norte - Cultural Travel Morocco<\/title>\n<meta name=\"robots\" content=\"index, follow, max-snippet:-1, max-image-preview:large, max-video-preview:-1\" \/>\n<link rel=\"canonical\" href=\"https:\/\/www.culturaltravelmorocco.com\/pt-pt\/product\/excursao-de-11-dias-por-marrocos-de-sul-a-norte\/\" \/>\n<meta property=\"og:locale\" content=\"pt_PT\" \/>\n<meta property=\"og:type\" content=\"article\" \/>\n<meta property=\"og:title\" content=\"Excurs\u00e3o de 11 dias por Marrocos, de sul a norte\" \/>\n<meta property=\"og:description\" content=\"Vis\u00e3o geral: Vive a majestade de Marrocos nesta excurs\u00e3o de 11 dias com partida de Marraquexe, onde a hist\u00f3ria, a cultura e a natureza se combinam de formas inesquec\u00edveis. Explore as magn\u00edficas Cidades Imperiais de Marraquexe, Fez, Meknes e Rabat, visitando pal\u00e1cios reais, mausol\u00e9us e marcos hist\u00f3ricos que refletem s\u00e9culos de brilhantismo arquitet\u00f3nico. A viagem [&hellip;]\" \/>\n<meta property=\"og:url\" content=\"https:\/\/www.culturaltravelmorocco.com\/pt-pt\/product\/excursao-de-11-dias-por-marrocos-de-sul-a-norte\/\" \/>\n<meta property=\"og:site_name\" content=\"Cultural Travel Morocco\" \/>\n<meta property=\"article:modified_time\" content=\"2026-01-30T16:53:00+00:00\" \/>\n<meta property=\"og:image\" content=\"https:\/\/www.culturaltravelmorocco.com\/wp-content\/uploads\/2026\/01\/12-2-1.webp\" \/>\n\t<meta property=\"og:image:width\" content=\"1200\" \/>\n\t<meta property=\"og:image:height\" content=\"1000\" \/>\n\t<meta property=\"og:image:type\" content=\"image\/webp\" \/>\n<meta name=\"twitter:card\" content=\"summary_large_image\" \/>\n<meta name=\"twitter:label1\" content=\"Tempo estimado de leitura\" \/>\n\t<meta name=\"twitter:data1\" content=\"2 minutos\" \/>\n<script type=\"application\/ld+json\" class=\"yoast-schema-graph\">{\"@context\":\"https:\/\/schema.org\",\"@graph\":[{\"@type\":\"WebPage\",\"@id\":\"https:\/\/www.culturaltravelmorocco.com\/pt-pt\/product\/excursao-de-11-dias-por-marrocos-de-sul-a-norte\/\",\"url\":\"https:\/\/www.culturaltravelmorocco.com\/pt-pt\/product\/excursao-de-11-dias-por-marrocos-de-sul-a-norte\/\",\"name\":\"Excurs\u00e3o de 11 dias por Marrocos, de sul a norte - Cultural Travel Morocco\",\"isPartOf\":{\"@id\":\"https:\/\/www.culturaltravelmorocco.com\/pt-pt\/#website\"},\"primaryImageOfPage\":{\"@id\":\"https:\/\/www.culturaltravelmorocco.com\/pt-pt\/product\/excursao-de-11-dias-por-marrocos-de-sul-a-norte\/#primaryimage\"},\"image\":{\"@id\":\"https:\/\/www.culturaltravelmorocco.com\/pt-pt\/product\/excursao-de-11-dias-por-marrocos-de-sul-a-norte\/#primaryimage\"},\"thumbnailUrl\":\"https:\/\/www.culturaltravelmorocco.com\/wp-content\/uploads\/2026\/01\/12-2-1.webp\",\"datePublished\":\"2026-01-10T12:20:34+00:00\",\"dateModified\":\"2026-01-30T16:53:00+00:00\",\"breadcrumb\":{\"@id\":\"https:\/\/www.culturaltravelmorocco.com\/pt-pt\/product\/excursao-de-11-dias-por-marrocos-de-sul-a-norte\/#breadcrumb\"},\"inLanguage\":\"pt-PT\",\"potentialAction\":[{\"@type\":\"ReadAction\",\"target\":[\"https:\/\/www.culturaltravelmorocco.com\/pt-pt\/product\/excursao-de-11-dias-por-marrocos-de-sul-a-norte\/\"]}]},{\"@type\":\"ImageObject\",\"inLanguage\":\"pt-PT\",\"@id\":\"https:\/\/www.culturaltravelmorocco.com\/pt-pt\/product\/excursao-de-11-dias-por-marrocos-de-sul-a-norte\/#primaryimage\",\"url\":\"https:\/\/www.culturaltravelmorocco.com\/wp-content\/uploads\/2026\/01\/12-2-1.webp\",\"contentUrl\":\"https:\/\/www.culturaltravelmorocco.com\/wp-content\/uploads\/2026\/01\/12-2-1.webp\",\"width\":1200,\"height\":1000},{\"@type\":\"BreadcrumbList\",\"@id\":\"https:\/\/www.culturaltravelmorocco.com\/pt-pt\/product\/excursao-de-11-dias-por-marrocos-de-sul-a-norte\/#breadcrumb\",\"itemListElement\":[{\"@type\":\"ListItem\",\"position\":1,\"name\":\"In\u00edcio\",\"item\":\"https:\/\/www.culturaltravelmorocco.com\/pt-pt\/\"},{\"@type\":\"ListItem\",\"position\":2,\"name\":\"Produtos\",\"item\":\"https:\/\/www.culturaltravelmorocco.com\/pt-pt\/shop\/\"},{\"@type\":\"ListItem\",\"position\":3,\"name\":\"Excurs\u00e3o de 11 dias por Marrocos, de sul a norte\"}]},{\"@type\":\"WebSite\",\"@id\":\"https:\/\/www.culturaltravelmorocco.com\/pt-pt\/#website\",\"url\":\"https:\/\/www.culturaltravelmorocco.com\/pt-pt\/\",\"name\":\"Cultural Travel Morocco\",\"description\":\"\",\"potentialAction\":[{\"@type\":\"SearchAction\",\"target\":{\"@type\":\"EntryPoint\",\"urlTemplate\":\"https:\/\/www.culturaltravelmorocco.com\/pt-pt\/?s={search_term_string}\"},\"query-input\":{\"@type\":\"PropertyValueSpecification\",\"valueRequired\":true,\"valueName\":\"search_term_string\"}}],\"inLanguage\":\"pt-PT\"}]}<\/script>\n<!-- \/ Yoast SEO Premium plugin. -->","yoast_head_json":{"title":"Excurs\u00e3o de 11 dias por Marrocos, de sul a norte - Cultural Travel Morocco","robots":{"index":"index","follow":"follow","max-snippet":"max-snippet:-1","max-image-preview":"max-image-preview:large","max-video-preview":"max-video-preview:-1"},"canonical":"https:\/\/www.culturaltravelmorocco.com\/pt-pt\/product\/excursao-de-11-dias-por-marrocos-de-sul-a-norte\/","og_locale":"pt_PT","og_type":"article","og_title":"Excurs\u00e3o de 11 dias por Marrocos, de sul a norte","og_description":"Vis\u00e3o geral: Vive a majestade de Marrocos nesta excurs\u00e3o de 11 dias com partida de Marraquexe, onde a hist\u00f3ria, a cultura e a natureza se combinam de formas inesquec\u00edveis. Explore as magn\u00edficas Cidades Imperiais de Marraquexe, Fez, Meknes e Rabat, visitando pal\u00e1cios reais, mausol\u00e9us e marcos hist\u00f3ricos que refletem s\u00e9culos de brilhantismo arquitet\u00f3nico. A viagem [&hellip;]","og_url":"https:\/\/www.culturaltravelmorocco.com\/pt-pt\/product\/excursao-de-11-dias-por-marrocos-de-sul-a-norte\/","og_site_name":"Cultural Travel Morocco","article_modified_time":"2026-01-30T16:53:00+00:00","og_image":[{"width":1200,"height":1000,"url":"https:\/\/www.culturaltravelmorocco.com\/wp-content\/uploads\/2026\/01\/12-2-1.webp","type":"image\/webp"}],"twitter_card":"summary_large_image","twitter_misc":{"Tempo estimado de leitura":"2 minutos"},"schema":{"@context":"https:\/\/schema.org","@graph":[{"@type":"WebPage","@id":"https:\/\/www.culturaltravelmorocco.com\/pt-pt\/product\/excursao-de-11-dias-por-marrocos-de-sul-a-norte\/","url":"https:\/\/www.culturaltravelmorocco.com\/pt-pt\/product\/excursao-de-11-dias-por-marrocos-de-sul-a-norte\/","name":"Excurs\u00e3o de 11 dias por Marrocos, de sul a norte - Cultural Travel Morocco","isPartOf":{"@id":"https:\/\/www.culturaltravelmorocco.com\/pt-pt\/#website"},"primaryImageOfPage":{"@id":"https:\/\/www.culturaltravelmorocco.com\/pt-pt\/product\/excursao-de-11-dias-por-marrocos-de-sul-a-norte\/#primaryimage"},"image":{"@id":"https:\/\/www.culturaltravelmorocco.com\/pt-pt\/product\/excursao-de-11-dias-por-marrocos-de-sul-a-norte\/#primaryimage"},"thumbnailUrl":"https:\/\/www.culturaltravelmorocco.com\/wp-content\/uploads\/2026\/01\/12-2-1.webp","datePublished":"2026-01-10T12:20:34+00:00","dateModified":"2026-01-30T16:53:00+00:00","breadcrumb":{"@id":"https:\/\/www.culturaltravelmorocco.com\/pt-pt\/product\/excursao-de-11-dias-por-marrocos-de-sul-a-norte\/#breadcrumb"},"inLanguage":"pt-PT","potentialAction":[{"@type":"ReadAction","target":["https:\/\/www.culturaltravelmorocco.com\/pt-pt\/product\/excursao-de-11-dias-por-marrocos-de-sul-a-norte\/"]}]},{"@type":"ImageObject","inLanguage":"pt-PT","@id":"https:\/\/www.culturaltravelmorocco.com\/pt-pt\/product\/excursao-de-11-dias-por-marrocos-de-sul-a-norte\/#primaryimage","url":"https:\/\/www.culturaltravelmorocco.com\/wp-content\/uploads\/2026\/01\/12-2-1.webp","contentUrl":"https:\/\/www.culturaltravelmorocco.com\/wp-content\/uploads\/2026\/01\/12-2-1.webp","width":1200,"height":1000},{"@type":"BreadcrumbList","@id":"https:\/\/www.culturaltravelmorocco.com\/pt-pt\/product\/excursao-de-11-dias-por-marrocos-de-sul-a-norte\/#breadcrumb","itemListElement":[{"@type":"ListItem","position":1,"name":"In\u00edcio","item":"https:\/\/www.culturaltravelmorocco.com\/pt-pt\/"},{"@type":"ListItem","position":2,"name":"Produtos","item":"https:\/\/www.culturaltravelmorocco.com\/pt-pt\/shop\/"},{"@type":"ListItem","position":3,"name":"Excurs\u00e3o de 11 dias por Marrocos, de sul a norte"}]},{"@type":"WebSite","@id":"https:\/\/www.culturaltravelmorocco.com\/pt-pt\/#website","url":"https:\/\/www.culturaltravelmorocco.com\/pt-pt\/","name":"Cultural Travel Morocco","description":"","potentialAction":[{"@type":"SearchAction","target":{"@type":"EntryPoint","urlTemplate":"https:\/\/www.culturaltravelmorocco.com\/pt-pt\/?s={search_term_string}"},"query-input":{"@type":"PropertyValueSpecification","valueRequired":true,"valueName":"search_term_string"}}],"inLanguage":"pt-PT"}]}},"_links":{"self":[{"href":"https:\/\/www.culturaltravelmorocco.com\/pt-pt\/wp-json\/wp\/v2\/product\/12212","targetHints":{"allow":["GET"]}}],"collection":[{"href":"https:\/\/www.culturaltravelmorocco.com\/pt-pt\/wp-json\/wp\/v2\/product"}],"about":[{"href":"https:\/\/www.culturaltravelmorocco.com\/pt-pt\/wp-json\/wp\/v2\/types\/product"}],"replies":[{"embeddable":true,"href":"https:\/\/www.culturaltravelmorocco.com\/pt-pt\/wp-json\/wp\/v2\/comments?post=12212"}],"wp:featuredmedia":[{"embeddable":true,"href":"https:\/\/www.culturaltravelmorocco.com\/pt-pt\/wp-json\/wp\/v2\/media\/11976"}],"wp:attachment":[{"href":"https:\/\/www.culturaltravelmorocco.com\/pt-pt\/wp-json\/wp\/v2\/media?parent=12212"}],"wp:term":[{"taxonomy":"product_brand","embeddable":true,"href":"https:\/\/www.culturaltravelmorocco.com\/pt-pt\/wp-json\/wp\/v2\/product_brand?post=12212"},{"taxonomy":"product_cat","embeddable":true,"href":"https:\/\/www.culturaltravelmorocco.com\/pt-pt\/wp-json\/wp\/v2\/product_cat?post=12212"},{"taxonomy":"product_tag","embeddable":true,"href":"https:\/\/www.culturaltravelmorocco.com\/pt-pt\/wp-json\/wp\/v2\/product_tag?post=12212"}],"curies":[{"name":"wp","href":"https:\/\/api.w.org\/{rel}","templated":true}]}}