{"id":12225,"date":"2026-01-10T12:20:34","date_gmt":"2026-01-10T12:20:34","guid":{"rendered":"https:\/\/www.culturaltravelmorocco.com\/product\/3-day-sahara-desert-tour-from-marrakech-to-fez\/"},"modified":"2026-01-30T20:15:53","modified_gmt":"2026-01-30T20:15:53","slug":"excursao-de-3-dias-pelo-deserto-do-saara-de-marrakech-a-fez","status":"publish","type":"product","link":"https:\/\/www.culturaltravelmorocco.com\/pt-pt\/product\/excursao-de-3-dias-pelo-deserto-do-saara-de-marrakech-a-fez\/","title":{"rendered":"Excurs\u00e3o de 3 dias pelo Deserto do Saara, de Marrakech a Fez"},"content":{"rendered":"<h2>Vis\u00e3o geral:<\/h2>\n<p>Este roteiro de 3 dias pelo deserto, de Marraquexe a Fez, foi pensado para os viajantes que desejam experienciar a beleza fascinante do Deserto do Saara num curto espa\u00e7o de tempo. A viagem leva \u00e0s ic\u00f3nicas dunas de Erg Chebbi, uma das paisagens des\u00e9rticas mais aut\u00eanticas e m\u00e1gicas de Marrocos. A\u00ed, passar\u00e1 a noite num tranquilo acampamento berbere de luxo, rodeado de areias douradas e um c\u00e9u estrelado. Chegar a este destino \u00e9 uma aventura por si s\u00f3: desde um passeio panor\u00e2mico de camelo pelas dunas at\u00e9 \u00e0 descoberta de impressionantes vales pr\u00e9-saarianos, a rota oferece uma combina\u00e7\u00e3o perfeita de natureza, tradi\u00e7\u00e3o e pura emo\u00e7\u00e3o do deserto.<\/p>\n<p>Ao longo do caminho, ir\u00e1 explorar as paisagens dram\u00e1ticas do Vale do Dades e os exuberantes o\u00e1sis do Vale do Ziz, onde plan\u00edcies de hammada, palmeirais e antigas fortalezas de adobe criam uma experi\u00eancia visual inesquec\u00edvel. Estes ambientes contrastantes revelam a beleza natural e a riqueza cultural do sul de Marrocos. Ao contr\u00e1rio dos itiner\u00e1rios circulares, a diferen\u00e7a deste itiner\u00e1rio \u00e9 que come\u00e7a em Marraquexe e termina em Fez, permitindo-lhe continuar a sua viagem pelo norte de Marrocos sem ter de voltar pelo mesmo caminho. Este roteiro de 3 dias por Marrocos \u00e9 a introdu\u00e7\u00e3o perfeita \u00e0s maravilhas do Saara e \u00e0s diversas paisagens do pa\u00eds.<\/p>\n","protected":false},"excerpt":{"rendered":"<p>Vis\u00e3o geral: Este roteiro de 3 dias pelo deserto, de Marraquexe a Fez, foi pensado para os viajantes que desejam experienciar a beleza fascinante do Deserto do Saara num curto espa\u00e7o de tempo. A viagem leva \u00e0s ic\u00f3nicas dunas de Erg Chebbi, uma das paisagens des\u00e9rticas mais aut\u00eanticas e m\u00e1gicas de Marrocos. A\u00ed, passar\u00e1 a [&hellip;]<\/p>\n","protected":false},"featured_media":12226,"comment_status":"closed","ping_status":"closed","template":"","meta":{"_joinchat":[]},"product_brand":[],"product_cat":[125],"product_tag":[],"class_list":{"0":"post-12225","1":"product","2":"type-product","3":"status-publish","4":"has-post-thumbnail","6":"product_cat-tours-desde-marrakech","8":"first","9":"instock","10":"purchasable","11":"product-type-ovabrw_car_rental"},"yoast_head":"<!-- This site is optimized with the Yoast SEO Premium plugin v25.0 (Yoast SEO v25.0) - https:\/\/yoast.com\/wordpress\/plugins\/seo\/ -->\n<title>Excurs\u00e3o de 3 dias pelo Deserto do Saara, de Marrakech a Fez - Cultural Travel Morocco<\/title>\n<meta name=\"robots\" content=\"index, follow, max-snippet:-1, max-image-preview:large, max-video-preview:-1\" \/>\n<link rel=\"canonical\" href=\"https:\/\/www.culturaltravelmorocco.com\/pt-pt\/product\/excursao-de-3-dias-pelo-deserto-do-saara-de-marrakech-a-fez\/\" \/>\n<meta property=\"og:locale\" content=\"pt_PT\" \/>\n<meta property=\"og:type\" content=\"article\" \/>\n<meta property=\"og:title\" content=\"Excurs\u00e3o de 3 dias pelo Deserto do Saara, de Marrakech a Fez\" \/>\n<meta property=\"og:description\" content=\"Vis\u00e3o geral: Este roteiro de 3 dias pelo deserto, de Marraquexe a Fez, foi pensado para os viajantes que desejam experienciar a beleza fascinante do Deserto do Saara num curto espa\u00e7o de tempo. A viagem leva \u00e0s ic\u00f3nicas dunas de Erg Chebbi, uma das paisagens des\u00e9rticas mais aut\u00eanticas e m\u00e1gicas de Marrocos. A\u00ed, passar\u00e1 a [&hellip;]\" \/>\n<meta property=\"og:url\" content=\"https:\/\/www.culturaltravelmorocco.com\/pt-pt\/product\/excursao-de-3-dias-pelo-deserto-do-saara-de-marrakech-a-fez\/\" \/>\n<meta property=\"og:site_name\" content=\"Cultural Travel Morocco\" \/>\n<meta property=\"article:modified_time\" content=\"2026-01-30T20:15:53+00:00\" \/>\n<meta property=\"og:image\" content=\"https:\/\/www.culturaltravelmorocco.com\/wp-content\/uploads\/2026\/01\/7-8.webp\" \/>\n\t<meta property=\"og:image:width\" content=\"1200\" \/>\n\t<meta property=\"og:image:height\" content=\"1000\" \/>\n\t<meta property=\"og:image:type\" content=\"image\/webp\" \/>\n<meta name=\"twitter:card\" content=\"summary_large_image\" \/>\n<meta name=\"twitter:label1\" content=\"Tempo estimado de leitura\" \/>\n\t<meta name=\"twitter:data1\" content=\"2 minutos\" \/>\n<script type=\"application\/ld+json\" class=\"yoast-schema-graph\">{\"@context\":\"https:\/\/schema.org\",\"@graph\":[{\"@type\":\"WebPage\",\"@id\":\"https:\/\/www.culturaltravelmorocco.com\/pt-pt\/product\/excursao-de-3-dias-pelo-deserto-do-saara-de-marrakech-a-fez\/\",\"url\":\"https:\/\/www.culturaltravelmorocco.com\/pt-pt\/product\/excursao-de-3-dias-pelo-deserto-do-saara-de-marrakech-a-fez\/\",\"name\":\"Excurs\u00e3o de 3 dias pelo Deserto do Saara, de Marrakech a Fez - Cultural Travel Morocco\",\"isPartOf\":{\"@id\":\"https:\/\/www.culturaltravelmorocco.com\/pt-pt\/#website\"},\"primaryImageOfPage\":{\"@id\":\"https:\/\/www.culturaltravelmorocco.com\/pt-pt\/product\/excursao-de-3-dias-pelo-deserto-do-saara-de-marrakech-a-fez\/#primaryimage\"},\"image\":{\"@id\":\"https:\/\/www.culturaltravelmorocco.com\/pt-pt\/product\/excursao-de-3-dias-pelo-deserto-do-saara-de-marrakech-a-fez\/#primaryimage\"},\"thumbnailUrl\":\"https:\/\/www.culturaltravelmorocco.com\/wp-content\/uploads\/2026\/01\/7-8.webp\",\"datePublished\":\"2026-01-10T12:20:34+00:00\",\"dateModified\":\"2026-01-30T20:15:53+00:00\",\"breadcrumb\":{\"@id\":\"https:\/\/www.culturaltravelmorocco.com\/pt-pt\/product\/excursao-de-3-dias-pelo-deserto-do-saara-de-marrakech-a-fez\/#breadcrumb\"},\"inLanguage\":\"pt-PT\",\"potentialAction\":[{\"@type\":\"ReadAction\",\"target\":[\"https:\/\/www.culturaltravelmorocco.com\/pt-pt\/product\/excursao-de-3-dias-pelo-deserto-do-saara-de-marrakech-a-fez\/\"]}]},{\"@type\":\"ImageObject\",\"inLanguage\":\"pt-PT\",\"@id\":\"https:\/\/www.culturaltravelmorocco.com\/pt-pt\/product\/excursao-de-3-dias-pelo-deserto-do-saara-de-marrakech-a-fez\/#primaryimage\",\"url\":\"https:\/\/www.culturaltravelmorocco.com\/wp-content\/uploads\/2026\/01\/7-8.webp\",\"contentUrl\":\"https:\/\/www.culturaltravelmorocco.com\/wp-content\/uploads\/2026\/01\/7-8.webp\",\"width\":1200,\"height\":1000},{\"@type\":\"BreadcrumbList\",\"@id\":\"https:\/\/www.culturaltravelmorocco.com\/pt-pt\/product\/excursao-de-3-dias-pelo-deserto-do-saara-de-marrakech-a-fez\/#breadcrumb\",\"itemListElement\":[{\"@type\":\"ListItem\",\"position\":1,\"name\":\"In\u00edcio\",\"item\":\"https:\/\/www.culturaltravelmorocco.com\/pt-pt\/\"},{\"@type\":\"ListItem\",\"position\":2,\"name\":\"Produtos\",\"item\":\"https:\/\/www.culturaltravelmorocco.com\/pt-pt\/shop\/\"},{\"@type\":\"ListItem\",\"position\":3,\"name\":\"Excurs\u00e3o de 3 dias pelo Deserto do Saara, de Marrakech a Fez\"}]},{\"@type\":\"WebSite\",\"@id\":\"https:\/\/www.culturaltravelmorocco.com\/pt-pt\/#website\",\"url\":\"https:\/\/www.culturaltravelmorocco.com\/pt-pt\/\",\"name\":\"Cultural Travel Morocco\",\"description\":\"\",\"potentialAction\":[{\"@type\":\"SearchAction\",\"target\":{\"@type\":\"EntryPoint\",\"urlTemplate\":\"https:\/\/www.culturaltravelmorocco.com\/pt-pt\/?s={search_term_string}\"},\"query-input\":{\"@type\":\"PropertyValueSpecification\",\"valueRequired\":true,\"valueName\":\"search_term_string\"}}],\"inLanguage\":\"pt-PT\"}]}<\/script>\n<!-- \/ Yoast SEO Premium plugin. -->","yoast_head_json":{"title":"Excurs\u00e3o de 3 dias pelo Deserto do Saara, de Marrakech a Fez - Cultural Travel Morocco","robots":{"index":"index","follow":"follow","max-snippet":"max-snippet:-1","max-image-preview":"max-image-preview:large","max-video-preview":"max-video-preview:-1"},"canonical":"https:\/\/www.culturaltravelmorocco.com\/pt-pt\/product\/excursao-de-3-dias-pelo-deserto-do-saara-de-marrakech-a-fez\/","og_locale":"pt_PT","og_type":"article","og_title":"Excurs\u00e3o de 3 dias pelo Deserto do Saara, de Marrakech a Fez","og_description":"Vis\u00e3o geral: Este roteiro de 3 dias pelo deserto, de Marraquexe a Fez, foi pensado para os viajantes que desejam experienciar a beleza fascinante do Deserto do Saara num curto espa\u00e7o de tempo. A viagem leva \u00e0s ic\u00f3nicas dunas de Erg Chebbi, uma das paisagens des\u00e9rticas mais aut\u00eanticas e m\u00e1gicas de Marrocos. A\u00ed, passar\u00e1 a [&hellip;]","og_url":"https:\/\/www.culturaltravelmorocco.com\/pt-pt\/product\/excursao-de-3-dias-pelo-deserto-do-saara-de-marrakech-a-fez\/","og_site_name":"Cultural Travel Morocco","article_modified_time":"2026-01-30T20:15:53+00:00","og_image":[{"width":1200,"height":1000,"url":"https:\/\/www.culturaltravelmorocco.com\/wp-content\/uploads\/2026\/01\/7-8.webp","type":"image\/webp"}],"twitter_card":"summary_large_image","twitter_misc":{"Tempo estimado de leitura":"2 minutos"},"schema":{"@context":"https:\/\/schema.org","@graph":[{"@type":"WebPage","@id":"https:\/\/www.culturaltravelmorocco.com\/pt-pt\/product\/excursao-de-3-dias-pelo-deserto-do-saara-de-marrakech-a-fez\/","url":"https:\/\/www.culturaltravelmorocco.com\/pt-pt\/product\/excursao-de-3-dias-pelo-deserto-do-saara-de-marrakech-a-fez\/","name":"Excurs\u00e3o de 3 dias pelo Deserto do Saara, de Marrakech a Fez - Cultural Travel Morocco","isPartOf":{"@id":"https:\/\/www.culturaltravelmorocco.com\/pt-pt\/#website"},"primaryImageOfPage":{"@id":"https:\/\/www.culturaltravelmorocco.com\/pt-pt\/product\/excursao-de-3-dias-pelo-deserto-do-saara-de-marrakech-a-fez\/#primaryimage"},"image":{"@id":"https:\/\/www.culturaltravelmorocco.com\/pt-pt\/product\/excursao-de-3-dias-pelo-deserto-do-saara-de-marrakech-a-fez\/#primaryimage"},"thumbnailUrl":"https:\/\/www.culturaltravelmorocco.com\/wp-content\/uploads\/2026\/01\/7-8.webp","datePublished":"2026-01-10T12:20:34+00:00","dateModified":"2026-01-30T20:15:53+00:00","breadcrumb":{"@id":"https:\/\/www.culturaltravelmorocco.com\/pt-pt\/product\/excursao-de-3-dias-pelo-deserto-do-saara-de-marrakech-a-fez\/#breadcrumb"},"inLanguage":"pt-PT","potentialAction":[{"@type":"ReadAction","target":["https:\/\/www.culturaltravelmorocco.com\/pt-pt\/product\/excursao-de-3-dias-pelo-deserto-do-saara-de-marrakech-a-fez\/"]}]},{"@type":"ImageObject","inLanguage":"pt-PT","@id":"https:\/\/www.culturaltravelmorocco.com\/pt-pt\/product\/excursao-de-3-dias-pelo-deserto-do-saara-de-marrakech-a-fez\/#primaryimage","url":"https:\/\/www.culturaltravelmorocco.com\/wp-content\/uploads\/2026\/01\/7-8.webp","contentUrl":"https:\/\/www.culturaltravelmorocco.com\/wp-content\/uploads\/2026\/01\/7-8.webp","width":1200,"height":1000},{"@type":"BreadcrumbList","@id":"https:\/\/www.culturaltravelmorocco.com\/pt-pt\/product\/excursao-de-3-dias-pelo-deserto-do-saara-de-marrakech-a-fez\/#breadcrumb","itemListElement":[{"@type":"ListItem","position":1,"name":"In\u00edcio","item":"https:\/\/www.culturaltravelmorocco.com\/pt-pt\/"},{"@type":"ListItem","position":2,"name":"Produtos","item":"https:\/\/www.culturaltravelmorocco.com\/pt-pt\/shop\/"},{"@type":"ListItem","position":3,"name":"Excurs\u00e3o de 3 dias pelo Deserto do Saara, de Marrakech a Fez"}]},{"@type":"WebSite","@id":"https:\/\/www.culturaltravelmorocco.com\/pt-pt\/#website","url":"https:\/\/www.culturaltravelmorocco.com\/pt-pt\/","name":"Cultural Travel Morocco","description":"","potentialAction":[{"@type":"SearchAction","target":{"@type":"EntryPoint","urlTemplate":"https:\/\/www.culturaltravelmorocco.com\/pt-pt\/?s={search_term_string}"},"query-input":{"@type":"PropertyValueSpecification","valueRequired":true,"valueName":"search_term_string"}}],"inLanguage":"pt-PT"}]}},"_links":{"self":[{"href":"https:\/\/www.culturaltravelmorocco.com\/pt-pt\/wp-json\/wp\/v2\/product\/12225","targetHints":{"allow":["GET"]}}],"collection":[{"href":"https:\/\/www.culturaltravelmorocco.com\/pt-pt\/wp-json\/wp\/v2\/product"}],"about":[{"href":"https:\/\/www.culturaltravelmorocco.com\/pt-pt\/wp-json\/wp\/v2\/types\/product"}],"replies":[{"embeddable":true,"href":"https:\/\/www.culturaltravelmorocco.com\/pt-pt\/wp-json\/wp\/v2\/comments?post=12225"}],"wp:featuredmedia":[{"embeddable":true,"href":"https:\/\/www.culturaltravelmorocco.com\/pt-pt\/wp-json\/wp\/v2\/media\/12226"}],"wp:attachment":[{"href":"https:\/\/www.culturaltravelmorocco.com\/pt-pt\/wp-json\/wp\/v2\/media?parent=12225"}],"wp:term":[{"taxonomy":"product_brand","embeddable":true,"href":"https:\/\/www.culturaltravelmorocco.com\/pt-pt\/wp-json\/wp\/v2\/product_brand?post=12225"},{"taxonomy":"product_cat","embeddable":true,"href":"https:\/\/www.culturaltravelmorocco.com\/pt-pt\/wp-json\/wp\/v2\/product_cat?post=12225"},{"taxonomy":"product_tag","embeddable":true,"href":"https:\/\/www.culturaltravelmorocco.com\/pt-pt\/wp-json\/wp\/v2\/product_tag?post=12225"}],"curies":[{"name":"wp","href":"https:\/\/api.w.org\/{rel}","templated":true}]}}