{"id":12232,"date":"2026-01-10T12:20:34","date_gmt":"2026-01-10T12:20:34","guid":{"rendered":"https:\/\/www.culturaltravelmorocco.com\/product\/4-days-tour-from-marrakech-to-fez-via-sahara-desert\/"},"modified":"2026-01-30T20:27:20","modified_gmt":"2026-01-30T20:27:20","slug":"excursao-de-4-dias-de-marrakech-a-fez-via-deserto-do-saara","status":"publish","type":"product","link":"https:\/\/www.culturaltravelmorocco.com\/pt-pt\/product\/excursao-de-4-dias-de-marrakech-a-fez-via-deserto-do-saara\/","title":{"rendered":"Excurs\u00e3o de 4 dias de Marrakech a Fez, via Deserto do Saara"},"content":{"rendered":"<h2>Vis\u00e3o geral:<\/h2>\n<p>Este roteiro de 4 dias de Marraquexe a Fez mostra porque \u00e9 que a natureza de Marrocos \u00e9 um dos seus maiores tesouros. Ao longo da viagem, atravessar\u00e1 as deslumbrantes Montanhas Atlas, passando por estradas sinuosas, miradouros panor\u00e2micos e um parque nacional habitado por macacos-de-gibraltar. Entre as montanhas e o Deserto do Saara, descobrir\u00e1 os belos vales pr\u00e9-saarianos, repletos de o\u00e1sis, desfiladeiros rochosos, u\u00e1dis e vastos hammadas. Se aprecia paisagens aut\u00eanticas e intocadas, este roteiro foi especialmente pensado para si.<\/p>\n<p>O passeio revela tamb\u00e9m a magia cativante do Deserto do Saara, cuja imensid\u00e3o guarda segredos culturais e naturais. Admirar\u00e1 as impressionantes dunas de Erg Chebbi em Merzouga, ter\u00e1 encontros \u00fanicos com fam\u00edlias n\u00f3madas e visitar\u00e1 uma aldeia de origem subsaariana onde os habitantes locais preservam a sua m\u00fasica tradicional Gnawa atrav\u00e9s de atua\u00e7\u00f5es ao vivo intimistas. Esta experi\u00eancia inesquec\u00edvel de 4 dias e 3 noites em Marrocos come\u00e7a em Marraquexe e termina em Fez, oferecendo uma combina\u00e7\u00e3o perfeita de natureza, cultura e explora\u00e7\u00e3o do deserto.<\/p>\n<p data-start=\"601\" data-end=\"1061\">\n","protected":false},"excerpt":{"rendered":"<p>Vis\u00e3o geral: Este roteiro de 4 dias de Marraquexe a Fez mostra porque \u00e9 que a natureza de Marrocos \u00e9 um dos seus maiores tesouros. Ao longo da viagem, atravessar\u00e1 as deslumbrantes Montanhas Atlas, passando por estradas sinuosas, miradouros panor\u00e2micos e um parque nacional habitado por macacos-de-gibraltar. Entre as montanhas e o Deserto do Saara, [&hellip;]<\/p>\n","protected":false},"featured_media":12072,"comment_status":"closed","ping_status":"closed","template":"","meta":{"_joinchat":[]},"product_brand":[],"product_cat":[125],"product_tag":[],"class_list":{"0":"post-12232","1":"product","2":"type-product","3":"status-publish","4":"has-post-thumbnail","6":"product_cat-tours-desde-marrakech","8":"first","9":"instock","10":"purchasable","11":"product-type-ovabrw_car_rental"},"yoast_head":"<!-- This site is optimized with the Yoast SEO Premium plugin v25.0 (Yoast SEO v25.0) - https:\/\/yoast.com\/wordpress\/plugins\/seo\/ -->\n<title>Excurs\u00e3o de 4 dias de Marrakech a Fez, via Deserto do Saara - Cultural Travel Morocco<\/title>\n<meta name=\"robots\" content=\"index, follow, max-snippet:-1, max-image-preview:large, max-video-preview:-1\" \/>\n<link rel=\"canonical\" href=\"https:\/\/www.culturaltravelmorocco.com\/pt-pt\/product\/excursao-de-4-dias-de-marrakech-a-fez-via-deserto-do-saara\/\" \/>\n<meta property=\"og:locale\" content=\"pt_PT\" \/>\n<meta property=\"og:type\" content=\"article\" \/>\n<meta property=\"og:title\" content=\"Excurs\u00e3o de 4 dias de Marrakech a Fez, via Deserto do Saara\" \/>\n<meta property=\"og:description\" content=\"Vis\u00e3o geral: Este roteiro de 4 dias de Marraquexe a Fez mostra porque \u00e9 que a natureza de Marrocos \u00e9 um dos seus maiores tesouros. Ao longo da viagem, atravessar\u00e1 as deslumbrantes Montanhas Atlas, passando por estradas sinuosas, miradouros panor\u00e2micos e um parque nacional habitado por macacos-de-gibraltar. Entre as montanhas e o Deserto do Saara, [&hellip;]\" \/>\n<meta property=\"og:url\" content=\"https:\/\/www.culturaltravelmorocco.com\/pt-pt\/product\/excursao-de-4-dias-de-marrakech-a-fez-via-deserto-do-saara\/\" \/>\n<meta property=\"og:site_name\" content=\"Cultural Travel Morocco\" \/>\n<meta property=\"article:modified_time\" content=\"2026-01-30T20:27:20+00:00\" \/>\n<meta property=\"og:image\" content=\"https:\/\/www.culturaltravelmorocco.com\/wp-content\/uploads\/2026\/01\/8-4-1.webp\" \/>\n\t<meta property=\"og:image:width\" content=\"1200\" \/>\n\t<meta property=\"og:image:height\" content=\"1000\" \/>\n\t<meta property=\"og:image:type\" content=\"image\/webp\" \/>\n<meta name=\"twitter:card\" content=\"summary_large_image\" \/>\n<meta name=\"twitter:label1\" content=\"Tempo estimado de leitura\" \/>\n\t<meta name=\"twitter:data1\" content=\"1 minuto\" \/>\n<script type=\"application\/ld+json\" class=\"yoast-schema-graph\">{\"@context\":\"https:\/\/schema.org\",\"@graph\":[{\"@type\":\"WebPage\",\"@id\":\"https:\/\/www.culturaltravelmorocco.com\/pt-pt\/product\/excursao-de-4-dias-de-marrakech-a-fez-via-deserto-do-saara\/\",\"url\":\"https:\/\/www.culturaltravelmorocco.com\/pt-pt\/product\/excursao-de-4-dias-de-marrakech-a-fez-via-deserto-do-saara\/\",\"name\":\"Excurs\u00e3o de 4 dias de Marrakech a Fez, via Deserto do Saara - Cultural Travel Morocco\",\"isPartOf\":{\"@id\":\"https:\/\/www.culturaltravelmorocco.com\/pt-pt\/#website\"},\"primaryImageOfPage\":{\"@id\":\"https:\/\/www.culturaltravelmorocco.com\/pt-pt\/product\/excursao-de-4-dias-de-marrakech-a-fez-via-deserto-do-saara\/#primaryimage\"},\"image\":{\"@id\":\"https:\/\/www.culturaltravelmorocco.com\/pt-pt\/product\/excursao-de-4-dias-de-marrakech-a-fez-via-deserto-do-saara\/#primaryimage\"},\"thumbnailUrl\":\"https:\/\/www.culturaltravelmorocco.com\/wp-content\/uploads\/2026\/01\/8-4-1.webp\",\"datePublished\":\"2026-01-10T12:20:34+00:00\",\"dateModified\":\"2026-01-30T20:27:20+00:00\",\"breadcrumb\":{\"@id\":\"https:\/\/www.culturaltravelmorocco.com\/pt-pt\/product\/excursao-de-4-dias-de-marrakech-a-fez-via-deserto-do-saara\/#breadcrumb\"},\"inLanguage\":\"pt-PT\",\"potentialAction\":[{\"@type\":\"ReadAction\",\"target\":[\"https:\/\/www.culturaltravelmorocco.com\/pt-pt\/product\/excursao-de-4-dias-de-marrakech-a-fez-via-deserto-do-saara\/\"]}]},{\"@type\":\"ImageObject\",\"inLanguage\":\"pt-PT\",\"@id\":\"https:\/\/www.culturaltravelmorocco.com\/pt-pt\/product\/excursao-de-4-dias-de-marrakech-a-fez-via-deserto-do-saara\/#primaryimage\",\"url\":\"https:\/\/www.culturaltravelmorocco.com\/wp-content\/uploads\/2026\/01\/8-4-1.webp\",\"contentUrl\":\"https:\/\/www.culturaltravelmorocco.com\/wp-content\/uploads\/2026\/01\/8-4-1.webp\",\"width\":1200,\"height\":1000},{\"@type\":\"BreadcrumbList\",\"@id\":\"https:\/\/www.culturaltravelmorocco.com\/pt-pt\/product\/excursao-de-4-dias-de-marrakech-a-fez-via-deserto-do-saara\/#breadcrumb\",\"itemListElement\":[{\"@type\":\"ListItem\",\"position\":1,\"name\":\"In\u00edcio\",\"item\":\"https:\/\/www.culturaltravelmorocco.com\/pt-pt\/\"},{\"@type\":\"ListItem\",\"position\":2,\"name\":\"Produtos\",\"item\":\"https:\/\/www.culturaltravelmorocco.com\/pt-pt\/shop\/\"},{\"@type\":\"ListItem\",\"position\":3,\"name\":\"Excurs\u00e3o de 4 dias de Marrakech a Fez, via Deserto do Saara\"}]},{\"@type\":\"WebSite\",\"@id\":\"https:\/\/www.culturaltravelmorocco.com\/pt-pt\/#website\",\"url\":\"https:\/\/www.culturaltravelmorocco.com\/pt-pt\/\",\"name\":\"Cultural Travel Morocco\",\"description\":\"\",\"potentialAction\":[{\"@type\":\"SearchAction\",\"target\":{\"@type\":\"EntryPoint\",\"urlTemplate\":\"https:\/\/www.culturaltravelmorocco.com\/pt-pt\/?s={search_term_string}\"},\"query-input\":{\"@type\":\"PropertyValueSpecification\",\"valueRequired\":true,\"valueName\":\"search_term_string\"}}],\"inLanguage\":\"pt-PT\"}]}<\/script>\n<!-- \/ Yoast SEO Premium plugin. -->","yoast_head_json":{"title":"Excurs\u00e3o de 4 dias de Marrakech a Fez, via Deserto do Saara - Cultural Travel Morocco","robots":{"index":"index","follow":"follow","max-snippet":"max-snippet:-1","max-image-preview":"max-image-preview:large","max-video-preview":"max-video-preview:-1"},"canonical":"https:\/\/www.culturaltravelmorocco.com\/pt-pt\/product\/excursao-de-4-dias-de-marrakech-a-fez-via-deserto-do-saara\/","og_locale":"pt_PT","og_type":"article","og_title":"Excurs\u00e3o de 4 dias de Marrakech a Fez, via Deserto do Saara","og_description":"Vis\u00e3o geral: Este roteiro de 4 dias de Marraquexe a Fez mostra porque \u00e9 que a natureza de Marrocos \u00e9 um dos seus maiores tesouros. Ao longo da viagem, atravessar\u00e1 as deslumbrantes Montanhas Atlas, passando por estradas sinuosas, miradouros panor\u00e2micos e um parque nacional habitado por macacos-de-gibraltar. Entre as montanhas e o Deserto do Saara, [&hellip;]","og_url":"https:\/\/www.culturaltravelmorocco.com\/pt-pt\/product\/excursao-de-4-dias-de-marrakech-a-fez-via-deserto-do-saara\/","og_site_name":"Cultural Travel Morocco","article_modified_time":"2026-01-30T20:27:20+00:00","og_image":[{"width":1200,"height":1000,"url":"https:\/\/www.culturaltravelmorocco.com\/wp-content\/uploads\/2026\/01\/8-4-1.webp","type":"image\/webp"}],"twitter_card":"summary_large_image","twitter_misc":{"Tempo estimado de leitura":"1 minuto"},"schema":{"@context":"https:\/\/schema.org","@graph":[{"@type":"WebPage","@id":"https:\/\/www.culturaltravelmorocco.com\/pt-pt\/product\/excursao-de-4-dias-de-marrakech-a-fez-via-deserto-do-saara\/","url":"https:\/\/www.culturaltravelmorocco.com\/pt-pt\/product\/excursao-de-4-dias-de-marrakech-a-fez-via-deserto-do-saara\/","name":"Excurs\u00e3o de 4 dias de Marrakech a Fez, via Deserto do Saara - Cultural Travel Morocco","isPartOf":{"@id":"https:\/\/www.culturaltravelmorocco.com\/pt-pt\/#website"},"primaryImageOfPage":{"@id":"https:\/\/www.culturaltravelmorocco.com\/pt-pt\/product\/excursao-de-4-dias-de-marrakech-a-fez-via-deserto-do-saara\/#primaryimage"},"image":{"@id":"https:\/\/www.culturaltravelmorocco.com\/pt-pt\/product\/excursao-de-4-dias-de-marrakech-a-fez-via-deserto-do-saara\/#primaryimage"},"thumbnailUrl":"https:\/\/www.culturaltravelmorocco.com\/wp-content\/uploads\/2026\/01\/8-4-1.webp","datePublished":"2026-01-10T12:20:34+00:00","dateModified":"2026-01-30T20:27:20+00:00","breadcrumb":{"@id":"https:\/\/www.culturaltravelmorocco.com\/pt-pt\/product\/excursao-de-4-dias-de-marrakech-a-fez-via-deserto-do-saara\/#breadcrumb"},"inLanguage":"pt-PT","potentialAction":[{"@type":"ReadAction","target":["https:\/\/www.culturaltravelmorocco.com\/pt-pt\/product\/excursao-de-4-dias-de-marrakech-a-fez-via-deserto-do-saara\/"]}]},{"@type":"ImageObject","inLanguage":"pt-PT","@id":"https:\/\/www.culturaltravelmorocco.com\/pt-pt\/product\/excursao-de-4-dias-de-marrakech-a-fez-via-deserto-do-saara\/#primaryimage","url":"https:\/\/www.culturaltravelmorocco.com\/wp-content\/uploads\/2026\/01\/8-4-1.webp","contentUrl":"https:\/\/www.culturaltravelmorocco.com\/wp-content\/uploads\/2026\/01\/8-4-1.webp","width":1200,"height":1000},{"@type":"BreadcrumbList","@id":"https:\/\/www.culturaltravelmorocco.com\/pt-pt\/product\/excursao-de-4-dias-de-marrakech-a-fez-via-deserto-do-saara\/#breadcrumb","itemListElement":[{"@type":"ListItem","position":1,"name":"In\u00edcio","item":"https:\/\/www.culturaltravelmorocco.com\/pt-pt\/"},{"@type":"ListItem","position":2,"name":"Produtos","item":"https:\/\/www.culturaltravelmorocco.com\/pt-pt\/shop\/"},{"@type":"ListItem","position":3,"name":"Excurs\u00e3o de 4 dias de Marrakech a Fez, via Deserto do Saara"}]},{"@type":"WebSite","@id":"https:\/\/www.culturaltravelmorocco.com\/pt-pt\/#website","url":"https:\/\/www.culturaltravelmorocco.com\/pt-pt\/","name":"Cultural Travel Morocco","description":"","potentialAction":[{"@type":"SearchAction","target":{"@type":"EntryPoint","urlTemplate":"https:\/\/www.culturaltravelmorocco.com\/pt-pt\/?s={search_term_string}"},"query-input":{"@type":"PropertyValueSpecification","valueRequired":true,"valueName":"search_term_string"}}],"inLanguage":"pt-PT"}]}},"_links":{"self":[{"href":"https:\/\/www.culturaltravelmorocco.com\/pt-pt\/wp-json\/wp\/v2\/product\/12232","targetHints":{"allow":["GET"]}}],"collection":[{"href":"https:\/\/www.culturaltravelmorocco.com\/pt-pt\/wp-json\/wp\/v2\/product"}],"about":[{"href":"https:\/\/www.culturaltravelmorocco.com\/pt-pt\/wp-json\/wp\/v2\/types\/product"}],"replies":[{"embeddable":true,"href":"https:\/\/www.culturaltravelmorocco.com\/pt-pt\/wp-json\/wp\/v2\/comments?post=12232"}],"wp:featuredmedia":[{"embeddable":true,"href":"https:\/\/www.culturaltravelmorocco.com\/pt-pt\/wp-json\/wp\/v2\/media\/12072"}],"wp:attachment":[{"href":"https:\/\/www.culturaltravelmorocco.com\/pt-pt\/wp-json\/wp\/v2\/media?parent=12232"}],"wp:term":[{"taxonomy":"product_brand","embeddable":true,"href":"https:\/\/www.culturaltravelmorocco.com\/pt-pt\/wp-json\/wp\/v2\/product_brand?post=12232"},{"taxonomy":"product_cat","embeddable":true,"href":"https:\/\/www.culturaltravelmorocco.com\/pt-pt\/wp-json\/wp\/v2\/product_cat?post=12232"},{"taxonomy":"product_tag","embeddable":true,"href":"https:\/\/www.culturaltravelmorocco.com\/pt-pt\/wp-json\/wp\/v2\/product_tag?post=12232"}],"curies":[{"name":"wp","href":"https:\/\/api.w.org\/{rel}","templated":true}]}}