{"id":12237,"date":"2026-01-10T12:20:34","date_gmt":"2026-01-10T12:20:34","guid":{"rendered":"https:\/\/www.culturaltravelmorocco.com\/product\/5-day-circular-desert-tour-from-marrakech-to-merzouga\/"},"modified":"2026-01-30T20:33:32","modified_gmt":"2026-01-30T20:33:32","slug":"excursao-circular-de-5-dias-pelo-deserto-de-marrakech-a-merzouga","status":"publish","type":"product","link":"https:\/\/www.culturaltravelmorocco.com\/pt-pt\/product\/excursao-circular-de-5-dias-pelo-deserto-de-marrakech-a-merzouga\/","title":{"rendered":"Excurs\u00e3o circular de 5 dias pelo deserto, de Marrakech a Merzouga"},"content":{"rendered":"<h2>Vis\u00e3o geral:<\/h2>\n<p>Experimente a incr\u00edvel diversidade das paisagens do sul de Marrocos nesta excurs\u00e3o de 5 dias ao Deserto de Merzouga. Ao longo do percurso, atravessar\u00e1 as montanhas do Alto Atlas, explorar\u00e1 vales f\u00e9rteis, passar\u00e1 por vastos palmeirais e admirar\u00e1 impressionantes desfiladeiros rochosos, esculpidos pela natureza. Ao chegar a Erg Chebbi, as dunas douradas criam uma atmosfera m\u00e1gica, especialmente \u00e0 noite, quando o c\u00e9u est\u00e1 excecionalmente limpo \u2013 um momento inesquec\u00edvel para os amantes da astronomia e da natureza.<\/p>\n<p>Apesar do ambiente \u00e1rido e da baixa densidade populacional, esta regi\u00e3o preserva uma cultura berbere rica e aut\u00eantica. Durante esta experi\u00eancia, poder\u00e1 apreciar uma performance de m\u00fasica tradicional gnawa, conhecer fam\u00edlias semin\u00f3madas e aprender sobre o seu estilo de vida ancestral. Ao longo da viagem, o seu guia-motorista especializado ir\u00e1 acompanh\u00e1-lo, partilhando informa\u00e7\u00f5es e hist\u00f3rias que d\u00e3o vida ao patrim\u00f3nio do deserto de Marrocos, tornando este roteiro circular inspirador e culturalmente enriquecedor.<\/p>\n","protected":false},"excerpt":{"rendered":"<p>Vis\u00e3o geral: Experimente a incr\u00edvel diversidade das paisagens do sul de Marrocos nesta excurs\u00e3o de 5 dias ao Deserto de Merzouga. Ao longo do percurso, atravessar\u00e1 as montanhas do Alto Atlas, explorar\u00e1 vales f\u00e9rteis, passar\u00e1 por vastos palmeirais e admirar\u00e1 impressionantes desfiladeiros rochosos, esculpidos pela natureza. Ao chegar a Erg Chebbi, as dunas douradas criam [&hellip;]<\/p>\n","protected":false},"featured_media":12230,"comment_status":"closed","ping_status":"closed","template":"","meta":{"_joinchat":[]},"product_brand":[],"product_cat":[125],"product_tag":[],"class_list":{"0":"post-12237","1":"product","2":"type-product","3":"status-publish","4":"has-post-thumbnail","6":"product_cat-tours-desde-marrakech","8":"first","9":"instock","10":"purchasable","11":"product-type-ovabrw_car_rental"},"yoast_head":"<!-- This site is optimized with the Yoast SEO Premium plugin v25.0 (Yoast SEO v25.0) - https:\/\/yoast.com\/wordpress\/plugins\/seo\/ -->\n<title>Excurs\u00e3o circular de 5 dias pelo deserto, de Marrakech a Merzouga - Cultural Travel Morocco<\/title>\n<meta name=\"robots\" content=\"index, follow, max-snippet:-1, max-image-preview:large, max-video-preview:-1\" \/>\n<link rel=\"canonical\" href=\"https:\/\/www.culturaltravelmorocco.com\/pt-pt\/product\/excursao-circular-de-5-dias-pelo-deserto-de-marrakech-a-merzouga\/\" \/>\n<meta property=\"og:locale\" content=\"pt_PT\" \/>\n<meta property=\"og:type\" content=\"article\" \/>\n<meta property=\"og:title\" content=\"Excurs\u00e3o circular de 5 dias pelo deserto, de Marrakech a Merzouga\" \/>\n<meta property=\"og:description\" content=\"Vis\u00e3o geral: Experimente a incr\u00edvel diversidade das paisagens do sul de Marrocos nesta excurs\u00e3o de 5 dias ao Deserto de Merzouga. Ao longo do percurso, atravessar\u00e1 as montanhas do Alto Atlas, explorar\u00e1 vales f\u00e9rteis, passar\u00e1 por vastos palmeirais e admirar\u00e1 impressionantes desfiladeiros rochosos, esculpidos pela natureza. Ao chegar a Erg Chebbi, as dunas douradas criam [&hellip;]\" \/>\n<meta property=\"og:url\" content=\"https:\/\/www.culturaltravelmorocco.com\/pt-pt\/product\/excursao-circular-de-5-dias-pelo-deserto-de-marrakech-a-merzouga\/\" \/>\n<meta property=\"og:site_name\" content=\"Cultural Travel Morocco\" \/>\n<meta property=\"article:modified_time\" content=\"2026-01-30T20:33:32+00:00\" \/>\n<meta property=\"og:image\" content=\"https:\/\/www.culturaltravelmorocco.com\/wp-content\/uploads\/2026\/01\/6-5-1.webp\" \/>\n\t<meta property=\"og:image:width\" content=\"1200\" \/>\n\t<meta property=\"og:image:height\" content=\"1000\" \/>\n\t<meta property=\"og:image:type\" content=\"image\/webp\" \/>\n<meta name=\"twitter:card\" content=\"summary_large_image\" \/>\n<meta name=\"twitter:label1\" content=\"Tempo estimado de leitura\" \/>\n\t<meta name=\"twitter:data1\" content=\"1 minuto\" \/>\n<script type=\"application\/ld+json\" class=\"yoast-schema-graph\">{\"@context\":\"https:\/\/schema.org\",\"@graph\":[{\"@type\":\"WebPage\",\"@id\":\"https:\/\/www.culturaltravelmorocco.com\/pt-pt\/product\/excursao-circular-de-5-dias-pelo-deserto-de-marrakech-a-merzouga\/\",\"url\":\"https:\/\/www.culturaltravelmorocco.com\/pt-pt\/product\/excursao-circular-de-5-dias-pelo-deserto-de-marrakech-a-merzouga\/\",\"name\":\"Excurs\u00e3o circular de 5 dias pelo deserto, de Marrakech a Merzouga - Cultural Travel Morocco\",\"isPartOf\":{\"@id\":\"https:\/\/www.culturaltravelmorocco.com\/pt-pt\/#website\"},\"primaryImageOfPage\":{\"@id\":\"https:\/\/www.culturaltravelmorocco.com\/pt-pt\/product\/excursao-circular-de-5-dias-pelo-deserto-de-marrakech-a-merzouga\/#primaryimage\"},\"image\":{\"@id\":\"https:\/\/www.culturaltravelmorocco.com\/pt-pt\/product\/excursao-circular-de-5-dias-pelo-deserto-de-marrakech-a-merzouga\/#primaryimage\"},\"thumbnailUrl\":\"https:\/\/www.culturaltravelmorocco.com\/wp-content\/uploads\/2026\/01\/6-5-1.webp\",\"datePublished\":\"2026-01-10T12:20:34+00:00\",\"dateModified\":\"2026-01-30T20:33:32+00:00\",\"breadcrumb\":{\"@id\":\"https:\/\/www.culturaltravelmorocco.com\/pt-pt\/product\/excursao-circular-de-5-dias-pelo-deserto-de-marrakech-a-merzouga\/#breadcrumb\"},\"inLanguage\":\"pt-PT\",\"potentialAction\":[{\"@type\":\"ReadAction\",\"target\":[\"https:\/\/www.culturaltravelmorocco.com\/pt-pt\/product\/excursao-circular-de-5-dias-pelo-deserto-de-marrakech-a-merzouga\/\"]}]},{\"@type\":\"ImageObject\",\"inLanguage\":\"pt-PT\",\"@id\":\"https:\/\/www.culturaltravelmorocco.com\/pt-pt\/product\/excursao-circular-de-5-dias-pelo-deserto-de-marrakech-a-merzouga\/#primaryimage\",\"url\":\"https:\/\/www.culturaltravelmorocco.com\/wp-content\/uploads\/2026\/01\/6-5-1.webp\",\"contentUrl\":\"https:\/\/www.culturaltravelmorocco.com\/wp-content\/uploads\/2026\/01\/6-5-1.webp\",\"width\":1200,\"height\":1000},{\"@type\":\"BreadcrumbList\",\"@id\":\"https:\/\/www.culturaltravelmorocco.com\/pt-pt\/product\/excursao-circular-de-5-dias-pelo-deserto-de-marrakech-a-merzouga\/#breadcrumb\",\"itemListElement\":[{\"@type\":\"ListItem\",\"position\":1,\"name\":\"In\u00edcio\",\"item\":\"https:\/\/www.culturaltravelmorocco.com\/pt-pt\/\"},{\"@type\":\"ListItem\",\"position\":2,\"name\":\"Produtos\",\"item\":\"https:\/\/www.culturaltravelmorocco.com\/pt-pt\/shop\/\"},{\"@type\":\"ListItem\",\"position\":3,\"name\":\"Excurs\u00e3o circular de 5 dias pelo deserto, de Marrakech a Merzouga\"}]},{\"@type\":\"WebSite\",\"@id\":\"https:\/\/www.culturaltravelmorocco.com\/pt-pt\/#website\",\"url\":\"https:\/\/www.culturaltravelmorocco.com\/pt-pt\/\",\"name\":\"Cultural Travel Morocco\",\"description\":\"\",\"potentialAction\":[{\"@type\":\"SearchAction\",\"target\":{\"@type\":\"EntryPoint\",\"urlTemplate\":\"https:\/\/www.culturaltravelmorocco.com\/pt-pt\/?s={search_term_string}\"},\"query-input\":{\"@type\":\"PropertyValueSpecification\",\"valueRequired\":true,\"valueName\":\"search_term_string\"}}],\"inLanguage\":\"pt-PT\"}]}<\/script>\n<!-- \/ Yoast SEO Premium plugin. -->","yoast_head_json":{"title":"Excurs\u00e3o circular de 5 dias pelo deserto, de Marrakech a Merzouga - Cultural Travel Morocco","robots":{"index":"index","follow":"follow","max-snippet":"max-snippet:-1","max-image-preview":"max-image-preview:large","max-video-preview":"max-video-preview:-1"},"canonical":"https:\/\/www.culturaltravelmorocco.com\/pt-pt\/product\/excursao-circular-de-5-dias-pelo-deserto-de-marrakech-a-merzouga\/","og_locale":"pt_PT","og_type":"article","og_title":"Excurs\u00e3o circular de 5 dias pelo deserto, de Marrakech a Merzouga","og_description":"Vis\u00e3o geral: Experimente a incr\u00edvel diversidade das paisagens do sul de Marrocos nesta excurs\u00e3o de 5 dias ao Deserto de Merzouga. Ao longo do percurso, atravessar\u00e1 as montanhas do Alto Atlas, explorar\u00e1 vales f\u00e9rteis, passar\u00e1 por vastos palmeirais e admirar\u00e1 impressionantes desfiladeiros rochosos, esculpidos pela natureza. Ao chegar a Erg Chebbi, as dunas douradas criam [&hellip;]","og_url":"https:\/\/www.culturaltravelmorocco.com\/pt-pt\/product\/excursao-circular-de-5-dias-pelo-deserto-de-marrakech-a-merzouga\/","og_site_name":"Cultural Travel Morocco","article_modified_time":"2026-01-30T20:33:32+00:00","og_image":[{"width":1200,"height":1000,"url":"https:\/\/www.culturaltravelmorocco.com\/wp-content\/uploads\/2026\/01\/6-5-1.webp","type":"image\/webp"}],"twitter_card":"summary_large_image","twitter_misc":{"Tempo estimado de leitura":"1 minuto"},"schema":{"@context":"https:\/\/schema.org","@graph":[{"@type":"WebPage","@id":"https:\/\/www.culturaltravelmorocco.com\/pt-pt\/product\/excursao-circular-de-5-dias-pelo-deserto-de-marrakech-a-merzouga\/","url":"https:\/\/www.culturaltravelmorocco.com\/pt-pt\/product\/excursao-circular-de-5-dias-pelo-deserto-de-marrakech-a-merzouga\/","name":"Excurs\u00e3o circular de 5 dias pelo deserto, de Marrakech a Merzouga - Cultural Travel Morocco","isPartOf":{"@id":"https:\/\/www.culturaltravelmorocco.com\/pt-pt\/#website"},"primaryImageOfPage":{"@id":"https:\/\/www.culturaltravelmorocco.com\/pt-pt\/product\/excursao-circular-de-5-dias-pelo-deserto-de-marrakech-a-merzouga\/#primaryimage"},"image":{"@id":"https:\/\/www.culturaltravelmorocco.com\/pt-pt\/product\/excursao-circular-de-5-dias-pelo-deserto-de-marrakech-a-merzouga\/#primaryimage"},"thumbnailUrl":"https:\/\/www.culturaltravelmorocco.com\/wp-content\/uploads\/2026\/01\/6-5-1.webp","datePublished":"2026-01-10T12:20:34+00:00","dateModified":"2026-01-30T20:33:32+00:00","breadcrumb":{"@id":"https:\/\/www.culturaltravelmorocco.com\/pt-pt\/product\/excursao-circular-de-5-dias-pelo-deserto-de-marrakech-a-merzouga\/#breadcrumb"},"inLanguage":"pt-PT","potentialAction":[{"@type":"ReadAction","target":["https:\/\/www.culturaltravelmorocco.com\/pt-pt\/product\/excursao-circular-de-5-dias-pelo-deserto-de-marrakech-a-merzouga\/"]}]},{"@type":"ImageObject","inLanguage":"pt-PT","@id":"https:\/\/www.culturaltravelmorocco.com\/pt-pt\/product\/excursao-circular-de-5-dias-pelo-deserto-de-marrakech-a-merzouga\/#primaryimage","url":"https:\/\/www.culturaltravelmorocco.com\/wp-content\/uploads\/2026\/01\/6-5-1.webp","contentUrl":"https:\/\/www.culturaltravelmorocco.com\/wp-content\/uploads\/2026\/01\/6-5-1.webp","width":1200,"height":1000},{"@type":"BreadcrumbList","@id":"https:\/\/www.culturaltravelmorocco.com\/pt-pt\/product\/excursao-circular-de-5-dias-pelo-deserto-de-marrakech-a-merzouga\/#breadcrumb","itemListElement":[{"@type":"ListItem","position":1,"name":"In\u00edcio","item":"https:\/\/www.culturaltravelmorocco.com\/pt-pt\/"},{"@type":"ListItem","position":2,"name":"Produtos","item":"https:\/\/www.culturaltravelmorocco.com\/pt-pt\/shop\/"},{"@type":"ListItem","position":3,"name":"Excurs\u00e3o circular de 5 dias pelo deserto, de Marrakech a Merzouga"}]},{"@type":"WebSite","@id":"https:\/\/www.culturaltravelmorocco.com\/pt-pt\/#website","url":"https:\/\/www.culturaltravelmorocco.com\/pt-pt\/","name":"Cultural Travel Morocco","description":"","potentialAction":[{"@type":"SearchAction","target":{"@type":"EntryPoint","urlTemplate":"https:\/\/www.culturaltravelmorocco.com\/pt-pt\/?s={search_term_string}"},"query-input":{"@type":"PropertyValueSpecification","valueRequired":true,"valueName":"search_term_string"}}],"inLanguage":"pt-PT"}]}},"_links":{"self":[{"href":"https:\/\/www.culturaltravelmorocco.com\/pt-pt\/wp-json\/wp\/v2\/product\/12237","targetHints":{"allow":["GET"]}}],"collection":[{"href":"https:\/\/www.culturaltravelmorocco.com\/pt-pt\/wp-json\/wp\/v2\/product"}],"about":[{"href":"https:\/\/www.culturaltravelmorocco.com\/pt-pt\/wp-json\/wp\/v2\/types\/product"}],"replies":[{"embeddable":true,"href":"https:\/\/www.culturaltravelmorocco.com\/pt-pt\/wp-json\/wp\/v2\/comments?post=12237"}],"wp:featuredmedia":[{"embeddable":true,"href":"https:\/\/www.culturaltravelmorocco.com\/pt-pt\/wp-json\/wp\/v2\/media\/12230"}],"wp:attachment":[{"href":"https:\/\/www.culturaltravelmorocco.com\/pt-pt\/wp-json\/wp\/v2\/media?parent=12237"}],"wp:term":[{"taxonomy":"product_brand","embeddable":true,"href":"https:\/\/www.culturaltravelmorocco.com\/pt-pt\/wp-json\/wp\/v2\/product_brand?post=12237"},{"taxonomy":"product_cat","embeddable":true,"href":"https:\/\/www.culturaltravelmorocco.com\/pt-pt\/wp-json\/wp\/v2\/product_cat?post=12237"},{"taxonomy":"product_tag","embeddable":true,"href":"https:\/\/www.culturaltravelmorocco.com\/pt-pt\/wp-json\/wp\/v2\/product_tag?post=12237"}],"curies":[{"name":"wp","href":"https:\/\/api.w.org\/{rel}","templated":true}]}}