{"id":12252,"date":"2026-01-10T12:20:34","date_gmt":"2026-01-10T12:20:34","guid":{"rendered":"https:\/\/www.culturaltravelmorocco.com\/product\/8-day-coastal-journey-through-southern-morocco-circular-route\/"},"modified":"2026-01-30T20:47:47","modified_gmt":"2026-01-30T20:47:47","slug":"viagem-costeira-de-8-dias-pelo-sul-de-marrocos-rota-circular","status":"publish","type":"product","link":"https:\/\/www.culturaltravelmorocco.com\/pt-pt\/product\/viagem-costeira-de-8-dias-pelo-sul-de-marrocos-rota-circular\/","title":{"rendered":"Viagem costeira de 8 dias pelo sul de Marrocos \u2013 Rota circular"},"content":{"rendered":"<h2>Vis\u00e3o geral:<\/h2>\n<p>Embarque numa viagem de 8 dias explorando a costa atl\u00e2ntica sul de Marrocos, uma regi\u00e3o conhecida pelo seu clima ameno, praias serenas e aut\u00eantica atmosfera mar\u00edtima. A partir da medina de Essaouira, Patrim\u00f3nio Mundial da UNESCO e considerada a porta de entrada simb\u00f3lica para a costa sul, o roteiro continua por encantadoras vilas piscat\u00f3rias, praias selvagens e miradouros naturais moldados pelos ventos atl\u00e2nticos. Destinos como Agadir, o principal centro de lazer da regi\u00e3o, e os seus arredores oferecem um equil\u00edbrio entre relaxamento, paisagens deslumbrantes e cultura local. Gra\u00e7as \u00e0 refrescante brisa mar\u00edtima do Atl\u00e2ntico, a \u00e1rea \u00e9 tamb\u00e9m perfeita para atividades ao ar livre, como kitesurf e caminhadas costeiras.<\/p>\n<p>Este roteiro circular de 8 dias, com in\u00edcio e fim em Marraquexe, combina a beleza da costa com as descobertas culturais. Embora tenha menos monumentos do que outros roteiros, os viajantes poder\u00e3o ainda desfrutar de fascinantes s\u00edtios hist\u00f3ricos em Essaouira, Sidi Ifni e Agadir. O programa inclui ainda tempo livre em Marraquexe, sendo ideal para quem j\u00e1 conhece a cidade, mas quer revisitar um museu, monumento ou souk ao seu ritmo. Com 8 dias e 7 noites de viagem, este itiner\u00e1rio oferece a combina\u00e7\u00e3o perfeita de natureza, cultura e relaxamento ao longo da fascinante costa atl\u00e2ntica de Marrocos.<\/p>\n","protected":false},"excerpt":{"rendered":"<p>Vis\u00e3o geral: Embarque numa viagem de 8 dias explorando a costa atl\u00e2ntica sul de Marrocos, uma regi\u00e3o conhecida pelo seu clima ameno, praias serenas e aut\u00eantica atmosfera mar\u00edtima. A partir da medina de Essaouira, Patrim\u00f3nio Mundial da UNESCO e considerada a porta de entrada simb\u00f3lica para a costa sul, o roteiro continua por encantadoras vilas [&hellip;]<\/p>\n","protected":false},"featured_media":12253,"comment_status":"closed","ping_status":"closed","template":"","meta":{"_joinchat":[]},"product_brand":[],"product_cat":[125],"product_tag":[],"class_list":{"0":"post-12252","1":"product","2":"type-product","3":"status-publish","4":"has-post-thumbnail","6":"product_cat-tours-desde-marrakech","8":"first","9":"instock","10":"purchasable","11":"product-type-ovabrw_car_rental"},"yoast_head":"<!-- This site is optimized with the Yoast SEO Premium plugin v25.0 (Yoast SEO v25.0) - https:\/\/yoast.com\/wordpress\/plugins\/seo\/ -->\n<title>Viagem costeira de 8 dias pelo sul de Marrocos \u2013 Rota circular - Cultural Travel Morocco<\/title>\n<meta name=\"robots\" content=\"index, follow, max-snippet:-1, max-image-preview:large, max-video-preview:-1\" \/>\n<link rel=\"canonical\" href=\"https:\/\/www.culturaltravelmorocco.com\/pt-pt\/product\/viagem-costeira-de-8-dias-pelo-sul-de-marrocos-rota-circular\/\" \/>\n<meta property=\"og:locale\" content=\"pt_PT\" \/>\n<meta property=\"og:type\" content=\"article\" \/>\n<meta property=\"og:title\" content=\"Viagem costeira de 8 dias pelo sul de Marrocos \u2013 Rota circular\" \/>\n<meta property=\"og:description\" content=\"Vis\u00e3o geral: Embarque numa viagem de 8 dias explorando a costa atl\u00e2ntica sul de Marrocos, uma regi\u00e3o conhecida pelo seu clima ameno, praias serenas e aut\u00eantica atmosfera mar\u00edtima. A partir da medina de Essaouira, Patrim\u00f3nio Mundial da UNESCO e considerada a porta de entrada simb\u00f3lica para a costa sul, o roteiro continua por encantadoras vilas [&hellip;]\" \/>\n<meta property=\"og:url\" content=\"https:\/\/www.culturaltravelmorocco.com\/pt-pt\/product\/viagem-costeira-de-8-dias-pelo-sul-de-marrocos-rota-circular\/\" \/>\n<meta property=\"og:site_name\" content=\"Cultural Travel Morocco\" \/>\n<meta property=\"article:modified_time\" content=\"2026-01-30T20:47:47+00:00\" \/>\n<meta property=\"og:image\" content=\"https:\/\/www.culturaltravelmorocco.com\/wp-content\/uploads\/2026\/01\/4-6.webp\" \/>\n\t<meta property=\"og:image:width\" content=\"1200\" \/>\n\t<meta property=\"og:image:height\" content=\"1000\" \/>\n\t<meta property=\"og:image:type\" content=\"image\/webp\" \/>\n<meta name=\"twitter:card\" content=\"summary_large_image\" \/>\n<meta name=\"twitter:label1\" content=\"Tempo estimado de leitura\" \/>\n\t<meta name=\"twitter:data1\" content=\"2 minutos\" \/>\n<script type=\"application\/ld+json\" class=\"yoast-schema-graph\">{\"@context\":\"https:\/\/schema.org\",\"@graph\":[{\"@type\":\"WebPage\",\"@id\":\"https:\/\/www.culturaltravelmorocco.com\/pt-pt\/product\/viagem-costeira-de-8-dias-pelo-sul-de-marrocos-rota-circular\/\",\"url\":\"https:\/\/www.culturaltravelmorocco.com\/pt-pt\/product\/viagem-costeira-de-8-dias-pelo-sul-de-marrocos-rota-circular\/\",\"name\":\"Viagem costeira de 8 dias pelo sul de Marrocos \u2013 Rota circular - Cultural Travel Morocco\",\"isPartOf\":{\"@id\":\"https:\/\/www.culturaltravelmorocco.com\/pt-pt\/#website\"},\"primaryImageOfPage\":{\"@id\":\"https:\/\/www.culturaltravelmorocco.com\/pt-pt\/product\/viagem-costeira-de-8-dias-pelo-sul-de-marrocos-rota-circular\/#primaryimage\"},\"image\":{\"@id\":\"https:\/\/www.culturaltravelmorocco.com\/pt-pt\/product\/viagem-costeira-de-8-dias-pelo-sul-de-marrocos-rota-circular\/#primaryimage\"},\"thumbnailUrl\":\"https:\/\/www.culturaltravelmorocco.com\/wp-content\/uploads\/2026\/01\/4-6.webp\",\"datePublished\":\"2026-01-10T12:20:34+00:00\",\"dateModified\":\"2026-01-30T20:47:47+00:00\",\"breadcrumb\":{\"@id\":\"https:\/\/www.culturaltravelmorocco.com\/pt-pt\/product\/viagem-costeira-de-8-dias-pelo-sul-de-marrocos-rota-circular\/#breadcrumb\"},\"inLanguage\":\"pt-PT\",\"potentialAction\":[{\"@type\":\"ReadAction\",\"target\":[\"https:\/\/www.culturaltravelmorocco.com\/pt-pt\/product\/viagem-costeira-de-8-dias-pelo-sul-de-marrocos-rota-circular\/\"]}]},{\"@type\":\"ImageObject\",\"inLanguage\":\"pt-PT\",\"@id\":\"https:\/\/www.culturaltravelmorocco.com\/pt-pt\/product\/viagem-costeira-de-8-dias-pelo-sul-de-marrocos-rota-circular\/#primaryimage\",\"url\":\"https:\/\/www.culturaltravelmorocco.com\/wp-content\/uploads\/2026\/01\/4-6.webp\",\"contentUrl\":\"https:\/\/www.culturaltravelmorocco.com\/wp-content\/uploads\/2026\/01\/4-6.webp\",\"width\":1200,\"height\":1000},{\"@type\":\"BreadcrumbList\",\"@id\":\"https:\/\/www.culturaltravelmorocco.com\/pt-pt\/product\/viagem-costeira-de-8-dias-pelo-sul-de-marrocos-rota-circular\/#breadcrumb\",\"itemListElement\":[{\"@type\":\"ListItem\",\"position\":1,\"name\":\"In\u00edcio\",\"item\":\"https:\/\/www.culturaltravelmorocco.com\/pt-pt\/\"},{\"@type\":\"ListItem\",\"position\":2,\"name\":\"Produtos\",\"item\":\"https:\/\/www.culturaltravelmorocco.com\/pt-pt\/shop\/\"},{\"@type\":\"ListItem\",\"position\":3,\"name\":\"Viagem costeira de 8 dias pelo sul de Marrocos \u2013 Rota circular\"}]},{\"@type\":\"WebSite\",\"@id\":\"https:\/\/www.culturaltravelmorocco.com\/pt-pt\/#website\",\"url\":\"https:\/\/www.culturaltravelmorocco.com\/pt-pt\/\",\"name\":\"Cultural Travel Morocco\",\"description\":\"\",\"potentialAction\":[{\"@type\":\"SearchAction\",\"target\":{\"@type\":\"EntryPoint\",\"urlTemplate\":\"https:\/\/www.culturaltravelmorocco.com\/pt-pt\/?s={search_term_string}\"},\"query-input\":{\"@type\":\"PropertyValueSpecification\",\"valueRequired\":true,\"valueName\":\"search_term_string\"}}],\"inLanguage\":\"pt-PT\"}]}<\/script>\n<!-- \/ Yoast SEO Premium plugin. -->","yoast_head_json":{"title":"Viagem costeira de 8 dias pelo sul de Marrocos \u2013 Rota circular - Cultural Travel Morocco","robots":{"index":"index","follow":"follow","max-snippet":"max-snippet:-1","max-image-preview":"max-image-preview:large","max-video-preview":"max-video-preview:-1"},"canonical":"https:\/\/www.culturaltravelmorocco.com\/pt-pt\/product\/viagem-costeira-de-8-dias-pelo-sul-de-marrocos-rota-circular\/","og_locale":"pt_PT","og_type":"article","og_title":"Viagem costeira de 8 dias pelo sul de Marrocos \u2013 Rota circular","og_description":"Vis\u00e3o geral: Embarque numa viagem de 8 dias explorando a costa atl\u00e2ntica sul de Marrocos, uma regi\u00e3o conhecida pelo seu clima ameno, praias serenas e aut\u00eantica atmosfera mar\u00edtima. A partir da medina de Essaouira, Patrim\u00f3nio Mundial da UNESCO e considerada a porta de entrada simb\u00f3lica para a costa sul, o roteiro continua por encantadoras vilas [&hellip;]","og_url":"https:\/\/www.culturaltravelmorocco.com\/pt-pt\/product\/viagem-costeira-de-8-dias-pelo-sul-de-marrocos-rota-circular\/","og_site_name":"Cultural Travel Morocco","article_modified_time":"2026-01-30T20:47:47+00:00","og_image":[{"width":1200,"height":1000,"url":"https:\/\/www.culturaltravelmorocco.com\/wp-content\/uploads\/2026\/01\/4-6.webp","type":"image\/webp"}],"twitter_card":"summary_large_image","twitter_misc":{"Tempo estimado de leitura":"2 minutos"},"schema":{"@context":"https:\/\/schema.org","@graph":[{"@type":"WebPage","@id":"https:\/\/www.culturaltravelmorocco.com\/pt-pt\/product\/viagem-costeira-de-8-dias-pelo-sul-de-marrocos-rota-circular\/","url":"https:\/\/www.culturaltravelmorocco.com\/pt-pt\/product\/viagem-costeira-de-8-dias-pelo-sul-de-marrocos-rota-circular\/","name":"Viagem costeira de 8 dias pelo sul de Marrocos \u2013 Rota circular - Cultural Travel Morocco","isPartOf":{"@id":"https:\/\/www.culturaltravelmorocco.com\/pt-pt\/#website"},"primaryImageOfPage":{"@id":"https:\/\/www.culturaltravelmorocco.com\/pt-pt\/product\/viagem-costeira-de-8-dias-pelo-sul-de-marrocos-rota-circular\/#primaryimage"},"image":{"@id":"https:\/\/www.culturaltravelmorocco.com\/pt-pt\/product\/viagem-costeira-de-8-dias-pelo-sul-de-marrocos-rota-circular\/#primaryimage"},"thumbnailUrl":"https:\/\/www.culturaltravelmorocco.com\/wp-content\/uploads\/2026\/01\/4-6.webp","datePublished":"2026-01-10T12:20:34+00:00","dateModified":"2026-01-30T20:47:47+00:00","breadcrumb":{"@id":"https:\/\/www.culturaltravelmorocco.com\/pt-pt\/product\/viagem-costeira-de-8-dias-pelo-sul-de-marrocos-rota-circular\/#breadcrumb"},"inLanguage":"pt-PT","potentialAction":[{"@type":"ReadAction","target":["https:\/\/www.culturaltravelmorocco.com\/pt-pt\/product\/viagem-costeira-de-8-dias-pelo-sul-de-marrocos-rota-circular\/"]}]},{"@type":"ImageObject","inLanguage":"pt-PT","@id":"https:\/\/www.culturaltravelmorocco.com\/pt-pt\/product\/viagem-costeira-de-8-dias-pelo-sul-de-marrocos-rota-circular\/#primaryimage","url":"https:\/\/www.culturaltravelmorocco.com\/wp-content\/uploads\/2026\/01\/4-6.webp","contentUrl":"https:\/\/www.culturaltravelmorocco.com\/wp-content\/uploads\/2026\/01\/4-6.webp","width":1200,"height":1000},{"@type":"BreadcrumbList","@id":"https:\/\/www.culturaltravelmorocco.com\/pt-pt\/product\/viagem-costeira-de-8-dias-pelo-sul-de-marrocos-rota-circular\/#breadcrumb","itemListElement":[{"@type":"ListItem","position":1,"name":"In\u00edcio","item":"https:\/\/www.culturaltravelmorocco.com\/pt-pt\/"},{"@type":"ListItem","position":2,"name":"Produtos","item":"https:\/\/www.culturaltravelmorocco.com\/pt-pt\/shop\/"},{"@type":"ListItem","position":3,"name":"Viagem costeira de 8 dias pelo sul de Marrocos \u2013 Rota circular"}]},{"@type":"WebSite","@id":"https:\/\/www.culturaltravelmorocco.com\/pt-pt\/#website","url":"https:\/\/www.culturaltravelmorocco.com\/pt-pt\/","name":"Cultural Travel Morocco","description":"","potentialAction":[{"@type":"SearchAction","target":{"@type":"EntryPoint","urlTemplate":"https:\/\/www.culturaltravelmorocco.com\/pt-pt\/?s={search_term_string}"},"query-input":{"@type":"PropertyValueSpecification","valueRequired":true,"valueName":"search_term_string"}}],"inLanguage":"pt-PT"}]}},"_links":{"self":[{"href":"https:\/\/www.culturaltravelmorocco.com\/pt-pt\/wp-json\/wp\/v2\/product\/12252","targetHints":{"allow":["GET"]}}],"collection":[{"href":"https:\/\/www.culturaltravelmorocco.com\/pt-pt\/wp-json\/wp\/v2\/product"}],"about":[{"href":"https:\/\/www.culturaltravelmorocco.com\/pt-pt\/wp-json\/wp\/v2\/types\/product"}],"replies":[{"embeddable":true,"href":"https:\/\/www.culturaltravelmorocco.com\/pt-pt\/wp-json\/wp\/v2\/comments?post=12252"}],"wp:featuredmedia":[{"embeddable":true,"href":"https:\/\/www.culturaltravelmorocco.com\/pt-pt\/wp-json\/wp\/v2\/media\/12253"}],"wp:attachment":[{"href":"https:\/\/www.culturaltravelmorocco.com\/pt-pt\/wp-json\/wp\/v2\/media?parent=12252"}],"wp:term":[{"taxonomy":"product_brand","embeddable":true,"href":"https:\/\/www.culturaltravelmorocco.com\/pt-pt\/wp-json\/wp\/v2\/product_brand?post=12252"},{"taxonomy":"product_cat","embeddable":true,"href":"https:\/\/www.culturaltravelmorocco.com\/pt-pt\/wp-json\/wp\/v2\/product_cat?post=12252"},{"taxonomy":"product_tag","embeddable":true,"href":"https:\/\/www.culturaltravelmorocco.com\/pt-pt\/wp-json\/wp\/v2\/product_tag?post=12252"}],"curies":[{"name":"wp","href":"https:\/\/api.w.org\/{rel}","templated":true}]}}