{"id":12258,"date":"2026-01-10T12:20:34","date_gmt":"2026-01-10T12:20:34","guid":{"rendered":"https:\/\/www.culturaltravelmorocco.com\/product\/9-day-morocco-adventure-from-the-sahara-to-marrakech-essaouira\/"},"modified":"2026-01-30T20:55:25","modified_gmt":"2026-01-30T20:55:25","slug":"aventura-de-9-dias-em-marrocos-do-saara-a-marrakech-e-essaouira","status":"publish","type":"product","link":"https:\/\/www.culturaltravelmorocco.com\/pt-pt\/product\/aventura-de-9-dias-em-marrocos-do-saara-a-marrakech-e-essaouira\/","title":{"rendered":"Aventura de 9 dias em Marrocos &#8211; Do Saara a Marrakech e Essaouira"},"content":{"rendered":"<h2>Vis\u00e3o geral:<\/h2>\n<p>Embarque numa inesquec\u00edvel viagem de 9 dias por Marrocos, que combina aventura no deserto, encontros aut\u00eanticos e paisagens de cortar a respira\u00e7\u00e3o. Esta viagem foi pensada para viajantes que apreciam cen\u00e1rios \u00fanicos, cultura local e experi\u00eancias significativas. As espetaculares dunas de Erg Chebbi, os desfiladeiros rochosos, os vastos palmeirais e o modo de vida tradicional da regi\u00e3o pr\u00e9-saariana revelam um Marrocos que \u00e9 simultaneamente aut\u00eantico e profundamente humano. Da m\u00fasica folcl\u00f3rica aos momentos partilhados com as fam\u00edlias n\u00f3madas, cada passo convida a abrandar, refletir e desfrutar de um mundo distante do ritmo das cidades modernas.<\/p>\n<p>Mas esta viagem n\u00e3o se resume apenas ao deserto. Explorar\u00e1 tamb\u00e9m o encanto costeiro de Essaouira, Patrim\u00f3nio Mundial da UNESCO, e mergulhar\u00e1 na energia vibrante de Marraquexe, enriquecida por uma visita guiada. O majestoso ksar de Ait Ben Haddou, outro marco da UNESCO, acrescenta uma dimens\u00e3o hist\u00f3rica \u00e0 sua viagem. E se o tempo o permitir, ter\u00e1 tempo livre para desfrutar das belas praias de Essaouira. Ao longo de 9 dias e 8 noites, toda a viagem \u00e9 feita confortavelmente por estrada, permitindo-lhe apreciar plenamente a diversidade e a beleza que Marrocos oferece.<\/p>\n","protected":false},"excerpt":{"rendered":"<p>Vis\u00e3o geral: Embarque numa inesquec\u00edvel viagem de 9 dias por Marrocos, que combina aventura no deserto, encontros aut\u00eanticos e paisagens de cortar a respira\u00e7\u00e3o. Esta viagem foi pensada para viajantes que apreciam cen\u00e1rios \u00fanicos, cultura local e experi\u00eancias significativas. As espetaculares dunas de Erg Chebbi, os desfiladeiros rochosos, os vastos palmeirais e o modo de [&hellip;]<\/p>\n","protected":false},"featured_media":11999,"comment_status":"closed","ping_status":"closed","template":"","meta":{"_joinchat":[]},"product_brand":[],"product_cat":[125],"product_tag":[],"class_list":{"0":"post-12258","1":"product","2":"type-product","3":"status-publish","4":"has-post-thumbnail","6":"product_cat-tours-desde-marrakech","8":"first","9":"instock","10":"purchasable","11":"product-type-ovabrw_car_rental"},"yoast_head":"<!-- This site is optimized with the Yoast SEO Premium plugin v25.0 (Yoast SEO v25.0) - https:\/\/yoast.com\/wordpress\/plugins\/seo\/ -->\n<title>Aventura de 9 dias em Marrocos - Do Saara a Marrakech e Essaouira - Cultural Travel Morocco<\/title>\n<meta name=\"robots\" content=\"index, follow, max-snippet:-1, max-image-preview:large, max-video-preview:-1\" \/>\n<link rel=\"canonical\" href=\"https:\/\/www.culturaltravelmorocco.com\/pt-pt\/product\/aventura-de-9-dias-em-marrocos-do-saara-a-marrakech-e-essaouira\/\" \/>\n<meta property=\"og:locale\" content=\"pt_PT\" \/>\n<meta property=\"og:type\" content=\"article\" \/>\n<meta property=\"og:title\" content=\"Aventura de 9 dias em Marrocos - Do Saara a Marrakech e Essaouira\" \/>\n<meta property=\"og:description\" content=\"Vis\u00e3o geral: Embarque numa inesquec\u00edvel viagem de 9 dias por Marrocos, que combina aventura no deserto, encontros aut\u00eanticos e paisagens de cortar a respira\u00e7\u00e3o. Esta viagem foi pensada para viajantes que apreciam cen\u00e1rios \u00fanicos, cultura local e experi\u00eancias significativas. As espetaculares dunas de Erg Chebbi, os desfiladeiros rochosos, os vastos palmeirais e o modo de [&hellip;]\" \/>\n<meta property=\"og:url\" content=\"https:\/\/www.culturaltravelmorocco.com\/pt-pt\/product\/aventura-de-9-dias-em-marrocos-do-saara-a-marrakech-e-essaouira\/\" \/>\n<meta property=\"og:site_name\" content=\"Cultural Travel Morocco\" \/>\n<meta property=\"article:modified_time\" content=\"2026-01-30T20:55:25+00:00\" \/>\n<meta property=\"og:image\" content=\"https:\/\/www.culturaltravelmorocco.com\/wp-content\/uploads\/2026\/01\/16-1.webp\" \/>\n\t<meta property=\"og:image:width\" content=\"1200\" \/>\n\t<meta property=\"og:image:height\" content=\"1000\" \/>\n\t<meta property=\"og:image:type\" content=\"image\/webp\" \/>\n<meta name=\"twitter:card\" content=\"summary_large_image\" \/>\n<meta name=\"twitter:label1\" content=\"Tempo estimado de leitura\" \/>\n\t<meta name=\"twitter:data1\" content=\"2 minutos\" \/>\n<script type=\"application\/ld+json\" class=\"yoast-schema-graph\">{\"@context\":\"https:\/\/schema.org\",\"@graph\":[{\"@type\":\"WebPage\",\"@id\":\"https:\/\/www.culturaltravelmorocco.com\/pt-pt\/product\/aventura-de-9-dias-em-marrocos-do-saara-a-marrakech-e-essaouira\/\",\"url\":\"https:\/\/www.culturaltravelmorocco.com\/pt-pt\/product\/aventura-de-9-dias-em-marrocos-do-saara-a-marrakech-e-essaouira\/\",\"name\":\"Aventura de 9 dias em Marrocos - Do Saara a Marrakech e Essaouira - Cultural Travel Morocco\",\"isPartOf\":{\"@id\":\"https:\/\/www.culturaltravelmorocco.com\/pt-pt\/#website\"},\"primaryImageOfPage\":{\"@id\":\"https:\/\/www.culturaltravelmorocco.com\/pt-pt\/product\/aventura-de-9-dias-em-marrocos-do-saara-a-marrakech-e-essaouira\/#primaryimage\"},\"image\":{\"@id\":\"https:\/\/www.culturaltravelmorocco.com\/pt-pt\/product\/aventura-de-9-dias-em-marrocos-do-saara-a-marrakech-e-essaouira\/#primaryimage\"},\"thumbnailUrl\":\"https:\/\/www.culturaltravelmorocco.com\/wp-content\/uploads\/2026\/01\/16-1.webp\",\"datePublished\":\"2026-01-10T12:20:34+00:00\",\"dateModified\":\"2026-01-30T20:55:25+00:00\",\"breadcrumb\":{\"@id\":\"https:\/\/www.culturaltravelmorocco.com\/pt-pt\/product\/aventura-de-9-dias-em-marrocos-do-saara-a-marrakech-e-essaouira\/#breadcrumb\"},\"inLanguage\":\"pt-PT\",\"potentialAction\":[{\"@type\":\"ReadAction\",\"target\":[\"https:\/\/www.culturaltravelmorocco.com\/pt-pt\/product\/aventura-de-9-dias-em-marrocos-do-saara-a-marrakech-e-essaouira\/\"]}]},{\"@type\":\"ImageObject\",\"inLanguage\":\"pt-PT\",\"@id\":\"https:\/\/www.culturaltravelmorocco.com\/pt-pt\/product\/aventura-de-9-dias-em-marrocos-do-saara-a-marrakech-e-essaouira\/#primaryimage\",\"url\":\"https:\/\/www.culturaltravelmorocco.com\/wp-content\/uploads\/2026\/01\/16-1.webp\",\"contentUrl\":\"https:\/\/www.culturaltravelmorocco.com\/wp-content\/uploads\/2026\/01\/16-1.webp\",\"width\":1200,\"height\":1000},{\"@type\":\"BreadcrumbList\",\"@id\":\"https:\/\/www.culturaltravelmorocco.com\/pt-pt\/product\/aventura-de-9-dias-em-marrocos-do-saara-a-marrakech-e-essaouira\/#breadcrumb\",\"itemListElement\":[{\"@type\":\"ListItem\",\"position\":1,\"name\":\"In\u00edcio\",\"item\":\"https:\/\/www.culturaltravelmorocco.com\/pt-pt\/\"},{\"@type\":\"ListItem\",\"position\":2,\"name\":\"Produtos\",\"item\":\"https:\/\/www.culturaltravelmorocco.com\/pt-pt\/shop\/\"},{\"@type\":\"ListItem\",\"position\":3,\"name\":\"Aventura de 9 dias em Marrocos &#8211; Do Saara a Marrakech e Essaouira\"}]},{\"@type\":\"WebSite\",\"@id\":\"https:\/\/www.culturaltravelmorocco.com\/pt-pt\/#website\",\"url\":\"https:\/\/www.culturaltravelmorocco.com\/pt-pt\/\",\"name\":\"Cultural Travel Morocco\",\"description\":\"\",\"potentialAction\":[{\"@type\":\"SearchAction\",\"target\":{\"@type\":\"EntryPoint\",\"urlTemplate\":\"https:\/\/www.culturaltravelmorocco.com\/pt-pt\/?s={search_term_string}\"},\"query-input\":{\"@type\":\"PropertyValueSpecification\",\"valueRequired\":true,\"valueName\":\"search_term_string\"}}],\"inLanguage\":\"pt-PT\"}]}<\/script>\n<!-- \/ Yoast SEO Premium plugin. -->","yoast_head_json":{"title":"Aventura de 9 dias em Marrocos - Do Saara a Marrakech e Essaouira - Cultural Travel Morocco","robots":{"index":"index","follow":"follow","max-snippet":"max-snippet:-1","max-image-preview":"max-image-preview:large","max-video-preview":"max-video-preview:-1"},"canonical":"https:\/\/www.culturaltravelmorocco.com\/pt-pt\/product\/aventura-de-9-dias-em-marrocos-do-saara-a-marrakech-e-essaouira\/","og_locale":"pt_PT","og_type":"article","og_title":"Aventura de 9 dias em Marrocos - Do Saara a Marrakech e Essaouira","og_description":"Vis\u00e3o geral: Embarque numa inesquec\u00edvel viagem de 9 dias por Marrocos, que combina aventura no deserto, encontros aut\u00eanticos e paisagens de cortar a respira\u00e7\u00e3o. Esta viagem foi pensada para viajantes que apreciam cen\u00e1rios \u00fanicos, cultura local e experi\u00eancias significativas. As espetaculares dunas de Erg Chebbi, os desfiladeiros rochosos, os vastos palmeirais e o modo de [&hellip;]","og_url":"https:\/\/www.culturaltravelmorocco.com\/pt-pt\/product\/aventura-de-9-dias-em-marrocos-do-saara-a-marrakech-e-essaouira\/","og_site_name":"Cultural Travel Morocco","article_modified_time":"2026-01-30T20:55:25+00:00","og_image":[{"width":1200,"height":1000,"url":"https:\/\/www.culturaltravelmorocco.com\/wp-content\/uploads\/2026\/01\/16-1.webp","type":"image\/webp"}],"twitter_card":"summary_large_image","twitter_misc":{"Tempo estimado de leitura":"2 minutos"},"schema":{"@context":"https:\/\/schema.org","@graph":[{"@type":"WebPage","@id":"https:\/\/www.culturaltravelmorocco.com\/pt-pt\/product\/aventura-de-9-dias-em-marrocos-do-saara-a-marrakech-e-essaouira\/","url":"https:\/\/www.culturaltravelmorocco.com\/pt-pt\/product\/aventura-de-9-dias-em-marrocos-do-saara-a-marrakech-e-essaouira\/","name":"Aventura de 9 dias em Marrocos - Do Saara a Marrakech e Essaouira - Cultural Travel Morocco","isPartOf":{"@id":"https:\/\/www.culturaltravelmorocco.com\/pt-pt\/#website"},"primaryImageOfPage":{"@id":"https:\/\/www.culturaltravelmorocco.com\/pt-pt\/product\/aventura-de-9-dias-em-marrocos-do-saara-a-marrakech-e-essaouira\/#primaryimage"},"image":{"@id":"https:\/\/www.culturaltravelmorocco.com\/pt-pt\/product\/aventura-de-9-dias-em-marrocos-do-saara-a-marrakech-e-essaouira\/#primaryimage"},"thumbnailUrl":"https:\/\/www.culturaltravelmorocco.com\/wp-content\/uploads\/2026\/01\/16-1.webp","datePublished":"2026-01-10T12:20:34+00:00","dateModified":"2026-01-30T20:55:25+00:00","breadcrumb":{"@id":"https:\/\/www.culturaltravelmorocco.com\/pt-pt\/product\/aventura-de-9-dias-em-marrocos-do-saara-a-marrakech-e-essaouira\/#breadcrumb"},"inLanguage":"pt-PT","potentialAction":[{"@type":"ReadAction","target":["https:\/\/www.culturaltravelmorocco.com\/pt-pt\/product\/aventura-de-9-dias-em-marrocos-do-saara-a-marrakech-e-essaouira\/"]}]},{"@type":"ImageObject","inLanguage":"pt-PT","@id":"https:\/\/www.culturaltravelmorocco.com\/pt-pt\/product\/aventura-de-9-dias-em-marrocos-do-saara-a-marrakech-e-essaouira\/#primaryimage","url":"https:\/\/www.culturaltravelmorocco.com\/wp-content\/uploads\/2026\/01\/16-1.webp","contentUrl":"https:\/\/www.culturaltravelmorocco.com\/wp-content\/uploads\/2026\/01\/16-1.webp","width":1200,"height":1000},{"@type":"BreadcrumbList","@id":"https:\/\/www.culturaltravelmorocco.com\/pt-pt\/product\/aventura-de-9-dias-em-marrocos-do-saara-a-marrakech-e-essaouira\/#breadcrumb","itemListElement":[{"@type":"ListItem","position":1,"name":"In\u00edcio","item":"https:\/\/www.culturaltravelmorocco.com\/pt-pt\/"},{"@type":"ListItem","position":2,"name":"Produtos","item":"https:\/\/www.culturaltravelmorocco.com\/pt-pt\/shop\/"},{"@type":"ListItem","position":3,"name":"Aventura de 9 dias em Marrocos &#8211; Do Saara a Marrakech e Essaouira"}]},{"@type":"WebSite","@id":"https:\/\/www.culturaltravelmorocco.com\/pt-pt\/#website","url":"https:\/\/www.culturaltravelmorocco.com\/pt-pt\/","name":"Cultural Travel Morocco","description":"","potentialAction":[{"@type":"SearchAction","target":{"@type":"EntryPoint","urlTemplate":"https:\/\/www.culturaltravelmorocco.com\/pt-pt\/?s={search_term_string}"},"query-input":{"@type":"PropertyValueSpecification","valueRequired":true,"valueName":"search_term_string"}}],"inLanguage":"pt-PT"}]}},"_links":{"self":[{"href":"https:\/\/www.culturaltravelmorocco.com\/pt-pt\/wp-json\/wp\/v2\/product\/12258","targetHints":{"allow":["GET"]}}],"collection":[{"href":"https:\/\/www.culturaltravelmorocco.com\/pt-pt\/wp-json\/wp\/v2\/product"}],"about":[{"href":"https:\/\/www.culturaltravelmorocco.com\/pt-pt\/wp-json\/wp\/v2\/types\/product"}],"replies":[{"embeddable":true,"href":"https:\/\/www.culturaltravelmorocco.com\/pt-pt\/wp-json\/wp\/v2\/comments?post=12258"}],"wp:featuredmedia":[{"embeddable":true,"href":"https:\/\/www.culturaltravelmorocco.com\/pt-pt\/wp-json\/wp\/v2\/media\/11999"}],"wp:attachment":[{"href":"https:\/\/www.culturaltravelmorocco.com\/pt-pt\/wp-json\/wp\/v2\/media?parent=12258"}],"wp:term":[{"taxonomy":"product_brand","embeddable":true,"href":"https:\/\/www.culturaltravelmorocco.com\/pt-pt\/wp-json\/wp\/v2\/product_brand?post=12258"},{"taxonomy":"product_cat","embeddable":true,"href":"https:\/\/www.culturaltravelmorocco.com\/pt-pt\/wp-json\/wp\/v2\/product_cat?post=12258"},{"taxonomy":"product_tag","embeddable":true,"href":"https:\/\/www.culturaltravelmorocco.com\/pt-pt\/wp-json\/wp\/v2\/product_tag?post=12258"}],"curies":[{"name":"wp","href":"https:\/\/api.w.org\/{rel}","templated":true}]}}