{"id":12260,"date":"2026-01-10T12:20:15","date_gmt":"2026-01-10T12:20:15","guid":{"rendered":"https:\/\/www.culturaltravelmorocco.com\/product\/14-day-morocco-tour-from-casablanca-to-marrakech\/"},"modified":"2026-01-30T21:05:14","modified_gmt":"2026-01-30T21:05:14","slug":"excursao-de-14-dias-por-marrocos-de-casablanca-a-marrakech","status":"publish","type":"product","link":"https:\/\/www.culturaltravelmorocco.com\/pt-pt\/product\/excursao-de-14-dias-por-marrocos-de-casablanca-a-marrakech\/","title":{"rendered":"Excurs\u00e3o de 14 dias por Marrocos, de Casablanca a Marrakech"},"content":{"rendered":"<h2>Vis\u00e3o geral:<\/h2>\n<p>Este roteiro de 14 dias por Marrocos oferece uma viagem completa pelas regi\u00f5es mais diversas e cativantes do pa\u00eds, incluindo destinos espetaculares que os roteiros mais curtos geralmente n\u00e3o abrangem. Ao longo da costa atl\u00e2ntica, ir\u00e1 explorar Casablanca, Rabat, a encantadora cidade costeira de Essaouira e a pitoresca cidade de Asilah, conhecida pela sua atmosfera art\u00edstica e encantadora. A regi\u00e3o norte do pa\u00eds revela ainda mais beleza com a elegante Tetouan e a inesquec\u00edvel vila azul de Chefchaouen, dois destinos que destacam a riqueza cultural e a influ\u00eancia mediterr\u00e2nica de Marrocos. Com duas semanas completas de viagem \u2014 14 dias e 13 noites \u2014 este itiner\u00e1rio promete emo\u00e7\u00f5es profundas, encontros significativos e visitas de interesse excecional.<\/p>\n<p>O roteiro inclui ainda as atra\u00e7\u00f5es mais ic\u00f3nicas de Marrocos, aquelas que o pa\u00eds orgulhosamente apresenta aos viajantes de todo o mundo. Entre elas, as cidades imperiais de Fez e Marraquexe, famosas pela sua hist\u00f3ria, arte e artesanato; o m\u00e1gico Deserto do Saara, com as suas dunas douradas de Erg Chebbi; e magn\u00edficas fortalezas berberes como Ait Ben Haddou. A natureza acrescenta o seu toque espetacular com os majestosos picos do Alto Atlas e do M\u00e9dio Atlas, muitas vezes cobertos de neve dependendo da esta\u00e7\u00e3o, juntamente com vales de extraordin\u00e1ria beleza. Este itiner\u00e1rio completo garante uma imers\u00e3o profunda e inesquec\u00edvel nas paisagens, na cultura e no esp\u00edrito de Marrocos.<\/p>\n","protected":false},"excerpt":{"rendered":"<p>Vis\u00e3o geral: Este roteiro de 14 dias por Marrocos oferece uma viagem completa pelas regi\u00f5es mais diversas e cativantes do pa\u00eds, incluindo destinos espetaculares que os roteiros mais curtos geralmente n\u00e3o abrangem. Ao longo da costa atl\u00e2ntica, ir\u00e1 explorar Casablanca, Rabat, a encantadora cidade costeira de Essaouira e a pitoresca cidade de Asilah, conhecida pela [&hellip;]<\/p>\n","protected":false},"featured_media":12261,"comment_status":"closed","ping_status":"closed","template":"","meta":{"_joinchat":[]},"product_brand":[],"product_cat":[123],"product_tag":[],"class_list":{"0":"post-12260","1":"product","2":"type-product","3":"status-publish","4":"has-post-thumbnail","6":"product_cat-tours-desde-casablanca","8":"first","9":"instock","10":"purchasable","11":"product-type-ovabrw_car_rental"},"yoast_head":"<!-- This site is optimized with the Yoast SEO Premium plugin v25.0 (Yoast SEO v25.0) - https:\/\/yoast.com\/wordpress\/plugins\/seo\/ -->\n<title>Excurs\u00e3o de 14 dias por Marrocos, de Casablanca a Marrakech - Cultural Travel Morocco<\/title>\n<meta name=\"robots\" content=\"index, follow, max-snippet:-1, max-image-preview:large, max-video-preview:-1\" \/>\n<link rel=\"canonical\" href=\"https:\/\/www.culturaltravelmorocco.com\/pt-pt\/product\/excursao-de-14-dias-por-marrocos-de-casablanca-a-marrakech\/\" \/>\n<meta property=\"og:locale\" content=\"pt_PT\" \/>\n<meta property=\"og:type\" content=\"article\" \/>\n<meta property=\"og:title\" content=\"Excurs\u00e3o de 14 dias por Marrocos, de Casablanca a Marrakech\" \/>\n<meta property=\"og:description\" content=\"Vis\u00e3o geral: Este roteiro de 14 dias por Marrocos oferece uma viagem completa pelas regi\u00f5es mais diversas e cativantes do pa\u00eds, incluindo destinos espetaculares que os roteiros mais curtos geralmente n\u00e3o abrangem. Ao longo da costa atl\u00e2ntica, ir\u00e1 explorar Casablanca, Rabat, a encantadora cidade costeira de Essaouira e a pitoresca cidade de Asilah, conhecida pela [&hellip;]\" \/>\n<meta property=\"og:url\" content=\"https:\/\/www.culturaltravelmorocco.com\/pt-pt\/product\/excursao-de-14-dias-por-marrocos-de-casablanca-a-marrakech\/\" \/>\n<meta property=\"og:site_name\" content=\"Cultural Travel Morocco\" \/>\n<meta property=\"article:modified_time\" content=\"2026-01-30T21:05:14+00:00\" \/>\n<meta property=\"og:image\" content=\"https:\/\/www.culturaltravelmorocco.com\/wp-content\/uploads\/2026\/01\/5-3-1.webp\" \/>\n\t<meta property=\"og:image:width\" content=\"1200\" \/>\n\t<meta property=\"og:image:height\" content=\"1000\" \/>\n\t<meta property=\"og:image:type\" content=\"image\/webp\" \/>\n<meta name=\"twitter:card\" content=\"summary_large_image\" \/>\n<meta name=\"twitter:label1\" content=\"Tempo estimado de leitura\" \/>\n\t<meta name=\"twitter:data1\" content=\"2 minutos\" \/>\n<script type=\"application\/ld+json\" class=\"yoast-schema-graph\">{\"@context\":\"https:\/\/schema.org\",\"@graph\":[{\"@type\":\"WebPage\",\"@id\":\"https:\/\/www.culturaltravelmorocco.com\/pt-pt\/product\/excursao-de-14-dias-por-marrocos-de-casablanca-a-marrakech\/\",\"url\":\"https:\/\/www.culturaltravelmorocco.com\/pt-pt\/product\/excursao-de-14-dias-por-marrocos-de-casablanca-a-marrakech\/\",\"name\":\"Excurs\u00e3o de 14 dias por Marrocos, de Casablanca a Marrakech - Cultural Travel Morocco\",\"isPartOf\":{\"@id\":\"https:\/\/www.culturaltravelmorocco.com\/pt-pt\/#website\"},\"primaryImageOfPage\":{\"@id\":\"https:\/\/www.culturaltravelmorocco.com\/pt-pt\/product\/excursao-de-14-dias-por-marrocos-de-casablanca-a-marrakech\/#primaryimage\"},\"image\":{\"@id\":\"https:\/\/www.culturaltravelmorocco.com\/pt-pt\/product\/excursao-de-14-dias-por-marrocos-de-casablanca-a-marrakech\/#primaryimage\"},\"thumbnailUrl\":\"https:\/\/www.culturaltravelmorocco.com\/wp-content\/uploads\/2026\/01\/5-3-1.webp\",\"datePublished\":\"2026-01-10T12:20:15+00:00\",\"dateModified\":\"2026-01-30T21:05:14+00:00\",\"breadcrumb\":{\"@id\":\"https:\/\/www.culturaltravelmorocco.com\/pt-pt\/product\/excursao-de-14-dias-por-marrocos-de-casablanca-a-marrakech\/#breadcrumb\"},\"inLanguage\":\"pt-PT\",\"potentialAction\":[{\"@type\":\"ReadAction\",\"target\":[\"https:\/\/www.culturaltravelmorocco.com\/pt-pt\/product\/excursao-de-14-dias-por-marrocos-de-casablanca-a-marrakech\/\"]}]},{\"@type\":\"ImageObject\",\"inLanguage\":\"pt-PT\",\"@id\":\"https:\/\/www.culturaltravelmorocco.com\/pt-pt\/product\/excursao-de-14-dias-por-marrocos-de-casablanca-a-marrakech\/#primaryimage\",\"url\":\"https:\/\/www.culturaltravelmorocco.com\/wp-content\/uploads\/2026\/01\/5-3-1.webp\",\"contentUrl\":\"https:\/\/www.culturaltravelmorocco.com\/wp-content\/uploads\/2026\/01\/5-3-1.webp\",\"width\":1200,\"height\":1000},{\"@type\":\"BreadcrumbList\",\"@id\":\"https:\/\/www.culturaltravelmorocco.com\/pt-pt\/product\/excursao-de-14-dias-por-marrocos-de-casablanca-a-marrakech\/#breadcrumb\",\"itemListElement\":[{\"@type\":\"ListItem\",\"position\":1,\"name\":\"In\u00edcio\",\"item\":\"https:\/\/www.culturaltravelmorocco.com\/pt-pt\/\"},{\"@type\":\"ListItem\",\"position\":2,\"name\":\"Produtos\",\"item\":\"https:\/\/www.culturaltravelmorocco.com\/pt-pt\/shop\/\"},{\"@type\":\"ListItem\",\"position\":3,\"name\":\"Excurs\u00e3o de 14 dias por Marrocos, de Casablanca a Marrakech\"}]},{\"@type\":\"WebSite\",\"@id\":\"https:\/\/www.culturaltravelmorocco.com\/pt-pt\/#website\",\"url\":\"https:\/\/www.culturaltravelmorocco.com\/pt-pt\/\",\"name\":\"Cultural Travel Morocco\",\"description\":\"\",\"potentialAction\":[{\"@type\":\"SearchAction\",\"target\":{\"@type\":\"EntryPoint\",\"urlTemplate\":\"https:\/\/www.culturaltravelmorocco.com\/pt-pt\/?s={search_term_string}\"},\"query-input\":{\"@type\":\"PropertyValueSpecification\",\"valueRequired\":true,\"valueName\":\"search_term_string\"}}],\"inLanguage\":\"pt-PT\"}]}<\/script>\n<!-- \/ Yoast SEO Premium plugin. -->","yoast_head_json":{"title":"Excurs\u00e3o de 14 dias por Marrocos, de Casablanca a Marrakech - Cultural Travel Morocco","robots":{"index":"index","follow":"follow","max-snippet":"max-snippet:-1","max-image-preview":"max-image-preview:large","max-video-preview":"max-video-preview:-1"},"canonical":"https:\/\/www.culturaltravelmorocco.com\/pt-pt\/product\/excursao-de-14-dias-por-marrocos-de-casablanca-a-marrakech\/","og_locale":"pt_PT","og_type":"article","og_title":"Excurs\u00e3o de 14 dias por Marrocos, de Casablanca a Marrakech","og_description":"Vis\u00e3o geral: Este roteiro de 14 dias por Marrocos oferece uma viagem completa pelas regi\u00f5es mais diversas e cativantes do pa\u00eds, incluindo destinos espetaculares que os roteiros mais curtos geralmente n\u00e3o abrangem. Ao longo da costa atl\u00e2ntica, ir\u00e1 explorar Casablanca, Rabat, a encantadora cidade costeira de Essaouira e a pitoresca cidade de Asilah, conhecida pela [&hellip;]","og_url":"https:\/\/www.culturaltravelmorocco.com\/pt-pt\/product\/excursao-de-14-dias-por-marrocos-de-casablanca-a-marrakech\/","og_site_name":"Cultural Travel Morocco","article_modified_time":"2026-01-30T21:05:14+00:00","og_image":[{"width":1200,"height":1000,"url":"https:\/\/www.culturaltravelmorocco.com\/wp-content\/uploads\/2026\/01\/5-3-1.webp","type":"image\/webp"}],"twitter_card":"summary_large_image","twitter_misc":{"Tempo estimado de leitura":"2 minutos"},"schema":{"@context":"https:\/\/schema.org","@graph":[{"@type":"WebPage","@id":"https:\/\/www.culturaltravelmorocco.com\/pt-pt\/product\/excursao-de-14-dias-por-marrocos-de-casablanca-a-marrakech\/","url":"https:\/\/www.culturaltravelmorocco.com\/pt-pt\/product\/excursao-de-14-dias-por-marrocos-de-casablanca-a-marrakech\/","name":"Excurs\u00e3o de 14 dias por Marrocos, de Casablanca a Marrakech - Cultural Travel Morocco","isPartOf":{"@id":"https:\/\/www.culturaltravelmorocco.com\/pt-pt\/#website"},"primaryImageOfPage":{"@id":"https:\/\/www.culturaltravelmorocco.com\/pt-pt\/product\/excursao-de-14-dias-por-marrocos-de-casablanca-a-marrakech\/#primaryimage"},"image":{"@id":"https:\/\/www.culturaltravelmorocco.com\/pt-pt\/product\/excursao-de-14-dias-por-marrocos-de-casablanca-a-marrakech\/#primaryimage"},"thumbnailUrl":"https:\/\/www.culturaltravelmorocco.com\/wp-content\/uploads\/2026\/01\/5-3-1.webp","datePublished":"2026-01-10T12:20:15+00:00","dateModified":"2026-01-30T21:05:14+00:00","breadcrumb":{"@id":"https:\/\/www.culturaltravelmorocco.com\/pt-pt\/product\/excursao-de-14-dias-por-marrocos-de-casablanca-a-marrakech\/#breadcrumb"},"inLanguage":"pt-PT","potentialAction":[{"@type":"ReadAction","target":["https:\/\/www.culturaltravelmorocco.com\/pt-pt\/product\/excursao-de-14-dias-por-marrocos-de-casablanca-a-marrakech\/"]}]},{"@type":"ImageObject","inLanguage":"pt-PT","@id":"https:\/\/www.culturaltravelmorocco.com\/pt-pt\/product\/excursao-de-14-dias-por-marrocos-de-casablanca-a-marrakech\/#primaryimage","url":"https:\/\/www.culturaltravelmorocco.com\/wp-content\/uploads\/2026\/01\/5-3-1.webp","contentUrl":"https:\/\/www.culturaltravelmorocco.com\/wp-content\/uploads\/2026\/01\/5-3-1.webp","width":1200,"height":1000},{"@type":"BreadcrumbList","@id":"https:\/\/www.culturaltravelmorocco.com\/pt-pt\/product\/excursao-de-14-dias-por-marrocos-de-casablanca-a-marrakech\/#breadcrumb","itemListElement":[{"@type":"ListItem","position":1,"name":"In\u00edcio","item":"https:\/\/www.culturaltravelmorocco.com\/pt-pt\/"},{"@type":"ListItem","position":2,"name":"Produtos","item":"https:\/\/www.culturaltravelmorocco.com\/pt-pt\/shop\/"},{"@type":"ListItem","position":3,"name":"Excurs\u00e3o de 14 dias por Marrocos, de Casablanca a Marrakech"}]},{"@type":"WebSite","@id":"https:\/\/www.culturaltravelmorocco.com\/pt-pt\/#website","url":"https:\/\/www.culturaltravelmorocco.com\/pt-pt\/","name":"Cultural Travel Morocco","description":"","potentialAction":[{"@type":"SearchAction","target":{"@type":"EntryPoint","urlTemplate":"https:\/\/www.culturaltravelmorocco.com\/pt-pt\/?s={search_term_string}"},"query-input":{"@type":"PropertyValueSpecification","valueRequired":true,"valueName":"search_term_string"}}],"inLanguage":"pt-PT"}]}},"_links":{"self":[{"href":"https:\/\/www.culturaltravelmorocco.com\/pt-pt\/wp-json\/wp\/v2\/product\/12260","targetHints":{"allow":["GET"]}}],"collection":[{"href":"https:\/\/www.culturaltravelmorocco.com\/pt-pt\/wp-json\/wp\/v2\/product"}],"about":[{"href":"https:\/\/www.culturaltravelmorocco.com\/pt-pt\/wp-json\/wp\/v2\/types\/product"}],"replies":[{"embeddable":true,"href":"https:\/\/www.culturaltravelmorocco.com\/pt-pt\/wp-json\/wp\/v2\/comments?post=12260"}],"wp:featuredmedia":[{"embeddable":true,"href":"https:\/\/www.culturaltravelmorocco.com\/pt-pt\/wp-json\/wp\/v2\/media\/12261"}],"wp:attachment":[{"href":"https:\/\/www.culturaltravelmorocco.com\/pt-pt\/wp-json\/wp\/v2\/media?parent=12260"}],"wp:term":[{"taxonomy":"product_brand","embeddable":true,"href":"https:\/\/www.culturaltravelmorocco.com\/pt-pt\/wp-json\/wp\/v2\/product_brand?post=12260"},{"taxonomy":"product_cat","embeddable":true,"href":"https:\/\/www.culturaltravelmorocco.com\/pt-pt\/wp-json\/wp\/v2\/product_cat?post=12260"},{"taxonomy":"product_tag","embeddable":true,"href":"https:\/\/www.culturaltravelmorocco.com\/pt-pt\/wp-json\/wp\/v2\/product_tag?post=12260"}],"curies":[{"name":"wp","href":"https:\/\/api.w.org\/{rel}","templated":true}]}}