{"id":12273,"date":"2026-01-10T12:20:15","date_gmt":"2026-01-10T12:20:15","guid":{"rendered":"https:\/\/www.culturaltravelmorocco.com\/product\/13-day-from-marrakech-to-atlantic-coast-and-imperial-cities\/"},"modified":"2026-01-30T21:13:23","modified_gmt":"2026-01-30T21:13:23","slug":"viagem-de-13-dias-de-marrakech-a-costa-atlantica-e-as-cidades-imperiais","status":"publish","type":"product","link":"https:\/\/www.culturaltravelmorocco.com\/pt-pt\/product\/viagem-de-13-dias-de-marrakech-a-costa-atlantica-e-as-cidades-imperiais\/","title":{"rendered":"Viagem de 13 dias de Marrakech \u00e0 costa atl\u00e2ntica e \u00e0s cidades imperiais"},"content":{"rendered":"<h2>Vis\u00e3o geral:<\/h2>\n<p data-start=\"192\" data-end=\"756\">Vivencie as maravilhas de Marrocos nesta excurs\u00e3o privada de 13 dias ao longo da costa atl\u00e2ntica e pelas cidades imperiais marroquinas. Desde as ruas vibrantes de Marraquexe, \u00e0s praias serenas de Agadir e Mirleft, e ao charme hist\u00f3rico de Essaouira, at\u00e9 \u00e0s ruelas azuis de Chefchaouen e \u00e0 grandiosidade imperial de Rabat, Fez e Meknes, esta viagem combina cultura, hist\u00f3ria e paisagens deslumbrantes. Explore as antigas medinas, as ru\u00ednas romanas e os s\u00edtios da UNESCO enquanto desfruta de transfers privados, visitas guiadas e da aut\u00eantica hospitalidade marroquina.<\/p>\n","protected":false},"excerpt":{"rendered":"<p>Vis\u00e3o geral: Vivencie as maravilhas de Marrocos nesta excurs\u00e3o privada de 13 dias ao longo da costa atl\u00e2ntica e pelas cidades imperiais marroquinas. Desde as ruas vibrantes de Marraquexe, \u00e0s praias serenas de Agadir e Mirleft, e ao charme hist\u00f3rico de Essaouira, at\u00e9 \u00e0s ruelas azuis de Chefchaouen e \u00e0 grandiosidade imperial de Rabat, Fez [&hellip;]<\/p>\n","protected":false},"featured_media":12235,"comment_status":"closed","ping_status":"closed","template":"","meta":{"_joinchat":[]},"product_brand":[],"product_cat":[125],"product_tag":[],"class_list":{"0":"post-12273","1":"product","2":"type-product","3":"status-publish","4":"has-post-thumbnail","6":"product_cat-tours-desde-marrakech","8":"first","9":"instock","10":"purchasable","11":"product-type-ovabrw_car_rental"},"yoast_head":"<!-- This site is optimized with the Yoast SEO Premium plugin v25.0 (Yoast SEO v25.0) - https:\/\/yoast.com\/wordpress\/plugins\/seo\/ -->\n<title>Viagem de 13 dias de Marrakech \u00e0 costa atl\u00e2ntica e \u00e0s cidades imperiais - Cultural Travel Morocco<\/title>\n<meta name=\"robots\" content=\"index, follow, max-snippet:-1, max-image-preview:large, max-video-preview:-1\" \/>\n<link rel=\"canonical\" href=\"https:\/\/www.culturaltravelmorocco.com\/pt-pt\/product\/viagem-de-13-dias-de-marrakech-a-costa-atlantica-e-as-cidades-imperiais\/\" \/>\n<meta property=\"og:locale\" content=\"pt_PT\" \/>\n<meta property=\"og:type\" content=\"article\" \/>\n<meta property=\"og:title\" content=\"Viagem de 13 dias de Marrakech \u00e0 costa atl\u00e2ntica e \u00e0s cidades imperiais\" \/>\n<meta property=\"og:description\" content=\"Vis\u00e3o geral: Vivencie as maravilhas de Marrocos nesta excurs\u00e3o privada de 13 dias ao longo da costa atl\u00e2ntica e pelas cidades imperiais marroquinas. Desde as ruas vibrantes de Marraquexe, \u00e0s praias serenas de Agadir e Mirleft, e ao charme hist\u00f3rico de Essaouira, at\u00e9 \u00e0s ruelas azuis de Chefchaouen e \u00e0 grandiosidade imperial de Rabat, Fez [&hellip;]\" \/>\n<meta property=\"og:url\" content=\"https:\/\/www.culturaltravelmorocco.com\/pt-pt\/product\/viagem-de-13-dias-de-marrakech-a-costa-atlantica-e-as-cidades-imperiais\/\" \/>\n<meta property=\"og:site_name\" content=\"Cultural Travel Morocco\" \/>\n<meta property=\"article:modified_time\" content=\"2026-01-30T21:13:23+00:00\" \/>\n<meta property=\"og:image\" content=\"https:\/\/www.culturaltravelmorocco.com\/wp-content\/uploads\/2026\/01\/2-6.webp\" \/>\n\t<meta property=\"og:image:width\" content=\"1200\" \/>\n\t<meta property=\"og:image:height\" content=\"1000\" \/>\n\t<meta property=\"og:image:type\" content=\"image\/webp\" \/>\n<meta name=\"twitter:card\" content=\"summary_large_image\" \/>\n<meta name=\"twitter:label1\" content=\"Tempo estimado de leitura\" \/>\n\t<meta name=\"twitter:data1\" content=\"1 minuto\" \/>\n<script type=\"application\/ld+json\" class=\"yoast-schema-graph\">{\"@context\":\"https:\/\/schema.org\",\"@graph\":[{\"@type\":\"WebPage\",\"@id\":\"https:\/\/www.culturaltravelmorocco.com\/pt-pt\/product\/viagem-de-13-dias-de-marrakech-a-costa-atlantica-e-as-cidades-imperiais\/\",\"url\":\"https:\/\/www.culturaltravelmorocco.com\/pt-pt\/product\/viagem-de-13-dias-de-marrakech-a-costa-atlantica-e-as-cidades-imperiais\/\",\"name\":\"Viagem de 13 dias de Marrakech \u00e0 costa atl\u00e2ntica e \u00e0s cidades imperiais - Cultural Travel Morocco\",\"isPartOf\":{\"@id\":\"https:\/\/www.culturaltravelmorocco.com\/pt-pt\/#website\"},\"primaryImageOfPage\":{\"@id\":\"https:\/\/www.culturaltravelmorocco.com\/pt-pt\/product\/viagem-de-13-dias-de-marrakech-a-costa-atlantica-e-as-cidades-imperiais\/#primaryimage\"},\"image\":{\"@id\":\"https:\/\/www.culturaltravelmorocco.com\/pt-pt\/product\/viagem-de-13-dias-de-marrakech-a-costa-atlantica-e-as-cidades-imperiais\/#primaryimage\"},\"thumbnailUrl\":\"https:\/\/www.culturaltravelmorocco.com\/wp-content\/uploads\/2026\/01\/2-6.webp\",\"datePublished\":\"2026-01-10T12:20:15+00:00\",\"dateModified\":\"2026-01-30T21:13:23+00:00\",\"breadcrumb\":{\"@id\":\"https:\/\/www.culturaltravelmorocco.com\/pt-pt\/product\/viagem-de-13-dias-de-marrakech-a-costa-atlantica-e-as-cidades-imperiais\/#breadcrumb\"},\"inLanguage\":\"pt-PT\",\"potentialAction\":[{\"@type\":\"ReadAction\",\"target\":[\"https:\/\/www.culturaltravelmorocco.com\/pt-pt\/product\/viagem-de-13-dias-de-marrakech-a-costa-atlantica-e-as-cidades-imperiais\/\"]}]},{\"@type\":\"ImageObject\",\"inLanguage\":\"pt-PT\",\"@id\":\"https:\/\/www.culturaltravelmorocco.com\/pt-pt\/product\/viagem-de-13-dias-de-marrakech-a-costa-atlantica-e-as-cidades-imperiais\/#primaryimage\",\"url\":\"https:\/\/www.culturaltravelmorocco.com\/wp-content\/uploads\/2026\/01\/2-6.webp\",\"contentUrl\":\"https:\/\/www.culturaltravelmorocco.com\/wp-content\/uploads\/2026\/01\/2-6.webp\",\"width\":1200,\"height\":1000},{\"@type\":\"BreadcrumbList\",\"@id\":\"https:\/\/www.culturaltravelmorocco.com\/pt-pt\/product\/viagem-de-13-dias-de-marrakech-a-costa-atlantica-e-as-cidades-imperiais\/#breadcrumb\",\"itemListElement\":[{\"@type\":\"ListItem\",\"position\":1,\"name\":\"In\u00edcio\",\"item\":\"https:\/\/www.culturaltravelmorocco.com\/pt-pt\/\"},{\"@type\":\"ListItem\",\"position\":2,\"name\":\"Produtos\",\"item\":\"https:\/\/www.culturaltravelmorocco.com\/pt-pt\/shop\/\"},{\"@type\":\"ListItem\",\"position\":3,\"name\":\"Viagem de 13 dias de Marrakech \u00e0 costa atl\u00e2ntica e \u00e0s cidades imperiais\"}]},{\"@type\":\"WebSite\",\"@id\":\"https:\/\/www.culturaltravelmorocco.com\/pt-pt\/#website\",\"url\":\"https:\/\/www.culturaltravelmorocco.com\/pt-pt\/\",\"name\":\"Cultural Travel Morocco\",\"description\":\"\",\"potentialAction\":[{\"@type\":\"SearchAction\",\"target\":{\"@type\":\"EntryPoint\",\"urlTemplate\":\"https:\/\/www.culturaltravelmorocco.com\/pt-pt\/?s={search_term_string}\"},\"query-input\":{\"@type\":\"PropertyValueSpecification\",\"valueRequired\":true,\"valueName\":\"search_term_string\"}}],\"inLanguage\":\"pt-PT\"}]}<\/script>\n<!-- \/ Yoast SEO Premium plugin. -->","yoast_head_json":{"title":"Viagem de 13 dias de Marrakech \u00e0 costa atl\u00e2ntica e \u00e0s cidades imperiais - Cultural Travel Morocco","robots":{"index":"index","follow":"follow","max-snippet":"max-snippet:-1","max-image-preview":"max-image-preview:large","max-video-preview":"max-video-preview:-1"},"canonical":"https:\/\/www.culturaltravelmorocco.com\/pt-pt\/product\/viagem-de-13-dias-de-marrakech-a-costa-atlantica-e-as-cidades-imperiais\/","og_locale":"pt_PT","og_type":"article","og_title":"Viagem de 13 dias de Marrakech \u00e0 costa atl\u00e2ntica e \u00e0s cidades imperiais","og_description":"Vis\u00e3o geral: Vivencie as maravilhas de Marrocos nesta excurs\u00e3o privada de 13 dias ao longo da costa atl\u00e2ntica e pelas cidades imperiais marroquinas. Desde as ruas vibrantes de Marraquexe, \u00e0s praias serenas de Agadir e Mirleft, e ao charme hist\u00f3rico de Essaouira, at\u00e9 \u00e0s ruelas azuis de Chefchaouen e \u00e0 grandiosidade imperial de Rabat, Fez [&hellip;]","og_url":"https:\/\/www.culturaltravelmorocco.com\/pt-pt\/product\/viagem-de-13-dias-de-marrakech-a-costa-atlantica-e-as-cidades-imperiais\/","og_site_name":"Cultural Travel Morocco","article_modified_time":"2026-01-30T21:13:23+00:00","og_image":[{"width":1200,"height":1000,"url":"https:\/\/www.culturaltravelmorocco.com\/wp-content\/uploads\/2026\/01\/2-6.webp","type":"image\/webp"}],"twitter_card":"summary_large_image","twitter_misc":{"Tempo estimado de leitura":"1 minuto"},"schema":{"@context":"https:\/\/schema.org","@graph":[{"@type":"WebPage","@id":"https:\/\/www.culturaltravelmorocco.com\/pt-pt\/product\/viagem-de-13-dias-de-marrakech-a-costa-atlantica-e-as-cidades-imperiais\/","url":"https:\/\/www.culturaltravelmorocco.com\/pt-pt\/product\/viagem-de-13-dias-de-marrakech-a-costa-atlantica-e-as-cidades-imperiais\/","name":"Viagem de 13 dias de Marrakech \u00e0 costa atl\u00e2ntica e \u00e0s cidades imperiais - Cultural Travel Morocco","isPartOf":{"@id":"https:\/\/www.culturaltravelmorocco.com\/pt-pt\/#website"},"primaryImageOfPage":{"@id":"https:\/\/www.culturaltravelmorocco.com\/pt-pt\/product\/viagem-de-13-dias-de-marrakech-a-costa-atlantica-e-as-cidades-imperiais\/#primaryimage"},"image":{"@id":"https:\/\/www.culturaltravelmorocco.com\/pt-pt\/product\/viagem-de-13-dias-de-marrakech-a-costa-atlantica-e-as-cidades-imperiais\/#primaryimage"},"thumbnailUrl":"https:\/\/www.culturaltravelmorocco.com\/wp-content\/uploads\/2026\/01\/2-6.webp","datePublished":"2026-01-10T12:20:15+00:00","dateModified":"2026-01-30T21:13:23+00:00","breadcrumb":{"@id":"https:\/\/www.culturaltravelmorocco.com\/pt-pt\/product\/viagem-de-13-dias-de-marrakech-a-costa-atlantica-e-as-cidades-imperiais\/#breadcrumb"},"inLanguage":"pt-PT","potentialAction":[{"@type":"ReadAction","target":["https:\/\/www.culturaltravelmorocco.com\/pt-pt\/product\/viagem-de-13-dias-de-marrakech-a-costa-atlantica-e-as-cidades-imperiais\/"]}]},{"@type":"ImageObject","inLanguage":"pt-PT","@id":"https:\/\/www.culturaltravelmorocco.com\/pt-pt\/product\/viagem-de-13-dias-de-marrakech-a-costa-atlantica-e-as-cidades-imperiais\/#primaryimage","url":"https:\/\/www.culturaltravelmorocco.com\/wp-content\/uploads\/2026\/01\/2-6.webp","contentUrl":"https:\/\/www.culturaltravelmorocco.com\/wp-content\/uploads\/2026\/01\/2-6.webp","width":1200,"height":1000},{"@type":"BreadcrumbList","@id":"https:\/\/www.culturaltravelmorocco.com\/pt-pt\/product\/viagem-de-13-dias-de-marrakech-a-costa-atlantica-e-as-cidades-imperiais\/#breadcrumb","itemListElement":[{"@type":"ListItem","position":1,"name":"In\u00edcio","item":"https:\/\/www.culturaltravelmorocco.com\/pt-pt\/"},{"@type":"ListItem","position":2,"name":"Produtos","item":"https:\/\/www.culturaltravelmorocco.com\/pt-pt\/shop\/"},{"@type":"ListItem","position":3,"name":"Viagem de 13 dias de Marrakech \u00e0 costa atl\u00e2ntica e \u00e0s cidades imperiais"}]},{"@type":"WebSite","@id":"https:\/\/www.culturaltravelmorocco.com\/pt-pt\/#website","url":"https:\/\/www.culturaltravelmorocco.com\/pt-pt\/","name":"Cultural Travel Morocco","description":"","potentialAction":[{"@type":"SearchAction","target":{"@type":"EntryPoint","urlTemplate":"https:\/\/www.culturaltravelmorocco.com\/pt-pt\/?s={search_term_string}"},"query-input":{"@type":"PropertyValueSpecification","valueRequired":true,"valueName":"search_term_string"}}],"inLanguage":"pt-PT"}]}},"_links":{"self":[{"href":"https:\/\/www.culturaltravelmorocco.com\/pt-pt\/wp-json\/wp\/v2\/product\/12273","targetHints":{"allow":["GET"]}}],"collection":[{"href":"https:\/\/www.culturaltravelmorocco.com\/pt-pt\/wp-json\/wp\/v2\/product"}],"about":[{"href":"https:\/\/www.culturaltravelmorocco.com\/pt-pt\/wp-json\/wp\/v2\/types\/product"}],"replies":[{"embeddable":true,"href":"https:\/\/www.culturaltravelmorocco.com\/pt-pt\/wp-json\/wp\/v2\/comments?post=12273"}],"wp:featuredmedia":[{"embeddable":true,"href":"https:\/\/www.culturaltravelmorocco.com\/pt-pt\/wp-json\/wp\/v2\/media\/12235"}],"wp:attachment":[{"href":"https:\/\/www.culturaltravelmorocco.com\/pt-pt\/wp-json\/wp\/v2\/media?parent=12273"}],"wp:term":[{"taxonomy":"product_brand","embeddable":true,"href":"https:\/\/www.culturaltravelmorocco.com\/pt-pt\/wp-json\/wp\/v2\/product_brand?post=12273"},{"taxonomy":"product_cat","embeddable":true,"href":"https:\/\/www.culturaltravelmorocco.com\/pt-pt\/wp-json\/wp\/v2\/product_cat?post=12273"},{"taxonomy":"product_tag","embeddable":true,"href":"https:\/\/www.culturaltravelmorocco.com\/pt-pt\/wp-json\/wp\/v2\/product_tag?post=12273"}],"curies":[{"name":"wp","href":"https:\/\/api.w.org\/{rel}","templated":true}]}}