{"id":12294,"date":"2026-01-10T12:20:34","date_gmt":"2026-01-10T12:20:34","guid":{"rendered":"https:\/\/www.culturaltravelmorocco.com\/product\/10-day-morocco-tour-from-marrakech-south-to-north-adventure\/"},"modified":"2026-01-31T13:23:43","modified_gmt":"2026-01-31T13:23:43","slug":"excursao-de-10-dias-no-marrocos-saindo-de-marrakech-aventura-do-sul-ao-norte","status":"publish","type":"product","link":"https:\/\/www.culturaltravelmorocco.com\/pt-pt\/product\/excursao-de-10-dias-no-marrocos-saindo-de-marrakech-aventura-do-sul-ao-norte\/","title":{"rendered":"Excurs\u00e3o de 10 dias no Marrocos saindo de Marrakech \u2013 Aventura do Sul ao Norte"},"content":{"rendered":"<h2>Vis\u00e3o geral:<\/h2>\n<p>Experimente a diversidade de Marrocos nesta excurs\u00e3o rodovi\u00e1ria de 10 dias saindo de Marrakech, viajando confortavelmente em ve\u00edculo particular com um motorista-guia profissional. A viagem leva voc\u00ea por paisagens espetaculares, desde as dunas de areia de Erg Chebbi, atravessadas em camelo, at\u00e9 as trilhas de terra do deserto de Merzouga, bem como os majestosos Alto Atlas, M\u00e9dio Atlas e Montanhas Rif. Ao longo do percurso, voc\u00ea descobrir\u00e1 os exuberantes campos de argan perto de Essaouira, as curvas dram\u00e1ticas das Gargantas de Todra e os deslumbrantes vales pr\u00e9-saarianos de Dades e Ziz \u2013 uma viagem inesquec\u00edvel que mostra a beleza natural e cultural de Marrocos.<\/p>\n<p>Este passeio tamb\u00e9m destaca o encanto das medinas marroquinas, cada uma com o seu car\u00e1cter \u00fanico. Explore a maior medina de Fez, as movimentadas ruas hist\u00f3ricas de Marrakech, a atmosfera costeira de Essaouira, a tradicional vila des\u00e9rtica de Rissani e a colorida medina azul de Chaouen. Experimente o prazer de passear por souks, mercados, pra\u00e7as e locais hist\u00f3ricos como medersas e mesquitas, mergulhando totalmente na vida local. Esta excurs\u00e3o de 10 dias de Marrakech a T\u00e2nger foi meticulosamente projetada para maximizar cada momento, oferecendo uma viagem completa desde os desertos do sul at\u00e9 o litoral do norte.<\/p>\n","protected":false},"excerpt":{"rendered":"<p>Vis\u00e3o geral: Experimente a diversidade de Marrocos nesta excurs\u00e3o rodovi\u00e1ria de 10 dias saindo de Marrakech, viajando confortavelmente em ve\u00edculo particular com um motorista-guia profissional. A viagem leva voc\u00ea por paisagens espetaculares, desde as dunas de areia de Erg Chebbi, atravessadas em camelo, at\u00e9 as trilhas de terra do deserto de Merzouga, bem como os [&hellip;]<\/p>\n","protected":false},"featured_media":11963,"comment_status":"closed","ping_status":"closed","template":"","meta":{"_joinchat":[]},"product_brand":[],"product_cat":[125],"product_tag":[],"class_list":{"0":"post-12294","1":"product","2":"type-product","3":"status-publish","4":"has-post-thumbnail","6":"product_cat-tours-desde-marrakech","8":"first","9":"instock","10":"purchasable","11":"product-type-ovabrw_car_rental"},"yoast_head":"<!-- This site is optimized with the Yoast SEO Premium plugin v25.0 (Yoast SEO v25.0) - https:\/\/yoast.com\/wordpress\/plugins\/seo\/ -->\n<title>Excurs\u00e3o de 10 dias no Marrocos saindo de Marrakech \u2013 Aventura do Sul ao Norte - Cultural Travel Morocco<\/title>\n<meta name=\"robots\" content=\"index, follow, max-snippet:-1, max-image-preview:large, max-video-preview:-1\" \/>\n<link rel=\"canonical\" href=\"https:\/\/www.culturaltravelmorocco.com\/pt-pt\/product\/excursao-de-10-dias-no-marrocos-saindo-de-marrakech-aventura-do-sul-ao-norte\/\" \/>\n<meta property=\"og:locale\" content=\"pt_PT\" \/>\n<meta property=\"og:type\" content=\"article\" \/>\n<meta property=\"og:title\" content=\"Excurs\u00e3o de 10 dias no Marrocos saindo de Marrakech \u2013 Aventura do Sul ao Norte\" \/>\n<meta property=\"og:description\" content=\"Vis\u00e3o geral: Experimente a diversidade de Marrocos nesta excurs\u00e3o rodovi\u00e1ria de 10 dias saindo de Marrakech, viajando confortavelmente em ve\u00edculo particular com um motorista-guia profissional. A viagem leva voc\u00ea por paisagens espetaculares, desde as dunas de areia de Erg Chebbi, atravessadas em camelo, at\u00e9 as trilhas de terra do deserto de Merzouga, bem como os [&hellip;]\" \/>\n<meta property=\"og:url\" content=\"https:\/\/www.culturaltravelmorocco.com\/pt-pt\/product\/excursao-de-10-dias-no-marrocos-saindo-de-marrakech-aventura-do-sul-ao-norte\/\" \/>\n<meta property=\"og:site_name\" content=\"Cultural Travel Morocco\" \/>\n<meta property=\"article:modified_time\" content=\"2026-01-31T13:23:43+00:00\" \/>\n<meta property=\"og:image\" content=\"https:\/\/www.culturaltravelmorocco.com\/wp-content\/uploads\/2026\/01\/6-4.webp\" \/>\n\t<meta property=\"og:image:width\" content=\"1200\" \/>\n\t<meta property=\"og:image:height\" content=\"1000\" \/>\n\t<meta property=\"og:image:type\" content=\"image\/webp\" \/>\n<meta name=\"twitter:card\" content=\"summary_large_image\" \/>\n<meta name=\"twitter:label1\" content=\"Tempo estimado de leitura\" \/>\n\t<meta name=\"twitter:data1\" content=\"2 minutos\" \/>\n<script type=\"application\/ld+json\" class=\"yoast-schema-graph\">{\"@context\":\"https:\/\/schema.org\",\"@graph\":[{\"@type\":\"WebPage\",\"@id\":\"https:\/\/www.culturaltravelmorocco.com\/pt-pt\/product\/excursao-de-10-dias-no-marrocos-saindo-de-marrakech-aventura-do-sul-ao-norte\/\",\"url\":\"https:\/\/www.culturaltravelmorocco.com\/pt-pt\/product\/excursao-de-10-dias-no-marrocos-saindo-de-marrakech-aventura-do-sul-ao-norte\/\",\"name\":\"Excurs\u00e3o de 10 dias no Marrocos saindo de Marrakech \u2013 Aventura do Sul ao Norte - Cultural Travel Morocco\",\"isPartOf\":{\"@id\":\"https:\/\/www.culturaltravelmorocco.com\/pt-pt\/#website\"},\"primaryImageOfPage\":{\"@id\":\"https:\/\/www.culturaltravelmorocco.com\/pt-pt\/product\/excursao-de-10-dias-no-marrocos-saindo-de-marrakech-aventura-do-sul-ao-norte\/#primaryimage\"},\"image\":{\"@id\":\"https:\/\/www.culturaltravelmorocco.com\/pt-pt\/product\/excursao-de-10-dias-no-marrocos-saindo-de-marrakech-aventura-do-sul-ao-norte\/#primaryimage\"},\"thumbnailUrl\":\"https:\/\/www.culturaltravelmorocco.com\/wp-content\/uploads\/2026\/01\/6-4.webp\",\"datePublished\":\"2026-01-10T12:20:34+00:00\",\"dateModified\":\"2026-01-31T13:23:43+00:00\",\"breadcrumb\":{\"@id\":\"https:\/\/www.culturaltravelmorocco.com\/pt-pt\/product\/excursao-de-10-dias-no-marrocos-saindo-de-marrakech-aventura-do-sul-ao-norte\/#breadcrumb\"},\"inLanguage\":\"pt-PT\",\"potentialAction\":[{\"@type\":\"ReadAction\",\"target\":[\"https:\/\/www.culturaltravelmorocco.com\/pt-pt\/product\/excursao-de-10-dias-no-marrocos-saindo-de-marrakech-aventura-do-sul-ao-norte\/\"]}]},{\"@type\":\"ImageObject\",\"inLanguage\":\"pt-PT\",\"@id\":\"https:\/\/www.culturaltravelmorocco.com\/pt-pt\/product\/excursao-de-10-dias-no-marrocos-saindo-de-marrakech-aventura-do-sul-ao-norte\/#primaryimage\",\"url\":\"https:\/\/www.culturaltravelmorocco.com\/wp-content\/uploads\/2026\/01\/6-4.webp\",\"contentUrl\":\"https:\/\/www.culturaltravelmorocco.com\/wp-content\/uploads\/2026\/01\/6-4.webp\",\"width\":1200,\"height\":1000},{\"@type\":\"BreadcrumbList\",\"@id\":\"https:\/\/www.culturaltravelmorocco.com\/pt-pt\/product\/excursao-de-10-dias-no-marrocos-saindo-de-marrakech-aventura-do-sul-ao-norte\/#breadcrumb\",\"itemListElement\":[{\"@type\":\"ListItem\",\"position\":1,\"name\":\"In\u00edcio\",\"item\":\"https:\/\/www.culturaltravelmorocco.com\/pt-pt\/\"},{\"@type\":\"ListItem\",\"position\":2,\"name\":\"Produtos\",\"item\":\"https:\/\/www.culturaltravelmorocco.com\/pt-pt\/shop\/\"},{\"@type\":\"ListItem\",\"position\":3,\"name\":\"Excurs\u00e3o de 10 dias no Marrocos saindo de Marrakech \u2013 Aventura do Sul ao Norte\"}]},{\"@type\":\"WebSite\",\"@id\":\"https:\/\/www.culturaltravelmorocco.com\/pt-pt\/#website\",\"url\":\"https:\/\/www.culturaltravelmorocco.com\/pt-pt\/\",\"name\":\"Cultural Travel Morocco\",\"description\":\"\",\"potentialAction\":[{\"@type\":\"SearchAction\",\"target\":{\"@type\":\"EntryPoint\",\"urlTemplate\":\"https:\/\/www.culturaltravelmorocco.com\/pt-pt\/?s={search_term_string}\"},\"query-input\":{\"@type\":\"PropertyValueSpecification\",\"valueRequired\":true,\"valueName\":\"search_term_string\"}}],\"inLanguage\":\"pt-PT\"}]}<\/script>\n<!-- \/ Yoast SEO Premium plugin. -->","yoast_head_json":{"title":"Excurs\u00e3o de 10 dias no Marrocos saindo de Marrakech \u2013 Aventura do Sul ao Norte - Cultural Travel Morocco","robots":{"index":"index","follow":"follow","max-snippet":"max-snippet:-1","max-image-preview":"max-image-preview:large","max-video-preview":"max-video-preview:-1"},"canonical":"https:\/\/www.culturaltravelmorocco.com\/pt-pt\/product\/excursao-de-10-dias-no-marrocos-saindo-de-marrakech-aventura-do-sul-ao-norte\/","og_locale":"pt_PT","og_type":"article","og_title":"Excurs\u00e3o de 10 dias no Marrocos saindo de Marrakech \u2013 Aventura do Sul ao Norte","og_description":"Vis\u00e3o geral: Experimente a diversidade de Marrocos nesta excurs\u00e3o rodovi\u00e1ria de 10 dias saindo de Marrakech, viajando confortavelmente em ve\u00edculo particular com um motorista-guia profissional. A viagem leva voc\u00ea por paisagens espetaculares, desde as dunas de areia de Erg Chebbi, atravessadas em camelo, at\u00e9 as trilhas de terra do deserto de Merzouga, bem como os [&hellip;]","og_url":"https:\/\/www.culturaltravelmorocco.com\/pt-pt\/product\/excursao-de-10-dias-no-marrocos-saindo-de-marrakech-aventura-do-sul-ao-norte\/","og_site_name":"Cultural Travel Morocco","article_modified_time":"2026-01-31T13:23:43+00:00","og_image":[{"width":1200,"height":1000,"url":"https:\/\/www.culturaltravelmorocco.com\/wp-content\/uploads\/2026\/01\/6-4.webp","type":"image\/webp"}],"twitter_card":"summary_large_image","twitter_misc":{"Tempo estimado de leitura":"2 minutos"},"schema":{"@context":"https:\/\/schema.org","@graph":[{"@type":"WebPage","@id":"https:\/\/www.culturaltravelmorocco.com\/pt-pt\/product\/excursao-de-10-dias-no-marrocos-saindo-de-marrakech-aventura-do-sul-ao-norte\/","url":"https:\/\/www.culturaltravelmorocco.com\/pt-pt\/product\/excursao-de-10-dias-no-marrocos-saindo-de-marrakech-aventura-do-sul-ao-norte\/","name":"Excurs\u00e3o de 10 dias no Marrocos saindo de Marrakech \u2013 Aventura do Sul ao Norte - Cultural Travel Morocco","isPartOf":{"@id":"https:\/\/www.culturaltravelmorocco.com\/pt-pt\/#website"},"primaryImageOfPage":{"@id":"https:\/\/www.culturaltravelmorocco.com\/pt-pt\/product\/excursao-de-10-dias-no-marrocos-saindo-de-marrakech-aventura-do-sul-ao-norte\/#primaryimage"},"image":{"@id":"https:\/\/www.culturaltravelmorocco.com\/pt-pt\/product\/excursao-de-10-dias-no-marrocos-saindo-de-marrakech-aventura-do-sul-ao-norte\/#primaryimage"},"thumbnailUrl":"https:\/\/www.culturaltravelmorocco.com\/wp-content\/uploads\/2026\/01\/6-4.webp","datePublished":"2026-01-10T12:20:34+00:00","dateModified":"2026-01-31T13:23:43+00:00","breadcrumb":{"@id":"https:\/\/www.culturaltravelmorocco.com\/pt-pt\/product\/excursao-de-10-dias-no-marrocos-saindo-de-marrakech-aventura-do-sul-ao-norte\/#breadcrumb"},"inLanguage":"pt-PT","potentialAction":[{"@type":"ReadAction","target":["https:\/\/www.culturaltravelmorocco.com\/pt-pt\/product\/excursao-de-10-dias-no-marrocos-saindo-de-marrakech-aventura-do-sul-ao-norte\/"]}]},{"@type":"ImageObject","inLanguage":"pt-PT","@id":"https:\/\/www.culturaltravelmorocco.com\/pt-pt\/product\/excursao-de-10-dias-no-marrocos-saindo-de-marrakech-aventura-do-sul-ao-norte\/#primaryimage","url":"https:\/\/www.culturaltravelmorocco.com\/wp-content\/uploads\/2026\/01\/6-4.webp","contentUrl":"https:\/\/www.culturaltravelmorocco.com\/wp-content\/uploads\/2026\/01\/6-4.webp","width":1200,"height":1000},{"@type":"BreadcrumbList","@id":"https:\/\/www.culturaltravelmorocco.com\/pt-pt\/product\/excursao-de-10-dias-no-marrocos-saindo-de-marrakech-aventura-do-sul-ao-norte\/#breadcrumb","itemListElement":[{"@type":"ListItem","position":1,"name":"In\u00edcio","item":"https:\/\/www.culturaltravelmorocco.com\/pt-pt\/"},{"@type":"ListItem","position":2,"name":"Produtos","item":"https:\/\/www.culturaltravelmorocco.com\/pt-pt\/shop\/"},{"@type":"ListItem","position":3,"name":"Excurs\u00e3o de 10 dias no Marrocos saindo de Marrakech \u2013 Aventura do Sul ao Norte"}]},{"@type":"WebSite","@id":"https:\/\/www.culturaltravelmorocco.com\/pt-pt\/#website","url":"https:\/\/www.culturaltravelmorocco.com\/pt-pt\/","name":"Cultural Travel Morocco","description":"","potentialAction":[{"@type":"SearchAction","target":{"@type":"EntryPoint","urlTemplate":"https:\/\/www.culturaltravelmorocco.com\/pt-pt\/?s={search_term_string}"},"query-input":{"@type":"PropertyValueSpecification","valueRequired":true,"valueName":"search_term_string"}}],"inLanguage":"pt-PT"}]}},"_links":{"self":[{"href":"https:\/\/www.culturaltravelmorocco.com\/pt-pt\/wp-json\/wp\/v2\/product\/12294","targetHints":{"allow":["GET"]}}],"collection":[{"href":"https:\/\/www.culturaltravelmorocco.com\/pt-pt\/wp-json\/wp\/v2\/product"}],"about":[{"href":"https:\/\/www.culturaltravelmorocco.com\/pt-pt\/wp-json\/wp\/v2\/types\/product"}],"replies":[{"embeddable":true,"href":"https:\/\/www.culturaltravelmorocco.com\/pt-pt\/wp-json\/wp\/v2\/comments?post=12294"}],"wp:featuredmedia":[{"embeddable":true,"href":"https:\/\/www.culturaltravelmorocco.com\/pt-pt\/wp-json\/wp\/v2\/media\/11963"}],"wp:attachment":[{"href":"https:\/\/www.culturaltravelmorocco.com\/pt-pt\/wp-json\/wp\/v2\/media?parent=12294"}],"wp:term":[{"taxonomy":"product_brand","embeddable":true,"href":"https:\/\/www.culturaltravelmorocco.com\/pt-pt\/wp-json\/wp\/v2\/product_brand?post=12294"},{"taxonomy":"product_cat","embeddable":true,"href":"https:\/\/www.culturaltravelmorocco.com\/pt-pt\/wp-json\/wp\/v2\/product_cat?post=12294"},{"taxonomy":"product_tag","embeddable":true,"href":"https:\/\/www.culturaltravelmorocco.com\/pt-pt\/wp-json\/wp\/v2\/product_tag?post=12294"}],"curies":[{"name":"wp","href":"https:\/\/api.w.org\/{rel}","templated":true}]}}