{"id":12301,"date":"2026-01-10T12:20:15","date_gmt":"2026-01-10T12:20:15","guid":{"rendered":"https:\/\/www.culturaltravelmorocco.com\/product\/10-day-9-night-tour-of-the-imperial-cities\/"},"modified":"2026-01-31T13:39:16","modified_gmt":"2026-01-31T13:39:16","slug":"tour-de-10-dias-e-9-noites-pelas-cidades-imperiais","status":"publish","type":"product","link":"https:\/\/www.culturaltravelmorocco.com\/pt-pt\/product\/tour-de-10-dias-e-9-noites-pelas-cidades-imperiais\/","title":{"rendered":"Tour de 10 dias e 9 noites pelas Cidades Imperiais"},"content":{"rendered":"<h2>Vis\u00e3o geral:<\/h2>\n<p><strong>Cidades Imperiais de Marrocos<\/strong><\/p>\n<p>As Cidades Imperiais oferecem uma viagem fascinante pelo passado, presente e futuro de Marrocos \u2014 um pa\u00eds profundamente ligado \u00e0 Europa, n\u00e3o s\u00f3 geograficamente, mas tamb\u00e9m cultural e historicamente. Outrora parte do vasto Imp\u00e9rio Romano, Marrocos sempre serviu de ponte entre a Europa e a \u00c1frica.<\/p>\n<p>Estas cidades maravilhosas, nascidas h\u00e1 mais de mil anos, cativam os visitantes com as suas medinas labir\u00ednticas, ruas estreitas repletas de lojas, mercados e barracas coloridas que revelam a alma vibrante do Norte de \u00c1frica. No Marrocos, a vida acontece nas ruas \u2013 locais de troca, conex\u00e3o e celebra\u00e7\u00e3o.<br \/>\nVisitar as Cidades Imperiais \u00e9 uma experi\u00eancia \u00fanica, onde as vielas labir\u00ednticas de Marrakech, as majestosas avenidas de Rabat e o horizonte moderno de Casablanca coexistem em harmonia.<\/p>\n","protected":false},"excerpt":{"rendered":"<p>Vis\u00e3o geral: Cidades Imperiais de Marrocos As Cidades Imperiais oferecem uma viagem fascinante pelo passado, presente e futuro de Marrocos \u2014 um pa\u00eds profundamente ligado \u00e0 Europa, n\u00e3o s\u00f3 geograficamente, mas tamb\u00e9m cultural e historicamente. Outrora parte do vasto Imp\u00e9rio Romano, Marrocos sempre serviu de ponte entre a Europa e a \u00c1frica. Estas cidades maravilhosas, [&hellip;]<\/p>\n","protected":false},"featured_media":12139,"comment_status":"closed","ping_status":"closed","template":"","meta":{"_joinchat":[]},"product_brand":[],"product_cat":[125],"product_tag":[],"class_list":{"0":"post-12301","1":"product","2":"type-product","3":"status-publish","4":"has-post-thumbnail","6":"product_cat-tours-desde-marrakech","8":"first","9":"instock","10":"purchasable","11":"product-type-ovabrw_car_rental"},"yoast_head":"<!-- This site is optimized with the Yoast SEO Premium plugin v25.0 (Yoast SEO v25.0) - https:\/\/yoast.com\/wordpress\/plugins\/seo\/ -->\n<title>Tour de 10 dias e 9 noites pelas Cidades Imperiais - Cultural Travel Morocco<\/title>\n<meta name=\"robots\" content=\"index, follow, max-snippet:-1, max-image-preview:large, max-video-preview:-1\" \/>\n<link rel=\"canonical\" href=\"https:\/\/www.culturaltravelmorocco.com\/pt-pt\/product\/tour-de-10-dias-e-9-noites-pelas-cidades-imperiais\/\" \/>\n<meta property=\"og:locale\" content=\"pt_PT\" \/>\n<meta property=\"og:type\" content=\"article\" \/>\n<meta property=\"og:title\" content=\"Tour de 10 dias e 9 noites pelas Cidades Imperiais\" \/>\n<meta property=\"og:description\" content=\"Vis\u00e3o geral: Cidades Imperiais de Marrocos As Cidades Imperiais oferecem uma viagem fascinante pelo passado, presente e futuro de Marrocos \u2014 um pa\u00eds profundamente ligado \u00e0 Europa, n\u00e3o s\u00f3 geograficamente, mas tamb\u00e9m cultural e historicamente. Outrora parte do vasto Imp\u00e9rio Romano, Marrocos sempre serviu de ponte entre a Europa e a \u00c1frica. Estas cidades maravilhosas, [&hellip;]\" \/>\n<meta property=\"og:url\" content=\"https:\/\/www.culturaltravelmorocco.com\/pt-pt\/product\/tour-de-10-dias-e-9-noites-pelas-cidades-imperiais\/\" \/>\n<meta property=\"og:site_name\" content=\"Cultural Travel Morocco\" \/>\n<meta property=\"article:modified_time\" content=\"2026-01-31T13:39:16+00:00\" \/>\n<meta property=\"og:image\" content=\"https:\/\/www.culturaltravelmorocco.com\/wp-content\/uploads\/2026\/01\/10-day-9-night-tour-of-the-Imperial-Cities-3.jpg\" \/>\n\t<meta property=\"og:image:width\" content=\"1200\" \/>\n\t<meta property=\"og:image:height\" content=\"1000\" \/>\n\t<meta property=\"og:image:type\" content=\"image\/jpeg\" \/>\n<meta name=\"twitter:card\" content=\"summary_large_image\" \/>\n<meta name=\"twitter:label1\" content=\"Tempo estimado de leitura\" \/>\n\t<meta name=\"twitter:data1\" content=\"1 minuto\" \/>\n<script type=\"application\/ld+json\" class=\"yoast-schema-graph\">{\"@context\":\"https:\/\/schema.org\",\"@graph\":[{\"@type\":\"WebPage\",\"@id\":\"https:\/\/www.culturaltravelmorocco.com\/pt-pt\/product\/tour-de-10-dias-e-9-noites-pelas-cidades-imperiais\/\",\"url\":\"https:\/\/www.culturaltravelmorocco.com\/pt-pt\/product\/tour-de-10-dias-e-9-noites-pelas-cidades-imperiais\/\",\"name\":\"Tour de 10 dias e 9 noites pelas Cidades Imperiais - Cultural Travel Morocco\",\"isPartOf\":{\"@id\":\"https:\/\/www.culturaltravelmorocco.com\/pt-pt\/#website\"},\"primaryImageOfPage\":{\"@id\":\"https:\/\/www.culturaltravelmorocco.com\/pt-pt\/product\/tour-de-10-dias-e-9-noites-pelas-cidades-imperiais\/#primaryimage\"},\"image\":{\"@id\":\"https:\/\/www.culturaltravelmorocco.com\/pt-pt\/product\/tour-de-10-dias-e-9-noites-pelas-cidades-imperiais\/#primaryimage\"},\"thumbnailUrl\":\"https:\/\/www.culturaltravelmorocco.com\/wp-content\/uploads\/2026\/01\/10-day-9-night-tour-of-the-Imperial-Cities-3.jpg\",\"datePublished\":\"2026-01-10T12:20:15+00:00\",\"dateModified\":\"2026-01-31T13:39:16+00:00\",\"breadcrumb\":{\"@id\":\"https:\/\/www.culturaltravelmorocco.com\/pt-pt\/product\/tour-de-10-dias-e-9-noites-pelas-cidades-imperiais\/#breadcrumb\"},\"inLanguage\":\"pt-PT\",\"potentialAction\":[{\"@type\":\"ReadAction\",\"target\":[\"https:\/\/www.culturaltravelmorocco.com\/pt-pt\/product\/tour-de-10-dias-e-9-noites-pelas-cidades-imperiais\/\"]}]},{\"@type\":\"ImageObject\",\"inLanguage\":\"pt-PT\",\"@id\":\"https:\/\/www.culturaltravelmorocco.com\/pt-pt\/product\/tour-de-10-dias-e-9-noites-pelas-cidades-imperiais\/#primaryimage\",\"url\":\"https:\/\/www.culturaltravelmorocco.com\/wp-content\/uploads\/2026\/01\/10-day-9-night-tour-of-the-Imperial-Cities-3.jpg\",\"contentUrl\":\"https:\/\/www.culturaltravelmorocco.com\/wp-content\/uploads\/2026\/01\/10-day-9-night-tour-of-the-Imperial-Cities-3.jpg\",\"width\":1200,\"height\":1000},{\"@type\":\"BreadcrumbList\",\"@id\":\"https:\/\/www.culturaltravelmorocco.com\/pt-pt\/product\/tour-de-10-dias-e-9-noites-pelas-cidades-imperiais\/#breadcrumb\",\"itemListElement\":[{\"@type\":\"ListItem\",\"position\":1,\"name\":\"In\u00edcio\",\"item\":\"https:\/\/www.culturaltravelmorocco.com\/pt-pt\/\"},{\"@type\":\"ListItem\",\"position\":2,\"name\":\"Produtos\",\"item\":\"https:\/\/www.culturaltravelmorocco.com\/pt-pt\/shop\/\"},{\"@type\":\"ListItem\",\"position\":3,\"name\":\"Tour de 10 dias e 9 noites pelas Cidades Imperiais\"}]},{\"@type\":\"WebSite\",\"@id\":\"https:\/\/www.culturaltravelmorocco.com\/pt-pt\/#website\",\"url\":\"https:\/\/www.culturaltravelmorocco.com\/pt-pt\/\",\"name\":\"Cultural Travel Morocco\",\"description\":\"\",\"potentialAction\":[{\"@type\":\"SearchAction\",\"target\":{\"@type\":\"EntryPoint\",\"urlTemplate\":\"https:\/\/www.culturaltravelmorocco.com\/pt-pt\/?s={search_term_string}\"},\"query-input\":{\"@type\":\"PropertyValueSpecification\",\"valueRequired\":true,\"valueName\":\"search_term_string\"}}],\"inLanguage\":\"pt-PT\"}]}<\/script>\n<!-- \/ Yoast SEO Premium plugin. -->","yoast_head_json":{"title":"Tour de 10 dias e 9 noites pelas Cidades Imperiais - Cultural Travel Morocco","robots":{"index":"index","follow":"follow","max-snippet":"max-snippet:-1","max-image-preview":"max-image-preview:large","max-video-preview":"max-video-preview:-1"},"canonical":"https:\/\/www.culturaltravelmorocco.com\/pt-pt\/product\/tour-de-10-dias-e-9-noites-pelas-cidades-imperiais\/","og_locale":"pt_PT","og_type":"article","og_title":"Tour de 10 dias e 9 noites pelas Cidades Imperiais","og_description":"Vis\u00e3o geral: Cidades Imperiais de Marrocos As Cidades Imperiais oferecem uma viagem fascinante pelo passado, presente e futuro de Marrocos \u2014 um pa\u00eds profundamente ligado \u00e0 Europa, n\u00e3o s\u00f3 geograficamente, mas tamb\u00e9m cultural e historicamente. Outrora parte do vasto Imp\u00e9rio Romano, Marrocos sempre serviu de ponte entre a Europa e a \u00c1frica. Estas cidades maravilhosas, [&hellip;]","og_url":"https:\/\/www.culturaltravelmorocco.com\/pt-pt\/product\/tour-de-10-dias-e-9-noites-pelas-cidades-imperiais\/","og_site_name":"Cultural Travel Morocco","article_modified_time":"2026-01-31T13:39:16+00:00","og_image":[{"width":1200,"height":1000,"url":"https:\/\/www.culturaltravelmorocco.com\/wp-content\/uploads\/2026\/01\/10-day-9-night-tour-of-the-Imperial-Cities-3.jpg","type":"image\/jpeg"}],"twitter_card":"summary_large_image","twitter_misc":{"Tempo estimado de leitura":"1 minuto"},"schema":{"@context":"https:\/\/schema.org","@graph":[{"@type":"WebPage","@id":"https:\/\/www.culturaltravelmorocco.com\/pt-pt\/product\/tour-de-10-dias-e-9-noites-pelas-cidades-imperiais\/","url":"https:\/\/www.culturaltravelmorocco.com\/pt-pt\/product\/tour-de-10-dias-e-9-noites-pelas-cidades-imperiais\/","name":"Tour de 10 dias e 9 noites pelas Cidades Imperiais - Cultural Travel Morocco","isPartOf":{"@id":"https:\/\/www.culturaltravelmorocco.com\/pt-pt\/#website"},"primaryImageOfPage":{"@id":"https:\/\/www.culturaltravelmorocco.com\/pt-pt\/product\/tour-de-10-dias-e-9-noites-pelas-cidades-imperiais\/#primaryimage"},"image":{"@id":"https:\/\/www.culturaltravelmorocco.com\/pt-pt\/product\/tour-de-10-dias-e-9-noites-pelas-cidades-imperiais\/#primaryimage"},"thumbnailUrl":"https:\/\/www.culturaltravelmorocco.com\/wp-content\/uploads\/2026\/01\/10-day-9-night-tour-of-the-Imperial-Cities-3.jpg","datePublished":"2026-01-10T12:20:15+00:00","dateModified":"2026-01-31T13:39:16+00:00","breadcrumb":{"@id":"https:\/\/www.culturaltravelmorocco.com\/pt-pt\/product\/tour-de-10-dias-e-9-noites-pelas-cidades-imperiais\/#breadcrumb"},"inLanguage":"pt-PT","potentialAction":[{"@type":"ReadAction","target":["https:\/\/www.culturaltravelmorocco.com\/pt-pt\/product\/tour-de-10-dias-e-9-noites-pelas-cidades-imperiais\/"]}]},{"@type":"ImageObject","inLanguage":"pt-PT","@id":"https:\/\/www.culturaltravelmorocco.com\/pt-pt\/product\/tour-de-10-dias-e-9-noites-pelas-cidades-imperiais\/#primaryimage","url":"https:\/\/www.culturaltravelmorocco.com\/wp-content\/uploads\/2026\/01\/10-day-9-night-tour-of-the-Imperial-Cities-3.jpg","contentUrl":"https:\/\/www.culturaltravelmorocco.com\/wp-content\/uploads\/2026\/01\/10-day-9-night-tour-of-the-Imperial-Cities-3.jpg","width":1200,"height":1000},{"@type":"BreadcrumbList","@id":"https:\/\/www.culturaltravelmorocco.com\/pt-pt\/product\/tour-de-10-dias-e-9-noites-pelas-cidades-imperiais\/#breadcrumb","itemListElement":[{"@type":"ListItem","position":1,"name":"In\u00edcio","item":"https:\/\/www.culturaltravelmorocco.com\/pt-pt\/"},{"@type":"ListItem","position":2,"name":"Produtos","item":"https:\/\/www.culturaltravelmorocco.com\/pt-pt\/shop\/"},{"@type":"ListItem","position":3,"name":"Tour de 10 dias e 9 noites pelas Cidades Imperiais"}]},{"@type":"WebSite","@id":"https:\/\/www.culturaltravelmorocco.com\/pt-pt\/#website","url":"https:\/\/www.culturaltravelmorocco.com\/pt-pt\/","name":"Cultural Travel Morocco","description":"","potentialAction":[{"@type":"SearchAction","target":{"@type":"EntryPoint","urlTemplate":"https:\/\/www.culturaltravelmorocco.com\/pt-pt\/?s={search_term_string}"},"query-input":{"@type":"PropertyValueSpecification","valueRequired":true,"valueName":"search_term_string"}}],"inLanguage":"pt-PT"}]}},"_links":{"self":[{"href":"https:\/\/www.culturaltravelmorocco.com\/pt-pt\/wp-json\/wp\/v2\/product\/12301","targetHints":{"allow":["GET"]}}],"collection":[{"href":"https:\/\/www.culturaltravelmorocco.com\/pt-pt\/wp-json\/wp\/v2\/product"}],"about":[{"href":"https:\/\/www.culturaltravelmorocco.com\/pt-pt\/wp-json\/wp\/v2\/types\/product"}],"replies":[{"embeddable":true,"href":"https:\/\/www.culturaltravelmorocco.com\/pt-pt\/wp-json\/wp\/v2\/comments?post=12301"}],"wp:featuredmedia":[{"embeddable":true,"href":"https:\/\/www.culturaltravelmorocco.com\/pt-pt\/wp-json\/wp\/v2\/media\/12139"}],"wp:attachment":[{"href":"https:\/\/www.culturaltravelmorocco.com\/pt-pt\/wp-json\/wp\/v2\/media?parent=12301"}],"wp:term":[{"taxonomy":"product_brand","embeddable":true,"href":"https:\/\/www.culturaltravelmorocco.com\/pt-pt\/wp-json\/wp\/v2\/product_brand?post=12301"},{"taxonomy":"product_cat","embeddable":true,"href":"https:\/\/www.culturaltravelmorocco.com\/pt-pt\/wp-json\/wp\/v2\/product_cat?post=12301"},{"taxonomy":"product_tag","embeddable":true,"href":"https:\/\/www.culturaltravelmorocco.com\/pt-pt\/wp-json\/wp\/v2\/product_tag?post=12301"}],"curies":[{"name":"wp","href":"https:\/\/api.w.org\/{rel}","templated":true}]}}