{"id":12318,"date":"2026-01-10T12:20:15","date_gmt":"2026-01-10T12:20:15","guid":{"rendered":"https:\/\/www.culturaltravelmorocco.com\/product\/marrakech-merzouga-marrakech-tour-6-days-5-nights-direct-departure-to-dades\/"},"modified":"2026-01-31T14:02:24","modified_gmt":"2026-01-31T14:02:24","slug":"marrakech-merzouga-marrakech-tour-6-dias-5-noites-partida-direta-para-dades","status":"publish","type":"product","link":"https:\/\/www.culturaltravelmorocco.com\/pt-pt\/product\/marrakech-merzouga-marrakech-tour-6-dias-5-noites-partida-direta-para-dades\/","title":{"rendered":"Marrakech Merzouga Marrakech Tour 6 dias 5 noites partida direta para Dades"},"content":{"rendered":"<h2>Vis\u00e3o geral:<\/h2>\n<p>Venha descobrir uma experi\u00eancia \u00fanica explorando a beleza atemporal do Deserto do Saara. Alguns descrevem-no como um retiro tranquilo, outros como uma aventura inesquec\u00edvel e muitos como uma incr\u00edvel explos\u00e3o de cores \u2013 desde o amarelo ardente da areia sob o sol, aos deslumbrantes tons de laranja e ocre, at\u00e9 ao preto profundo da noite iluminada por mil estrelas.<\/p>\n<p>A viagem de Marrakech ao deserto de Erg Chebbi \u00e9 uma sucess\u00e3o de paisagens de tirar o f\u00f4lego \u2013 desde os altos picos das montanhas do Atlas at\u00e9 vales exuberantes que levam \u00e0s dunas douradas de Merzouga. A grandiosa vista das dunas deixar\u00e1 voc\u00ea maravilhado e, depois de visitar Erg Chebbi, a vis\u00e3o do verde Vale do Draa parecer\u00e1 uma miragem on\u00edrica.<\/p>\n","protected":false},"excerpt":{"rendered":"<p>Vis\u00e3o geral: Venha descobrir uma experi\u00eancia \u00fanica explorando a beleza atemporal do Deserto do Saara. Alguns descrevem-no como um retiro tranquilo, outros como uma aventura inesquec\u00edvel e muitos como uma incr\u00edvel explos\u00e3o de cores \u2013 desde o amarelo ardente da areia sob o sol, aos deslumbrantes tons de laranja e ocre, at\u00e9 ao preto profundo [&hellip;]<\/p>\n","protected":false},"featured_media":12202,"comment_status":"closed","ping_status":"closed","template":"","meta":{"_joinchat":[]},"product_brand":[],"product_cat":[125],"product_tag":[],"class_list":{"0":"post-12318","1":"product","2":"type-product","3":"status-publish","4":"has-post-thumbnail","6":"product_cat-tours-desde-marrakech","8":"first","9":"instock","10":"purchasable","11":"product-type-ovabrw_car_rental"},"yoast_head":"<!-- This site is optimized with the Yoast SEO Premium plugin v25.0 (Yoast SEO v25.0) - https:\/\/yoast.com\/wordpress\/plugins\/seo\/ -->\n<title>Marrakech Merzouga Marrakech Tour 6 dias 5 noites partida direta para Dades - Cultural Travel Morocco<\/title>\n<meta name=\"robots\" content=\"index, follow, max-snippet:-1, max-image-preview:large, max-video-preview:-1\" \/>\n<link rel=\"canonical\" href=\"https:\/\/www.culturaltravelmorocco.com\/pt-pt\/product\/marrakech-merzouga-marrakech-tour-6-dias-5-noites-partida-direta-para-dades\/\" \/>\n<meta property=\"og:locale\" content=\"pt_PT\" \/>\n<meta property=\"og:type\" content=\"article\" \/>\n<meta property=\"og:title\" content=\"Marrakech Merzouga Marrakech Tour 6 dias 5 noites partida direta para Dades\" \/>\n<meta property=\"og:description\" content=\"Vis\u00e3o geral: Venha descobrir uma experi\u00eancia \u00fanica explorando a beleza atemporal do Deserto do Saara. Alguns descrevem-no como um retiro tranquilo, outros como uma aventura inesquec\u00edvel e muitos como uma incr\u00edvel explos\u00e3o de cores \u2013 desde o amarelo ardente da areia sob o sol, aos deslumbrantes tons de laranja e ocre, at\u00e9 ao preto profundo [&hellip;]\" \/>\n<meta property=\"og:url\" content=\"https:\/\/www.culturaltravelmorocco.com\/pt-pt\/product\/marrakech-merzouga-marrakech-tour-6-dias-5-noites-partida-direta-para-dades\/\" \/>\n<meta property=\"og:site_name\" content=\"Cultural Travel Morocco\" \/>\n<meta property=\"article:modified_time\" content=\"2026-01-31T14:02:24+00:00\" \/>\n<meta property=\"og:image\" content=\"https:\/\/www.culturaltravelmorocco.com\/wp-content\/uploads\/2026\/01\/Marrakech-Merozuga-Marrakech-Tour-6-days-5-night-5.jpg\" \/>\n\t<meta property=\"og:image:width\" content=\"1200\" \/>\n\t<meta property=\"og:image:height\" content=\"1000\" \/>\n\t<meta property=\"og:image:type\" content=\"image\/jpeg\" \/>\n<meta name=\"twitter:card\" content=\"summary_large_image\" \/>\n<meta name=\"twitter:label1\" content=\"Tempo estimado de leitura\" \/>\n\t<meta name=\"twitter:data1\" content=\"1 minuto\" \/>\n<script type=\"application\/ld+json\" class=\"yoast-schema-graph\">{\"@context\":\"https:\/\/schema.org\",\"@graph\":[{\"@type\":\"WebPage\",\"@id\":\"https:\/\/www.culturaltravelmorocco.com\/pt-pt\/product\/marrakech-merzouga-marrakech-tour-6-dias-5-noites-partida-direta-para-dades\/\",\"url\":\"https:\/\/www.culturaltravelmorocco.com\/pt-pt\/product\/marrakech-merzouga-marrakech-tour-6-dias-5-noites-partida-direta-para-dades\/\",\"name\":\"Marrakech Merzouga Marrakech Tour 6 dias 5 noites partida direta para Dades - Cultural Travel Morocco\",\"isPartOf\":{\"@id\":\"https:\/\/www.culturaltravelmorocco.com\/pt-pt\/#website\"},\"primaryImageOfPage\":{\"@id\":\"https:\/\/www.culturaltravelmorocco.com\/pt-pt\/product\/marrakech-merzouga-marrakech-tour-6-dias-5-noites-partida-direta-para-dades\/#primaryimage\"},\"image\":{\"@id\":\"https:\/\/www.culturaltravelmorocco.com\/pt-pt\/product\/marrakech-merzouga-marrakech-tour-6-dias-5-noites-partida-direta-para-dades\/#primaryimage\"},\"thumbnailUrl\":\"https:\/\/www.culturaltravelmorocco.com\/wp-content\/uploads\/2026\/01\/Marrakech-Merozuga-Marrakech-Tour-6-days-5-night-5.jpg\",\"datePublished\":\"2026-01-10T12:20:15+00:00\",\"dateModified\":\"2026-01-31T14:02:24+00:00\",\"breadcrumb\":{\"@id\":\"https:\/\/www.culturaltravelmorocco.com\/pt-pt\/product\/marrakech-merzouga-marrakech-tour-6-dias-5-noites-partida-direta-para-dades\/#breadcrumb\"},\"inLanguage\":\"pt-PT\",\"potentialAction\":[{\"@type\":\"ReadAction\",\"target\":[\"https:\/\/www.culturaltravelmorocco.com\/pt-pt\/product\/marrakech-merzouga-marrakech-tour-6-dias-5-noites-partida-direta-para-dades\/\"]}]},{\"@type\":\"ImageObject\",\"inLanguage\":\"pt-PT\",\"@id\":\"https:\/\/www.culturaltravelmorocco.com\/pt-pt\/product\/marrakech-merzouga-marrakech-tour-6-dias-5-noites-partida-direta-para-dades\/#primaryimage\",\"url\":\"https:\/\/www.culturaltravelmorocco.com\/wp-content\/uploads\/2026\/01\/Marrakech-Merozuga-Marrakech-Tour-6-days-5-night-5.jpg\",\"contentUrl\":\"https:\/\/www.culturaltravelmorocco.com\/wp-content\/uploads\/2026\/01\/Marrakech-Merozuga-Marrakech-Tour-6-days-5-night-5.jpg\",\"width\":1200,\"height\":1000},{\"@type\":\"BreadcrumbList\",\"@id\":\"https:\/\/www.culturaltravelmorocco.com\/pt-pt\/product\/marrakech-merzouga-marrakech-tour-6-dias-5-noites-partida-direta-para-dades\/#breadcrumb\",\"itemListElement\":[{\"@type\":\"ListItem\",\"position\":1,\"name\":\"In\u00edcio\",\"item\":\"https:\/\/www.culturaltravelmorocco.com\/pt-pt\/\"},{\"@type\":\"ListItem\",\"position\":2,\"name\":\"Produtos\",\"item\":\"https:\/\/www.culturaltravelmorocco.com\/pt-pt\/shop\/\"},{\"@type\":\"ListItem\",\"position\":3,\"name\":\"Marrakech Merzouga Marrakech Tour 6 dias 5 noites partida direta para Dades\"}]},{\"@type\":\"WebSite\",\"@id\":\"https:\/\/www.culturaltravelmorocco.com\/pt-pt\/#website\",\"url\":\"https:\/\/www.culturaltravelmorocco.com\/pt-pt\/\",\"name\":\"Cultural Travel Morocco\",\"description\":\"\",\"potentialAction\":[{\"@type\":\"SearchAction\",\"target\":{\"@type\":\"EntryPoint\",\"urlTemplate\":\"https:\/\/www.culturaltravelmorocco.com\/pt-pt\/?s={search_term_string}\"},\"query-input\":{\"@type\":\"PropertyValueSpecification\",\"valueRequired\":true,\"valueName\":\"search_term_string\"}}],\"inLanguage\":\"pt-PT\"}]}<\/script>\n<!-- \/ Yoast SEO Premium plugin. -->","yoast_head_json":{"title":"Marrakech Merzouga Marrakech Tour 6 dias 5 noites partida direta para Dades - Cultural Travel Morocco","robots":{"index":"index","follow":"follow","max-snippet":"max-snippet:-1","max-image-preview":"max-image-preview:large","max-video-preview":"max-video-preview:-1"},"canonical":"https:\/\/www.culturaltravelmorocco.com\/pt-pt\/product\/marrakech-merzouga-marrakech-tour-6-dias-5-noites-partida-direta-para-dades\/","og_locale":"pt_PT","og_type":"article","og_title":"Marrakech Merzouga Marrakech Tour 6 dias 5 noites partida direta para Dades","og_description":"Vis\u00e3o geral: Venha descobrir uma experi\u00eancia \u00fanica explorando a beleza atemporal do Deserto do Saara. Alguns descrevem-no como um retiro tranquilo, outros como uma aventura inesquec\u00edvel e muitos como uma incr\u00edvel explos\u00e3o de cores \u2013 desde o amarelo ardente da areia sob o sol, aos deslumbrantes tons de laranja e ocre, at\u00e9 ao preto profundo [&hellip;]","og_url":"https:\/\/www.culturaltravelmorocco.com\/pt-pt\/product\/marrakech-merzouga-marrakech-tour-6-dias-5-noites-partida-direta-para-dades\/","og_site_name":"Cultural Travel Morocco","article_modified_time":"2026-01-31T14:02:24+00:00","og_image":[{"width":1200,"height":1000,"url":"https:\/\/www.culturaltravelmorocco.com\/wp-content\/uploads\/2026\/01\/Marrakech-Merozuga-Marrakech-Tour-6-days-5-night-5.jpg","type":"image\/jpeg"}],"twitter_card":"summary_large_image","twitter_misc":{"Tempo estimado de leitura":"1 minuto"},"schema":{"@context":"https:\/\/schema.org","@graph":[{"@type":"WebPage","@id":"https:\/\/www.culturaltravelmorocco.com\/pt-pt\/product\/marrakech-merzouga-marrakech-tour-6-dias-5-noites-partida-direta-para-dades\/","url":"https:\/\/www.culturaltravelmorocco.com\/pt-pt\/product\/marrakech-merzouga-marrakech-tour-6-dias-5-noites-partida-direta-para-dades\/","name":"Marrakech Merzouga Marrakech Tour 6 dias 5 noites partida direta para Dades - Cultural Travel Morocco","isPartOf":{"@id":"https:\/\/www.culturaltravelmorocco.com\/pt-pt\/#website"},"primaryImageOfPage":{"@id":"https:\/\/www.culturaltravelmorocco.com\/pt-pt\/product\/marrakech-merzouga-marrakech-tour-6-dias-5-noites-partida-direta-para-dades\/#primaryimage"},"image":{"@id":"https:\/\/www.culturaltravelmorocco.com\/pt-pt\/product\/marrakech-merzouga-marrakech-tour-6-dias-5-noites-partida-direta-para-dades\/#primaryimage"},"thumbnailUrl":"https:\/\/www.culturaltravelmorocco.com\/wp-content\/uploads\/2026\/01\/Marrakech-Merozuga-Marrakech-Tour-6-days-5-night-5.jpg","datePublished":"2026-01-10T12:20:15+00:00","dateModified":"2026-01-31T14:02:24+00:00","breadcrumb":{"@id":"https:\/\/www.culturaltravelmorocco.com\/pt-pt\/product\/marrakech-merzouga-marrakech-tour-6-dias-5-noites-partida-direta-para-dades\/#breadcrumb"},"inLanguage":"pt-PT","potentialAction":[{"@type":"ReadAction","target":["https:\/\/www.culturaltravelmorocco.com\/pt-pt\/product\/marrakech-merzouga-marrakech-tour-6-dias-5-noites-partida-direta-para-dades\/"]}]},{"@type":"ImageObject","inLanguage":"pt-PT","@id":"https:\/\/www.culturaltravelmorocco.com\/pt-pt\/product\/marrakech-merzouga-marrakech-tour-6-dias-5-noites-partida-direta-para-dades\/#primaryimage","url":"https:\/\/www.culturaltravelmorocco.com\/wp-content\/uploads\/2026\/01\/Marrakech-Merozuga-Marrakech-Tour-6-days-5-night-5.jpg","contentUrl":"https:\/\/www.culturaltravelmorocco.com\/wp-content\/uploads\/2026\/01\/Marrakech-Merozuga-Marrakech-Tour-6-days-5-night-5.jpg","width":1200,"height":1000},{"@type":"BreadcrumbList","@id":"https:\/\/www.culturaltravelmorocco.com\/pt-pt\/product\/marrakech-merzouga-marrakech-tour-6-dias-5-noites-partida-direta-para-dades\/#breadcrumb","itemListElement":[{"@type":"ListItem","position":1,"name":"In\u00edcio","item":"https:\/\/www.culturaltravelmorocco.com\/pt-pt\/"},{"@type":"ListItem","position":2,"name":"Produtos","item":"https:\/\/www.culturaltravelmorocco.com\/pt-pt\/shop\/"},{"@type":"ListItem","position":3,"name":"Marrakech Merzouga Marrakech Tour 6 dias 5 noites partida direta para Dades"}]},{"@type":"WebSite","@id":"https:\/\/www.culturaltravelmorocco.com\/pt-pt\/#website","url":"https:\/\/www.culturaltravelmorocco.com\/pt-pt\/","name":"Cultural Travel Morocco","description":"","potentialAction":[{"@type":"SearchAction","target":{"@type":"EntryPoint","urlTemplate":"https:\/\/www.culturaltravelmorocco.com\/pt-pt\/?s={search_term_string}"},"query-input":{"@type":"PropertyValueSpecification","valueRequired":true,"valueName":"search_term_string"}}],"inLanguage":"pt-PT"}]}},"_links":{"self":[{"href":"https:\/\/www.culturaltravelmorocco.com\/pt-pt\/wp-json\/wp\/v2\/product\/12318","targetHints":{"allow":["GET"]}}],"collection":[{"href":"https:\/\/www.culturaltravelmorocco.com\/pt-pt\/wp-json\/wp\/v2\/product"}],"about":[{"href":"https:\/\/www.culturaltravelmorocco.com\/pt-pt\/wp-json\/wp\/v2\/types\/product"}],"replies":[{"embeddable":true,"href":"https:\/\/www.culturaltravelmorocco.com\/pt-pt\/wp-json\/wp\/v2\/comments?post=12318"}],"wp:featuredmedia":[{"embeddable":true,"href":"https:\/\/www.culturaltravelmorocco.com\/pt-pt\/wp-json\/wp\/v2\/media\/12202"}],"wp:attachment":[{"href":"https:\/\/www.culturaltravelmorocco.com\/pt-pt\/wp-json\/wp\/v2\/media?parent=12318"}],"wp:term":[{"taxonomy":"product_brand","embeddable":true,"href":"https:\/\/www.culturaltravelmorocco.com\/pt-pt\/wp-json\/wp\/v2\/product_brand?post=12318"},{"taxonomy":"product_cat","embeddable":true,"href":"https:\/\/www.culturaltravelmorocco.com\/pt-pt\/wp-json\/wp\/v2\/product_cat?post=12318"},{"taxonomy":"product_tag","embeddable":true,"href":"https:\/\/www.culturaltravelmorocco.com\/pt-pt\/wp-json\/wp\/v2\/product_tag?post=12318"}],"curies":[{"name":"wp","href":"https:\/\/api.w.org\/{rel}","templated":true}]}}