{"id":12327,"date":"2026-01-10T12:20:15","date_gmt":"2026-01-10T12:20:15","guid":{"rendered":"https:\/\/www.culturaltravelmorocco.com\/product\/3-day-tour-from-fez-to-merzouga-and-back\/"},"modified":"2026-01-31T14:15:06","modified_gmt":"2026-01-31T14:15:06","slug":"excursao-de-3-dias-de-fez-a-merzouga-e-regresso","status":"publish","type":"product","link":"https:\/\/www.culturaltravelmorocco.com\/pt-pt\/product\/excursao-de-3-dias-de-fez-a-merzouga-e-regresso\/","title":{"rendered":"Excurs\u00e3o de 3 dias de Fez a Merzouga e regresso"},"content":{"rendered":"<h2>Vis\u00e3o geral:<\/h2>\n<p>Embarque numa espetacular viagem de 3 dias de Fez a Merzouga e regresso, explorando as diversas paisagens e a rica cultura de Marrocos. Atravesse a encantadora cidade de Ifrane, muitas vezes chamada de &#8220;Su\u00ed\u00e7a de Marrocos&#8221;, e desfrute da serena beleza das montanhas do M\u00e9dio Atlas e da Floresta de Cedros, lar dos macacos-de-gibraltar. Pare em Midelt, situada entre o M\u00e9dio e o Alto Atlas, e descubra os seus pomares exuberantes e a sua heran\u00e7a agr\u00edcola. Continue pelo deslumbrante Vale do Ziz e vastos o\u00e1sis de palmeiras, chegando a Erfoud, a porta de entrada para o Deserto do Saara, conhecida pelas suas oficinas de f\u00f3sseis e deliciosas t\u00e2maras. Experimente a magia do deserto no segundo dia com um nascer do sol sobre as dunas, visitas a aldeias n\u00f3madas e os ritmos vibrantes da aldeia de Khamlia. Cavalgue em dromed\u00e1rios at\u00e9 ao cora\u00e7\u00e3o do Saara, assista ao inesquec\u00edvel p\u00f4r-do-sol no deserto e passe a noite num acampamento berbere tradicional sob as estrelas. No \u00faltimo dia, regresse a Fez, admirando as paisagens des\u00e9rticas de cortar a respira\u00e7\u00e3o e os vales pitorescos ao longo do caminho. Este passeio oferece a combina\u00e7\u00e3o perfeita de aventura, imers\u00e3o cultural e conforto, sendo ideal para quem deseja uma experi\u00eancia curta, mas inesquec\u00edvel, no Saara.<\/p>\n","protected":false},"excerpt":{"rendered":"<p>Vis\u00e3o geral: Embarque numa espetacular viagem de 3 dias de Fez a Merzouga e regresso, explorando as diversas paisagens e a rica cultura de Marrocos. Atravesse a encantadora cidade de Ifrane, muitas vezes chamada de &#8220;Su\u00ed\u00e7a de Marrocos&#8221;, e desfrute da serena beleza das montanhas do M\u00e9dio Atlas e da Floresta de Cedros, lar dos [&hellip;]<\/p>\n","protected":false},"featured_media":11957,"comment_status":"closed","ping_status":"closed","template":"","meta":{"_joinchat":[]},"product_brand":[],"product_cat":[124],"product_tag":[],"class_list":{"0":"post-12327","1":"product","2":"type-product","3":"status-publish","4":"has-post-thumbnail","6":"product_cat-tours-desde-fez","8":"first","9":"instock","10":"purchasable","11":"product-type-ovabrw_car_rental"},"yoast_head":"<!-- This site is optimized with the Yoast SEO Premium plugin v25.0 (Yoast SEO v25.0) - https:\/\/yoast.com\/wordpress\/plugins\/seo\/ -->\n<title>Excurs\u00e3o de 3 dias de Fez a Merzouga e regresso - Cultural Travel Morocco<\/title>\n<meta name=\"robots\" content=\"index, follow, max-snippet:-1, max-image-preview:large, max-video-preview:-1\" \/>\n<link rel=\"canonical\" href=\"https:\/\/www.culturaltravelmorocco.com\/pt-pt\/product\/excursao-de-3-dias-de-fez-a-merzouga-e-regresso\/\" \/>\n<meta property=\"og:locale\" content=\"pt_PT\" \/>\n<meta property=\"og:type\" content=\"article\" \/>\n<meta property=\"og:title\" content=\"Excurs\u00e3o de 3 dias de Fez a Merzouga e regresso\" \/>\n<meta property=\"og:description\" content=\"Vis\u00e3o geral: Embarque numa espetacular viagem de 3 dias de Fez a Merzouga e regresso, explorando as diversas paisagens e a rica cultura de Marrocos. Atravesse a encantadora cidade de Ifrane, muitas vezes chamada de &#8220;Su\u00ed\u00e7a de Marrocos&#8221;, e desfrute da serena beleza das montanhas do M\u00e9dio Atlas e da Floresta de Cedros, lar dos [&hellip;]\" \/>\n<meta property=\"og:url\" content=\"https:\/\/www.culturaltravelmorocco.com\/pt-pt\/product\/excursao-de-3-dias-de-fez-a-merzouga-e-regresso\/\" \/>\n<meta property=\"og:site_name\" content=\"Cultural Travel Morocco\" \/>\n<meta property=\"article:modified_time\" content=\"2026-01-31T14:15:06+00:00\" \/>\n<meta property=\"og:image\" content=\"https:\/\/www.culturaltravelmorocco.com\/wp-content\/uploads\/2026\/01\/6.webp\" \/>\n\t<meta property=\"og:image:width\" content=\"1200\" \/>\n\t<meta property=\"og:image:height\" content=\"1000\" \/>\n\t<meta property=\"og:image:type\" content=\"image\/webp\" \/>\n<meta name=\"twitter:card\" content=\"summary_large_image\" \/>\n<meta name=\"twitter:label1\" content=\"Tempo estimado de leitura\" \/>\n\t<meta name=\"twitter:data1\" content=\"2 minutos\" \/>\n<script type=\"application\/ld+json\" class=\"yoast-schema-graph\">{\"@context\":\"https:\/\/schema.org\",\"@graph\":[{\"@type\":\"WebPage\",\"@id\":\"https:\/\/www.culturaltravelmorocco.com\/pt-pt\/product\/excursao-de-3-dias-de-fez-a-merzouga-e-regresso\/\",\"url\":\"https:\/\/www.culturaltravelmorocco.com\/pt-pt\/product\/excursao-de-3-dias-de-fez-a-merzouga-e-regresso\/\",\"name\":\"Excurs\u00e3o de 3 dias de Fez a Merzouga e regresso - Cultural Travel Morocco\",\"isPartOf\":{\"@id\":\"https:\/\/www.culturaltravelmorocco.com\/pt-pt\/#website\"},\"primaryImageOfPage\":{\"@id\":\"https:\/\/www.culturaltravelmorocco.com\/pt-pt\/product\/excursao-de-3-dias-de-fez-a-merzouga-e-regresso\/#primaryimage\"},\"image\":{\"@id\":\"https:\/\/www.culturaltravelmorocco.com\/pt-pt\/product\/excursao-de-3-dias-de-fez-a-merzouga-e-regresso\/#primaryimage\"},\"thumbnailUrl\":\"https:\/\/www.culturaltravelmorocco.com\/wp-content\/uploads\/2026\/01\/6.webp\",\"datePublished\":\"2026-01-10T12:20:15+00:00\",\"dateModified\":\"2026-01-31T14:15:06+00:00\",\"breadcrumb\":{\"@id\":\"https:\/\/www.culturaltravelmorocco.com\/pt-pt\/product\/excursao-de-3-dias-de-fez-a-merzouga-e-regresso\/#breadcrumb\"},\"inLanguage\":\"pt-PT\",\"potentialAction\":[{\"@type\":\"ReadAction\",\"target\":[\"https:\/\/www.culturaltravelmorocco.com\/pt-pt\/product\/excursao-de-3-dias-de-fez-a-merzouga-e-regresso\/\"]}]},{\"@type\":\"ImageObject\",\"inLanguage\":\"pt-PT\",\"@id\":\"https:\/\/www.culturaltravelmorocco.com\/pt-pt\/product\/excursao-de-3-dias-de-fez-a-merzouga-e-regresso\/#primaryimage\",\"url\":\"https:\/\/www.culturaltravelmorocco.com\/wp-content\/uploads\/2026\/01\/6.webp\",\"contentUrl\":\"https:\/\/www.culturaltravelmorocco.com\/wp-content\/uploads\/2026\/01\/6.webp\",\"width\":1200,\"height\":1000},{\"@type\":\"BreadcrumbList\",\"@id\":\"https:\/\/www.culturaltravelmorocco.com\/pt-pt\/product\/excursao-de-3-dias-de-fez-a-merzouga-e-regresso\/#breadcrumb\",\"itemListElement\":[{\"@type\":\"ListItem\",\"position\":1,\"name\":\"In\u00edcio\",\"item\":\"https:\/\/www.culturaltravelmorocco.com\/pt-pt\/\"},{\"@type\":\"ListItem\",\"position\":2,\"name\":\"Produtos\",\"item\":\"https:\/\/www.culturaltravelmorocco.com\/pt-pt\/shop\/\"},{\"@type\":\"ListItem\",\"position\":3,\"name\":\"Excurs\u00e3o de 3 dias de Fez a Merzouga e regresso\"}]},{\"@type\":\"WebSite\",\"@id\":\"https:\/\/www.culturaltravelmorocco.com\/pt-pt\/#website\",\"url\":\"https:\/\/www.culturaltravelmorocco.com\/pt-pt\/\",\"name\":\"Cultural Travel Morocco\",\"description\":\"\",\"potentialAction\":[{\"@type\":\"SearchAction\",\"target\":{\"@type\":\"EntryPoint\",\"urlTemplate\":\"https:\/\/www.culturaltravelmorocco.com\/pt-pt\/?s={search_term_string}\"},\"query-input\":{\"@type\":\"PropertyValueSpecification\",\"valueRequired\":true,\"valueName\":\"search_term_string\"}}],\"inLanguage\":\"pt-PT\"}]}<\/script>\n<!-- \/ Yoast SEO Premium plugin. -->","yoast_head_json":{"title":"Excurs\u00e3o de 3 dias de Fez a Merzouga e regresso - Cultural Travel Morocco","robots":{"index":"index","follow":"follow","max-snippet":"max-snippet:-1","max-image-preview":"max-image-preview:large","max-video-preview":"max-video-preview:-1"},"canonical":"https:\/\/www.culturaltravelmorocco.com\/pt-pt\/product\/excursao-de-3-dias-de-fez-a-merzouga-e-regresso\/","og_locale":"pt_PT","og_type":"article","og_title":"Excurs\u00e3o de 3 dias de Fez a Merzouga e regresso","og_description":"Vis\u00e3o geral: Embarque numa espetacular viagem de 3 dias de Fez a Merzouga e regresso, explorando as diversas paisagens e a rica cultura de Marrocos. Atravesse a encantadora cidade de Ifrane, muitas vezes chamada de &#8220;Su\u00ed\u00e7a de Marrocos&#8221;, e desfrute da serena beleza das montanhas do M\u00e9dio Atlas e da Floresta de Cedros, lar dos [&hellip;]","og_url":"https:\/\/www.culturaltravelmorocco.com\/pt-pt\/product\/excursao-de-3-dias-de-fez-a-merzouga-e-regresso\/","og_site_name":"Cultural Travel Morocco","article_modified_time":"2026-01-31T14:15:06+00:00","og_image":[{"width":1200,"height":1000,"url":"https:\/\/www.culturaltravelmorocco.com\/wp-content\/uploads\/2026\/01\/6.webp","type":"image\/webp"}],"twitter_card":"summary_large_image","twitter_misc":{"Tempo estimado de leitura":"2 minutos"},"schema":{"@context":"https:\/\/schema.org","@graph":[{"@type":"WebPage","@id":"https:\/\/www.culturaltravelmorocco.com\/pt-pt\/product\/excursao-de-3-dias-de-fez-a-merzouga-e-regresso\/","url":"https:\/\/www.culturaltravelmorocco.com\/pt-pt\/product\/excursao-de-3-dias-de-fez-a-merzouga-e-regresso\/","name":"Excurs\u00e3o de 3 dias de Fez a Merzouga e regresso - Cultural Travel Morocco","isPartOf":{"@id":"https:\/\/www.culturaltravelmorocco.com\/pt-pt\/#website"},"primaryImageOfPage":{"@id":"https:\/\/www.culturaltravelmorocco.com\/pt-pt\/product\/excursao-de-3-dias-de-fez-a-merzouga-e-regresso\/#primaryimage"},"image":{"@id":"https:\/\/www.culturaltravelmorocco.com\/pt-pt\/product\/excursao-de-3-dias-de-fez-a-merzouga-e-regresso\/#primaryimage"},"thumbnailUrl":"https:\/\/www.culturaltravelmorocco.com\/wp-content\/uploads\/2026\/01\/6.webp","datePublished":"2026-01-10T12:20:15+00:00","dateModified":"2026-01-31T14:15:06+00:00","breadcrumb":{"@id":"https:\/\/www.culturaltravelmorocco.com\/pt-pt\/product\/excursao-de-3-dias-de-fez-a-merzouga-e-regresso\/#breadcrumb"},"inLanguage":"pt-PT","potentialAction":[{"@type":"ReadAction","target":["https:\/\/www.culturaltravelmorocco.com\/pt-pt\/product\/excursao-de-3-dias-de-fez-a-merzouga-e-regresso\/"]}]},{"@type":"ImageObject","inLanguage":"pt-PT","@id":"https:\/\/www.culturaltravelmorocco.com\/pt-pt\/product\/excursao-de-3-dias-de-fez-a-merzouga-e-regresso\/#primaryimage","url":"https:\/\/www.culturaltravelmorocco.com\/wp-content\/uploads\/2026\/01\/6.webp","contentUrl":"https:\/\/www.culturaltravelmorocco.com\/wp-content\/uploads\/2026\/01\/6.webp","width":1200,"height":1000},{"@type":"BreadcrumbList","@id":"https:\/\/www.culturaltravelmorocco.com\/pt-pt\/product\/excursao-de-3-dias-de-fez-a-merzouga-e-regresso\/#breadcrumb","itemListElement":[{"@type":"ListItem","position":1,"name":"In\u00edcio","item":"https:\/\/www.culturaltravelmorocco.com\/pt-pt\/"},{"@type":"ListItem","position":2,"name":"Produtos","item":"https:\/\/www.culturaltravelmorocco.com\/pt-pt\/shop\/"},{"@type":"ListItem","position":3,"name":"Excurs\u00e3o de 3 dias de Fez a Merzouga e regresso"}]},{"@type":"WebSite","@id":"https:\/\/www.culturaltravelmorocco.com\/pt-pt\/#website","url":"https:\/\/www.culturaltravelmorocco.com\/pt-pt\/","name":"Cultural Travel Morocco","description":"","potentialAction":[{"@type":"SearchAction","target":{"@type":"EntryPoint","urlTemplate":"https:\/\/www.culturaltravelmorocco.com\/pt-pt\/?s={search_term_string}"},"query-input":{"@type":"PropertyValueSpecification","valueRequired":true,"valueName":"search_term_string"}}],"inLanguage":"pt-PT"}]}},"_links":{"self":[{"href":"https:\/\/www.culturaltravelmorocco.com\/pt-pt\/wp-json\/wp\/v2\/product\/12327","targetHints":{"allow":["GET"]}}],"collection":[{"href":"https:\/\/www.culturaltravelmorocco.com\/pt-pt\/wp-json\/wp\/v2\/product"}],"about":[{"href":"https:\/\/www.culturaltravelmorocco.com\/pt-pt\/wp-json\/wp\/v2\/types\/product"}],"replies":[{"embeddable":true,"href":"https:\/\/www.culturaltravelmorocco.com\/pt-pt\/wp-json\/wp\/v2\/comments?post=12327"}],"wp:featuredmedia":[{"embeddable":true,"href":"https:\/\/www.culturaltravelmorocco.com\/pt-pt\/wp-json\/wp\/v2\/media\/11957"}],"wp:attachment":[{"href":"https:\/\/www.culturaltravelmorocco.com\/pt-pt\/wp-json\/wp\/v2\/media?parent=12327"}],"wp:term":[{"taxonomy":"product_brand","embeddable":true,"href":"https:\/\/www.culturaltravelmorocco.com\/pt-pt\/wp-json\/wp\/v2\/product_brand?post=12327"},{"taxonomy":"product_cat","embeddable":true,"href":"https:\/\/www.culturaltravelmorocco.com\/pt-pt\/wp-json\/wp\/v2\/product_cat?post=12327"},{"taxonomy":"product_tag","embeddable":true,"href":"https:\/\/www.culturaltravelmorocco.com\/pt-pt\/wp-json\/wp\/v2\/product_tag?post=12327"}],"curies":[{"name":"wp","href":"https:\/\/api.w.org\/{rel}","templated":true}]}}