{"id":12331,"date":"2026-01-10T12:20:15","date_gmt":"2026-01-10T12:20:15","guid":{"rendered":"https:\/\/www.culturaltravelmorocco.com\/product\/4-day-tour-from-fez-to-marrakech\/"},"modified":"2026-01-31T14:20:27","modified_gmt":"2026-01-31T14:20:27","slug":"excursao-de-4-dias-de-fez-a-marrakech","status":"publish","type":"product","link":"https:\/\/www.culturaltravelmorocco.com\/pt-pt\/product\/excursao-de-4-dias-de-fez-a-marrakech\/","title":{"rendered":"Excurs\u00e3o de 4 dias de Fez a Marrakech"},"content":{"rendered":"<h2>Vis\u00e3o geral:<\/h2>\n<p>Embarque numa viagem inesquec\u00edvel de 4 dias de Fez a Marraquexe, combinando o m\u00e1gico Deserto do Saara com as paisagens deslumbrantes das Montanhas Atlas. Viaje por encantadoras cidades como Ifrane, conhecida como a \u201cSu\u00ed\u00e7a de Marrocos\u201d, e explore a exuberante Floresta de Cedros, lar dos macacos-de-gibraltar. Atravesse vales pitorescos, incluindo o Vale do Ziz e vastos o\u00e1sis de palmeiras, antes de chegar \u00e0s dunas douradas de Merzouga, onde poder\u00e1 contemplar o nascer do sol sobre o deserto e cavalgar dromed\u00e1rios at\u00e9 ao cora\u00e7\u00e3o do Saara. Descubra aldeias n\u00f3madas, aprecie a m\u00fasica tradicional berbere em Khamlia e visite as fascinantes minas de Mifiss. Continue pela Garganta do Todra e do Dades, pelo Vale das Rosas e pelas paisagens cinematogr\u00e1ficas de Ouarzazate, incluindo o famoso Kasbah de Ait Ben Haddou, Patrim\u00f3nio Mundial da UNESCO. Atravesse a majestosa Cordilheira do Alto Atlas a caminho de Marraquexe, testemunhando picos nevados, cascatas e pitorescas aldeias berberes ao longo do caminho. Este passeio combina aventura, cultura e conforto, oferecendo uma experi\u00eancia inesquec\u00edvel dos desertos, montanhas e patrim\u00f3nio de Marrocos.<\/p>\n","protected":false},"excerpt":{"rendered":"<p>Vis\u00e3o geral: Embarque numa viagem inesquec\u00edvel de 4 dias de Fez a Marraquexe, combinando o m\u00e1gico Deserto do Saara com as paisagens deslumbrantes das Montanhas Atlas. Viaje por encantadoras cidades como Ifrane, conhecida como a \u201cSu\u00ed\u00e7a de Marrocos\u201d, e explore a exuberante Floresta de Cedros, lar dos macacos-de-gibraltar. Atravesse vales pitorescos, incluindo o Vale do [&hellip;]<\/p>\n","protected":false},"featured_media":12332,"comment_status":"closed","ping_status":"closed","template":"","meta":{"_joinchat":[]},"product_brand":[],"product_cat":[124],"product_tag":[],"class_list":{"0":"post-12331","1":"product","2":"type-product","3":"status-publish","4":"has-post-thumbnail","6":"product_cat-tours-desde-fez","8":"first","9":"instock","10":"purchasable","11":"product-type-ovabrw_car_rental"},"yoast_head":"<!-- This site is optimized with the Yoast SEO Premium plugin v25.0 (Yoast SEO v25.0) - https:\/\/yoast.com\/wordpress\/plugins\/seo\/ -->\n<title>Excurs\u00e3o de 4 dias de Fez a Marrakech - Cultural Travel Morocco<\/title>\n<meta name=\"robots\" content=\"index, follow, max-snippet:-1, max-image-preview:large, max-video-preview:-1\" \/>\n<link rel=\"canonical\" href=\"https:\/\/www.culturaltravelmorocco.com\/pt-pt\/product\/excursao-de-4-dias-de-fez-a-marrakech\/\" \/>\n<meta property=\"og:locale\" content=\"pt_PT\" \/>\n<meta property=\"og:type\" content=\"article\" \/>\n<meta property=\"og:title\" content=\"Excurs\u00e3o de 4 dias de Fez a Marrakech\" \/>\n<meta property=\"og:description\" content=\"Vis\u00e3o geral: Embarque numa viagem inesquec\u00edvel de 4 dias de Fez a Marraquexe, combinando o m\u00e1gico Deserto do Saara com as paisagens deslumbrantes das Montanhas Atlas. Viaje por encantadoras cidades como Ifrane, conhecida como a \u201cSu\u00ed\u00e7a de Marrocos\u201d, e explore a exuberante Floresta de Cedros, lar dos macacos-de-gibraltar. Atravesse vales pitorescos, incluindo o Vale do [&hellip;]\" \/>\n<meta property=\"og:url\" content=\"https:\/\/www.culturaltravelmorocco.com\/pt-pt\/product\/excursao-de-4-dias-de-fez-a-marrakech\/\" \/>\n<meta property=\"og:site_name\" content=\"Cultural Travel Morocco\" \/>\n<meta property=\"article:modified_time\" content=\"2026-01-31T14:20:27+00:00\" \/>\n<meta property=\"og:image\" content=\"https:\/\/www.culturaltravelmorocco.com\/wp-content\/uploads\/2026\/01\/1-1.webp\" \/>\n\t<meta property=\"og:image:width\" content=\"1200\" \/>\n\t<meta property=\"og:image:height\" content=\"1000\" \/>\n\t<meta property=\"og:image:type\" content=\"image\/webp\" \/>\n<meta name=\"twitter:card\" content=\"summary_large_image\" \/>\n<meta name=\"twitter:label1\" content=\"Tempo estimado de leitura\" \/>\n\t<meta name=\"twitter:data1\" content=\"1 minuto\" \/>\n<script type=\"application\/ld+json\" class=\"yoast-schema-graph\">{\"@context\":\"https:\/\/schema.org\",\"@graph\":[{\"@type\":\"WebPage\",\"@id\":\"https:\/\/www.culturaltravelmorocco.com\/pt-pt\/product\/excursao-de-4-dias-de-fez-a-marrakech\/\",\"url\":\"https:\/\/www.culturaltravelmorocco.com\/pt-pt\/product\/excursao-de-4-dias-de-fez-a-marrakech\/\",\"name\":\"Excurs\u00e3o de 4 dias de Fez a Marrakech - Cultural Travel Morocco\",\"isPartOf\":{\"@id\":\"https:\/\/www.culturaltravelmorocco.com\/pt-pt\/#website\"},\"primaryImageOfPage\":{\"@id\":\"https:\/\/www.culturaltravelmorocco.com\/pt-pt\/product\/excursao-de-4-dias-de-fez-a-marrakech\/#primaryimage\"},\"image\":{\"@id\":\"https:\/\/www.culturaltravelmorocco.com\/pt-pt\/product\/excursao-de-4-dias-de-fez-a-marrakech\/#primaryimage\"},\"thumbnailUrl\":\"https:\/\/www.culturaltravelmorocco.com\/wp-content\/uploads\/2026\/01\/1-1.webp\",\"datePublished\":\"2026-01-10T12:20:15+00:00\",\"dateModified\":\"2026-01-31T14:20:27+00:00\",\"breadcrumb\":{\"@id\":\"https:\/\/www.culturaltravelmorocco.com\/pt-pt\/product\/excursao-de-4-dias-de-fez-a-marrakech\/#breadcrumb\"},\"inLanguage\":\"pt-PT\",\"potentialAction\":[{\"@type\":\"ReadAction\",\"target\":[\"https:\/\/www.culturaltravelmorocco.com\/pt-pt\/product\/excursao-de-4-dias-de-fez-a-marrakech\/\"]}]},{\"@type\":\"ImageObject\",\"inLanguage\":\"pt-PT\",\"@id\":\"https:\/\/www.culturaltravelmorocco.com\/pt-pt\/product\/excursao-de-4-dias-de-fez-a-marrakech\/#primaryimage\",\"url\":\"https:\/\/www.culturaltravelmorocco.com\/wp-content\/uploads\/2026\/01\/1-1.webp\",\"contentUrl\":\"https:\/\/www.culturaltravelmorocco.com\/wp-content\/uploads\/2026\/01\/1-1.webp\",\"width\":1200,\"height\":1000},{\"@type\":\"BreadcrumbList\",\"@id\":\"https:\/\/www.culturaltravelmorocco.com\/pt-pt\/product\/excursao-de-4-dias-de-fez-a-marrakech\/#breadcrumb\",\"itemListElement\":[{\"@type\":\"ListItem\",\"position\":1,\"name\":\"In\u00edcio\",\"item\":\"https:\/\/www.culturaltravelmorocco.com\/pt-pt\/\"},{\"@type\":\"ListItem\",\"position\":2,\"name\":\"Produtos\",\"item\":\"https:\/\/www.culturaltravelmorocco.com\/pt-pt\/shop\/\"},{\"@type\":\"ListItem\",\"position\":3,\"name\":\"Excurs\u00e3o de 4 dias de Fez a Marrakech\"}]},{\"@type\":\"WebSite\",\"@id\":\"https:\/\/www.culturaltravelmorocco.com\/pt-pt\/#website\",\"url\":\"https:\/\/www.culturaltravelmorocco.com\/pt-pt\/\",\"name\":\"Cultural Travel Morocco\",\"description\":\"\",\"potentialAction\":[{\"@type\":\"SearchAction\",\"target\":{\"@type\":\"EntryPoint\",\"urlTemplate\":\"https:\/\/www.culturaltravelmorocco.com\/pt-pt\/?s={search_term_string}\"},\"query-input\":{\"@type\":\"PropertyValueSpecification\",\"valueRequired\":true,\"valueName\":\"search_term_string\"}}],\"inLanguage\":\"pt-PT\"}]}<\/script>\n<!-- \/ Yoast SEO Premium plugin. -->","yoast_head_json":{"title":"Excurs\u00e3o de 4 dias de Fez a Marrakech - Cultural Travel Morocco","robots":{"index":"index","follow":"follow","max-snippet":"max-snippet:-1","max-image-preview":"max-image-preview:large","max-video-preview":"max-video-preview:-1"},"canonical":"https:\/\/www.culturaltravelmorocco.com\/pt-pt\/product\/excursao-de-4-dias-de-fez-a-marrakech\/","og_locale":"pt_PT","og_type":"article","og_title":"Excurs\u00e3o de 4 dias de Fez a Marrakech","og_description":"Vis\u00e3o geral: Embarque numa viagem inesquec\u00edvel de 4 dias de Fez a Marraquexe, combinando o m\u00e1gico Deserto do Saara com as paisagens deslumbrantes das Montanhas Atlas. Viaje por encantadoras cidades como Ifrane, conhecida como a \u201cSu\u00ed\u00e7a de Marrocos\u201d, e explore a exuberante Floresta de Cedros, lar dos macacos-de-gibraltar. Atravesse vales pitorescos, incluindo o Vale do [&hellip;]","og_url":"https:\/\/www.culturaltravelmorocco.com\/pt-pt\/product\/excursao-de-4-dias-de-fez-a-marrakech\/","og_site_name":"Cultural Travel Morocco","article_modified_time":"2026-01-31T14:20:27+00:00","og_image":[{"width":1200,"height":1000,"url":"https:\/\/www.culturaltravelmorocco.com\/wp-content\/uploads\/2026\/01\/1-1.webp","type":"image\/webp"}],"twitter_card":"summary_large_image","twitter_misc":{"Tempo estimado de leitura":"1 minuto"},"schema":{"@context":"https:\/\/schema.org","@graph":[{"@type":"WebPage","@id":"https:\/\/www.culturaltravelmorocco.com\/pt-pt\/product\/excursao-de-4-dias-de-fez-a-marrakech\/","url":"https:\/\/www.culturaltravelmorocco.com\/pt-pt\/product\/excursao-de-4-dias-de-fez-a-marrakech\/","name":"Excurs\u00e3o de 4 dias de Fez a Marrakech - Cultural Travel Morocco","isPartOf":{"@id":"https:\/\/www.culturaltravelmorocco.com\/pt-pt\/#website"},"primaryImageOfPage":{"@id":"https:\/\/www.culturaltravelmorocco.com\/pt-pt\/product\/excursao-de-4-dias-de-fez-a-marrakech\/#primaryimage"},"image":{"@id":"https:\/\/www.culturaltravelmorocco.com\/pt-pt\/product\/excursao-de-4-dias-de-fez-a-marrakech\/#primaryimage"},"thumbnailUrl":"https:\/\/www.culturaltravelmorocco.com\/wp-content\/uploads\/2026\/01\/1-1.webp","datePublished":"2026-01-10T12:20:15+00:00","dateModified":"2026-01-31T14:20:27+00:00","breadcrumb":{"@id":"https:\/\/www.culturaltravelmorocco.com\/pt-pt\/product\/excursao-de-4-dias-de-fez-a-marrakech\/#breadcrumb"},"inLanguage":"pt-PT","potentialAction":[{"@type":"ReadAction","target":["https:\/\/www.culturaltravelmorocco.com\/pt-pt\/product\/excursao-de-4-dias-de-fez-a-marrakech\/"]}]},{"@type":"ImageObject","inLanguage":"pt-PT","@id":"https:\/\/www.culturaltravelmorocco.com\/pt-pt\/product\/excursao-de-4-dias-de-fez-a-marrakech\/#primaryimage","url":"https:\/\/www.culturaltravelmorocco.com\/wp-content\/uploads\/2026\/01\/1-1.webp","contentUrl":"https:\/\/www.culturaltravelmorocco.com\/wp-content\/uploads\/2026\/01\/1-1.webp","width":1200,"height":1000},{"@type":"BreadcrumbList","@id":"https:\/\/www.culturaltravelmorocco.com\/pt-pt\/product\/excursao-de-4-dias-de-fez-a-marrakech\/#breadcrumb","itemListElement":[{"@type":"ListItem","position":1,"name":"In\u00edcio","item":"https:\/\/www.culturaltravelmorocco.com\/pt-pt\/"},{"@type":"ListItem","position":2,"name":"Produtos","item":"https:\/\/www.culturaltravelmorocco.com\/pt-pt\/shop\/"},{"@type":"ListItem","position":3,"name":"Excurs\u00e3o de 4 dias de Fez a Marrakech"}]},{"@type":"WebSite","@id":"https:\/\/www.culturaltravelmorocco.com\/pt-pt\/#website","url":"https:\/\/www.culturaltravelmorocco.com\/pt-pt\/","name":"Cultural Travel Morocco","description":"","potentialAction":[{"@type":"SearchAction","target":{"@type":"EntryPoint","urlTemplate":"https:\/\/www.culturaltravelmorocco.com\/pt-pt\/?s={search_term_string}"},"query-input":{"@type":"PropertyValueSpecification","valueRequired":true,"valueName":"search_term_string"}}],"inLanguage":"pt-PT"}]}},"_links":{"self":[{"href":"https:\/\/www.culturaltravelmorocco.com\/pt-pt\/wp-json\/wp\/v2\/product\/12331","targetHints":{"allow":["GET"]}}],"collection":[{"href":"https:\/\/www.culturaltravelmorocco.com\/pt-pt\/wp-json\/wp\/v2\/product"}],"about":[{"href":"https:\/\/www.culturaltravelmorocco.com\/pt-pt\/wp-json\/wp\/v2\/types\/product"}],"replies":[{"embeddable":true,"href":"https:\/\/www.culturaltravelmorocco.com\/pt-pt\/wp-json\/wp\/v2\/comments?post=12331"}],"wp:featuredmedia":[{"embeddable":true,"href":"https:\/\/www.culturaltravelmorocco.com\/pt-pt\/wp-json\/wp\/v2\/media\/12332"}],"wp:attachment":[{"href":"https:\/\/www.culturaltravelmorocco.com\/pt-pt\/wp-json\/wp\/v2\/media?parent=12331"}],"wp:term":[{"taxonomy":"product_brand","embeddable":true,"href":"https:\/\/www.culturaltravelmorocco.com\/pt-pt\/wp-json\/wp\/v2\/product_brand?post=12331"},{"taxonomy":"product_cat","embeddable":true,"href":"https:\/\/www.culturaltravelmorocco.com\/pt-pt\/wp-json\/wp\/v2\/product_cat?post=12331"},{"taxonomy":"product_tag","embeddable":true,"href":"https:\/\/www.culturaltravelmorocco.com\/pt-pt\/wp-json\/wp\/v2\/product_tag?post=12331"}],"curies":[{"name":"wp","href":"https:\/\/api.w.org\/{rel}","templated":true}]}}