{"id":12335,"date":"2026-01-10T12:20:15","date_gmt":"2026-01-10T12:20:15","guid":{"rendered":"https:\/\/www.culturaltravelmorocco.com\/product\/4-day-tour-from-casablanca-to-tangier\/"},"modified":"2026-01-31T14:25:48","modified_gmt":"2026-01-31T14:25:48","slug":"excursao-de-4-dias-de-casablanca-a-tanger","status":"publish","type":"product","link":"https:\/\/www.culturaltravelmorocco.com\/pt-pt\/product\/excursao-de-4-dias-de-casablanca-a-tanger\/","title":{"rendered":"Excurs\u00e3o de 4 dias de Casablanca a T\u00e2nger"},"content":{"rendered":"<h2>Vis\u00e3o geral:<\/h2>\n<p data-start=\"325\" data-end=\"1447\">Descubra os destaques do norte de Marrocos nesta excurs\u00e3o de 4 dias de Casablanca a T\u00e2nger. Comece por uma calorosa rece\u00e7\u00e3o no aeroporto de Casablanca e acomode-se no seu hotel. Explore a ic\u00f3nica Mesquita Hassan II, uma das mesquitas mais altas do mundo, famosa pelo seu minarete de 200 metros de altura e pelo laser que aponta para Meca. Viaje at\u00e9 \u00e0 capital de Marrocos, Rabat, visitando a hist\u00f3rica Torre Hassan, o minarete inacabado constru\u00eddo pelo Sult\u00e3o Yaqub al-Mansur e a encantadora Kasbah dos Oudayas, com as suas ruas estreitas, jardins andaluzes e vistas panor\u00e2micas da conflu\u00eancia do rio e do mar. Continue at\u00e9 Chefchaouen, a famosa &#8220;Cidade Azul&#8221;, fundada por exilados da Andaluzia. Passeie pelas suas ruas pitorescas, admire as casas coloridas que se misturam com as montanhas do Rif e aprecie o artesanato local e o tradicional ch\u00e1 de menta. Passe um dia relaxante a explorar Chefchaouen ao seu pr\u00f3prio ritmo. No \u00faltimo dia, transporte para o aeroporto ou porto de T\u00e2nger, concluindo a sua aventura marroquina. Este passeio combina a imers\u00e3o cultural, a hist\u00f3ria e a beleza das paisagens do norte de Marrocos num itiner\u00e1rio confort\u00e1vel e envolvente.<\/p>\n","protected":false},"excerpt":{"rendered":"<p>Vis\u00e3o geral: Descubra os destaques do norte de Marrocos nesta excurs\u00e3o de 4 dias de Casablanca a T\u00e2nger. Comece por uma calorosa rece\u00e7\u00e3o no aeroporto de Casablanca e acomode-se no seu hotel. Explore a ic\u00f3nica Mesquita Hassan II, uma das mesquitas mais altas do mundo, famosa pelo seu minarete de 200 metros de altura e [&hellip;]<\/p>\n","protected":false},"featured_media":12336,"comment_status":"closed","ping_status":"closed","template":"","meta":{"_joinchat":[]},"product_brand":[],"product_cat":[123],"product_tag":[],"class_list":{"0":"post-12335","1":"product","2":"type-product","3":"status-publish","4":"has-post-thumbnail","6":"product_cat-tours-desde-casablanca","8":"first","9":"instock","10":"purchasable","11":"product-type-ovabrw_car_rental"},"yoast_head":"<!-- This site is optimized with the Yoast SEO Premium plugin v25.0 (Yoast SEO v25.0) - https:\/\/yoast.com\/wordpress\/plugins\/seo\/ -->\n<title>Excurs\u00e3o de 4 dias de Casablanca a T\u00e2nger - Cultural Travel Morocco<\/title>\n<meta name=\"robots\" content=\"index, follow, max-snippet:-1, max-image-preview:large, max-video-preview:-1\" \/>\n<link rel=\"canonical\" href=\"https:\/\/www.culturaltravelmorocco.com\/pt-pt\/product\/excursao-de-4-dias-de-casablanca-a-tanger\/\" \/>\n<meta property=\"og:locale\" content=\"pt_PT\" \/>\n<meta property=\"og:type\" content=\"article\" \/>\n<meta property=\"og:title\" content=\"Excurs\u00e3o de 4 dias de Casablanca a T\u00e2nger\" \/>\n<meta property=\"og:description\" content=\"Vis\u00e3o geral: Descubra os destaques do norte de Marrocos nesta excurs\u00e3o de 4 dias de Casablanca a T\u00e2nger. Comece por uma calorosa rece\u00e7\u00e3o no aeroporto de Casablanca e acomode-se no seu hotel. Explore a ic\u00f3nica Mesquita Hassan II, uma das mesquitas mais altas do mundo, famosa pelo seu minarete de 200 metros de altura e [&hellip;]\" \/>\n<meta property=\"og:url\" content=\"https:\/\/www.culturaltravelmorocco.com\/pt-pt\/product\/excursao-de-4-dias-de-casablanca-a-tanger\/\" \/>\n<meta property=\"og:site_name\" content=\"Cultural Travel Morocco\" \/>\n<meta property=\"article:modified_time\" content=\"2026-01-31T14:25:48+00:00\" \/>\n<meta property=\"og:image\" content=\"https:\/\/www.culturaltravelmorocco.com\/wp-content\/uploads\/2026\/01\/1-2.webp\" \/>\n\t<meta property=\"og:image:width\" content=\"1200\" \/>\n\t<meta property=\"og:image:height\" content=\"1000\" \/>\n\t<meta property=\"og:image:type\" content=\"image\/webp\" \/>\n<meta name=\"twitter:card\" content=\"summary_large_image\" \/>\n<meta name=\"twitter:label1\" content=\"Tempo estimado de leitura\" \/>\n\t<meta name=\"twitter:data1\" content=\"2 minutos\" \/>\n<script type=\"application\/ld+json\" class=\"yoast-schema-graph\">{\"@context\":\"https:\/\/schema.org\",\"@graph\":[{\"@type\":\"WebPage\",\"@id\":\"https:\/\/www.culturaltravelmorocco.com\/pt-pt\/product\/excursao-de-4-dias-de-casablanca-a-tanger\/\",\"url\":\"https:\/\/www.culturaltravelmorocco.com\/pt-pt\/product\/excursao-de-4-dias-de-casablanca-a-tanger\/\",\"name\":\"Excurs\u00e3o de 4 dias de Casablanca a T\u00e2nger - Cultural Travel Morocco\",\"isPartOf\":{\"@id\":\"https:\/\/www.culturaltravelmorocco.com\/pt-pt\/#website\"},\"primaryImageOfPage\":{\"@id\":\"https:\/\/www.culturaltravelmorocco.com\/pt-pt\/product\/excursao-de-4-dias-de-casablanca-a-tanger\/#primaryimage\"},\"image\":{\"@id\":\"https:\/\/www.culturaltravelmorocco.com\/pt-pt\/product\/excursao-de-4-dias-de-casablanca-a-tanger\/#primaryimage\"},\"thumbnailUrl\":\"https:\/\/www.culturaltravelmorocco.com\/wp-content\/uploads\/2026\/01\/1-2.webp\",\"datePublished\":\"2026-01-10T12:20:15+00:00\",\"dateModified\":\"2026-01-31T14:25:48+00:00\",\"breadcrumb\":{\"@id\":\"https:\/\/www.culturaltravelmorocco.com\/pt-pt\/product\/excursao-de-4-dias-de-casablanca-a-tanger\/#breadcrumb\"},\"inLanguage\":\"pt-PT\",\"potentialAction\":[{\"@type\":\"ReadAction\",\"target\":[\"https:\/\/www.culturaltravelmorocco.com\/pt-pt\/product\/excursao-de-4-dias-de-casablanca-a-tanger\/\"]}]},{\"@type\":\"ImageObject\",\"inLanguage\":\"pt-PT\",\"@id\":\"https:\/\/www.culturaltravelmorocco.com\/pt-pt\/product\/excursao-de-4-dias-de-casablanca-a-tanger\/#primaryimage\",\"url\":\"https:\/\/www.culturaltravelmorocco.com\/wp-content\/uploads\/2026\/01\/1-2.webp\",\"contentUrl\":\"https:\/\/www.culturaltravelmorocco.com\/wp-content\/uploads\/2026\/01\/1-2.webp\",\"width\":1200,\"height\":1000},{\"@type\":\"BreadcrumbList\",\"@id\":\"https:\/\/www.culturaltravelmorocco.com\/pt-pt\/product\/excursao-de-4-dias-de-casablanca-a-tanger\/#breadcrumb\",\"itemListElement\":[{\"@type\":\"ListItem\",\"position\":1,\"name\":\"In\u00edcio\",\"item\":\"https:\/\/www.culturaltravelmorocco.com\/pt-pt\/\"},{\"@type\":\"ListItem\",\"position\":2,\"name\":\"Produtos\",\"item\":\"https:\/\/www.culturaltravelmorocco.com\/pt-pt\/shop\/\"},{\"@type\":\"ListItem\",\"position\":3,\"name\":\"Excurs\u00e3o de 4 dias de Casablanca a T\u00e2nger\"}]},{\"@type\":\"WebSite\",\"@id\":\"https:\/\/www.culturaltravelmorocco.com\/pt-pt\/#website\",\"url\":\"https:\/\/www.culturaltravelmorocco.com\/pt-pt\/\",\"name\":\"Cultural Travel Morocco\",\"description\":\"\",\"potentialAction\":[{\"@type\":\"SearchAction\",\"target\":{\"@type\":\"EntryPoint\",\"urlTemplate\":\"https:\/\/www.culturaltravelmorocco.com\/pt-pt\/?s={search_term_string}\"},\"query-input\":{\"@type\":\"PropertyValueSpecification\",\"valueRequired\":true,\"valueName\":\"search_term_string\"}}],\"inLanguage\":\"pt-PT\"}]}<\/script>\n<!-- \/ Yoast SEO Premium plugin. -->","yoast_head_json":{"title":"Excurs\u00e3o de 4 dias de Casablanca a T\u00e2nger - Cultural Travel Morocco","robots":{"index":"index","follow":"follow","max-snippet":"max-snippet:-1","max-image-preview":"max-image-preview:large","max-video-preview":"max-video-preview:-1"},"canonical":"https:\/\/www.culturaltravelmorocco.com\/pt-pt\/product\/excursao-de-4-dias-de-casablanca-a-tanger\/","og_locale":"pt_PT","og_type":"article","og_title":"Excurs\u00e3o de 4 dias de Casablanca a T\u00e2nger","og_description":"Vis\u00e3o geral: Descubra os destaques do norte de Marrocos nesta excurs\u00e3o de 4 dias de Casablanca a T\u00e2nger. Comece por uma calorosa rece\u00e7\u00e3o no aeroporto de Casablanca e acomode-se no seu hotel. Explore a ic\u00f3nica Mesquita Hassan II, uma das mesquitas mais altas do mundo, famosa pelo seu minarete de 200 metros de altura e [&hellip;]","og_url":"https:\/\/www.culturaltravelmorocco.com\/pt-pt\/product\/excursao-de-4-dias-de-casablanca-a-tanger\/","og_site_name":"Cultural Travel Morocco","article_modified_time":"2026-01-31T14:25:48+00:00","og_image":[{"width":1200,"height":1000,"url":"https:\/\/www.culturaltravelmorocco.com\/wp-content\/uploads\/2026\/01\/1-2.webp","type":"image\/webp"}],"twitter_card":"summary_large_image","twitter_misc":{"Tempo estimado de leitura":"2 minutos"},"schema":{"@context":"https:\/\/schema.org","@graph":[{"@type":"WebPage","@id":"https:\/\/www.culturaltravelmorocco.com\/pt-pt\/product\/excursao-de-4-dias-de-casablanca-a-tanger\/","url":"https:\/\/www.culturaltravelmorocco.com\/pt-pt\/product\/excursao-de-4-dias-de-casablanca-a-tanger\/","name":"Excurs\u00e3o de 4 dias de Casablanca a T\u00e2nger - Cultural Travel Morocco","isPartOf":{"@id":"https:\/\/www.culturaltravelmorocco.com\/pt-pt\/#website"},"primaryImageOfPage":{"@id":"https:\/\/www.culturaltravelmorocco.com\/pt-pt\/product\/excursao-de-4-dias-de-casablanca-a-tanger\/#primaryimage"},"image":{"@id":"https:\/\/www.culturaltravelmorocco.com\/pt-pt\/product\/excursao-de-4-dias-de-casablanca-a-tanger\/#primaryimage"},"thumbnailUrl":"https:\/\/www.culturaltravelmorocco.com\/wp-content\/uploads\/2026\/01\/1-2.webp","datePublished":"2026-01-10T12:20:15+00:00","dateModified":"2026-01-31T14:25:48+00:00","breadcrumb":{"@id":"https:\/\/www.culturaltravelmorocco.com\/pt-pt\/product\/excursao-de-4-dias-de-casablanca-a-tanger\/#breadcrumb"},"inLanguage":"pt-PT","potentialAction":[{"@type":"ReadAction","target":["https:\/\/www.culturaltravelmorocco.com\/pt-pt\/product\/excursao-de-4-dias-de-casablanca-a-tanger\/"]}]},{"@type":"ImageObject","inLanguage":"pt-PT","@id":"https:\/\/www.culturaltravelmorocco.com\/pt-pt\/product\/excursao-de-4-dias-de-casablanca-a-tanger\/#primaryimage","url":"https:\/\/www.culturaltravelmorocco.com\/wp-content\/uploads\/2026\/01\/1-2.webp","contentUrl":"https:\/\/www.culturaltravelmorocco.com\/wp-content\/uploads\/2026\/01\/1-2.webp","width":1200,"height":1000},{"@type":"BreadcrumbList","@id":"https:\/\/www.culturaltravelmorocco.com\/pt-pt\/product\/excursao-de-4-dias-de-casablanca-a-tanger\/#breadcrumb","itemListElement":[{"@type":"ListItem","position":1,"name":"In\u00edcio","item":"https:\/\/www.culturaltravelmorocco.com\/pt-pt\/"},{"@type":"ListItem","position":2,"name":"Produtos","item":"https:\/\/www.culturaltravelmorocco.com\/pt-pt\/shop\/"},{"@type":"ListItem","position":3,"name":"Excurs\u00e3o de 4 dias de Casablanca a T\u00e2nger"}]},{"@type":"WebSite","@id":"https:\/\/www.culturaltravelmorocco.com\/pt-pt\/#website","url":"https:\/\/www.culturaltravelmorocco.com\/pt-pt\/","name":"Cultural Travel Morocco","description":"","potentialAction":[{"@type":"SearchAction","target":{"@type":"EntryPoint","urlTemplate":"https:\/\/www.culturaltravelmorocco.com\/pt-pt\/?s={search_term_string}"},"query-input":{"@type":"PropertyValueSpecification","valueRequired":true,"valueName":"search_term_string"}}],"inLanguage":"pt-PT"}]}},"_links":{"self":[{"href":"https:\/\/www.culturaltravelmorocco.com\/pt-pt\/wp-json\/wp\/v2\/product\/12335","targetHints":{"allow":["GET"]}}],"collection":[{"href":"https:\/\/www.culturaltravelmorocco.com\/pt-pt\/wp-json\/wp\/v2\/product"}],"about":[{"href":"https:\/\/www.culturaltravelmorocco.com\/pt-pt\/wp-json\/wp\/v2\/types\/product"}],"replies":[{"embeddable":true,"href":"https:\/\/www.culturaltravelmorocco.com\/pt-pt\/wp-json\/wp\/v2\/comments?post=12335"}],"wp:featuredmedia":[{"embeddable":true,"href":"https:\/\/www.culturaltravelmorocco.com\/pt-pt\/wp-json\/wp\/v2\/media\/12336"}],"wp:attachment":[{"href":"https:\/\/www.culturaltravelmorocco.com\/pt-pt\/wp-json\/wp\/v2\/media?parent=12335"}],"wp:term":[{"taxonomy":"product_brand","embeddable":true,"href":"https:\/\/www.culturaltravelmorocco.com\/pt-pt\/wp-json\/wp\/v2\/product_brand?post=12335"},{"taxonomy":"product_cat","embeddable":true,"href":"https:\/\/www.culturaltravelmorocco.com\/pt-pt\/wp-json\/wp\/v2\/product_cat?post=12335"},{"taxonomy":"product_tag","embeddable":true,"href":"https:\/\/www.culturaltravelmorocco.com\/pt-pt\/wp-json\/wp\/v2\/product_tag?post=12335"}],"curies":[{"name":"wp","href":"https:\/\/api.w.org\/{rel}","templated":true}]}}